{"id":9717,"date":"2022-04-21T17:51:22","date_gmt":"2022-04-21T16:51:22","guid":{"rendered":"http:\/\/siefar.org\/?page_id=9717"},"modified":"2025-09-23T11:29:27","modified_gmt":"2025-09-23T09:29:27","slug":"32022-c-nedelec-madeleine-bejart-1618-1672","status":"publish","type":"page","link":"https:\/\/siefar.org\/gb\/en-ligne\/32022-c-nedelec-madeleine-bejart-1618-1672\/","title":{"rendered":"3|2022 C. N\u00e9delec, Madeleine B\u00e9jart (1618-1672)"},"content":{"rendered":"<h2>Claudine N\u00e9delec, <em>Madeleine B\u00e9jart (1618-1672)<\/em><\/h2>\n<h3>[2022]<\/h3>\n<p>Pour citer ce dossier : Claudine N\u00e9delec, <em>Madeleine B\u00e9jart (1618-1672)<\/em>, [En ligne], 3|2022, mis en ligne le 21 avril 2022, URL : http:\/\/siefar.org\/32022-c-nedelec-madeleine-bejart-1618-1672\/<\/p>\n<h4>Pr\u00e9sentation<\/h4>\n<p>Si 2022 est l\u2019ann\u00e9e Moli\u00e8re (n\u00e9 en 1622), il serait plus que juste de la consacrer aussi \u00e0 celle sans qui il n\u2019aurait sans doute pas \u00e9t\u00e9 ce qu\u2019il est au regard de la post\u00e9rit\u00e9 : Madeleine B\u00e9jart, morte en 1672, un an jour pour jour avant lui, et dont nous comm\u00e9morons donc cette ann\u00e9e le 350<sup>e<\/sup> anniversaire de la mort. Elle fut le pilier de sa troupe, d\u00e8s sa fondation sous le nom d\u2019\u00ab Illustre Th\u00e9\u00e2tre \u00bb, et au travers de toutes ses aventures, depuis les premi\u00e8res difficult\u00e9s jusqu\u2019\u00e0 ses triomphes parisiens. Sa pr\u00e9sence fut capitale non seulement dans la vie affective de Moli\u00e8re, mais aussi dans sa carri\u00e8re professionnelle, en tant que \u00ab femme de th\u00e9\u00e2tre \u00bb compl\u00e8te : com\u00e9dienne, administratrice et conseill\u00e8re, voire co-autrice. Son parcours t\u00e9moigne de l\u2019importance des actrices dans la vie artistique du XVII<sup>e<\/sup> si\u00e8cle, et de la place \u00e9minente que les femmes jouent dans le th\u00e9\u00e2tre de cette \u00e9poque, comme personnages et comme artistes.<\/p>\n<p>Claudine N\u00e9delec, <a href=\"http:\/\/siefar.org\/wp-content\/uploads\/2022\/04\/Nedelec_Bejart.pdf\" target=\"_blank\" rel=\"noopener noreferrer\">Madeleine B\u00e9jart (1618-1672)<\/a>, mars 2022.<\/p>\n","protected":false},"excerpt":{"rendered":"<p>Claudine N\u00e9delec, Madeleine B\u00e9jart (1618-1672) [2022] Pour citer ce dossier : Claudine N\u00e9delec, Madeleine B\u00e9jart (1618-1672), [En ligne], 3|2022, mis en ligne le 21 avril 2022, URL : http:\/\/siefar.org\/32022-c-nedelec-madeleine-bejart-1618-1672\/ Pr\u00e9sentation Si 2022 est l\u2019ann\u00e9e Moli\u00e8re (n\u00e9 en 1622), il serait plus que juste de la consacrer aussi \u00e0 celle sans qui il n\u2019aurait sans doute [&hellip;]<\/p>\n","protected":false},"author":6,"featured_media":15421,"parent":6769,"menu_order":3,"comment_status":"closed","ping_status":"closed","template":"","meta":{"_acf_changed":false,"footnotes":""},"class_list":["post-9717","page","type-page","status-publish","has-post-thumbnail","hentry"],"translation":{"provider":"WPGlobus","version":"3.0.0","language":"gb","enabled_languages":["fr","gb"],"languages":{"fr":{"title":true,"content":true,"excerpt":false},"gb":{"title":false,"content":false,"excerpt":false}}},"acf":[],"_links":{"self":[{"href":"https:\/\/siefar.org\/gb\/wp-json\/wp\/v2\/pages\/9717","targetHints":{"allow":["GET"]}}],"collection":[{"href":"https:\/\/siefar.org\/gb\/wp-json\/wp\/v2\/pages"}],"about":[{"href":"https:\/\/siefar.org\/gb\/wp-json\/wp\/v2\/types\/page"}],"author":[{"embeddable":true,"href":"https:\/\/siefar.org\/gb\/wp-json\/wp\/v2\/users\/6"}],"replies":[{"embeddable":true,"href":"https:\/\/siefar.org\/gb\/wp-json\/wp\/v2\/comments?post=9717"}],"version-history":[{"count":2,"href":"https:\/\/siefar.org\/gb\/wp-json\/wp\/v2\/pages\/9717\/revisions"}],"predecessor-version":[{"id":15420,"href":"https:\/\/siefar.org\/gb\/wp-json\/wp\/v2\/pages\/9717\/revisions\/15420"}],"up":[{"embeddable":true,"href":"https:\/\/siefar.org\/gb\/wp-json\/wp\/v2\/pages\/6769"}],"wp:featuredmedia":[{"embeddable":true,"href":"https:\/\/siefar.org\/gb\/wp-json\/wp\/v2\/media\/15421"}],"wp:attachment":[{"href":"https:\/\/siefar.org\/gb\/wp-json\/wp\/v2\/media?parent=9717"}],"curies":[{"name":"wp","href":"https:\/\/api.w.org\/{rel}","templated":true}]}}