{"id":8453,"date":"2020-07-27T08:31:44","date_gmt":"2020-07-27T07:31:44","guid":{"rendered":"http:\/\/siefar.org\/?page_id=8453"},"modified":"2020-07-27T08:31:44","modified_gmt":"2020-07-27T07:31:44","slug":"jeanne-chiron","status":"publish","type":"page","link":"https:\/\/siefar.org\/gb\/jeanne-chiron\/","title":{"rendered":"Jeanne Chiron"},"content":{"rendered":"<p style=\"text-align: justify;\"><strong>France<\/strong><\/p>\n<p style=\"text-align: justify;\"><strong>Ma\u00eetresse de conf\u00e9rences * Universit\u00e9 de Rouen Normandie * Langue et litt\u00e9rature fran\u00e7aises * XVIII<sup>e<\/sup> si\u00e8cle<\/strong><\/p>\n<p style=\"text-align: justify;\"><em>Histoire et philosophie de l\u2019\u00e9ducation, litt\u00e9rature \u00e9ducative, histoire du genre, f\u00e9minismes, litt\u00e9rature de jeunesse<\/em><\/p>\n<p style=\"text-align: justify;\">\u00a0<\/p>\n<p style=\"text-align: justify;\"><span style=\"color: #800000;\"><strong>OUVRAGES<\/strong><\/span><\/p>\n<p style=\"text-align: justify;\">\u2013 (avec Catriona Seth, dir.), <em>Marie Leprince de Beaumont : de l\u2019\u00e9ducation des filles \u00e0 <\/em>La Belle et la B\u00eate, Paris, Classiques Garnier, \u00ab Masculin \/ f\u00e9minin dans l\u2019Europe moderne \u00bb, 2013.<\/p>\n<p style=\"text-align: justify;\">\u00a0<\/p>\n<p style=\"text-align: justify;\"><span style=\"color: #800000;\"><strong>\u00c9DITIONS CRITIQUES et CHAPITRES D&#8217;OUVRAGES<\/strong><\/span><\/p>\n<p style=\"text-align: justify;\">\u2013 \u00ab \u00c9crire, r\u00e9\u00e9crire, mettre en dialogue des contes : l\u2019exploration des port\u00e9es \u00e9ducatives du conte par Louise d\u2019\u00c9pinay \u00bb dans <em>L\u2019Usage du conte, Contes classiques et r\u00e9emploi \u2013 m\u00e9thode d\u2019analyse<\/em>, Patricia Eichel-Lojkine (dir.), Rennes, Presses universitaires de Rennes, 2017, p. 229-257.<\/p>\n<p style=\"text-align: justify;\">\u00a0<\/p>\n<p style=\"text-align: justify;\"><span style=\"color: #800000;\"><strong>ARTICLES<\/strong><\/span><\/p>\n<p style=\"text-align: justify;\">\u2013 \u00ab \u00c9milie face \u00e0 l\u2019\u00c9mile : la philosophie \u00e9ducative critique de Louise d\u2019\u00c9pinay \u00bb, dans <em>Femmes et philosophie des Lumi\u00e8res : De l\u2019imaginaire \u00e0 la vie des id\u00e9es<\/em>, Laurence Vanoflen (dir.), Paris, Classiques Garnier, 2020, p. 147-162. DOI : 10.15122\/isbn.978-2-406-09600-9.p.0147<br \/>\n \u2013 <a href=\"https:\/\/lisaa.u-pem.fr\/fileadmin\/Fichiers\/LISAA\/LISAA_editeur\/Savoirs_en_texte\/Femmes_a_l_oeuvre_dans_la_construction_des_savoirs\/Chiron_Femmes_a_l_oeuvre.pdf\">\u00ab Leprince de Beaumont : Strat\u00e9gies et prises de positions d\u2019un &#8220;auteur femelle&#8221; dans le Londres des ann\u00e9es 1750 \u00bb<\/a>, dans <em>Femmes \u00e0 l\u2019\u0153uvre dans la construction des savoirs, Paradoxes de la visibilit\u00e9 et de l\u2019invisibilit\u00e9<\/em>, Caroline Trotot, Claire Delahaye, Isabelle Mornat (dir.), LISAA \u00e9diteur, &#8220;Savoirs en Texte&#8221;, 2020.<br \/>\n \u2013 \u00ab Construire un ethos d\u2019\u00e9ducatrice : enjeux et strat\u00e9gies chez Louise d\u2019\u00c9pinay \u00bb, dans Femmes des Lumi\u00e8res. Recherches en arborescences, Huguette Krief, Marie-Emmanuelle Plagnol-Di\u00e9val, Mich\u00e8le Crogiez Labarthe, \u00c9dith Flamarion (dir.), Paris, Classiques Garnier, coll. \u201cRencontres\u201d, 2018, p. 116-135.<br \/>\n \u2013 \u00ab &#8220;Bien des gens ignorent que le doute m\u00e9thodique est permis&#8221; : Leprince de Beaumont ou les Lumi\u00e8res de l\u2019examen \u00bb, dans <em>Une \u00e9ducatrice des Lumi\u00e8res, Marie Leprince de Beaumont<\/em>, Rotraud von Kulessa et Catriona Seth (dir.), Paris, Classiques Garnier, coll. \u00ab Masculin\/f\u00e9minin dans l\u2019Europe moderne \u00bb, 2018, p. 116-135.<br \/>\n \u2013 \u00ab Les <em>Magasins<\/em> de Marie Leprince de Beaumont : dynamique de retranscription, jeux de mise en fiction \u00bb, dans <em>Marie Leprince de Beaumont. De l\u2019\u00e9ducation des filles \u00e0 <\/em>La Belle et la b\u00eate, Jeanne Chiron, Catriona Seth (dir.), Paris, Classiques Garnier, \u00ab Masculin \/ f\u00e9minin dans l\u2019Europe moderne \u00bb, 2013, p. 85-102.<\/p>\n<p style=\"text-align: justify;\">\u00a0<\/p>\n<p style=\"text-align: justify;\"><span style=\"color: #800000;\"><strong>NOTICES<\/strong><\/span><\/p>\n<p style=\"text-align: justify;\">\u2013 &#8220;Marie Leprince de Beaumont&#8221; dans le <em>Dictionnaire de Biographie Fran\u00e7aise<\/em>, fascicule CXXIV, Jules Balteau, Michel Pr\u00e9vost et Yves Chiron (dir.), Paris, France, Letouzey et An\u00e9, 2014.<\/p>\n<p style=\"text-align: justify;\">\u00a0<\/p>\n<p style=\"text-align: justify;\"><span style=\"color: #800000;\"><strong>COMPTES RENDUS<\/strong><\/span><\/p>\n<p style=\"text-align: justify;\">\u2013 DU CH\u00c2TELET, Gabrielle-\u00c9milie Le Tonnelier de Breteuil, <em>La Correspondance d\u2019\u00c9milie Du Ch\u00e2telet<\/em>, \u00e9ds. Ulla K\u00f6lving et Andrew Brown, Ferney-Voltaire, Centre international d\u2019\u00e9tude du XVIII<sup>e<\/sup> si\u00e8cle, 2018, Compte-rendu pour la Revue <em>Recherches sur Diderot et sur l\u2019Encyclop\u00e9die<\/em>, 54 | 2019.<\/p>\n<p style=\"text-align: justify;\">\u00a0<\/p>\n<p style=\"text-align: justify;\"><span style=\"color: #800000;\"><strong>DIVERS<\/strong><\/span><\/p>\n<p style=\"text-align: justify;\">Organisatrice, avec l\u2019association <em>Le deuxi\u00e8me texte<\/em>, du <a href=\"http:\/\/www.ledeuxiemetexte.fr\/jelalis\/\">concours #JeLaLis<\/a>, pour remettre les femmes de lettres \u00e0 leur place.<\/p>\n","protected":false},"excerpt":{"rendered":"<p>France Ma\u00eetresse de conf\u00e9rences * Universit\u00e9 de Rouen Normandie * Langue et litt\u00e9rature fran\u00e7aises * XVIIIe si\u00e8cle Histoire et philosophie de l\u2019\u00e9ducation, litt\u00e9rature \u00e9ducative, histoire du genre, f\u00e9minismes, litt\u00e9rature de jeunesse \u00a0 OUVRAGES \u2013 (avec Catriona Seth, dir.), Marie Leprince de Beaumont : de l\u2019\u00e9ducation des filles \u00e0 La Belle et la B\u00eate, Paris, Classiques [&hellip;]<\/p>\n","protected":false},"author":6,"featured_media":0,"parent":0,"menu_order":0,"comment_status":"closed","ping_status":"closed","template":"","meta":{"_acf_changed":false,"footnotes":""},"class_list":["post-8453","page","type-page","status-publish","hentry"],"translation":{"provider":"WPGlobus","version":"3.0.0","language":"gb","enabled_languages":["fr","gb"],"languages":{"fr":{"title":true,"content":true,"excerpt":false},"gb":{"title":false,"content":false,"excerpt":false}}},"acf":[],"_links":{"self":[{"href":"https:\/\/siefar.org\/gb\/wp-json\/wp\/v2\/pages\/8453","targetHints":{"allow":["GET"]}}],"collection":[{"href":"https:\/\/siefar.org\/gb\/wp-json\/wp\/v2\/pages"}],"about":[{"href":"https:\/\/siefar.org\/gb\/wp-json\/wp\/v2\/types\/page"}],"author":[{"embeddable":true,"href":"https:\/\/siefar.org\/gb\/wp-json\/wp\/v2\/users\/6"}],"replies":[{"embeddable":true,"href":"https:\/\/siefar.org\/gb\/wp-json\/wp\/v2\/comments?post=8453"}],"version-history":[{"count":0,"href":"https:\/\/siefar.org\/gb\/wp-json\/wp\/v2\/pages\/8453\/revisions"}],"wp:attachment":[{"href":"https:\/\/siefar.org\/gb\/wp-json\/wp\/v2\/media?parent=8453"}],"curies":[{"name":"wp","href":"https:\/\/api.w.org\/{rel}","templated":true}]}}