{"id":6775,"date":"2019-02-24T11:22:35","date_gmt":"2019-02-24T10:22:35","guid":{"rendered":"http:\/\/siefar.org\/?page_id=6775"},"modified":"2025-09-23T11:34:30","modified_gmt":"2025-09-23T09:34:30","slug":"12019-femmes-et-mecenat-en-france-du-moyen-age-a-la-fin-de-lancien-regime","status":"publish","type":"page","link":"https:\/\/siefar.org\/gb\/en-ligne\/12019-femmes-et-mecenat-en-france-du-moyen-age-a-la-fin-de-lancien-regime\/","title":{"rendered":"1|2019 Femmes et m\u00e9c\u00e9nat en France, du Moyen \u00c2ge \u00e0 la fin de l\u2019Ancien R\u00e9gime"},"content":{"rendered":"<h2>Femmes et m\u00e9c\u00e9nat en France, du Moyen \u00c2ge \u00e0 la fin de l\u2019Ancien R\u00e9gime<\/h2>\n<h3>Nathalie Grande, Claudine N\u00e9delec et Julie Piront (dir.)<\/h3>\n<h3>[2019]<\/h3>\n<p>Pour citer ce dossier\u00a0: Nathalie Grande, Claudine N\u00e9delec et Julie Piront (dir.), \u00ab\u00a0Femmes et m\u00e9c\u00e9nat en France, du Moyen \u00c2ge \u00e0 la fin de l\u2019Ancien R\u00e9gime\u00a0\u00bb, [En ligne], 1|2019, mis en ligne le\u00a022\u00a0juin 2019, URL http\u00a0:\/\/www.siefar.org<\/p>\n<h4>Pr\u00e9sentation<\/h4>\n<p align=\"justify\">Ce dossier est issu d\u2019une journ\u00e9e d\u2019\u00e9tudes organis\u00e9e par la SI\u00c9FAR le 17 mars 2018, intitul\u00e9e <em>Femmes et m\u00e9c\u00e9nat, du Moyen <\/em><em>\u00c2<\/em><em>ge \u00e0 la fin de l\u2019Ancien R\u00e9gime<\/em>. Il avait sembl\u00e9 opportun \u00e0 la SI\u00c9FAR de participer au mouvement assez r\u00e9cent d\u2019exploration et de mise en valeur de la part prise depuis longtemps par les femmes aussi bien dans la protection des cr\u00e9ateurs\/cr\u00e9atrices que dans la mise en \u0153uvre et le financement de r\u00e9alisations litt\u00e9raires, artistiques et religieuses. Cette journ\u00e9e d\u2019\u00e9tudes a \u00e9t\u00e9 rendue possible gr\u00e2ce au g\u00e9n\u00e9reux soutien de la Fondation Florence Gould\u00a0; c\u2019est \u00e0 la regrett\u00e9e Danielle Haase-Dubosc, qui avait initi\u00e9 ce projet et \u0153uvr\u00e9 \u00e0 sa r\u00e9alisation en tant que vice-pr\u00e9sidente de la SI\u00c9FAR, qu\u2019elle a \u00e9t\u00e9 d\u00e9di\u00e9e\u00a0: c\u2019est aussi \u00e0 elle que ce dossier rend modestement hommage, en publiant un de ses derniers travaux.<\/p>\n<p><a href=\"http:\/\/siefar.org\/wp-content\/uploads\/2019\/02\/GRANDE_Mecenes1.pdf\"><strong>Nathalie Grande<\/strong>, M\u00e9c\u00e8nes, bienfaitrices, fondatrices : quelques r\u00e9flexions sur les formes du m\u00e9c\u00e9nat f\u00e9minin \u00e0 partir du site internet de la SI\u00c9FAR<\/a><\/p>\n<p><strong><a href=\"http:\/\/siefar.org\/wp-content\/uploads\/2019\/02\/GILLES-CHIKHAOUI_Valois.pdf\">Audrey Gilles-Chikhaoui,<\/a><\/strong><a href=\"http:\/\/siefar.org\/wp-content\/uploads\/2019\/02\/GILLES-CHIKHAOUI_Valois.pdf\"> Marguerite de Valois, d\u00e9dicataire des Erreurs populaires de Laurent Joubert : un patronage audacieux ?<\/a><\/p>\n<p><a href=\"http:\/\/siefar.org\/wp-content\/uploads\/2019\/02\/HAASE-DUBOSC_Miramion1.pdf\"><strong>\u2020 Danielle Haase-Dubosc<\/strong>, Madame de Miramion, une m\u00e9c\u00e8ne du peuple de Paris<\/a><\/p>\n<p><strong><a href=\"http:\/\/siefar.org\/wp-content\/uploads\/2019\/02\/PIRONT_Batir1.pdf\">Julie Piront, <\/a><\/strong><a href=\"http:\/\/siefar.org\/wp-content\/uploads\/2019\/02\/PIRONT_Batir1.pdf\">B\u00e2tir un monast\u00e8re f\u00e9minin : bienfaitrices et fondatrices au XVIIe si\u00e8cle<\/a><\/p>\n<p><a href=\"http:\/\/siefar.org\/wp-content\/uploads\/2022\/04\/Nedelec_MecenesXVIIe.pdf\"><strong>Claudine N\u00e9delec,<\/strong> Femmes m\u00e9c\u00e8nes au XVIIe si\u00e8cle : le cas de Marie de Hautefort<\/a><\/p>\n","protected":false},"excerpt":{"rendered":"<p>Femmes et m\u00e9c\u00e9nat en France, du Moyen \u00c2ge \u00e0 la fin de l\u2019Ancien R\u00e9gime Nathalie Grande, Claudine N\u00e9delec et Julie Piront (dir.) [2019] Pour citer ce dossier\u00a0: Nathalie Grande, Claudine N\u00e9delec et Julie Piront (dir.), \u00ab\u00a0Femmes et m\u00e9c\u00e9nat en France, du Moyen \u00c2ge \u00e0 la fin de l\u2019Ancien R\u00e9gime\u00a0\u00bb, [En ligne], 1|2019, mis en ligne [&hellip;]<\/p>\n","protected":false},"author":7,"featured_media":15427,"parent":6769,"menu_order":1,"comment_status":"closed","ping_status":"closed","template":"","meta":{"_acf_changed":false,"footnotes":""},"class_list":["post-6775","page","type-page","status-publish","has-post-thumbnail","hentry"],"translation":{"provider":"WPGlobus","version":"3.0.0","language":"gb","enabled_languages":["fr","gb"],"languages":{"fr":{"title":true,"content":true,"excerpt":false},"gb":{"title":false,"content":false,"excerpt":false}}},"acf":[],"_links":{"self":[{"href":"https:\/\/siefar.org\/gb\/wp-json\/wp\/v2\/pages\/6775","targetHints":{"allow":["GET"]}}],"collection":[{"href":"https:\/\/siefar.org\/gb\/wp-json\/wp\/v2\/pages"}],"about":[{"href":"https:\/\/siefar.org\/gb\/wp-json\/wp\/v2\/types\/page"}],"author":[{"embeddable":true,"href":"https:\/\/siefar.org\/gb\/wp-json\/wp\/v2\/users\/7"}],"replies":[{"embeddable":true,"href":"https:\/\/siefar.org\/gb\/wp-json\/wp\/v2\/comments?post=6775"}],"version-history":[{"count":2,"href":"https:\/\/siefar.org\/gb\/wp-json\/wp\/v2\/pages\/6775\/revisions"}],"predecessor-version":[{"id":15431,"href":"https:\/\/siefar.org\/gb\/wp-json\/wp\/v2\/pages\/6775\/revisions\/15431"}],"up":[{"embeddable":true,"href":"https:\/\/siefar.org\/gb\/wp-json\/wp\/v2\/pages\/6769"}],"wp:featuredmedia":[{"embeddable":true,"href":"https:\/\/siefar.org\/gb\/wp-json\/wp\/v2\/media\/15427"}],"wp:attachment":[{"href":"https:\/\/siefar.org\/gb\/wp-json\/wp\/v2\/media?parent=6775"}],"curies":[{"name":"wp","href":"https:\/\/api.w.org\/{rel}","templated":true}]}}