{"id":3404,"date":"2014-06-02T14:39:52","date_gmt":"2014-06-02T14:39:52","guid":{"rendered":"http:\/\/741"},"modified":"2014-06-02T14:39:52","modified_gmt":"2014-06-02T14:39:52","slug":"theatre-de-femmes-de-l-ancien-regime-vol-1-xvie-siecle-reedition","status":"publish","type":"page","link":"https:\/\/siefar.org\/gb\/publications-articles\/theatre-de-femmes-de-l-ancien-regime-vol-1-xvie-siecle-reedition\/","title":{"rendered":"Th\u00e9\u00e2tre de femmes de l&#8217;Ancien R\u00e9gime, vol. 1, XVIe si\u00e8cle (r\u00e9\u00e9dition)"},"content":{"rendered":"<div style=\"text-align: justify;\"><span style=\"font-size: small;\"><span style=\"color: rgb(128, 0, 0);\"><strong><img loading=\"lazy\" decoding=\"async\" src=\"docsiefar\/image\/Couv-Garnier-vol1.png\" width=\"200\" height=\"299\" align=\"left\" style=\"margin-right: 10px; margin-bottom: 10px;\" alt=\"\" \/>Dir. Aurore EVAIN, Perry GETHNER et Henriette GOLDWYN<\/strong><\/span><\/span><\/div>\n<div style=\"text-align: justify;\"><\/div>\n<div style=\"text-align: justify;\"><span style=\"font-size: small;\"><span style=\"color: rgb(128, 0, 0);\"><strong>a<\/strong><\/span><strong style=\"font-size: small; color: rgb(128, 0, 0);\">vec la collaboration de Nancy KAY ERICKSON, Catherine MASSON et Eliane VIENNOT<\/strong><\/span><\/div>\n<div class=\"corpsTexte\" style=\"text-align: justify;\"><span style=\"font-size: small;\"><br type=\"_moz\" \/><br \/>\n<\/span><\/div>\n<div class=\"corpsTexte\" style=\"text-align: justify;\"><span style=\"font-size: small;\"><strong style=\"font-size: small;\">Paris, Classiques Garnier, coll. &laquo; Biblioth&egrave;que du XVIIe si&egrave;cle &raquo;, 2014, 516 pages, 32 &euro;, ISBN 978-2-8124-2051-1<\/strong><\/span><\/div>\n<div class=\"corpsTexte\" style=\"text-align: justify;\"><span style=\"font-size: small;\"><\/span><\/div>\n<div class=\"corpsTexte\" style=\"text-align: justify;\"><span style=\"font-size: small;\">Des dizaines de femmes ont particip&eacute; &agrave; la floraison du th&eacute;&acirc;tre sous l&#8217;Ancien R&eacute;gime. Le premier volume de cette anthologie t&eacute;moigne de leur arriv&eacute;e sur ce terrain. Il pr&eacute;sente un choix vari&eacute; de pi&egrave;ces (farces, com&eacute;dies, tragi-com&eacute;dies, bergeries, pastorales, dialogues&#8230;) &eacute;crites par la reine Marguerite de Navarre, la po&eacute;tesse lyonnaise Louise Lab&eacute; et l&#8217;animatrice d&#8217;un c&eacute;l&egrave;bre salon poitevin, Catherine Des Roches. Les oeuvres de ces trois pionni&egrave;res sont pr&eacute;sent&eacute;es en fran&ccedil;ais moderne, annot&eacute;es par des sp&eacute;cialistes. L&#8217;ensemble met en valeur l&#8217;&eacute;tonnante richesse du th&eacute;&acirc;tre du XVIe si&egrave;cle, alors en pleine effervescence et mutation, et fait entendre la voix de femmes engag&eacute;es dans les d&eacute;bats de leur temps.<\/span><\/div>\n<div class=\"corpsTexte\" style=\"text-align: justify;\"><span style=\"font-size: small;\"><\/span><\/div>\n<div class=\"corpsTexte\" style=\"text-align: justify;\"><span style=\"font-size: small;\">The first volume of this anthology reveals the stunning richness of sixteenth-century theatre through a varied selection of plays (farces, tragicomedies, and pastorals) written by Marguerite de Navarre, the poet Louise Lab&eacute;, and the hostess of a famous salon in Poitou, Catherine Des Roches.<\/span><\/div>\n<div class=\"corpsTexte\" style=\"text-align: justify;\"><span style=\"font-size: small;\"><\/span><\/div>\n<div class=\"corpsTexte\" style=\"text-align: justify;\"><span style=\"font-size: small;\"><\/span><span style=\"font-size: small;\"><strong style=\"font-size: small;\">Table des mati&egrave;res<\/strong><\/span><\/div>\n<div class=\"corpsTexte\" style=\"text-align: justify;\"><\/div>\n<div class=\"corpsTexte\" style=\"text-align: justify;\"><span style=\"font-size: small;\">Introduction<\/span><\/div>\n<div class=\"corpsTexte\" style=\"text-align: justify;\"><span style=\"font-size: small;\"><\/span><\/div>\n<div class=\"corpsTexte\" style=\"text-align: justify;\"><span style=\"font-size: small;\"><strong style=\"font-size: small;\">Marguerite de Navarre<\/strong><\/span><\/div>\n<div class=\"corpsTexte\" style=\"text-align: justify;\"><span style=\"font-size: small;\"><\/span><span style=\"font-size: small;\">Notice<\/span><\/div>\n<div class=\"corpsTexte\" style=\"text-align: justify;\"><span style=\"font-size: small;\">* L&rsquo;Inquisiteur<\/span><\/div>\n<div class=\"corpsTexte\" style=\"text-align: justify;\"><span style=\"font-size: small;\">* Le Malade<\/span><\/div>\n<div class=\"corpsTexte\" style=\"text-align: justify;\"><span style=\"font-size: small;\">* Trop, Prou, Peu, Moins<\/span><\/div>\n<div class=\"corpsTexte\" style=\"text-align: justify;\"><span style=\"font-size: small;\">* Com&eacute;die des Quatre femmes<\/span><\/div>\n<div class=\"corpsTexte\" style=\"text-align: justify;\"><span style=\"font-size: small;\">* Com&eacute;die des Parfaits amants<\/span><\/div>\n<div class=\"corpsTexte\" style=\"text-align: justify;\"><span style=\"font-size: small;\">* Com&eacute;die de Mont-de-Marsan<\/span><\/div>\n<div class=\"corpsTexte\" style=\"text-align: justify;\"><span style=\"font-size: small;\">* Com&eacute;die de la Nativit&eacute; de J&eacute;sus-Christ<\/span><\/div>\n<div class=\"corpsTexte\" style=\"text-align: justify;\"><span style=\"font-size: small;\">* Com&eacute;die du D&eacute;sert<\/span><\/div>\n<div class=\"corpsTexte\" style=\"text-align: justify;\"><span style=\"font-size: small;\"><\/span><\/div>\n<div class=\"corpsTexte\" style=\"text-align: justify;\"><span style=\"font-size: small;\"><strong>Louise Lab&eacute;<\/strong><\/span><\/div>\n<div class=\"corpsTexte\" style=\"text-align: justify;\"><span style=\"font-size: small;\">Notice<\/span><\/div>\n<div class=\"corpsTexte\" style=\"text-align: justify;\"><span style=\"font-size: small;\">* D&eacute;bat de Folie et d&rsquo;Amour<\/span><\/div>\n<div class=\"corpsTexte\" style=\"text-align: justify;\"><span style=\"font-size: small;\"><\/span><\/div>\n<div class=\"corpsTexte\" style=\"text-align: justify;\"><span style=\"font-size: small;\"><strong>Catherine Des Roche<\/strong><\/span><\/div>\n<div class=\"corpsTexte\" style=\"text-align: justify;\"><span style=\"font-size: small;\">Notice<\/span><\/div>\n<div class=\"corpsTexte\" style=\"text-align: justify;\"><span style=\"font-size: small;\">* Tobie<\/span><\/div>\n<div class=\"corpsTexte\" style=\"text-align: justify;\"><span style=\"font-size: small;\">* Bergerie<\/span><\/div>\n<div class=\"corpsTexte\" style=\"text-align: justify;\"><span style=\"font-size: small;\">* Placide et S&eacute;v&egrave;re<\/span><\/div>\n<div class=\"corpsTexte\" style=\"text-align: justify;\"><span style=\"font-size: small;\">* Iris et Pasith&eacute;e<\/span><\/div>\n<div class=\"corpsTexte\" style=\"text-align: justify;\"><span style=\"font-size: small;\"><\/span><\/div>\n<div class=\"corpsTexte\" style=\"text-align: justify;\"><span style=\"font-size: small;\">Compl&eacute;ment bibliographique<\/span><\/div>\n<div class=\"corpsTexte\" style=\"text-align: justify;\"><span style=\"font-size: small;\">Glossaire<\/span><\/div>\n<div class=\"corpsTexte\" style=\"text-align: justify;\"><span style=\"font-size: small;\">Index<\/span><\/div>\n<div class=\"corpsTexte\" style=\"text-align: justify;\"><span style=\"font-size: small;\"><\/span><\/div>\n<div class=\"corpsTexte\" style=\"text-align: justify;\"><span style=\"font-size: small;\"><strong><a href=\"http:\/\/www.classiques-garnier.com\/editions\/index.php?page=shop.product_details&amp;flypage=flypage_garnier.tpl&amp;product_id=1543&amp;category_id=15&amp;keyword=th%C3%A9%C3%A2tre+de+femme&amp;option=com_virtuemart&amp;Itemid=1&amp;vmcchk=1&amp;Itemid=1\" style=\"font-size: 1.1em;\">Acheter en ligne<\/a><\/strong><\/span><\/div>\n<div class=\"corpsTexte\" style=\"text-align: justify;\"><span style=\"font-size: small;\"><\/span><\/div>\n<div class=\"corpsTexte\" style=\"text-align: justify;\"><span style=\"font-size: small;\"><strong style=\"font-size: small;\">Les volumes 2 (XVIIe si&egrave;cle) et 3 (XVIIe-XVIIIe si&egrave;cles) sont encore disponibles aux Publications de l&#8217;Universit&eacute; de Saint-Etienne, coll. &quot;La cit&eacute; des dames&quot; :<\/strong><\/span><\/div>\n<div class=\"corpsTexte\" style=\"text-align: justify;\"><a href=\"https:\/\/publications.univ-st-etienne.fr\/product.php?id_produit=460\" style=\"font-size: 1.1em;\"><span style=\"font-size: small;\">Volume 2<\/span><\/a><\/div>\n<div class=\"corpsTexte\" style=\"text-align: justify;\"><a href=\"https:\/\/publications.univ-st-etienne.fr\/product.php?id_produit=802\" style=\"font-size: 1.1em;\"><span style=\"font-size: small;\">Volume 3<\/span><\/a><\/div>\n<div class=\"corpsTexte\" style=\"text-align: justify;\"><span style=\"font-size: small;\"><\/span><\/div>\n<div class=\"corpsTexte\" style=\"text-align: justify;\"><span style=\"font-size: small;\"><\/span><\/div>\n<div>\n<div class=\"corpsTexte\" style=\"text-align: justify;\"><span style=\"font-size: small;\"><\/span><\/div>\n<\/div>\n<p><span style=\"font-size: small;\"><\/span><\/p>\n","protected":false},"excerpt":{"rendered":"<p>Dir. Aurore EVAIN, Perry GETHNER et Henriette GOLDWYN avec la collaboration de Nancy KAY ERICKSON, Catherine MASSON et Eliane VIENNOT Paris, Classiques Garnier, coll. &laquo; Biblioth&egrave;que du XVIIe si&egrave;cle &raquo;, 2014, 516 pages, 32 &euro;, ISBN 978-2-8124-2051-1 Des dizaines de femmes ont particip&eacute; &agrave; la floraison du th&eacute;&acirc;tre sous l&#8217;Ancien R&eacute;gime. Le premier volume de [&hellip;]<\/p>\n","protected":false},"author":4,"featured_media":0,"parent":2851,"menu_order":0,"comment_status":"closed","ping_status":"closed","template":"","meta":{"_acf_changed":false,"footnotes":""},"class_list":["post-3404","page","type-page","status-publish","hentry"],"translation":{"provider":"WPGlobus","version":"3.0.0","language":"gb","enabled_languages":["fr","gb"],"languages":{"fr":{"title":true,"content":true,"excerpt":false},"gb":{"title":false,"content":false,"excerpt":false}}},"acf":[],"_links":{"self":[{"href":"https:\/\/siefar.org\/gb\/wp-json\/wp\/v2\/pages\/3404","targetHints":{"allow":["GET"]}}],"collection":[{"href":"https:\/\/siefar.org\/gb\/wp-json\/wp\/v2\/pages"}],"about":[{"href":"https:\/\/siefar.org\/gb\/wp-json\/wp\/v2\/types\/page"}],"author":[{"embeddable":true,"href":"https:\/\/siefar.org\/gb\/wp-json\/wp\/v2\/users\/4"}],"replies":[{"embeddable":true,"href":"https:\/\/siefar.org\/gb\/wp-json\/wp\/v2\/comments?post=3404"}],"version-history":[{"count":0,"href":"https:\/\/siefar.org\/gb\/wp-json\/wp\/v2\/pages\/3404\/revisions"}],"up":[{"embeddable":true,"href":"https:\/\/siefar.org\/gb\/wp-json\/wp\/v2\/pages\/2851"}],"wp:attachment":[{"href":"https:\/\/siefar.org\/gb\/wp-json\/wp\/v2\/media?parent=3404"}],"curies":[{"name":"wp","href":"https:\/\/api.w.org\/{rel}","templated":true}]}}