{"id":3402,"date":"2014-04-21T21:47:21","date_gmt":"2014-04-21T21:47:21","guid":{"rendered":"http:\/\/739"},"modified":"2025-07-14T12:01:40","modified_gmt":"2025-07-14T10:01:40","slug":"theses-soutenues","status":"publish","type":"page","link":"https:\/\/siefar.org\/gb\/la-recherche\/theses-soutenues\/","title":{"rendered":"Th\u00e8ses soutenues"},"content":{"rendered":"<p style=\"text-align: justify;\"><a href=\"mailto:contact@siefar.org?subject=Th%C3%A8se%20soutenue&amp;body=Bonjour%2C%0A%0AJe%20souhaite%20inscrire%20ma%20th%C3%A8se%20sur%20le%20site%20de%20la%20SIEFAR.%20%0A%0A-%20Nom%2C%20Pr%C3%A9nom%20%3A%0A%0A-%20Titre%20de%20la%20th%C3%A8se%20%3A%0A%0A-%20Nom%20du%20directeur%20ou%20de%20la%20directrice%20de%20th%C3%A8se%20%3A%0A%0A-%20Discipline%20%3A%20%0A%0A-%20Institution%20de%20rattachement%20%3A%0A%0A-%20Date%20de%20soutenance%20%3A%0A%0A-%20%205%20mots%20cl%C3%A9s%20%3A%0A%0A-%20Je%20joins%20un%20r%C3%A9sum%C3%A9%20(5000%20car.%20max.)%20%3A%20oui%20%20%2F%20%20non%0A%0A%0A\">Signaler une th\u00e8se soutenue<\/a><\/p>\n<ul>\n<li>\n<div class=\"v1elementToProof\"><strong>Ana\u00efs GUITTONNY<\/strong><\/div>\n<\/li>\n<\/ul>\n<div class=\"v1elementToProof\">\n<p><em>Fragiles Amazones. Analyse d&#8217;une d\u00e9faite, litt\u00e9raire et historique au XVIIIe si\u00e8cle en France<\/em>, Litt\u00e9rature, dir. de Michael G. Kelly, Universit\u00e9 de Limerick en Irlande8<br \/>\nMythes &#8211; utopie &#8211; \u00e9mancipation f\u00e9minine &#8211; diff\u00e9rence des sexes<\/p>\n<div><a href=\"mailto:anais.guittonny@universityofgalway.ie\">anais.guittonny@universityofgalway.ie<\/a><\/div>\n<\/div>\n<ul>\n<li><strong><strong>Florine VITAL-DURAND<\/strong><\/strong><\/li>\n<\/ul>\n<p style=\"text-align: justify;\"><em>Entre art et politique. Christine de France, duchesse et r\u00e9gente de Savoie (1619-1663). D\u00e9finition d\u2019une identit\u00e9 politique et artistique au service de la dynastie<\/em><br \/>\nHistoire, dir.\u00a0Giuliano Ferretti, Universit\u00e9 Grenoble Alpes, 21 juin 2018<br \/>\nChristine de France &#8211; Madame Royale &#8211; Duch\u00e9 de Savoie au XVII<sup>e<\/sup> si\u00e8cle &#8211; R\u00e9gence f\u00e9minine &#8211; Politique artistique<br \/>\n<a href=\"mailto:Florinevitaldurand@gmail.com\">Florinevitaldurand@gmail.com<\/a>\u00a0&#8211;\u00a0<a href=\"http:\/\/siefar.org\/entre-art-et-politique-christine-de-france\/\">R\u00e9sum\u00e9<\/a><\/p>\n<ul>\n<li><strong>Tatiana CLAVIER<\/strong><\/li>\n<\/ul>\n<p><em>La construction des identit\u00e9s de genre \u00e0 travers les discours didactiques, \u00e9difiants et pol\u00e9miques imprim\u00e9s \u00e0 la Renaissance (v. 1475-1594)<\/em><br \/>\nLangue et litt\u00e9rature fran\u00e7aises, dir. \u00c9liane Viennot (\u00c9cole doctorale 3LA, Universit\u00e9s de Saint-\u00c9tienne, Lyon II, Lyon III et ENS),\u00a0d\u00e9cembre 2016<br \/>\nRenaissance, construction du genre, \u00e9dification, didactique, pol\u00e9mique<br \/>\n<a href=\"http:\/\/www.theses.fr\/2016LYSES068\">R\u00e9sum\u00e9<\/a> &#8211; <a href=\"http:\/\/siefar.org\/tatiana-clavier\/\">R\u00e9pertoire<\/a><\/p>\n<ul>\n<li><strong>Alison\u00a0VERMELLE<\/strong><\/li>\n<\/ul>\n<p><em>Malesherbes et ses belles amies<\/em><br \/>\nHistoire moderne, dir. Laurence Croq, Universit\u00e9 de Paris-Nanterre, 26 novembre 2016<br \/>\nNoblesse de robe, genre, amiti\u00e9, sciences, famille<br \/>\n<a href=\"http:\/\/www.theses.fr\/2016PA100123\">R\u00e9sum\u00e9<\/a><\/p>\n<ul>\n<li style=\"text-align: justify;\"><strong>Ramona HERZ-GAZEAU<\/strong><\/li>\n<\/ul>\n<p style=\"text-align: justify;\"><i>La femme entre raison et religion &#8211; <\/i>Les Am\u00e9ricaines <i>de Marie Leprince de Beaumont<\/i><br \/>\nLitt\u00e9rature, co-dir. Catriona Seth (Universit\u00e9 de Lorraine) et Rotraud von Kulessa (Universit\u00e9 d&#8217;Augsbourg), 30 novembre 2015<br \/>\nMarie Leprince de Beaumont, litt\u00e9rature apolog\u00e9tique, Lumi\u00e8res chr\u00e9tiennes, litt\u00e9rature d&#8217;\u00e9ducation, querelle de la femme<br \/>\n<a href=\"http:\/\/siefar.org\/bibliographies\/ramona-herz-gazeau\/\">R\u00e9pertoire<\/a><\/p>\n<ul>\n<li><strong>Fr\u00e9d\u00e9ric MARTY<\/strong><\/li>\n<\/ul>\n<p style=\"text-align: justify;\"><em>Louise Dupin : la pens\u00e9e d&#8217;une f\u00e9ministe entre Montesquieu, Voltaire et Rousseau<\/em><br \/>\nLitt\u00e9rature, dir.\u00a0Jean-No\u00ebl Pascal, Universit\u00e9 de Toulouse &#8211; Jean Jaur\u00e8s, 15 d\u00e9cembre 2014<br \/>\nLouise Dupin, f\u00e9minisme au XVIII<sup>e<\/sup> si\u00e8cle, Rousseau, Montesquieu, Voltaire <a href=\"http:\/\/www.theses.fr\/2014TOU20109\">R\u00e9sum\u00e9<\/a><\/p>\n<ul style=\"text-align: justify;\">\n<li><strong>Sophie VERGNES<\/strong><\/li>\n<\/ul>\n<p style=\"text-align: justify;\"><em>Les Frondeuses. L\u2019activit\u00e9 politique des femmes de l\u2019aristocratie et ses repr\u00e9sentations de 1643 \u00e0 1661<\/em><br \/>\nHistoire, dir. Sophie Cassagnes-Brouquet de Toulouse II-Le Mirail et Jo\u00ebl Cornette de Paris VIII-Vincennes-Saint-Denis, laboratoire Framespa, 22 septembre 2012<br \/>\nF\u00e9minisme, amazones, intrigantes, repr\u00e9sentations, r\u00e9seaux sociaux.<br \/>\n<a href=\"1\/\">R\u00e9sum\u00e9<\/a> &#8211; <a href=\"1\/\">R\u00e9pertoire<\/a><\/p>\n<ul style=\"text-align: justify;\">\n<li><strong>Christophe REGINA<\/strong><\/li>\n<\/ul>\n<p style=\"text-align: justify;\"><em>Les violences f\u00e9minines au XVIII<sup>e<\/sup> si\u00e8cle \u00e0 Marseille<\/em><br \/>\nHistoire, dir. Martine Lapied et Gilbert Buti, Groupe Femme, UMR TELEMME, Univ. d&#8217;Aix-en-Provence, 15 juin 2012<br \/>\nHistoire des femmes, histoire de la violence, histoire du droit d\u2019Ancien R\u00e9gime, sociabilit\u00e9 urbaine.<br \/>\n<a href=\"1\/\">R\u00e9sum\u00e9<\/a> &#8211; <a href=\"1\/\">R\u00e9pertoire<\/a><\/p>\n<ul style=\"text-align: justify;\">\n<li><strong>Gabrielle Nicole DE LA TOUR D&#8217;AUVERGNE<\/strong><\/li>\n<\/ul>\n<p style=\"text-align: justify;\"><em>Marguerite de Valois et la Saint-Barth\u00e9lemy dans un si\u00e8cle de violence. Imaginaire, cr\u00e9ations picturales, romanesques et filmiques du XVI<sup>e<\/sup> si\u00e8cle au XX<sup>e<\/sup> si\u00e8cle<\/em><br \/>\nLettres et sciences humaines, dir. Christiane Chaulet-Achour, Centre de recherches textes et francophonie, Universit\u00e9 de Cergy-Pontoise, 25 novembre 2011<br \/>\nMarguerite de Valois, Patrice Ch\u00e9reau, Peinture fran\u00e7aise de la Renaissance, Massacre de la Saint-Barth\u00e9lemy, Catherine de M\u00e9dicis.<br \/>\n<a href=\"1\/\">R\u00e9sum\u00e9<\/a><\/p>\n<ul style=\"text-align: justify;\">\n<li><strong>Najwa DAOU<\/strong><\/li>\n<\/ul>\n<p style=\"text-align: justify;\">Repr\u00e9sentations de la femme dans les r\u00e9cits orientalisants fran\u00e7ais du dix-huiti\u00e8me si\u00e8cle<br \/>\nLitt\u00e9rature, dir. Janet Paterson et Lawrence Kerslake, Universit\u00e9 de Toronto, 9 septembre 2011<br \/>\nLitt\u00e9rature fran\u00e7aise du XVIII<sup>e<\/sup> si\u00e8cle, r\u00e9cits orientalisants, repr\u00e9sentation de la femme, narration.<\/p>\n<ul style=\"text-align: justify;\">\n<li><strong>Adeline GARGAM<\/strong><\/li>\n<\/ul>\n<p style=\"text-align: justify;\"><em>Les femmes savantes, lettr\u00e9es et cultiv\u00e9es dans la litt\u00e9rature fran\u00e7aise des Lumi\u00e8res ou la conqu\u00eate d&#8217;une l\u00e9gitimit\u00e9 (1690-1804)<\/em><br \/>\nLitt\u00e9rature, dir.\u00a0Alexandre Stroev, HCTI, EA 4249, Universit\u00e9 Europ\u00e9enne de Bretagne, 8 juillet 2011<br \/>\nSavoirs litt\u00e9raires et scientifiques, mythologies et repr\u00e9sentations de la f\u00e9minit\u00e9, th\u00e9ories de l&#8217;\u00e9ducation, interf\u00e9rences des discours litt\u00e9raires et scientifiques.<br \/>\n<a>R\u00e9sum\u00e9<\/a><\/p>\n<ul style=\"text-align: justify;\">\n<li><strong>Marguerite de COUASNON<\/strong><\/li>\n<\/ul>\n<p style=\"text-align: justify;\"><em>La femme de lettres face \u00e0 Rousseau. Mises en sc\u00e8ne de soi dans la fiction (1791-1825)<\/em><br \/>\nLitt\u00e9rature, dir. Isabelle Brouard-Arends, Universit\u00e9 Rennes 2, 27 octobre 2010<br \/>\nR\u00e9volution fran\u00e7aise, \u00c9migration, Jean-Jacques Rousseau, Mme de Genlis, Isabelle de Charri\u00e8re.<br \/>\n<a href=\"http:\/\/www.theses.fr\/2010REN20023\">R\u00e9sum\u00e9<\/a><\/p>\n<ul style=\"text-align: justify;\">\n<li><strong>Sophie DELHAUME<\/strong><\/li>\n<\/ul>\n<p style=\"text-align: justify;\"><em>Correspondance de Madame Constance de Voyer d&#8217;Argenson (1734-1783), Une Femme et sa plume au XVIII<sup>e<\/sup> si\u00e8cle<\/em><br \/>\nLitt\u00e9rature, dir. Nicole Masson, Universit\u00e9 de Poitiers, 4 octobre 2010<br \/>\nLitt\u00e9rature \u00c9pistolaire &#8211; XVIII<sup>e<\/sup> si\u00e8cle &#8211; Noblesse d&#8217;Ancien R\u00e9gime &#8211; Femme d&#8217;esprit &#8211; Amiti\u00e9 intellectuelle &#8211; Ecriture<br \/>\n<a href=\"http:\/\/www.theses.fr\/2010POIT5034\">R\u00e9sum\u00e9<\/a><\/p>\n<ul style=\"text-align: justify;\">\n<li><strong>Nassima AMARI-ALLOUCHE<\/strong><\/li>\n<\/ul>\n<p style=\"text-align: justify;\"><em>La mise en discours de la diff\u00e9renciation sexuelle et la construction romanesque de l\u2019identit\u00e9 f\u00e9minine dans un corpus de textes du XVIII<sup>e<\/sup> si\u00e8cle<\/em><br \/>\nLitt\u00e9rature: Analyse de discours, dir. Henri boyer et Bouba Tabti, Universit\u00e9 d&#8217;Alger, janvier 2008.<\/p>\n<ul style=\"text-align: justify;\">\n<li><strong>Morgane GUILLEMET<\/strong><\/li>\n<\/ul>\n<p style=\"text-align: justify;\"><em>De la repr\u00e9sentation du mythe: l&#8217;ambigu\u00eft\u00e9 f\u00e9minine dans le roman libertin du XVIII<sup>e<\/sup> si\u00e8cle<\/em><br \/>\nLitt\u00e9rature, dir. Isabelle Brouard-Arends, Universit\u00e9 Rennes 2 &#8211; Haute-Bretagne, 20 novembre 2009<br \/>\n<a href=\"http:\/\/www.theses.fr\/2009REN20022\">R\u00e9sum\u00e9<\/a><\/p>\n<ul style=\"text-align: justify;\">\n<li><strong>M\u00e9linda CARON<\/strong><\/li>\n<\/ul>\n<p style=\"text-align: justify;\"><em>Les Pratiques d\u2019\u00e9criture et de sociabilit\u00e9 de Louise d\u2019\u00c9pinay \u00e0 la lumi\u00e8re de ses contributions \u00e0 la Correspondance litt\u00e9raire et de ses lettres \u00e0 Ferdinando Galiano (1755-1783)<\/em><br \/>\nLitt\u00e9rature, dir. Michel Delon et Beno\u00eet Melan\u00e7on (co-tutelle), Paris IV-Sorbonne \/ Universit\u00e9 de Montr\u00e9al, 5 octobre 2009<br \/>\n<a href=\"1\/\">R\u00e9sum\u00e9<\/a><\/p>\n<ul style=\"text-align: justify;\">\n<li><strong>Laurent ODDE<\/strong><\/li>\n<\/ul>\n<p style=\"text-align: justify;\"><em>La Nouvelle Art\u00e9mise\u00bb: Catherine de\u2019 Medici as Queen of France and Patron of the Arts<\/em><br \/>\nPh.D. diss., The Graduate Center of the City University of New York, 2008<br \/>\n<a href=\"http:\/\/www.umi.com\/en-US\/products\/dissertations\/\">En ligne<\/a><\/p>\n<ul style=\"text-align: justify;\">\n<li><strong>Charlotte SIMONIN<\/strong><\/li>\n<\/ul>\n<p style=\"text-align: justify;\"><em>Au verso des \u00ab\u00a0Lettres d&#8217;une P\u00e9ruvienne\u00a0\u00bb, Fran\u00e7oise de Graffigny (1695-1758), spectatrice, lectrice et auteur de th\u00e9\u00e2tre<\/em><br \/>\nLitt\u00e9rature, dir. Fran\u00e7oise Rubellin, Universit\u00e9 de Nantes, 5 d\u00e9cembre 2008<br \/>\n<a href=\"1\/\">R\u00e9sum\u00e9<\/a><\/p>\n<ul style=\"text-align: justify;\">\n<li><strong>Marie-Pierre TOUSSAINT-LEGRAND<\/strong><\/li>\n<\/ul>\n<p style=\"text-align: justify;\"><em>Faute, culpabilit\u00e9 et sentiment de culpabilit\u00e9 dans l\u2019\u0153uvre de Mme Riccoboni<\/em><br \/>\nLitt\u00e9rature, dir. Sylvain Menant, Universit\u00e9 Paris-IV Sorbonne, 28 octobre 2008<br \/>\n<a href=\"1\/\">R\u00e9sum\u00e9<\/a><\/p>\n<ul style=\"text-align: justify;\">\n<li><strong>Isabelle TREMBLAY<\/strong><\/li>\n<\/ul>\n<p style=\"text-align: justify;\"><em>La Probl\u00e9matique du bonheur dans l\u2019\u00e9criture romanesque des femmes \u00e9crivains du si\u00e8cle des Lumi\u00e8res<\/em><br \/>\nUniversit\u00e9 d&#8217;Ottawa, Lettres fran\u00e7aises, 26 septembre 2008.<br \/>\n<a href=\"1\/\">R\u00e9sum\u00e9<\/a><\/p>\n<ul style=\"text-align: justify;\">\n<li><strong>Elisabetta DERIU<\/strong><\/li>\n<\/ul>\n<p style=\"text-align: justify;\"><em>Le Cheval et la cour. Pratiques \u00e9questres et milieux curiaux. Italie et France (milieu du XV<sup>e<\/sup> &#8211; milieu du XVII<sup>e<\/sup> si\u00e8cle)<\/em><br \/>\nUniversit\u00e9 de Paris 12-Val de Marne, dir. Jean-Fran\u00e7ois Dubost, 11 juin 2008 [plusieurs chapitres et sous-parties consacr\u00e9s aux femmes et aux dames de cour].<br \/>\n<a href=\"http:\/\/www.theses.fr\/2008PEST0072\">R\u00e9sum\u00e9<\/a><\/p>\n<ul style=\"text-align: justify;\">\n<li><strong>Peggy KREMP<\/strong><\/li>\n<\/ul>\n<p style=\"text-align: justify;\"><em>Perspectives existentielles de la foi dans les oeuvres de Marguerite de Navarre<\/em><br \/>\nUniversit\u00e9 Marc Bloch, dir. Genevi\u00e8ve Gilbert Schrenck, 8 novembre 2007<\/p>\n<ul style=\"text-align: justify;\">\n<li><strong>Edwige BESLE<\/strong><\/li>\n<\/ul>\n<p style=\"text-align: justify;\"><em>Madame de Laisse, une femme de lettres au si\u00e8cle des lumi\u00e8res<\/em><br \/>\nUniversit\u00e9 d&#8217;Orl\u00e9ans, dir. Genevi\u00e8ve Haroche-Bouzinac, 5 mars 2007.<br \/>\n<a href=\"1\/\">R\u00e9sum\u00e9<\/a><\/p>\n<ul style=\"text-align: justify;\">\n<li><strong>Nicole DUFOURNAUD<\/strong><\/li>\n<\/ul>\n<p style=\"text-align: justify;\"><em>Le R\u00f4le \u00e9conomique et social des femmes en Bretagne au XVI<sup>e<\/sup> si\u00e8cle<\/em><br \/>\nEcole des Hautes Etudes en Sciences Sociales \u00e0 Paris, dir. Andr\u00e9 Burgui\u00e8re, 2007.<br \/>\n<a href=\"http:\/\/nicole.dufournaud.net\/these\/\">En ligne<\/a><\/p>\n<ul style=\"text-align: justify;\">\n<li><strong>\u00c9milie DEVRIENDT<\/strong><\/li>\n<\/ul>\n<p style=\"text-align: justify;\"><em>Rapports des sexes et syst\u00e8mes d&#8217;alliance : d\u00e9nominations humaines et st\u00e9r\u00e9otypes sociaux dans les nouvelles de Marguerite de Navarre<\/em><br \/>\nLangue fran\u00e7aise, dir. Mireille Huchon, Universit\u00e9 Paris-IV Sorbonne, 9 d\u00e9cembre 2006.<br \/>\n<a href=\"1\/\">R\u00e9sum\u00e9<\/a><\/p>\n<ul style=\"text-align: justify;\">\n<li><strong>Annette SHAHAR<\/strong><\/li>\n<\/ul>\n<p style=\"text-align: justify;\"><em>L&#8217;Ecriture f\u00e9minine au XVI<sup>e<\/sup> si\u00e8cle en France<\/em><br \/>\nLangue et litt\u00e9rature fran\u00e7aise, dir. Ilana Zinguer, Universit\u00e9 de Ha\u00effa (Isra\u00ebl), 2006.<br \/>\n<a href=\"http:\/\/siefar.org\/publications-articles\/l-ecriture-feminine-au-xvie-siecle-en-france\/\">R\u00e9sum\u00e9 et table des mati\u00e8res de la th\u00e8se publi\u00e9e<\/a><\/p>\n<ul style=\"text-align: justify;\">\n<li><strong>Caroline ZUM KOLK<\/strong><\/li>\n<\/ul>\n<p style=\"text-align: justify;\"><em>Catherine de M\u00e9dicis et sa maison. La fonction politique de la maison de la Reine (1533-1589)<\/em><br \/>\nHistoire, dir. Jacques G\u00e9lis et Jo\u00ebl Cornette, Universit\u00e9 Paris VIII, 2006<\/p>\n<ul style=\"text-align: justify;\">\n<li><strong>Gillian DOW<\/strong><\/li>\n<\/ul>\n<p style=\"text-align: justify;\"><em>Reviewing Madame de Genlis : Gouverneur, M\u00e8re de l&#8217;\u00e9glise, Hypocrite<\/em><br \/>\nLitt\u00e9rature Fran\u00e7aise et Anglaise (r\u00e9ception), dir. Alison Finch, Balliol College &#8211; University of Oxford, 2005<\/p>\n<ul style=\"text-align: justify;\">\n<li><strong>Elsa DORLIN<\/strong><\/li>\n<\/ul>\n<p style=\"text-align: justify;\"><em>Au Chevet de la Nation. Sexe, race et m\u00e9decine (XVII<sup>e<\/sup>-XVIII<sup>e<\/sup> s.)<\/em><br \/>\nPhilosophie, dir. Pierre-Fran\u00e7ois Moreau, Universit\u00e9 de Paris IV &#8211; Sorbonne, 2004<br \/>\n<a href=\"1\/\">R\u00e9sum\u00e9<\/a><\/p>\n<ul style=\"text-align: justify;\">\n<li><strong>S\u00e9verine GENIEYS-KIRK<\/strong><\/li>\n<\/ul>\n<p style=\"text-align: justify;\"><em>Picturing Women in <\/em>the Countess of Montgomery&#8217;s Urania<em> by Lady Mary Wroth and in <\/em>Cl\u00e9lie<em> by Madeleine de Scud\u00e9ry<\/em><br \/>\nLitt\u00e9rature, University of Glasgow, 2003<\/p>\n<ul style=\"text-align: justify;\">\n<li><strong>Claire LE NINAN<\/strong><\/li>\n<\/ul>\n<p style=\"text-align: justify;\"><em>Le sage roi et la &#8220;clergesse&#8221;: l&#8217;\u00e9criture du politique dans l&#8217;\u0153uvre<\/em><br \/>\nde Christine de Pizan<br \/>\nLitt\u00e9rature, dir. Emmanu\u00e8le Baumgartner, Universit\u00e9 de Paris III &#8211; Sorbonne Nouvelle, 2004<\/p>\n<ul style=\"text-align: justify;\">\n<li><strong>Alicia MONTOYA<\/strong><\/li>\n<\/ul>\n<p style=\"text-align: justify;\"><em>Marie-Anne Barbier (1670 \u00ab -1745 \u00bb), une femme dramaturge<\/em><br \/>\nLitt\u00e9rature, Universit\u00e9 de Leyden (Pays-Bas), 2004<\/p>\n<ul style=\"text-align: justify;\">\n<li><strong>Eug\u00e9nie PASCAL<\/strong><\/li>\n<\/ul>\n<p style=\"text-align: justify;\"><em>Liens de famille, pratiques de pouvoir, conscience de soi. Princesses \u00e9pistoli\u00e8res au tournant du XVII<sup>e<\/sup> si\u00e8cle.<\/em><br \/>\nLitt\u00e9rature, dir. Marie-Madeleine Fragonard, Universit\u00e9 de Paris III &#8211; Sorbonne Nouvelle, 2004<\/p>\n<ul style=\"text-align: justify;\">\n<li><strong>Cathy McCLIVE<\/strong><\/li>\n<\/ul>\n<p style=\"text-align: justify;\"><em>Bleeding Flowers and Waning Moons: A History of Menstruation in France, c. 1495-1761.<\/em><br \/>\nHistoire, dir. Colin Jones, H. Marland, P. Roberts, D. Jacquart. Univ. of Warwick &#8211; Ecole Pratique des Hautes Etudes, IVe sect. Sorbonne, 2004<br \/>\n<a href=\"1\/\">R\u00e9sum\u00e9<\/a><\/p>\n<ul style=\"text-align: justify;\">\n<li><strong>Gw\u00e9na\u00ebl MURPHY<\/strong><\/li>\n<\/ul>\n<p style=\"text-align: justify;\"><em>Femmes de Dieu et R\u00e9volution fran\u00e7aise dans le dioc\u00e8se de Poitiers.<\/em><br \/>\nHistoire et civilisations, dir. Arlette Farge, EHESS, janvier 2003.<br \/>\n<a href=\"1\/\">R\u00e9sum\u00e9<\/a><\/p>\n<ul style=\"text-align: justify;\">\n<li><strong>H\u00e9l\u00e8ne LUCUIX<\/strong><\/li>\n<\/ul>\n<p style=\"text-align: justify;\"><em>Prises de parole et Querelle des femmes dans l&#8217;\u0153uvre de Marguerite de Navarre<\/em><br \/>\nLangue et Litt\u00e9rature fran\u00e7aises, dir. Diane Desrosiers-Bonin, Universit\u00e9 McGill, 2002<\/p>\n<ul style=\"text-align: justify;\">\n<li><strong>Daniela TINKOVA<\/strong><\/li>\n<\/ul>\n<p style=\"text-align: justify;\"><em>P\u00e9ch\u00e9, crime ou folie\u00a0? D\u00e9icide, suicide, infanticide. La transformation de l&#8217;id\u00e9e du crime et le proc\u00e8s de d\u00e9criminalisation \u00e0 l&#8217;\u00e9poque des Lumi\u00e8res.<\/em><br \/>\nHistoire et civilisations, dir. Andr\u00e9 Burgui\u00e8re, EHESS (co-tutelle avec l&#8217;universit\u00e9 de Prague), 2002<\/p>\n<ul style=\"text-align: justify;\">\n<li><strong>Claude LA CHARIT\u00c9<\/strong><\/li>\n<\/ul>\n<p style=\"text-align: justify;\"><em>Du Dialogo de la bella creanza de le donne (1539) d&#8217;Alessandro Piccolomini \u00e0 l&#8217;Instruction pour les jeunes dames (1572) de Marie de Romieu, ou quand le paradoxe fait l&#8217;opinion<\/em>.<br \/>\nLitt\u00e9rature, dir. Mireille Huchon, Universit\u00e9 de Paris-IV-Sorbonne, d\u00e9cembre 2000<br \/>\n<a href=\"1\/\">R\u00e9sum\u00e9<\/a><\/p>\n<ul style=\"text-align: justify;\">\n<li><strong>C\u00e9cile LE GOURRIEREC<\/strong><\/li>\n<\/ul>\n<p class=\"corpsTexte\" style=\"text-align: justify;\"><em>Le r\u00f4le \u00e9conomique des femmes dans les villes de la s\u00e9n\u00e9chauss\u00e9e de Beaucaire \u00e0 la fin du Moyen Age (XIV<sup>e<\/sup>-XV<sup>e<\/sup> si\u00e8cles)<\/em><br \/>\nHistoire, dir. Christiane Klapisch-Zuber, EHESS, 2000<\/p>\n","protected":false},"excerpt":{"rendered":"<p>Signaler une th\u00e8se soutenue Ana\u00efs GUITTONNY Fragiles Amazones. Analyse d&#8217;une d\u00e9faite, litt\u00e9raire et historique au XVIIIe si\u00e8cle en France, Litt\u00e9rature, dir. de Michael G. Kelly, Universit\u00e9 de Limerick en Irlande8 Mythes &#8211; utopie &#8211; \u00e9mancipation f\u00e9minine &#8211; diff\u00e9rence des sexes anais.guittonny@universityofgalway.ie Florine VITAL-DURAND Entre art et politique. Christine de France, duchesse et r\u00e9gente de Savoie [&hellip;]<\/p>\n","protected":false},"author":4,"featured_media":0,"parent":2779,"menu_order":0,"comment_status":"closed","ping_status":"closed","template":"","meta":{"_acf_changed":false,"footnotes":""},"class_list":["post-3402","page","type-page","status-publish","hentry"],"translation":{"provider":"WPGlobus","version":"3.0.0","language":"gb","enabled_languages":["fr","gb"],"languages":{"fr":{"title":true,"content":true,"excerpt":false},"gb":{"title":false,"content":false,"excerpt":false}}},"acf":[],"_links":{"self":[{"href":"https:\/\/siefar.org\/gb\/wp-json\/wp\/v2\/pages\/3402","targetHints":{"allow":["GET"]}}],"collection":[{"href":"https:\/\/siefar.org\/gb\/wp-json\/wp\/v2\/pages"}],"about":[{"href":"https:\/\/siefar.org\/gb\/wp-json\/wp\/v2\/types\/page"}],"author":[{"embeddable":true,"href":"https:\/\/siefar.org\/gb\/wp-json\/wp\/v2\/users\/4"}],"replies":[{"embeddable":true,"href":"https:\/\/siefar.org\/gb\/wp-json\/wp\/v2\/comments?post=3402"}],"version-history":[{"count":3,"href":"https:\/\/siefar.org\/gb\/wp-json\/wp\/v2\/pages\/3402\/revisions"}],"predecessor-version":[{"id":15206,"href":"https:\/\/siefar.org\/gb\/wp-json\/wp\/v2\/pages\/3402\/revisions\/15206"}],"up":[{"embeddable":true,"href":"https:\/\/siefar.org\/gb\/wp-json\/wp\/v2\/pages\/2779"}],"wp:attachment":[{"href":"https:\/\/siefar.org\/gb\/wp-json\/wp\/v2\/media?parent=3402"}],"curies":[{"name":"wp","href":"https:\/\/api.w.org\/{rel}","templated":true}]}}