{"id":3385,"date":"2013-06-24T23:20:59","date_gmt":"2013-06-24T23:20:59","guid":{"rendered":"http:\/\/720"},"modified":"2013-06-24T23:20:59","modified_gmt":"2013-06-24T23:20:59","slug":"l-engagement-des-hommes-pour-l-egalite-des-sexes-xive-xxie-siecle","status":"publish","type":"page","link":"https:\/\/siefar.org\/gb\/publications-articles\/l-engagement-des-hommes-pour-l-egalite-des-sexes-xive-xxie-siecle\/","title":{"rendered":"L&#8217;Engagement des hommes pour l&#8217;\u00e9galit\u00e9 des sexes, XIVe-XXIe si\u00e8cle"},"content":{"rendered":"<div class=\"corpsTexte\" style=\"text-align: justify;\"><span style=\"color: rgb(128, 0, 0);\"><strong><span style=\"font-size: small;\"><img loading=\"lazy\" decoding=\"async\" src=\"docsiefar\/image\/Viennot-Rochefort-Engagement-hommes.jpg\" width=\"200\" height=\"300\" align=\"left\" style=\"margin-right: 10px; margin-bottom: 10px;\" alt=\"\" \/>Sous la dir. de Florence ROCHEFORT &amp; &Eacute;liane VIENNOT<\/span><\/strong><\/span><\/div>\n<div class=\"corpsTexte\" style=\"text-align: justify;\"><\/div>\n<div class=\"corpsTexte\" style=\"text-align: justify;\"><strong><span style=\"font-size: small;\">Saint-Etienne, Publications de l&#8217;Universit&eacute;, &quot;L&#8217;&eacute;cole du genre&quot;, juin 2013, 272 p., 25 euros<\/span><\/strong><\/div>\n<div class=\"corpsTexte\" style=\"text-align: justify;\"><\/div>\n<div class=\"corpsTexte\" style=\"text-align: justify;\"><span style=\"font-size: small;\">Qu&rsquo;on les appelle &laquo; amis des femmes &raquo;, &laquo; champions des dames &raquo;, &laquo; alli&eacute;s &raquo;, &laquo; pro-f&eacute;ministes &raquo;&hellip;, les hommes engag&eacute;s pour l&rsquo;&eacute;galit&eacute; des sexes constituent une cohorte plus ancienne, nombreuse et active qu&rsquo;on ne le croit g&eacute;n&eacute;ralement. On leur doit en effet, jusqu&rsquo;&agrave; la Renaissance, la totalit&eacute; des textes connus ayant d&eacute;fendu la th&egrave;se de l&rsquo;&eacute;gale dignit&eacute; des deux sexes. On leur doit d&rsquo;avoir soutenu avec acharnement la plus ancienne revendication des femmes, celle de l&rsquo;acc&egrave;s &agrave; l&rsquo;&eacute;ducation, et souvent d&rsquo;avoir travaill&eacute; &agrave; sa mise en &oelig;uvre. On leur doit d&rsquo;avoir longtemps d&eacute;fendu les id&eacute;es les plus radicales quant &agrave; leur acc&egrave;s &agrave; toutes les professions et &agrave; toutes les responsabilit&eacute;s temporelles ou spirituelles. On leur doit les batailles men&eacute;es au sein des assembl&eacute;es strictement masculines, &agrave; coup de votes, de discours et de man&oelig;uvres, qui finirent pas aboutir &ndash; presque partout &ndash; &agrave; des lois, &agrave; des droits, &agrave; des pouvoirs.<\/span><\/div>\n<div class=\"corpsTexte\" style=\"text-align: justify;\"><\/div>\n<div class=\"corpsTexte\" style=\"text-align: justify;\"><span style=\"font-size: small;\">C&rsquo;est &agrave; cette r&eacute;alit&eacute; aussi incontestable que mal connue qu&rsquo;est consacr&eacute; ce livre, l&rsquo;une des premi&egrave;res tentatives de focalisation sur leur groupe, leurs d&eacute;marches, leurs id&eacute;aux, leurs combats, leurs strat&eacute;gies&hellip; Rassemblant les contributions des meilleurs sp&eacute;cialistes de plusieurs disciplines, il nous permet de parcourir huit si&egrave;cles d&rsquo;histoire et de d&eacute;passer largement les fronti&egrave;res europ&eacute;ennes.<\/span><\/div>\n<div class=\"corpsTexte\" style=\"text-align: justify;\"><\/div>\n<div class=\"corpsTexte\" style=\"text-align: justify;\"><strong><span style=\"font-size: small;\">Contributions de <\/span><\/strong><span style=\"font-size: small;\">: Olivier Blanc, No&euml;l Burch, Claire Charlot, Ginevra Conti-Odorisio, &Eacute;lise Devieilhe, Alban Jacquemart, Catherine Jacques, Florence Launay, Yannick Le Quentrec, Nicole Mosconi, Janine Mossuz-Lavau, Marie-Fr&eacute;d&eacute;rique Pellegrin, Michel Prum, H&eacute;l&egrave;ne Quanquin, Yannick Ripa, Florence Rochefort Cristina Scheibe Wolff, &amp; &Eacute;liane Viennot.<\/span><\/div>\n<div class=\"corpsTexte\" style=\"text-align: justify;\"><\/div>\n<div class=\"corpsTexte\" style=\"text-align: justify;\"><strong><span style=\"font-size: small;\">Introduction :<\/span><\/strong><span style=\"font-size: small;\"> Florence Rochefort, &Eacute;liane Viennot<\/span><\/div>\n<div class=\"corpsTexte\" style=\"text-align: justify;\"><\/div>\n<div class=\"corpsTexte\" style=\"text-align: justify;\"><strong><span style=\"font-size: small;\">Partie I. Combats pour l&rsquo;&eacute;galit&eacute; des sexes : d&eacute;montrer, convaincre, changer le droit et la soci&eacute;t&eacute;<\/span><\/strong><\/div>\n<div class=\"corpsTexte\" style=\"text-align: justify;\"><\/div>\n<div class=\"corpsTexte\" style=\"text-align: justify;\"><span style=\"font-size: small;\">&Eacute;liane Viennot : Champions des dames et misogynes : les enjeux d&rsquo;un combat frontal, &agrave; l&rsquo;aube des temps modernes (France, 1380-1530).<\/span><\/div>\n<div class=\"corpsTexte\" style=\"text-align: justify;\"><\/div>\n<div class=\"corpsTexte\" style=\"text-align: justify;\"><span style=\"font-size: small;\">Nicole Mosconi : Comenius : &laquo; Enseigner tout &agrave; tous &raquo;&hellip; et &agrave; toutes.<\/span><\/div>\n<div class=\"corpsTexte\" style=\"text-align: justify;\"><\/div>\n<div class=\"corpsTexte\" style=\"text-align: justify;\"><span style=\"font-size: small;\">Marie-Fr&eacute;d&eacute;rique Pellegrin : R&ocirc;le des hommes dans l&rsquo;oppression et l&rsquo;&eacute;mancipation des femmes chez Poulain de la Barre.<\/span><\/div>\n<div class=\"corpsTexte\" style=\"text-align: justify;\"><\/div>\n<div class=\"corpsTexte\" style=\"text-align: justify;\"><span style=\"font-size: small;\">Florence Launay : Les alli&eacute;s des compositrices fran&ccedil;aises au xixe si&egrave;cle.<\/span><\/div>\n<div class=\"corpsTexte\" style=\"text-align: justify;\"><\/div>\n<div class=\"corpsTexte\" style=\"text-align: justify;\"><span style=\"font-size: small;\">H&eacute;l&egrave;ne Quanquin : &laquo; No shilly-shallying. Be brave as a lion. &raquo; Les abolitionnistes am&eacute;ricains &agrave; la convention mondiale contre l&rsquo;esclavage de 1840.<\/span><\/div>\n<div class=\"corpsTexte\" style=\"text-align: justify;\"><\/div>\n<div class=\"corpsTexte\" style=\"text-align: justify;\"><span style=\"font-size: small;\">Catherine Jacques : Sans homme, point de salut ? Les relais masculins du mouvement f&eacute;ministe belge (fin xixe si&egrave;cle-1968)<\/span><\/div>\n<div class=\"corpsTexte\" style=\"text-align: justify;\"><\/div>\n<div class=\"corpsTexte\" style=\"text-align: justify;\"><span style=\"font-size: small;\">Claire Charlot : Les hommes et le combat pour le droit &agrave; l&rsquo;avortement en Grande-Bretagne (1803-1967).<\/span><\/div>\n<div class=\"corpsTexte\" style=\"text-align: justify;\"><\/div>\n<div class=\"corpsTexte\" style=\"text-align: justify;\"><span style=\"font-size: small;\">Janine Mossuz-Lavau : Soutiens masculins au combat pour la contraception et l&rsquo;IVG en France (1880-2000).<\/span><\/div>\n<div class=\"corpsTexte\" style=\"text-align: justify;\"><\/div>\n<div class=\"corpsTexte\" style=\"text-align: justify;\"><strong><span style=\"font-size: small;\">Partie II. &Ecirc;tre homme et f&eacute;ministe : parcours<\/span><\/strong><\/div>\n<div class=\"corpsTexte\" style=\"text-align: justify;\"><\/div>\n<div class=\"corpsTexte\" style=\"text-align: justify;\"><span style=\"font-size: small;\">Olivier Blanc : Charles de Villette (1736-1793) d&eacute;put&eacute;, homosexuel et f&eacute;ministe sous la R&eacute;volution.<\/span><\/div>\n<div class=\"corpsTexte\" style=\"text-align: justify;\"><\/div>\n<div class=\"corpsTexte\" style=\"text-align: justify;\"><span style=\"font-size: small;\">Michel Prum : John Stuart Mill et William Thompson, deux grandes figures du f&eacute;minisme britannique au xixe si&egrave;cle.<\/span><\/div>\n<div class=\"corpsTexte\" style=\"text-align: justify;\"><\/div>\n<div class=\"corpsTexte\" style=\"text-align: justify;\"><span style=\"font-size: small;\">Ginevra Conti-Odorisio : Salvatore Morelli : politique et f&eacute;minisme (1867-1880).<\/span><\/div>\n<div class=\"corpsTexte\" style=\"text-align: justify;\"><\/div>\n<div class=\"corpsTexte\" style=\"text-align: justify;\"><span style=\"font-size: small;\">Florence Rochefort : Un f&eacute;minisme radical au masculin &agrave; la Belle &Eacute;poque : le cas de L&eacute;opold Lacour.<\/span><\/div>\n<div class=\"corpsTexte\" style=\"text-align: justify;\"><\/div>\n<div class=\"corpsTexte\" style=\"text-align: justify;\"><span style=\"font-size: small;\">Yannick Ripa : Yves Guyot, un f&eacute;ministe incorrect.<\/span><\/div>\n<div class=\"corpsTexte\" style=\"text-align: justify;\"><\/div>\n<div class=\"corpsTexte\" style=\"text-align: justify;\"><span style=\"font-size: small;\">No&euml;l Burch : Jean Gr&eacute;millon et Pierre Kast : deux hommes qui font tache dans le cin&eacute;ma fran&ccedil;ais.<\/span><\/div>\n<div class=\"corpsTexte\" style=\"text-align: justify;\"><\/div>\n<div class=\"corpsTexte\" style=\"text-align: justify;\"><span style=\"font-size: small;\">Cristina Scheibe Wolff : De la gu&eacute;rilla au f&eacute;minisme : la trajectoire de Fernando Gabeira (Br&eacute;sil 1964-1981).<\/span><\/div>\n<div class=\"corpsTexte\" style=\"text-align: justify;\"><\/div>\n<div class=\"corpsTexte\" style=\"text-align: justify;\"><span style=\"font-size: small;\">&Eacute;lise Devieilhe : L&rsquo;engagement des hommes dans le parti f&eacute;ministe su&eacute;dois (2005-2009).<\/span><\/div>\n<div class=\"corpsTexte\" style=\"text-align: justify;\"><\/div>\n<div class=\"corpsTexte\" style=\"text-align: justify;\"><span style=\"font-size: small;\">Yannick Le Quentrec : L&rsquo;action de militants syndicaux en faveur de l&rsquo;&eacute;galit&eacute; des sexes, approche sociologique (France, 2005-2009).<\/span><\/div>\n<div class=\"corpsTexte\" style=\"text-align: justify;\"><\/div>\n<div class=\"corpsTexte\" style=\"text-align: justify;\"><span style=\"font-size: small;\">Alban Jacquemart : Au-del&agrave; du paradoxe : l&rsquo;engagement masculin dans les mouvements f&eacute;ministes (France, 1870-2010).<\/span><\/div>\n<div class=\"corpsTexte\" style=\"text-align: justify;\"><\/div>\n<div class=\"corpsTexte\" style=\"text-align: justify;\"><span style=\"font-size: small;\">notices sur les contributeurs et les contributrices<\/span><\/div>\n<div class=\"corpsTexte\" style=\"text-align: justify;\"><\/div>\n<div class=\"corpsTexte\" style=\"text-align: justify;\"><span style=\"font-size: small;\">r&eacute;sum&eacute;s des articles<\/span><\/div>\n<div class=\"corpsTexte\" style=\"text-align: justify;\"><\/div>\n<div class=\"corpsTexte\" style=\"text-align: justify;\"><span style=\"font-size: small;\">index<\/span><\/div>\n<div class=\"corpsTexte\" style=\"text-align: justify;\"><\/div>\n<div class=\"corpsTexte\" style=\"text-align: justify;\"><a href=\"https:\/\/publications.univ-st-etienne.fr\/product.php?id_produit=858\"><span style=\"font-size: small;\"><strong>Commander en ligne<\/strong><\/span><\/a><\/div>\n<div class=\"corpsTexte\" style=\"text-align: justify;\"><\/div>\n<div class=\"corpsTexte\" style=\"text-align: justify;\"><\/div><\/p>\n","protected":false},"excerpt":{"rendered":"<p>Sous la dir. de Florence ROCHEFORT &amp; &Eacute;liane VIENNOT Saint-Etienne, Publications de l&#8217;Universit&eacute;, &quot;L&#8217;&eacute;cole du genre&quot;, juin 2013, 272 p., 25 euros Qu&rsquo;on les appelle &laquo; amis des femmes &raquo;, &laquo; champions des dames &raquo;, &laquo; alli&eacute;s &raquo;, &laquo; pro-f&eacute;ministes &raquo;&hellip;, les hommes engag&eacute;s pour l&rsquo;&eacute;galit&eacute; des sexes constituent une cohorte plus ancienne, nombreuse et [&hellip;]<\/p>\n","protected":false},"author":4,"featured_media":0,"parent":2851,"menu_order":0,"comment_status":"closed","ping_status":"closed","template":"","meta":{"_acf_changed":false,"footnotes":""},"class_list":["post-3385","page","type-page","status-publish","hentry"],"translation":{"provider":"WPGlobus","version":"3.0.0","language":"gb","enabled_languages":["fr","gb"],"languages":{"fr":{"title":true,"content":true,"excerpt":false},"gb":{"title":false,"content":false,"excerpt":false}}},"acf":[],"_links":{"self":[{"href":"https:\/\/siefar.org\/gb\/wp-json\/wp\/v2\/pages\/3385","targetHints":{"allow":["GET"]}}],"collection":[{"href":"https:\/\/siefar.org\/gb\/wp-json\/wp\/v2\/pages"}],"about":[{"href":"https:\/\/siefar.org\/gb\/wp-json\/wp\/v2\/types\/page"}],"author":[{"embeddable":true,"href":"https:\/\/siefar.org\/gb\/wp-json\/wp\/v2\/users\/4"}],"replies":[{"embeddable":true,"href":"https:\/\/siefar.org\/gb\/wp-json\/wp\/v2\/comments?post=3385"}],"version-history":[{"count":0,"href":"https:\/\/siefar.org\/gb\/wp-json\/wp\/v2\/pages\/3385\/revisions"}],"up":[{"embeddable":true,"href":"https:\/\/siefar.org\/gb\/wp-json\/wp\/v2\/pages\/2851"}],"wp:attachment":[{"href":"https:\/\/siefar.org\/gb\/wp-json\/wp\/v2\/media?parent=3385"}],"curies":[{"name":"wp","href":"https:\/\/api.w.org\/{rel}","templated":true}]}}