{"id":3375,"date":"2012-12-21T23:01:07","date_gmt":"2012-12-21T23:01:07","guid":{"rendered":"http:\/\/710"},"modified":"2012-12-21T23:01:07","modified_gmt":"2012-12-21T23:01:07","slug":"autour-d-eleonore-de-roye-princesse-de-conde-etude-du-milieu-protestant-dans-les-annees-1550-1565-a-partir-de-documents-authentiques-nouvellement-edites","status":"publish","type":"page","link":"https:\/\/siefar.org\/gb\/publications-articles\/autour-d-eleonore-de-roye-princesse-de-conde-etude-du-milieu-protestant-dans-les-annees-1550-1565-a-partir-de-documents-authentiques-nouvellement-edites\/","title":{"rendered":"Autour d&#8217;\u00c9l\u00e9onore de Roye, princesse de Cond\u00e9. \u00c9tude du milieu protestant dans les ann\u00e9es 1550-1565 \u00e0 partir de documents authentiques nouvellement \u00e9dit\u00e9s"},"content":{"rendered":"<p><div class=\"corpsTexte\" style=\"text-align: justify;\"><span style=\"color: rgb(128, 0, 0);\"><strong><span style=\"font-size: small;\"><img loading=\"lazy\" decoding=\"async\" src=\"docsiefar\/image\/Winn%20-%20Eleonore%20Roye.jpg\" width=\"197\" height=\"297\" style=\"margin-right: 10px; margin-bottom: 10px;\" align=\"left\" alt=\"\" \/>&Eacute;dition par Jane COUCHMAN et Colette H. WINN,avec la collaboration de Fran&ccedil;ois ROUGET<\/span><br \/>\n<\/strong><\/span><\/div>\n<div class=\"corpsTexte\" style=\"text-align: justify;\"><strong><br type=\"_moz\" \/><br \/>\n<\/strong><\/div>\n<div class=\"corpsTexte\" style=\"text-align: justify;\"><strong><span style=\"font-size: small;\">Paris, H. Champion, d&eacute;c. 2012, 296 p., ISBN 978-2-7453-2355-2, 60 &euro;<\/span><\/strong><\/div>\n<\/p>\n<div class=\"corpsTexte\" style=\"text-align: justify;\"><span style=\"font-size: small;\"><br \/>\n<\/span><\/div>\n<div class=\"corpsTexte\" style=\"text-align: justify;\"><span style=\"font-size: small;\">&Eacute;l&eacute;onore de Roye (1535-1564) est la fille a&icirc;n&eacute;e de Charles de Roye et de Madeleine de Mailly, la petite-ni&egrave;ce d&rsquo;Anne de Montmorency, la ni&egrave;ce des c&eacute;l&egrave;bres fr&egrave;res de Ch&acirc;tillon et la femme de Louis de Bourbon, prince de Cond&eacute; et l&rsquo;un des grands chefs huguenots. Son illustre descendance est connue des sp&eacute;cialistes. Par contre, le r&ocirc;le important qu&rsquo;elle a jou&eacute; dans l&rsquo;une des plus grand es controverses religieuses de l&rsquo;histoire de France et surtout dans l&rsquo;&eacute;tablissement de l&rsquo;&Eacute;glise r&eacute;form&eacute;e en France est rest&eacute; occult&eacute;. Sont r&eacute;unis ici tous les documents concernant cette princesse afin de reconstituer l&rsquo;image fragment&eacute;e que les si&egrave;cles pr&eacute;c&eacute;dents nous ont l&eacute;gu&eacute;e d&rsquo;elle et de faire revivre les milieux qu&rsquo;elle a fr&eacute;quent&eacute;s.  <\/span><\/div>\n<div class=\"corpsTexte\" style=\"text-align: justify;\"><\/div><\/p>\n","protected":false},"excerpt":{"rendered":"<p>&Eacute;dition par Jane COUCHMAN et Colette H. WINN,avec la collaboration de Fran&ccedil;ois ROUGET Paris, H. Champion, d&eacute;c. 2012, 296 p., ISBN 978-2-7453-2355-2, 60 &euro; &Eacute;l&eacute;onore de Roye (1535-1564) est la fille a&icirc;n&eacute;e de Charles de Roye et de Madeleine de Mailly, la petite-ni&egrave;ce d&rsquo;Anne de Montmorency, la ni&egrave;ce des c&eacute;l&egrave;bres fr&egrave;res de Ch&acirc;tillon et la [&hellip;]<\/p>\n","protected":false},"author":4,"featured_media":0,"parent":2851,"menu_order":0,"comment_status":"closed","ping_status":"closed","template":"","meta":{"_acf_changed":false,"footnotes":""},"class_list":["post-3375","page","type-page","status-publish","hentry"],"translation":{"provider":"WPGlobus","version":"3.0.0","language":"gb","enabled_languages":["fr","gb"],"languages":{"fr":{"title":true,"content":true,"excerpt":false},"gb":{"title":false,"content":false,"excerpt":false}}},"acf":[],"_links":{"self":[{"href":"https:\/\/siefar.org\/gb\/wp-json\/wp\/v2\/pages\/3375","targetHints":{"allow":["GET"]}}],"collection":[{"href":"https:\/\/siefar.org\/gb\/wp-json\/wp\/v2\/pages"}],"about":[{"href":"https:\/\/siefar.org\/gb\/wp-json\/wp\/v2\/types\/page"}],"author":[{"embeddable":true,"href":"https:\/\/siefar.org\/gb\/wp-json\/wp\/v2\/users\/4"}],"replies":[{"embeddable":true,"href":"https:\/\/siefar.org\/gb\/wp-json\/wp\/v2\/comments?post=3375"}],"version-history":[{"count":0,"href":"https:\/\/siefar.org\/gb\/wp-json\/wp\/v2\/pages\/3375\/revisions"}],"up":[{"embeddable":true,"href":"https:\/\/siefar.org\/gb\/wp-json\/wp\/v2\/pages\/2851"}],"wp:attachment":[{"href":"https:\/\/siefar.org\/gb\/wp-json\/wp\/v2\/media?parent=3375"}],"curies":[{"name":"wp","href":"https:\/\/api.w.org\/{rel}","templated":true}]}}