{"id":3364,"date":"2012-07-09T17:19:03","date_gmt":"2012-07-09T17:19:03","guid":{"rendered":"http:\/\/699"},"modified":"2012-07-09T17:19:03","modified_gmt":"2012-07-09T17:19:03","slug":"femmes-rhetorique-et-eloquence-sous-l-ancien-regime","status":"publish","type":"page","link":"https:\/\/siefar.org\/gb\/publications-articles\/femmes-rhetorique-et-eloquence-sous-l-ancien-regime\/","title":{"rendered":"Femmes, rh\u00e9torique et \u00e9loquence sous l&#8217;Ancien R\u00e9gime"},"content":{"rendered":"<div class=\"corpsTexte\"><span style=\"color: rgb(128, 0, 0);\"><span style=\"font-size: small;\"><strong>Direction Claude LA CHARIT&Eacute; et Roxanne ROY<\/strong><\/span><\/span><\/div>\n<div class=\"corpsTexte\"><\/div>\n<div class=\"corpsTexte\"><span style=\"color: rgb(128, 0, 0);\"><span style=\"font-size: small;\"><strong><img loading=\"lazy\" decoding=\"async\" width=\"200\" height=\"300\" align=\"left\" alt=\"\" style=\"margin-right: 10px; margin-bottom: 10px;\" src=\"docsiefar\/image\/Couv-Rhetorique.jpg\" \/><\/strong><\/span><\/span><strong><span style=\"font-size: small;\">Saint-Etienne, Publications de l&rsquo;Universit&eacute; de Saint-Etienne, coll. &laquo;L&rsquo;&eacute;cole du genre&raquo;, 424 pages, 35 euros<\/span><\/strong><\/div>\n<div style=\"text-align: justify;\" class=\"corpsTexte\"><\/div>\n<div style=\"text-align: justify;\" class=\"corpsTexte\"><span style=\"font-size: small;\">&laquo;Vir  bonus dicendi peritus&raquo;, aurait dit Caton le Censeur: l&rsquo;homme de bien  est habile &agrave; la parole. Et la femme de bien&#8217; Et les femmes, plus  g&eacute;n&eacute;ralement, dans les soci&eacute;t&eacute;s qui leur refusent l&rsquo;&eacute;ducation&#8217; &Agrave;  premi&egrave;re vue, personne ne semble plus &eacute;tranger que les femmes d&rsquo;Ancien  R&eacute;gime &agrave; la rh&eacute;torique, cet &laquo;art de persuader par la parole&raquo; r&eacute;v&eacute;r&eacute;  depuis l&rsquo;Antiquit&eacute;. Rien ne semble davantage r&eacute;serv&eacute; aux hommes, qui  l&rsquo;apprennent dans les coll&egrave;ges, &agrave; c&ocirc;t&eacute; de la grammaire et de la logique,  avant de le mettre en pratique dans l&rsquo;enseignement sup&eacute;rieur, la  justice, le conseil&hellip;, professions exclusivement masculines. Et pourtant,  du XVIe si&egrave;cle aux Lumi&egrave;res, nombreux sont les t&eacute;moins qui insistent  sur l&rsquo;&eacute;loquence remarquable de leurs contemporaines. C&rsquo;est dire si cet  ouvrage collectif, le premier en fran&ccedil;ais &agrave; s&rsquo;int&eacute;resser &agrave; une telle  probl&eacute;matique, repose sur une gageure apparente: y aurait-il une forme  d&rsquo;&eacute;loquence f&eacute;minine &eacute;trang&egrave;re &agrave; la rh&eacute;torique? Y aurait-il une  rh&eacute;torique apprise ailleurs que sur les bancs des universit&eacute;s&#8217;<\/span><\/div>\n<div style=\"text-align: justify;\" class=\"corpsTexte\"><\/div>\n<div style=\"text-align: center;\" class=\"corpsTexte\"><strong><span style=\"font-size: small;\">Table des mati&egrave;res<\/span><\/strong><\/div>\n<div style=\"text-align: justify;\" class=\"corpsTexte\"><\/div>\n<div style=\"text-align: justify;\" class=\"corpsTexte\"><span style=\"font-size: small;\">Remerciements<\/span><\/div>\n<div style=\"text-align: justify;\" class=\"corpsTexte\"><\/div>\n<ul>\n<li><span style=\"font-size: small;\">Claude La Charit&eacute;<br \/>\n    <\/span><\/li>\n<\/ul>\n<div style=\"text-align: justify;\" class=\"corpsTexte\"><span style=\"font-size: small;\">Introduction<\/span><\/div>\n<div style=\"text-align: justify;\" class=\"corpsTexte\"><\/div>\n<ul>\n<li><span style=\"font-size: small;\">Diane Desrosiers<br \/>\n    <\/span><\/li>\n<\/ul>\n<div style=\"text-align: justify;\" class=\"corpsTexte\"><span style=\"font-size: small;\">Femmes et rh&eacute;torique. &Eacute;tat pr&eacute;sent de la recherche<\/span><\/div>\n<div style=\"text-align: justify;\" class=\"corpsTexte\"><\/div>\n<div style=\"text-align: justify;\" class=\"corpsTexte\"><\/div>\n<div style=\"text-align: justify;\" class=\"corpsTexte\"><strong><span style=\"font-size: small;\">I. P&eacute;dagogie, th&eacute;orie et mod&egrave;les rh&eacute;toriques<\/span><\/strong><\/div>\n<div style=\"text-align: justify;\" class=\"corpsTexte\"><\/div>\n<ul>\n<li><span style=\"font-size: small;\">Tristan Vigliano<\/span><\/li>\n<\/ul>\n<div style=\"text-align: justify;\" class=\"corpsTexte\"><span style=\"font-size: small;\">Grobianus et Grobiana: comment les femmes parlent, comment on parle aux femmes dans une contre-civilit&eacute; humaniste<\/span><\/div>\n<div style=\"text-align: justify;\" class=\"corpsTexte\"><\/div>\n<ul>\n<li><span style=\"font-size: small;\">Isabelle Krier<\/span><\/li>\n<\/ul>\n<div style=\"text-align: justify;\" class=\"corpsTexte\"><span style=\"font-size: small;\">Critique sceptique de la rh&eacute;torique adress&eacute;e aux dames par Montaigne<\/span><\/div>\n<div style=\"text-align: justify;\" class=\"corpsTexte\"><\/div>\n<ul>\n<li><span style=\"font-size: small;\">Guy Poirier<\/span><\/li>\n<\/ul>\n<div style=\"text-align: justify;\" class=\"corpsTexte\"><span style=\"font-size: small;\">L&rsquo;&OElig;conomie spirituelle et temporelle d&rsquo;une reine de France; Louise de Lorraine, &eacute;pouse d&rsquo;Henri III<\/span><\/div>\n<div style=\"text-align: justify;\" class=\"corpsTexte\"><\/div>\n<ul>\n<li><span style=\"font-size: small;\">Claude La Charit&eacute;<\/span><\/li>\n<\/ul>\n<div style=\"text-align: justify;\" class=\"corpsTexte\"><span style=\"font-size: small;\">Les femmes et la th&eacute;orie &eacute;pistolaire &agrave; la Renaissance<\/span><\/div>\n<div style=\"text-align: justify;\" class=\"corpsTexte\"><\/div>\n<ul>\n<li><span style=\"font-size: small;\">Ren&eacute;e-Claude Breitenstein<br \/>\n    <\/span><\/li>\n<\/ul>\n<div style=\"text-align: justify;\" class=\"corpsTexte\"><span style=\"font-size: small;\">C&eacute;l&eacute;brer  les femmes et parler de soi: le travail de la disposition dans trois  &eacute;loges collectifs de la premi&egrave;re moiti&eacute; du XVIe si&egrave;cle<\/span><\/div>\n<div style=\"text-align: justify;\" class=\"corpsTexte\"><\/div>\n<ul>\n<li><span style=\"font-size: small;\">Cinthia Meli<\/span><\/li>\n<\/ul>\n<div style=\"text-align: justify;\" class=\"corpsTexte\"><span style=\"font-size: small;\">Un bien dire &agrave; l&rsquo;usage des bourgeoises: les Nouvelles Observations sur la langue fran&ccedil;oise (1668) de Marguerite Buffet<\/span><\/div>\n<div style=\"text-align: justify;\" class=\"corpsTexte\"><\/div>\n<ul>\n<li><span style=\"font-size: small;\">Myriam Dufour-Ma&icirc;tre<\/span><\/li>\n<\/ul>\n<p class=\"spip\"><span style=\"font-size: small;\">H&eacute;ro&iuml;nes de Corneille: des mod&egrave;les rh&eacute;toriques f&eacute;minins&#8217;<\/span><\/p>\n<ul>\n<li><span style=\"font-size: small;\">J&uuml;rgen Siess<\/span><\/li>\n<\/ul>\n<p class=\"spip\"><span style=\"font-size: small;\">Cadre normatif et diff&eacute;rence des sexes: lettres de femmes du XVIIIe si&egrave;cle<\/span><\/p>\n<ul>\n<li><span style=\"font-size: small;\">Marc Andr&eacute; Bernier<\/span><\/li>\n<\/ul>\n<p class=\"spip\"><span style=\"font-size: small;\">Ad majorem feminarum  gloriam. L&rsquo;Essai de rh&eacute;torique &agrave; l&rsquo;usage des jeunes demoiselles (1745)  de Gabriel-Henri Gaillard et la tradition j&eacute;suite<\/span><\/p>\n<p class=\"spip\">\n<p class=\"spip\"><strong><span style=\"font-size: small;\">2. &Eacute;loquence et pratiques &eacute;pistolaires<\/span><\/strong><\/p>\n<ul>\n<li><span style=\"font-size: small;\">Marilyne Audet<\/span><\/li>\n<\/ul>\n<p class=\"spip\"><span style=\"font-size: small;\">Marguerite de Navarre &eacute;pistoli&egrave;re et l&rsquo;abolition de la subjectivit&eacute; dans la lettre de confession<\/span><\/p>\n<ul>\n<li><span style=\"font-size: small;\">Marie-Fran&ccedil;oise Pi&eacute;jus<\/span><\/li>\n<\/ul>\n<p class=\"spip\"><span style=\"font-size: small;\">De l&rsquo;&eacute;criture priv&eacute;e &agrave; l&rsquo;&eacute;criture publique: les recueils de lettres de femmes en Italie au XVIe si&egrave;cle<\/span><\/p>\n<ul>\n<li><span style=\"font-size: small;\">Jane Couchman<\/span><\/li>\n<\/ul>\n<p class=\"spip\"><span style=\"font-size: small;\">La rh&eacute;torique &eacute;pistolaire chez Catherine de Bourbon (1559-1604): ethos et pathos<\/span><\/p>\n<ul>\n<li><span style=\"font-size: small;\">Chlo&eacute; Pardanaud-Landriot<\/span><\/li>\n<\/ul>\n<p class=\"spip\"><span style=\"font-size: small;\">De l&rsquo;emphase &agrave; la  plaisanterie: l&rsquo;elocutio dans les lettres famili&egrave;res des rois et reines  de France de la seconde moiti&eacute; du XVIe si&egrave;cle<\/span><\/p>\n<ul>\n<li><span style=\"font-size: small;\">Eug&eacute;nie Pascal<\/span><\/li>\n<\/ul>\n<p class=\"spip\"><span style=\"font-size: small;\">L&rsquo;art du discours dans les lettres de princesses (1570-1630)<\/span><\/p>\n<ul>\n<li><span style=\"font-size: small;\">Sophie Tonolo<\/span><\/li>\n<\/ul>\n<p class=\"spip\"><span style=\"font-size: small;\">Rh&eacute;torique du c&oelig;ur et &eacute;criture intime. L&rsquo;art &eacute;pistolaire d&rsquo;Antoinette Deshouli&egrave;res<\/span><\/p>\n<ul>\n<li><span style=\"font-size: small;\">Nathalie Freidel<\/span><\/li>\n<\/ul>\n<p class=\"spip\"><span style=\"font-size: small;\">&laquo;Est-il possible, ma  ch&egrave;re fille, que j&rsquo;&eacute;crive bien&#8217;&raquo; Pr&eacute;sence et absence de la rh&eacute;torique  dans la Correspondance de Mmede S&eacute;vign&eacute;<\/span><\/p>\n<ul>\n<li><span style=\"font-size: small;\">Catherine Cessac<\/span><\/li>\n<\/ul>\n<p class=\"spip\"><span style=\"font-size: small;\">La correspondance de  Louise-B&eacute;n&eacute;dicte de Bourbon, duchesse du Maine, et d&rsquo;Antoine Houdar de  La Motte (1726): la s&eacute;duction du nom<\/span><\/p>\n<ul>\n<li><span style=\"font-size: small;\">M&eacute;linda Caron<\/span><\/li>\n<\/ul>\n<p class=\"spip\"><span style=\"font-size: small;\">Des lettres de la &laquo;belle dame&raquo; aux critiques de &laquo;Mme***&raquo;. Correspondance et sociabilit&eacute; chez Louise d&rsquo;&Eacute;pinay<\/span><\/p>\n<ul>\n<li><span style=\"font-size: small;\">Constance Cartmill<\/span><\/li>\n<\/ul>\n<p class=\"spip\"><span style=\"font-size: small;\">La rh&eacute;torique de la r&eacute;ticence, ou l&rsquo;&ecirc;tre d&eacute;chir&eacute; dans les Lettres d&rsquo;amour de Madame Roland (1777-1780)<\/span><\/p>\n<p class=\"spip\">\n<p class=\"spip\"><strong><span style=\"font-size: small;\">3. Pratiques rh&eacute;toriques, sociabilit&eacute; et politique<\/span><\/strong><\/p>\n<ul>\n<li><span style=\"font-size: small;\">Jean-Philippe Beaulieu<\/span><\/li>\n<\/ul>\n<p class=\"spip\"><span style=\"font-size: small;\">De la langue pestif&egrave;re &agrave; la langue diserte: d&eacute;traction et autod&eacute;fense chez H&eacute;lisenne de Crenne<\/span><\/p>\n<ul>\n<li><span style=\"font-size: small;\">Margarete Zimmermann<\/span><\/li>\n<\/ul>\n<p class=\"spip\"><span style=\"font-size: small;\">&Eacute;cho(s) de la guerre et de la paix dans L&rsquo;Album de po&eacute;sies de Catherine de Clermont, mar&eacute;chale de Retz<\/span><\/p>\n<ul>\n<li><span style=\"font-size: small;\">Marie-Ange Croft<\/span><\/li>\n<\/ul>\n<p class=\"spip\"><span style=\"font-size: small;\">Marie de Romieu, de la controverse &agrave; la &laquo;suasoire&raquo;<\/span><\/p>\n<ul>\n<li><span style=\"font-size: small;\">Gilbert Schrenck<\/span><\/li>\n<\/ul>\n<p class=\"spip\"><span style=\"font-size: small;\">Rh&eacute;torique de l&rsquo;affliction: Catherine de Bourbon, Agrippa d&rsquo;Aubign&eacute; et la Conf&eacute;rence de Nancy (1600)<\/span><\/p>\n<ul>\n<li><span style=\"font-size: small;\">Mich&egrave;le Bretz<\/span><\/li>\n<\/ul>\n<p class=\"spip\"><span style=\"font-size: small;\">Une rh&eacute;torique de combat: la m&egrave;re Ang&eacute;liquede Saint-Jean d&rsquo;Andilly ou la d&eacute;fense des valeurs augustiniennes<\/span><\/p>\n<ul>\n<li><span style=\"font-size: small;\">Roxanne Roy<\/span><\/li>\n<\/ul>\n<p class=\"spip\"><span style=\"font-size: small;\">Il &eacute;tait une fois la col&egrave;re&hellip; Topique de la col&egrave;re d&rsquo;apr&egrave;s les contes de Mmed&rsquo;Aulnoy<\/span><\/p>\n<ul>\n<li><span style=\"font-size: small;\">Stephanie Bung<\/span><\/li>\n<\/ul>\n<p class=\"spip\"><span style=\"font-size: small;\">Topiques de la voix. Conversation vs &eacute;loquence dans les salons de l&rsquo;Ancien R&eacute;gime<\/span><\/p>\n<ul>\n<li><span style=\"font-size: small;\">&Eacute;liane Viennot<\/span><\/li>\n<\/ul>\n<p class=\"spip\"><span style=\"font-size: small;\">En parler ou pas&#8217; La loi salique dans les discours politiques f&eacute;minins au XVIIe si&egrave;cle<\/span><\/p>\n<ul>\n<li><span style=\"font-size: small;\">Madeleine van Strien-Chardonneau<\/span><\/li>\n<\/ul>\n<p class=\"spip\"><span style=\"font-size: small;\">Politique et rh&eacute;torique. Les Observations et conjectures politiques (1787-1788) d&rsquo;Isabelle de Charri&egrave;re<\/span><\/p>\n<p class=\"spip\">\n<p class=\"spip\"><span style=\"font-size: small;\">Notices sur les contributeurs et les contributrices<\/span><\/p>\n<p class=\"spip\"><span style=\"font-size: small;\">R&eacute;sum&eacute;s des articles<\/span><\/p>\n<p class=\"spip\"><span style=\"font-size: small;\">Bibliographie<\/span><\/p>\n<p class=\"spip\"><span style=\"font-size: small;\">Index des noms propres<\/span><\/p>\n<p class=\"spip\"><span style=\"font-size: small;\"><a href=\"https:\/\/publications.univ-st-etienne.fr\/category.php?id_collection=47#pid_474\">Acheter en ligne<\/a><\/span><\/p>\n","protected":false},"excerpt":{"rendered":"<p>Direction Claude LA CHARIT&Eacute; et Roxanne ROY Saint-Etienne, Publications de l&rsquo;Universit&eacute; de Saint-Etienne, coll. &laquo;L&rsquo;&eacute;cole du genre&raquo;, 424 pages, 35 euros &laquo;Vir bonus dicendi peritus&raquo;, aurait dit Caton le Censeur: l&rsquo;homme de bien est habile &agrave; la parole. Et la femme de bien&#8217; Et les femmes, plus g&eacute;n&eacute;ralement, dans les soci&eacute;t&eacute;s qui leur refusent l&rsquo;&eacute;ducation&#8217; [&hellip;]<\/p>\n","protected":false},"author":4,"featured_media":0,"parent":2851,"menu_order":0,"comment_status":"closed","ping_status":"closed","template":"","meta":{"_acf_changed":false,"footnotes":""},"class_list":["post-3364","page","type-page","status-publish","hentry"],"translation":{"provider":"WPGlobus","version":"3.0.0","language":"gb","enabled_languages":["fr","gb"],"languages":{"fr":{"title":true,"content":true,"excerpt":false},"gb":{"title":false,"content":false,"excerpt":false}}},"acf":[],"_links":{"self":[{"href":"https:\/\/siefar.org\/gb\/wp-json\/wp\/v2\/pages\/3364","targetHints":{"allow":["GET"]}}],"collection":[{"href":"https:\/\/siefar.org\/gb\/wp-json\/wp\/v2\/pages"}],"about":[{"href":"https:\/\/siefar.org\/gb\/wp-json\/wp\/v2\/types\/page"}],"author":[{"embeddable":true,"href":"https:\/\/siefar.org\/gb\/wp-json\/wp\/v2\/users\/4"}],"replies":[{"embeddable":true,"href":"https:\/\/siefar.org\/gb\/wp-json\/wp\/v2\/comments?post=3364"}],"version-history":[{"count":0,"href":"https:\/\/siefar.org\/gb\/wp-json\/wp\/v2\/pages\/3364\/revisions"}],"up":[{"embeddable":true,"href":"https:\/\/siefar.org\/gb\/wp-json\/wp\/v2\/pages\/2851"}],"wp:attachment":[{"href":"https:\/\/siefar.org\/gb\/wp-json\/wp\/v2\/media?parent=3364"}],"curies":[{"name":"wp","href":"https:\/\/api.w.org\/{rel}","templated":true}]}}