{"id":3362,"date":"2012-07-02T16:11:21","date_gmt":"2012-07-02T16:11:21","guid":{"rendered":"http:\/\/697"},"modified":"2012-07-02T16:11:21","modified_gmt":"2012-07-02T16:11:21","slug":"les-mots-de-a-a-z-lettre-o","status":"publish","type":"page","link":"https:\/\/siefar.org\/gb\/la-guerre-des-mots-dictionnaire\/les-mots-de-a-a-z-lettre-o\/","title":{"rendered":"Les mots de A \u00e0 Z &#8211; lettre O"},"content":{"rendered":"<ul>\n<li style=\"text-align: justify;\"><span style=\"font-size: 12pt;\"><strong>Offici\u00e8re<\/strong><\/span><\/li>\n<\/ul>\n<p>&#8211; <strong>1695<\/strong> : <span style=\"font-size: 12pt;\">\u00ab<\/span>Cependant la nouvelle <strong>offici\u00e8re<\/strong> des princesses fit cent tours dans le ch\u00e2teau, sous pr\u00e9texte de leur service, mais en effet pour observer la disposition du dedans<span style=\"font-size: 12pt;\">\u00bb<br \/>\n<\/span>Marie-Jeanne L&#8217;h\u00e9ritier,<em> Oeuvres diverses<\/em>, &#8220;L&#8217;adroite Princesse ou les aventures de Finette&#8221;.<\/p>\n<p style=\"text-align: justify;\"><span style=\"font-size: 12pt;\">&#8211;\u00a0<strong>1759 : <\/strong>\u00abApr\u00e8s quoi les grands officiers et les grandes <strong>offici\u00e8res <\/strong>de la couronne les men\u00e8rent \u00e0 l&#8217;appartement de Sa Majest\u00e9 au milieu de deux files, chacune de mille musiciens selon l&#8217;usage ordinaire\u00bb<\/span><br \/>\n<span style=\"font-size: 12pt;\"> Voltaire, <em>Candide<\/em>, ch.18.<\/span><\/p>\n<p style=\"text-align: justify;\"><span style=\"font-size: 12pt;\">&#8211;\u00a0<strong>Epoque r\u00e9volutionnaire : <\/strong>\u00abLes \u201c<strong>offici\u00e8res<\/strong>\u201d <em>(de la Salp\u00eatri\u00e8re)<\/em> \u00e9taient abonn\u00e9es au journal <em>L\u2019Ami du Roy<\/em> [\u00e9t\u00e9 1790-octobre 1792], allaient \u00e0 la messe des pr\u00eatres r\u00e9fractaires, tenaient des propos inciviques, bl\u00e2maient les patriotes.\u00bb <\/span><br \/>\n<span style=\"font-size: 12pt;\"> Dominique Godineau, <em>Citoyennes tricotteuses. Les femmes du peuple \u00e0 Paris pendant la R\u00e9volution fran\u00e7aise<\/em>, Aix-en-Provence, Alin\u00e9a, 1988, p.251.<\/span><\/p>\n<p style=\"text-align: justify;\">&#8211;\u00a0 <strong>1850<\/strong> : \u00ab\u00a0<strong>Offici\u00e8re\u00a0<\/strong>: s.f. 1. Celle qui a un office dans une congr\u00e9gation de filles. [\u2026] 2. Voltaire l\u2019a dit, dans un conte, de femmes qui remplissaient les diff\u00e9rentes charges de la maison d\u2019une reine. Apr\u00e8s quoi, les grands officiers et les grandes <strong>offici\u00e8res<\/strong> de la couronne les men\u00e8rent \u00e0 l\u2019appartement de Sa Majest\u00e9 au milieu de deux filles, chacune de mille musiciens selon l\u2019usage ordinaire. Voltaire, <em>Candide<\/em>, 18\u00a0<span style=\"font-size: 12pt;\">\u00bb\u00a0<\/span><br \/>\nLittr\u00e9, <em>Dictionnaire<\/em>, entr\u00e9e propre.<\/p>\n<p style=\"text-align: justify;\"><span style=\"font-size: 12pt;\"><strong>&#8211; 1896<\/strong><b>:<\/b>\u00abC\u2019est en 1887 que Mme Furtado-Heine a \u00e9t\u00e9 d\u00e9cor\u00e9e de la L\u00e9gion d\u2019honneur. \u00c0 cette date-l\u00e0, la L\u00e9gion ne comptait ou n\u2019avait compt\u00e9 que tr\u00e8s peu de chevali\u00e8res en dehors des religieuses. Les plus marquantes avaient \u00e9t\u00e9 la veuve Brulon, qui, sous un d\u00e9guisement masculin, avaient \u00e9t\u00e9 sous-lieutenant d\u2019infanterie et d\u00e9cor\u00e9e en 1815 ; Augustine Drevon, cantini\u00e8re \u00e0 Magenta ; Mlle Dodu <em>(Juliette)<\/em> ; Mme Jarrethout, Mme Marcel Dieulafoy et Rosa Bonheur. Mlle Rosa Bonheur reste aujourd\u2019hui la seule <strong style=\"font-size: small;\">offici\u00e8re<\/strong>. Une autre l\u00e9gionnaire, Mme Rosalie Cahen, est chevali\u00e8re pour services rendus comme ambulanci\u00e8re en 1871.<br \/>\n<em>Le Gaulois<\/em>, samedi 12 d\u00e9cembre 1896 (\u00abLes femmes d\u00e9cor\u00e9es.\u00bb)<\/span><\/p>\n<p style=\"text-align: justify;\"><span style=\"font-size: 12pt;\"><strong>&#8211; 1971 :<\/strong>\u00abOutre la M\u00e8re Marie Joubert, prieure pour la premi\u00e8re fois, la sous-prieure, M\u00e8re Charlotte Renard, semble avoir \u00e9t\u00e9 aussi une nouvelle venue dans la direction du monast\u00e8re; son nom ne se rencontre pas auparavant parmi les <strong>offici\u00e8res <\/strong>du couvent.\u00bb<\/span><br style=\"font-size: small;\" \/><br \/>\n<br \/>\n<span style=\"font-size: 12pt;\">Dom Oury, <em>Marie de l\u2019Incarnation, Correspondance<\/em>, Solesmes, Abbaye Saint-Pierre de Solesmes, 1971, p..872 n.(2).<\/span><\/p>\n<hr \/>\n<ul style=\"text-align: justify;\">\n<li><span style=\"font-size: 12pt;\"><strong><a id=\"orfevresse\"><\/a>Orfevresse, orfavresse, orphaveresse<\/strong><\/span><\/li>\n<\/ul>\n<p style=\"text-align: justify;\"><strong><span style=\"font-size: 12pt;\">&#8211; 1298 : \u00ab\u00a0<\/span><\/strong>Il est vrai qu&#8217;en 1298, la comtesse Mahaut acheta \u00e0 Arras, de &#8220;Jehanne <strong>l&#8217;orfavresse<\/strong>&#8220;, &#8220;un trechoir et un chapelet&#8221;, c&#8217;est-\u00e0-dire deux cercles de t\u00e8te, \u00e0 \u00e9maux d&#8217;or \u00bb <span style=\"font-size: 12pt;\">.<br \/>\n<\/span>Cit\u00e9 par Camille Enlart, <strong><span style=\"font-size: 12pt;\">\u00ab\u00a0<\/span><\/strong>L&#8217;Emaillerie cloisonn\u00e9e \u00e0 Paris sous Philippe le Bel et le ma\u00eetre Guillaume Julien \u00bb, in <em>Monuments et m\u00e9moires de la Fondation Eug\u00e8ne Piot,<\/em> tome 29, fascicule 1, 1927. pp. 1-98, et tir\u00e9 d&#8217;apr\u00e8s l&#8217;\u00e9tude ancienne de Jules-Marie Richard, <em>Une petite-ni\u00e8ce de Saint Louis, Mahaut, comtesse d&#8217;Artois et de Bourgogne : \u00e9tude sur la vie priv\u00e9e, les arts et l&#8217;industrie, en Artois et \u00e0 Paris au commencement du xive si\u00e8cle<\/em>, Champion, 1887.<\/p>\n<p style=\"text-align: justify;\"><span style=\"font-size: 12pt;\"><strong>&#8211; 1384\u00a0:\u00a0<\/strong>\u00ab\u00a0premiers que il ne soit orphevres ne <strong>orphaveresses<\/strong> quelz que ilz soient, qui doresenavant, oevre en le justice de Tournay de nuyt\u00bb.<br \/>\n<\/span>Ordonnance du 29 novembre 1384, Archives Municipales Tournai,<em> Registre de la Vinnerie, draperie etc<\/em>, 1384, folio 8.<\/p>\n<p style=\"text-align: justify;\">&#8211; <strong>1579-1580<\/strong> :\u00a0\u00ab\u00a0Et fut descouvert, en lui faisant son proc\u00e8s, que la plus grande part des escus par lui derobb\u00e9s avoient est\u00e9 emploi\u00e9s en robbes, bagues et collations, qu&#8217;il avoit donn\u00e9es \u00e0 une jeune <strong>orfebvresse<\/strong> avec laquelle il paillardoit.<span style=\"font-size: 12pt;\">\u00bb.<br \/>\n<\/span>Pierre de L&#8217;Estoile, <em>Registre-Journal du r\u00e8gne de Henri III,<\/em> Tome III (1579-1580), \u00e9dition de Madeleine Lazard et Gilbert Schrenck, Gen\u00e8ve, Droz, 1997, p. 106.<\/p>\n<p style=\"text-align: justify;\">&#8211; <strong>1606<\/strong> : \u00ab\u00a0<strong>Orfevresse<\/strong>: La femme d&#8217;un orfevre, et toute femme ouvrant d&#8217;orfavrerie\u00bb. <span style=\"font-size: 12pt;\"><br \/>\n<\/span>Jean Nicot, <em>Le Thresor de la langue francoyse<\/em>.<\/p>\n<hr \/>\n<ul>\n<li style=\"text-align: justify;\"><strong><span style=\"font-size: 12pt;\"><a id=\"outsideresse\"><\/a>Outsideresse<\/span><\/strong><\/li>\n<\/ul>\n<p><span style=\"font-size: 12pt;\">&#8211; <strong>1903<\/strong> : <\/span>\u00ab\u00a0Songez qu&#8217;elles seront plus de deux mille cinq cents, plus de deux mille cinq cents, demain, \u00e0 filer d&#8217;un pas all\u00e8gre vers Nanterre.\u00a0[&#8230;]<em>\u00a0<\/em>Les unes s&#8217;entra\u00eenent, les autres point [&#8230;]\u00a0Il y a des favorites, des\u00a0<b>outsideresses<\/b><i>.<\/i>\u00bb [ \u00e0 propos de la \u00abcourse des midinettes\u00bb (ouvri\u00e8res de la couture parisiennes) organis\u00e9e par\u00a0<i>Le Monde sportif\u00a0<\/i>le 26 octobre 1903.]<span style=\"font-size: 12pt;\"><br \/>\n<\/span>\u00abLes midinettes font du sport\u00bb, <i>La Libert\u00e9,<\/i> 25 octobre 1903.<\/p>\n<p style=\"text-align: justify;\"><span style=\"font-size: 12pt;\">\u00a0<\/span><\/p>\n<p style=\"text-align: justify;\"><span style=\"font-size: 12pt;\">\u00a0<\/span><\/p>\n","protected":false},"excerpt":{"rendered":"<p>Offici\u00e8re &#8211; 1695 : \u00abCependant la nouvelle offici\u00e8re des princesses fit cent tours dans le ch\u00e2teau, sous pr\u00e9texte de leur service, mais en effet pour observer la disposition du dedans\u00bb Marie-Jeanne L&#8217;h\u00e9ritier, Oeuvres diverses, &#8220;L&#8217;adroite Princesse ou les aventures de Finette&#8221;. &#8211;\u00a01759 : \u00abApr\u00e8s quoi les grands officiers et les grandes offici\u00e8res de la couronne [&hellip;]<\/p>\n","protected":false},"author":4,"featured_media":0,"parent":2804,"menu_order":0,"comment_status":"closed","ping_status":"closed","template":"","meta":{"_acf_changed":false,"footnotes":""},"class_list":["post-3362","page","type-page","status-publish","hentry"],"translation":{"provider":"WPGlobus","version":"3.0.0","language":"gb","enabled_languages":["fr","gb"],"languages":{"fr":{"title":true,"content":true,"excerpt":false},"gb":{"title":false,"content":false,"excerpt":false}}},"acf":[],"_links":{"self":[{"href":"https:\/\/siefar.org\/gb\/wp-json\/wp\/v2\/pages\/3362","targetHints":{"allow":["GET"]}}],"collection":[{"href":"https:\/\/siefar.org\/gb\/wp-json\/wp\/v2\/pages"}],"about":[{"href":"https:\/\/siefar.org\/gb\/wp-json\/wp\/v2\/types\/page"}],"author":[{"embeddable":true,"href":"https:\/\/siefar.org\/gb\/wp-json\/wp\/v2\/users\/4"}],"replies":[{"embeddable":true,"href":"https:\/\/siefar.org\/gb\/wp-json\/wp\/v2\/comments?post=3362"}],"version-history":[{"count":0,"href":"https:\/\/siefar.org\/gb\/wp-json\/wp\/v2\/pages\/3362\/revisions"}],"up":[{"embeddable":true,"href":"https:\/\/siefar.org\/gb\/wp-json\/wp\/v2\/pages\/2804"}],"wp:attachment":[{"href":"https:\/\/siefar.org\/gb\/wp-json\/wp\/v2\/media?parent=3362"}],"curies":[{"name":"wp","href":"https:\/\/api.w.org\/{rel}","templated":true}]}}