{"id":3359,"date":"2012-06-04T18:42:24","date_gmt":"2012-06-04T18:42:24","guid":{"rendered":"http:\/\/694"},"modified":"2012-06-04T18:42:24","modified_gmt":"2012-06-04T18:42:24","slug":"le-mecenat-feminin-en-france-et-en-bourgogne-xiv-xvie-siecles","status":"publish","type":"page","link":"https:\/\/siefar.org\/gb\/publications-articles\/le-mecenat-feminin-en-france-et-en-bourgogne-xiv-xvie-siecles\/","title":{"rendered":"Le M\u00e9c\u00e9nat f\u00e9minin en France et en Bourgogne, XIV-XVIe si\u00e8cles"},"content":{"rendered":"<div class=\"corpsTexte\" style=\"text-align: justify;\"><\/div>\n<p><span style=\"font-size: small; \"><\/p>\n<div class=\"corpsTexte\" style=\"text-align: justify;\"><span style=\"color: rgb(128, 0, 0); \"><strong><img loading=\"lazy\" decoding=\"async\" width=\"150\" height=\"231\" align=\"left\" src=\"docsiefar\/image\/Lestrange-2.png\" style=\"margin-right: 10px; margin-bottom: 10px;\" alt=\"\" \/>Elizabeth L&#8217;ESTRANGE &amp; Laure Fagnart<\/strong><\/span><\/div>\n<p><\/span><\/p>\n<div class=\"corpsTexte\" style=\"text-align: justify;\"><span style=\"font-size: small; \"><\/span><\/div>\n<div class=\"corpsTexte\" style=\"text-align: justify;\"><span style=\"font-size: small; \"><strong>Special issue of the peer?reviewed journal <em>Le Moyen &Acirc;ge<\/em>, 117 (2011)<\/strong>  with contributions from Kathleen Wilson-Chevalier, Solveig Bourocher,  M&eacute;lanie Lebeaux, Ghislain Trani&eacute;, Tracy Adams, Olga Karaskova, and Ewa  Kociszewska<\/span><\/div>\n<div class=\"corpsTexte\" style=\"text-align: justify;\"><span style=\"font-size: small; \"><\/span><\/div>\n<div class=\"corpsTexte\" style=\"text-align: justify;\"><span style=\"font-size: small; \">Le  r&ocirc;le jou&eacute; par les femmes de pouvoir au Moyen &Acirc;ge et au tout d&eacute;but de la  Renaissance dans la commande d&rsquo;oeuvres artistiques et culturelles  constitue un champ de recherche de plus en plus prolifique. La pr&eacute;sente  collection d&rsquo;articles, suscit&eacute;e par une journ&eacute;e d&rsquo;&eacute;tudes intitul&eacute;e <em>Le m&eacute;c&eacute;nat f&eacute;minin en France et en Bourgogne (XVe-XVIe). Nouvelles perspectives,<\/em>  qui a eu lieu &agrave; l&rsquo;Universit&eacute; de Li&egrave;ge en 2010, illustre l&rsquo;importance  des femmes m&eacute;c&egrave;nes, en France et en Bourgogne, dans les domaines de  l&rsquo;architecture, de l&rsquo;orf&egrave;vrerie, des manuscrits enlumin&eacute;s, de la  peinture et de la sculpture, ainsi que dans la traduction et dans  l&rsquo;organisation des c&eacute;r&eacute;monials. Dans leurs fonctions respectives, celles  de reine, reine m&egrave;re, duchesse, r&eacute;gente, dame d&rsquo;honneur, les femmes  font usage des oeuvres d&rsquo;art et des rites pour promouvoir leurs int&eacute;r&ecirc;ts  personnels et dynastiques, confront&eacute;es qu&rsquo;elles sont aux diffi cult&eacute;s  li&eacute;es &agrave; leur sexe et &agrave; leur statut de femme de pouvoir, ou &agrave; des diffi  cult&eacute;s telles que les rivalit&eacute;s, la guerre, ou la folie. M&ecirc;me s&rsquo;il est  clair que les cours fran&ccedil;aise et bourguignonne constituent l&rsquo;espace le  plus favorable &agrave; l&rsquo;effl orescence du m&eacute;c&eacute;nat f&eacute;minin, cette collection  d&eacute;montre toutefois l&rsquo;existence d&rsquo;un m&ecirc;me ph&eacute;nom&egrave;ne, important, en dehors  des sph&egrave;res royales.<\/span><\/div>\n<div class=\"corpsTexte\" style=\"text-align: justify;\"><span style=\"font-size: small; \"><br type=\"_moz\" \/><br \/>\n<\/span><\/div>\n<div class=\"corpsTexte\" style=\"text-align: center; \"><span style=\"font-size: small; \"><strong>TABLE DES MATIERES<\/strong><\/span><\/div>\n<div class=\"corpsTexte\" style=\"text-align: center; \"><span style=\"font-size: small; \"><br type=\"_moz\" \/><br \/>\n<\/span><\/div>\n<div class=\"corpsTexte\" style=\"text-align: justify; \">\n<div class=\"corpsTexte\"><span style=\"font-size: small; \">E. L&rsquo;ESTRANGE, Introduction.<\/span><\/div>\n<div class=\"corpsTexte\"><span style=\"font-size: small; \">T. ADAMS, Isabeau de Bavi&egrave;re, le don et la politique de m&eacute;c&eacute;nat.<\/span><\/div>\n<div class=\"corpsTexte\"><span style=\"font-size: small; \">S. BOUROCHER, La reine Marie d&rsquo;Anjou : commanditaire des travaux r&eacute;alis&eacute;s au ch&acirc;teau de Chinon au milieu du xve si&egrave;cle ?<\/span><\/div>\n<div class=\"corpsTexte\"><span style=\"font-size: small; \">O. KARASKOVA, Le m&eacute;c&eacute;nat de Marie de Bourgogne : entre d&eacute;votion priv&eacute;e et n&eacute;cessit&eacute; politique.<\/span><\/div>\n<div class=\"corpsTexte\"><span style=\"font-size: small; \">G. TRANI&Eacute;, Un exemple d&rsquo;articulation du f&eacute;minin et du masculin &agrave; travers le m&eacute;c&eacute;nat. Les pratiques de Philippe de Gueldre (1467&ndash;1547) et d&rsquo;Antoine de Lorraine (1489&ndash;1544).<\/span><\/div>\n<div class=\"corpsTexte\"><span style=\"font-size: small; \">M. LEBEAUX, Jacquette de Montbron, femme architecte de la Renaissance entre Angoumois et P&eacute;rigord.<\/span><\/div>\n<div class=\"corpsTexte\"><span style=\"font-size: small; \">E. KOCISZEWSKA, La Pologne, un don maternel de Catherine de M&eacute;dicis ? La c&eacute;r&eacute;monie de la remise du Decretum electionis &agrave; Henri de Valois.<\/span><\/div>\n<div class=\"corpsTexte\"><span style=\"font-size: small; \">K. WILSON-CHEVALIER, Patronnes et m&eacute;c&egrave;nes au c&oelig;ur de la Renaissance fran&ccedil;aise.<\/span><\/div>\n<\/div>\n<p style=\"text-align: justify;\"><span style=\"font-size: small;\"><br \/>\n<\/span><\/p>\n","protected":false},"excerpt":{"rendered":"<p>Elizabeth L&#8217;ESTRANGE &amp; Laure Fagnart Special issue of the peer?reviewed journal Le Moyen &Acirc;ge, 117 (2011) with contributions from Kathleen Wilson-Chevalier, Solveig Bourocher, M&eacute;lanie Lebeaux, Ghislain Trani&eacute;, Tracy Adams, Olga Karaskova, and Ewa Kociszewska Le r&ocirc;le jou&eacute; par les femmes de pouvoir au Moyen &Acirc;ge et au tout d&eacute;but de la Renaissance dans la commande [&hellip;]<\/p>\n","protected":false},"author":4,"featured_media":0,"parent":2851,"menu_order":0,"comment_status":"closed","ping_status":"closed","template":"","meta":{"_acf_changed":false,"footnotes":""},"class_list":["post-3359","page","type-page","status-publish","hentry"],"translation":{"provider":"WPGlobus","version":"3.0.0","language":"gb","enabled_languages":["fr","gb"],"languages":{"fr":{"title":true,"content":true,"excerpt":false},"gb":{"title":false,"content":false,"excerpt":false}}},"acf":[],"_links":{"self":[{"href":"https:\/\/siefar.org\/gb\/wp-json\/wp\/v2\/pages\/3359","targetHints":{"allow":["GET"]}}],"collection":[{"href":"https:\/\/siefar.org\/gb\/wp-json\/wp\/v2\/pages"}],"about":[{"href":"https:\/\/siefar.org\/gb\/wp-json\/wp\/v2\/types\/page"}],"author":[{"embeddable":true,"href":"https:\/\/siefar.org\/gb\/wp-json\/wp\/v2\/users\/4"}],"replies":[{"embeddable":true,"href":"https:\/\/siefar.org\/gb\/wp-json\/wp\/v2\/comments?post=3359"}],"version-history":[{"count":0,"href":"https:\/\/siefar.org\/gb\/wp-json\/wp\/v2\/pages\/3359\/revisions"}],"up":[{"embeddable":true,"href":"https:\/\/siefar.org\/gb\/wp-json\/wp\/v2\/pages\/2851"}],"wp:attachment":[{"href":"https:\/\/siefar.org\/gb\/wp-json\/wp\/v2\/media?parent=3359"}],"curies":[{"name":"wp","href":"https:\/\/api.w.org\/{rel}","templated":true}]}}