{"id":3358,"date":"2012-05-14T18:40:47","date_gmt":"2012-05-14T18:40:47","guid":{"rendered":"http:\/\/693"},"modified":"2012-05-14T18:40:47","modified_gmt":"2012-05-14T18:40:47","slug":"le-bonheur-au-feminin-strategies-narratives-des-romancieres-des-lumieres","status":"publish","type":"page","link":"https:\/\/siefar.org\/gb\/publications-articles\/le-bonheur-au-feminin-strategies-narratives-des-romancieres-des-lumieres\/","title":{"rendered":"Le bonheur au f\u00e9minin : Strat\u00e9gies narratives des romanci\u00e8res des Lumi\u00e8res"},"content":{"rendered":"<div class=\"corpsTexte\"><span style=\"color: rgb(128, 0, 0);\"><strong><span style=\"font-size: small;\"><img loading=\"lazy\" decoding=\"async\" width=\"156\" height=\"250\" align=\"left\" src=\"docsiefar\/image\/Tremblay.jpg\" style=\"margin-right: 10px; margin-bottom: 10px;\" alt=\"\" \/>Isabelle TREMBLAY<\/span><\/strong><\/span><\/div>\n<p><strong><span style=\"font-size: small;\">Presses Universitaires de Montr&eacute;al (PUM), Collection &laquo;Espace litt&eacute;raire&raquo;, avril 2012, <\/span><span style=\"font-size: small;\">186 pages.<\/span><\/strong><\/p>\n<div class=\"corpsTexte\" style=\"text-align: justify;\"><\/div>\n<div class=\"corpsTexte\" style=\"text-align: justify;\"><span style=\"font-size: small;\">Les  romanci&egrave;res du si&egrave;cle des Lumi&egrave;res ont &eacute;t&eacute; les premi&egrave;res &agrave; poser la  question du bonheur au f&eacute;minin de fa&ccedil;on aussi strat&eacute;gique. Les passages  oblig&eacute;s de la f&eacute;minit&eacute;, tels que le mariage, la maternit&eacute; et la vertu,  sont-ils garants de bonheur? Les femmes mises en sc&egrave;ne peuvent-elles  s&rsquo;affranchir de l&rsquo;id&eacute;al f&eacute;minin fa&ccedil;onn&eacute; par l&rsquo;ordre &eacute;tabli?  Peuvent-elles &eacute;chapper &agrave; la culpabilit&eacute; qui les presse de suivre  fid&egrave;lement le chemin trac&eacute; pour elles&#8217; Quels recours sont &agrave; leur  disposition pour &ecirc;tre heureuses&#8217;<\/span><\/div>\n<div class=\"corpsTexte\" style=\"text-align: justify;\"><\/div>\n<div class=\"corpsTexte\" style=\"text-align: justify;\"><span style=\"font-size: small;\">C&rsquo;est  autour de ces questions, d&rsquo;une troublante actualit&eacute;, que les auteurs du  XVIIIe si&egrave;cle tracent le parcours de la destin&eacute;e f&eacute;minine, avec tous  les d&eacute;tours, les obstacles et les enjeux qu&rsquo;il peut comporter. Leur  discours laisse surtout entendre que le bonheur n&rsquo;est pas possible sans  une remise en question des r&ocirc;les et de la place des femmes dans la  soci&eacute;t&eacute;.<\/span><\/div>\n<div class=\"corpsTexte\" style=\"text-align: justify;\"><\/div>\n<div class=\"corpsTexte\" style=\"text-align: justify;\"><span style=\"font-size: small;\">Isabelle  Tremblay est professeure adjointe au D&eacute;partement d&rsquo;&eacute;tudes fran&ccedil;aises du  Coll&egrave;ge militaire royal du Canada. Elle a publi&eacute; de nombreux articles  et comptes rendus sur des femmes auteurs du si&egrave;cle des Lumi&egrave;res.<\/span><\/div>\n<div class=\"corpsTexte\" style=\"text-align: justify;\"><\/div>\n<div class=\"corpsTexte\" style=\"text-align: justify;\"><span style=\"font-size: small;\"><a href=\"http:\/\/www.pum.umontreal.ca\/catalogue\/le-bonheur-au-feminin\">En savoir plus<\/a><\/span><\/div>\n","protected":false},"excerpt":{"rendered":"<p>Isabelle TREMBLAY Presses Universitaires de Montr&eacute;al (PUM), Collection &laquo;Espace litt&eacute;raire&raquo;, avril 2012, 186 pages. Les romanci&egrave;res du si&egrave;cle des Lumi&egrave;res ont &eacute;t&eacute; les premi&egrave;res &agrave; poser la question du bonheur au f&eacute;minin de fa&ccedil;on aussi strat&eacute;gique. Les passages oblig&eacute;s de la f&eacute;minit&eacute;, tels que le mariage, la maternit&eacute; et la vertu, sont-ils garants de bonheur? [&hellip;]<\/p>\n","protected":false},"author":4,"featured_media":0,"parent":2851,"menu_order":0,"comment_status":"closed","ping_status":"closed","template":"","meta":{"_acf_changed":false,"footnotes":""},"class_list":["post-3358","page","type-page","status-publish","hentry"],"translation":{"provider":"WPGlobus","version":"3.0.0","language":"gb","enabled_languages":["fr","gb"],"languages":{"fr":{"title":true,"content":true,"excerpt":false},"gb":{"title":false,"content":false,"excerpt":false}}},"acf":[],"_links":{"self":[{"href":"https:\/\/siefar.org\/gb\/wp-json\/wp\/v2\/pages\/3358","targetHints":{"allow":["GET"]}}],"collection":[{"href":"https:\/\/siefar.org\/gb\/wp-json\/wp\/v2\/pages"}],"about":[{"href":"https:\/\/siefar.org\/gb\/wp-json\/wp\/v2\/types\/page"}],"author":[{"embeddable":true,"href":"https:\/\/siefar.org\/gb\/wp-json\/wp\/v2\/users\/4"}],"replies":[{"embeddable":true,"href":"https:\/\/siefar.org\/gb\/wp-json\/wp\/v2\/comments?post=3358"}],"version-history":[{"count":0,"href":"https:\/\/siefar.org\/gb\/wp-json\/wp\/v2\/pages\/3358\/revisions"}],"up":[{"embeddable":true,"href":"https:\/\/siefar.org\/gb\/wp-json\/wp\/v2\/pages\/2851"}],"wp:attachment":[{"href":"https:\/\/siefar.org\/gb\/wp-json\/wp\/v2\/media?parent=3358"}],"curies":[{"name":"wp","href":"https:\/\/api.w.org\/{rel}","templated":true}]}}