{"id":3335,"date":"2011-05-09T15:13:52","date_gmt":"2011-05-09T15:13:52","guid":{"rendered":"http:\/\/669"},"modified":"2011-05-09T15:13:52","modified_gmt":"2011-05-09T15:13:52","slug":"la-raison-exaltee-etudes-sur-de-la-litterature-de-madame-de-stael","status":"publish","type":"page","link":"https:\/\/siefar.org\/gb\/publications-articles\/la-raison-exaltee-etudes-sur-de-la-litterature-de-madame-de-stael\/","title":{"rendered":"La raison exalt\u00e9e. \u00c9tudes sur De la litt\u00e9rature de Madame de Sta\u00ebl"},"content":{"rendered":"<div class=\"corpsTexte\" style=\"text-align: justify;\"><strong><span style=\"color: rgb(128, 0, 0);\"><span style=\"font-size: small;\"><img loading=\"lazy\" decoding=\"async\" width=\"160\" height=\"240\" align=\"left\" src=\"docsiefar\/image\/Stael-Bernier.jpg\" style=\"margin-right: 10px; margin-bottom: 10px;\" alt=\"\" \/>Marc Andr&eacute; BERNIER (dir.)<\/span><\/span><\/strong><\/div>\n<div class=\"corpsTexte\" style=\"text-align: justify;\"><\/div>\n<div class=\"corpsTexte\" style=\"text-align: justify;\"><strong><span style=\"font-size: small;\">Presses de l&#8217;Universit&eacute; Laval, coll. &laquo; R&eacute;publique des Lettres &raquo;, 2011, 142 p.<\/span><\/strong><span style=\"font-size: small;\"><\/p>\n<p>De la litt&eacute;rature consid&eacute;r&eacute;e dans ses rapports avec les institutions sociales (1800) est un livre dont l&rsquo;importance tient au r&ocirc;le qu&rsquo;il a jou&eacute; dans la naissance de l&rsquo;histoire litt&eacute;raire et, plus g&eacute;n&eacute;ralement, des sciences humaines. Germaine de Sta&euml;l s&rsquo;y int&eacute;resse aux relations complexes que la litt&eacute;rature entretient avec la vie sociale et l&rsquo;exp&eacute;rience historique, qu&rsquo;elle con&ccedil;oit comme les vecteurs par excellence de la transformation des mentalit&eacute;s, des cultures et des &oelig;uvres. Cette question des rapports au sein desquels s&rsquo;invente la litt&eacute;rature l&rsquo;invite surtout &agrave; appr&eacute;hender l&rsquo;histoire des nations europ&eacute;ennes &agrave; la lumi&egrave;re d&rsquo;une th&eacute;orie de la perfectibilit&eacute;, qui suppose le d&eacute;veloppement graduel et irr&eacute;versible des connaissances humaines, et d&rsquo;une d&eacute;finition nouvelle de l&rsquo;&eacute;crivain, qu&rsquo;inspire l&rsquo;exigence de l&rsquo;engagement.<\/span><\/div>\n<div class=\"corpsTexte\" style=\"text-align: justify;\"><\/div>\n<div class=\"corpsTexte\" style=\"text-align: justify;\"><span style=\"font-size: small;\">Dans un contexte o&ugrave; elle participe d&rsquo;un monde en devenir, la litt&eacute;rature doit s&rsquo;accomplir dans une parole capable de transformer ses aspirations et ses raisons en une volont&eacute; d&rsquo;agir, c&rsquo;est-&agrave;-dire en &laquo; une impulsion involontaire &raquo;, voire en &laquo; un mouvement qui passe dans le sang &raquo;. Au sein de cette alliance entre la pens&eacute;e et le sang s&rsquo;affirme alors une conception des lettres indissociable d&rsquo;une figure extr&ecirc;mement originale de la rationalit&eacute;, que Germaine de Sta&euml;l d&eacute;signe par la belle expression de &laquo; raison exalt&eacute;e &raquo;. C&rsquo;est cette id&eacute;e dont les articles r&eacute;unis dans cet ouvrage approfondissent le sens et la port&eacute;e, en s&rsquo;int&eacute;ressant tour &agrave; tour &agrave; l&rsquo;une ou l&rsquo;autre de ces trois configurations : 1. Les impulsions du c&oelig;ur et de l&rsquo;esprit, ou la litt&eacute;rature dans ses rapports avec la R&eacute;publique ; 2. La passion r&eacute;fl&eacute;chissante, ou la litt&eacute;rature dans ses rapports avec les femmes ; 3. La sensation investie par les id&eacute;es, ou la litt&eacute;rature dans ses rapports avec la cr&eacute;ation.<br \/>\n<\/span><\/div>\n<div class=\"corpsTexte\" style=\"text-align: center;\"><strong><br \/>\n<\/strong><\/div>\n<div class=\"corpsTexte\" style=\"text-align: center;\"><strong><span style=\"font-size: small;\">TABLE DES MATI&Egrave;RES<\/span><\/strong><\/div>\n<div class=\"corpsTexte\" style=\"text-align: justify;\"><\/div>\n<div class=\"corpsTexte\" style=\"text-align: justify;\"><span style=\"font-size: small;\">MARC ANDR&Eacute; BERNIER<br \/>\nIntroduction.<\/p>\n<p><strong>Premi&egrave;re partie<br \/>\nLes impulsions du c&oelig;ur et de l&rsquo;esprit, ou la litt&eacute;rature dans ses rapports avec la R&eacute;publique<\/strong><\/p>\n<p>G&Eacute;RARD GENGEMBRE ET JEAN GOLDZINK<br \/>\nDe la litt&eacute;rature, &oelig;uvre politique<\/p>\n<p>MARC ANDR&Eacute; BERNIER<br \/>\nUn n&eacute;ocic&eacute;ronianisme de l&#8217;exaltation<\/p>\n<p>MICHEL DELON<br \/>\nBuffon et l&rsquo;influence de la litt&eacute;rature<\/p>\n<p><strong>Deuxi&egrave;me partie<br \/>\nLa passion r&eacute;fl&eacute;chissante, ou la litt&eacute;rature dans ses rapports avec les femmes<br \/>\n<\/strong><br \/>\nANGELICA GOODDEN<br \/>\nDame &laquo; comme il faut &raquo; ou femme &eacute;crivain ? <br \/>\nDe la litt&eacute;rature et l&rsquo;angoisse de la femme auteur<\/p>\n<p>MARIE-LAURE GIROU-SWIDERSKI<br \/>\nL&#8217;autre R&eacute;volution ? De la litt&eacute;rature et des femmes<\/p>\n<p><strong>Troisi&egrave;me partie<br \/>\nLa sensation investie par les id&eacute;es, ou la litt&eacute;rature dans ses rapports avec la cr&eacute;ation<\/strong><\/p>\n<p>DANIEL DUMOUCHEL<br \/>\nDe la sup&eacute;riorit&eacute; des Modernes. Quelques r&eacute;flexions sur les limites de l&rsquo;imagination et sur la perfectibilit&eacute; esth&eacute;tique dans De la litt&eacute;rature<\/p>\n<p>CATRIONA SETH<br \/>\nLa litt&eacute;rature nordique &agrave; l&rsquo;&eacute;preuve du romanesque. Ossian entre De la litt&eacute;rature et Corinne<\/p>\n<p>CATHERINE DUBEAU<br \/>\nL&rsquo;homme f&eacute;roce : passions, violence et limites de l&rsquo;invention litt&eacute;raire dans De la litt&eacute;rature<\/p>\n<p>ISABELLE LACHANCE<br \/>\nBibliographie des &eacute;tudes portant en totalit&eacute; ou en partie sur De la litt&eacute;rature<\/p>\n<p>\n<\/span><\/div><\/p>\n","protected":false},"excerpt":{"rendered":"<p>Marc Andr&eacute; BERNIER (dir.) Presses de l&#8217;Universit&eacute; Laval, coll. &laquo; R&eacute;publique des Lettres &raquo;, 2011, 142 p. De la litt&eacute;rature consid&eacute;r&eacute;e dans ses rapports avec les institutions sociales (1800) est un livre dont l&rsquo;importance tient au r&ocirc;le qu&rsquo;il a jou&eacute; dans la naissance de l&rsquo;histoire litt&eacute;raire et, plus g&eacute;n&eacute;ralement, des sciences humaines. Germaine de Sta&euml;l [&hellip;]<\/p>\n","protected":false},"author":4,"featured_media":0,"parent":2851,"menu_order":0,"comment_status":"closed","ping_status":"closed","template":"","meta":{"_acf_changed":false,"footnotes":""},"class_list":["post-3335","page","type-page","status-publish","hentry"],"translation":{"provider":"WPGlobus","version":"3.0.0","language":"gb","enabled_languages":["fr","gb"],"languages":{"fr":{"title":true,"content":true,"excerpt":false},"gb":{"title":false,"content":false,"excerpt":false}}},"acf":[],"_links":{"self":[{"href":"https:\/\/siefar.org\/gb\/wp-json\/wp\/v2\/pages\/3335","targetHints":{"allow":["GET"]}}],"collection":[{"href":"https:\/\/siefar.org\/gb\/wp-json\/wp\/v2\/pages"}],"about":[{"href":"https:\/\/siefar.org\/gb\/wp-json\/wp\/v2\/types\/page"}],"author":[{"embeddable":true,"href":"https:\/\/siefar.org\/gb\/wp-json\/wp\/v2\/users\/4"}],"replies":[{"embeddable":true,"href":"https:\/\/siefar.org\/gb\/wp-json\/wp\/v2\/comments?post=3335"}],"version-history":[{"count":0,"href":"https:\/\/siefar.org\/gb\/wp-json\/wp\/v2\/pages\/3335\/revisions"}],"up":[{"embeddable":true,"href":"https:\/\/siefar.org\/gb\/wp-json\/wp\/v2\/pages\/2851"}],"wp:attachment":[{"href":"https:\/\/siefar.org\/gb\/wp-json\/wp\/v2\/media?parent=3335"}],"curies":[{"name":"wp","href":"https:\/\/api.w.org\/{rel}","templated":true}]}}