{"id":3313,"date":"2010-09-26T13:22:19","date_gmt":"2010-09-26T13:22:19","guid":{"rendered":"http:\/\/647"},"modified":"2010-09-26T13:22:19","modified_gmt":"2010-09-26T13:22:19","slug":"ecrits-feministes-de-christine-de-pizan-a-simone-de-beauvoir","status":"publish","type":"page","link":"https:\/\/siefar.org\/gb\/publications-articles\/ecrits-feministes-de-christine-de-pizan-a-simone-de-beauvoir\/","title":{"rendered":"\u00c9crits f\u00e9ministes de Christine de Pizan \u00e0 Simone de Beauvoir"},"content":{"rendered":"<div class=\"corpsTexte\" style=\"text-align: justify;\"><span style=\"color: rgb(128, 0, 0);\"><span style=\"font-size: small;\"><strong>Anthologie r&eacute;unie et pr&eacute;sent&eacute;e par Nicole PELLEGRIN. <\/strong><\/span><\/span><\/div>\n<div class=\"corpsTexte\" style=\"text-align: justify;\"><\/div>\n<div class=\"corpsTexte\" style=\"text-align: justify;\"><span style=\"font-size: small;\"><strong>Paris, Flammarion &quot;Champs Classiques&quot;, 2010, 320 p., 9 &euro;. <\/strong><br \/>\n<\/span><\/div>\n<div class=\"corpsTexte\" style=\"text-align: justify;\"><span style=\"font-size: small;\"><br \/>\n<\/span><\/div>\n<div class=\"corpsTexte\" style=\"text-align: justify;\"><span style=\"font-size: small;\"><img loading=\"lazy\" decoding=\"async\" width=\"250\" height=\"429\" align=\"left\" src=\"docsiefar\/image\/Pellegrin-Ecritsf%C3%A9ministes.jpg\" style=\"margin-right: 10px; margin-bottom: 10px;\" alt=\"\" \/>Cette  anthologie rassemble un pan ignor&eacute; de la litt&eacute;rature fran&ccedil;aise: les  &eacute;crits que des femmes d&rsquo;exception et quelques &eacute;crivains c&eacute;l&egrave;bres ont  consacr&eacute;s &agrave; un combat de longue dur&eacute;e (XVIe-XXe si&egrave;cles), celui de  l&rsquo;&eacute;galit&eacute; entre hommes et femmes. Acc&egrave;s &agrave; l&rsquo;instruction, droits civils  et politiques, droit au divorce, acc&egrave;s &agrave; tous les m&eacute;tiers, &eacute;galit&eacute; des  salaires: telles sont quelques-unes des revendications qui reviennent  au fil des textes de ce recueil. <br \/>\n<\/span><\/div>\n<div class=\"corpsTexte\" style=\"text-align: justify;\"><span style=\"font-size: small;\"><br \/>\n<\/span><\/div>\n<div class=\"corpsTexte\" style=\"text-align: justify;\"><span style=\"font-size: small;\">Au-del&agrave;  de la permanence d&rsquo;une subordination f&eacute;minine, ces combats de plume se  signalent par leur diversit&eacute;: diversit&eacute; des supports (articles, essais  philosophiques, pamphlets, discours, etc.), des interlocuteurs, des  styles et des arguments, des contextes politiques et culturels: preuve  que l&rsquo;histoire du f&eacute;minisme n&rsquo;est pas une, qu&rsquo;elle ne saurait se r&eacute;duire  &agrave; une constellation de figures mythiques &ndash; l&rsquo;&eacute;ternelle guerri&egrave;re, la  m&egrave;re nourrici&egrave;re, la po&eacute;tesse amoureuse &ndash;, mais qu&rsquo;elle est le fait  d&rsquo;une multiplicit&eacute; de personnages r&eacute;els, engag&eacute;s dans les luttes de leur  temps, dont on entend ici la voix: de Christine de Pizan, premi&egrave;re  &laquo;femme de lettres&raquo; fran&ccedil;aise &agrave; l&rsquo;ic&ocirc;ne f&eacute;ministe qu&rsquo;est devenue  Beauvoir, en passant par Marie de Gournay, Condorcet, Olympe de Gouges,  Charles Fourier, Flora Tristan, Andr&eacute; L&eacute;o, Nelly Roussel, Madeleine  Pelletier et bien d&rsquo;autres encore&hellip; <br \/>\n<\/span><\/div>\n<div class=\"corpsTexte\" style=\"text-align: justify;\"><\/div>\n<div class=\"corpsTexte\" style=\"text-align: justify;\"><\/div>\n<div class=\"corpsTexte\" style=\"text-align: justify;\"><span style=\"font-size: small;\"><em>Agr&eacute;g&eacute;e  d&rsquo;histoire, Nicole Pellegrin est charg&eacute;e de recherche honoraire au CNRS  (IHMC\/ENS Paris). Elle a travaill&eacute;, entre autres, sur la construction  vestimentaire du genre et sur les r&ocirc;les et fonctions des femmes sous  l&rsquo;Ancien R&eacute;gime.<\/em><\/span><\/div>\n<p style=\"text-align: justify;\"><span style=\"font-size: small;\"><br \/>\n<\/span><\/p>\n","protected":false},"excerpt":{"rendered":"<p>Anthologie r&eacute;unie et pr&eacute;sent&eacute;e par Nicole PELLEGRIN. Paris, Flammarion &quot;Champs Classiques&quot;, 2010, 320 p., 9 &euro;. Cette anthologie rassemble un pan ignor&eacute; de la litt&eacute;rature fran&ccedil;aise: les &eacute;crits que des femmes d&rsquo;exception et quelques &eacute;crivains c&eacute;l&egrave;bres ont consacr&eacute;s &agrave; un combat de longue dur&eacute;e (XVIe-XXe si&egrave;cles), celui de l&rsquo;&eacute;galit&eacute; entre hommes et femmes. Acc&egrave;s &agrave; [&hellip;]<\/p>\n","protected":false},"author":4,"featured_media":0,"parent":2851,"menu_order":0,"comment_status":"closed","ping_status":"closed","template":"","meta":{"_acf_changed":false,"footnotes":""},"class_list":["post-3313","page","type-page","status-publish","hentry"],"translation":{"provider":"WPGlobus","version":"3.0.0","language":"gb","enabled_languages":["fr","gb"],"languages":{"fr":{"title":true,"content":true,"excerpt":false},"gb":{"title":false,"content":false,"excerpt":false}}},"acf":[],"_links":{"self":[{"href":"https:\/\/siefar.org\/gb\/wp-json\/wp\/v2\/pages\/3313","targetHints":{"allow":["GET"]}}],"collection":[{"href":"https:\/\/siefar.org\/gb\/wp-json\/wp\/v2\/pages"}],"about":[{"href":"https:\/\/siefar.org\/gb\/wp-json\/wp\/v2\/types\/page"}],"author":[{"embeddable":true,"href":"https:\/\/siefar.org\/gb\/wp-json\/wp\/v2\/users\/4"}],"replies":[{"embeddable":true,"href":"https:\/\/siefar.org\/gb\/wp-json\/wp\/v2\/comments?post=3313"}],"version-history":[{"count":0,"href":"https:\/\/siefar.org\/gb\/wp-json\/wp\/v2\/pages\/3313\/revisions"}],"up":[{"embeddable":true,"href":"https:\/\/siefar.org\/gb\/wp-json\/wp\/v2\/pages\/2851"}],"wp:attachment":[{"href":"https:\/\/siefar.org\/gb\/wp-json\/wp\/v2\/media?parent=3313"}],"curies":[{"name":"wp","href":"https:\/\/api.w.org\/{rel}","templated":true}]}}