{"id":3309,"date":"2010-09-15T12:44:57","date_gmt":"2010-09-15T12:44:57","guid":{"rendered":"http:\/\/643"},"modified":"2010-09-15T12:44:57","modified_gmt":"2010-09-15T12:44:57","slug":"femmes-en-fleurs-femmes-en-corps-sang-sante-sexualites-du-moyen-age-aux-lumieres","status":"publish","type":"page","link":"https:\/\/siefar.org\/gb\/publications-articles\/femmes-en-fleurs-femmes-en-corps-sang-sante-sexualites-du-moyen-age-aux-lumieres\/","title":{"rendered":"Femmes en fleurs, femmes en corps Sang, Sant\u00e9, Sexualit\u00e9s, du Moyen \u00c2ge aux Lumi\u00e8res"},"content":{"rendered":"<div style=\"text-align: justify;\" class=\"corpsTexte\"><span style=\"color: rgb(128, 0, 0);\"><strong><span style=\"font-size: small;\">Cathy McCLIVE et Nicole PELLEGRIN (dir.)<\/span><\/strong><\/span><\/div>\n<div style=\"text-align: justify;\" class=\"corpsTexte\"><\/div>\n<div style=\"text-align: justify;\" class=\"corpsTexte\"><strong><span style=\"font-size: small;\">Saint-Etienne,  Publications de l&#8217;Universit&eacute; de Saint-Etienne, collection &quot;l&#8217;&eacute;cole du  genre&quot;, s&eacute;rie &quot;nouvelles recherches&quot; n&deg;4, juin 2010, 23 euros, ISBN :  978-2-86272-539-0<\/span><\/strong><span style=\"font-size: small;\"><br \/>\n<\/span><\/div>\n<div style=\"text-align: justify;\" class=\"corpsTexte\"><span style=\"font-size: small;\"><br \/>\n<\/span><\/div>\n<div style=\"text-align: justify;\" class=\"corpsTexte\"><span style=\"font-size: small;\"><img loading=\"lazy\" decoding=\"async\" width=\"200\" height=\"300\" align=\"left\" alt=\"\" style=\"margin-right: 10px; margin-bottom: 10px;\" src=\"docsiefar\/image\/Femmes-en-fleurs.jpg\" \/>Dispensateur  de la vie, le corps f\u00e9minin a toujours e\u00ab te \u00bb l&rsquo;objet de  questionnements et d&rsquo;attentions, tant de la part des savants que des  femmes et des hommes confront\u00e9s \u00e0 ses m\u00e9tamorphoses. Pourtant, comme  re\u00ab alite \u00bb relevant \u00e0 la fois de donn\u00e9es biologiques et de la  construction sociale du<br \/>\ngenre, il a e\u00ab te? peu \u00e9tudie \u00bb jusqu&rsquo;\u00e0 une  p\u00e9riode r\u00e9cente. Nubilite\u00ab , beaute\u00ab , menstrues, viol, grossesse,  accouchement, ste?rilite?, m\u00e9nopause, vieillesse&#8230; comment nos  anc\u00eatres ont-elles, ont-ils v\u00e9cu ces phe?nome \u00bbnes longtemps  appr\u00e9hende \u00bbs \u00e0 travers la m\u00e9taphore des fleurs&#8217; Que voulait dire  \u00eatre une &laquo; femme en fleurs &raquo; avant la modernite? ?<\/span><\/div>\n<div style=\"text-align: justify;\" class=\"corpsTexte\"><span style=\"font-size: small;\"><br \/>\n<\/span><\/div>\n<div style=\"text-align: justify;\" class=\"corpsTexte\"><span style=\"font-size: small;\">R\u00e9unissant,  dans une optique de\u00ab libe?re \u00bbment interdisciplinaire et internationale,  les r\u00e9sultats d&rsquo;enqu\u00eates de douze chercheuses sp\u00e9cialistes de  l&rsquo;histoire des femmes et du genre au Moyen \u00c2ge et sous l&rsquo;Ancien  R\u00e9gime, le pr\u00e9sent volume voudrait faire conna\u00eetre les directions les  plus actuelles de la recherche. il reprend le th\u00e8me du corps f\u00e9minin  et surtout de ses fleurs sous des angles divers : judiciaire, m\u00e9dical,  \u00e9pistolier, visuel, religieux, mystique, culturel&#8230; En proposant une  vision originale de la corporalite? au f\u00e9minin, il ouvre des pistes de  r\u00e9flexion nouvelles et particuli\u00e8rement f\u00e9condes.<br \/>\n<\/span><\/div>\n<div style=\"text-align: justify;\" class=\"corpsTexte\"><\/div>\n<div style=\"text-align: justify;\" class=\"corpsTexte\"><span style=\"font-size: small;\">\u00c9tudes r\u00e9unies et pr\u00e9sente?es par Cathy McClive et Nicole Pellegrin<\/span><\/div>\n<div style=\"text-align: justify;\" class=\"corpsTexte\"><\/div>\n<div style=\"text-align: justify;\" class=\"corpsTexte\"><span style=\"font-size: small;\">Contributions  d&rsquo;E\u00ab velyne Berriot-Salvadore, Susan Broomhall, Ste\u00ab phanie  Gaudillat-Cautela, Marie-E \u00bblisabeth Henneau, Helen King, E \u00bblisabeth  L&rsquo;Estrange, Cathy McClive, Lianne McTavish, Laurence Moulinier-Brogi,  Euge?nie Pascal, Nicole Pellegrin et Lisa Wynne Smith.<\/span><\/div>\n<div style=\"text-align: justify;\" class=\"corpsTexte\"><\/div>\n<div style=\"text-align: justify;\" class=\"corpsTexte\"><strong><span style=\"font-size: small;\">Table des mati&egrave;res<\/span><\/strong><\/div>\n<div style=\"text-align: justify;\" class=\"corpsTexte\"><\/div>\n<div style=\"text-align: justify;\" class=\"corpsTexte\"><span style=\"font-size: small;\">Pr&eacute;face : Cathy McClive, Nicole Pellegrin<\/span><\/div>\n<div style=\"text-align: justify;\" class=\"corpsTexte\"><\/div>\n<div style=\"text-align: justify;\" class=\"corpsTexte\"><strong><span style=\"font-size: small;\">I. Pr&eacute;server sa fleur<\/span><\/strong><\/div>\n<div style=\"text-align: justify;\" class=\"corpsTexte\"><\/div>\n<div style=\"text-align: justify;\" class=\"corpsTexte\"><span style=\"font-size: small;\">Laurence Moulinier-Brogi: Virginit&eacute;, maternit&eacute; et maux du corps f&eacute;minin au prisme de l&rsquo;uroscopie m&eacute;di&eacute;vale<\/span><\/div>\n<div style=\"text-align: justify;\" class=\"corpsTexte\"><\/div>\n<div style=\"text-align: justify;\" class=\"corpsTexte\"><span style=\"font-size: small;\">Evelyne  Berriot-Salvadore: De l&rsquo;ornement et du gouvernement des dames :  esth&eacute;tique et hygi&egrave;ne dans les trait&eacute;s m&eacute;dicaux des xvie et xviie si&egrave;cle<\/span><\/div>\n<div style=\"text-align: justify;\" class=\"corpsTexte\"><\/div>\n<div style=\"text-align: justify;\" class=\"corpsTexte\"><span style=\"font-size: small;\">Marie-&Eacute;lisabeth Henneau: Corps sous le voile &agrave; l&rsquo;&eacute;poque moderne<\/span><\/div>\n<div style=\"text-align: justify;\" class=\"corpsTexte\"><\/div>\n<div style=\"text-align: justify;\" class=\"corpsTexte\"><span style=\"font-size: small;\">Nicole Pellegrin: Fleurs saintes. L&rsquo;&eacute;criture des stigmates (xvie-xviiie si&egrave;cles)<\/span><\/div>\n<div style=\"text-align: justify;\" class=\"corpsTexte\"><\/div>\n<div style=\"text-align: justify;\" class=\"corpsTexte\"><strong><span style=\"font-size: small;\">II. Fleurir<\/span><\/strong><\/div>\n<div style=\"text-align: justify;\" class=\"corpsTexte\"><\/div>\n<div style=\"text-align: justify;\" class=\"corpsTexte\"><span style=\"font-size: small;\">Helen King: Engendrer &laquo; la femme &raquo; : Jacques Dubois et Diane de Poitiers &ndash; Traduction de Sylvie Deleris<\/span><\/div>\n<div style=\"text-align: justify;\" class=\"corpsTexte\"><\/div>\n<div style=\"text-align: justify;\" class=\"corpsTexte\"><span style=\"font-size: small;\">Eug&eacute;nie Pascal: L&rsquo;attente de l&rsquo;h&eacute;ritier. D&eacute;sir d&rsquo;enfant, grossesse et d&eacute;livrance dans les lettres de princesses (1560-1630)<\/span><\/div>\n<div style=\"text-align: justify;\" class=\"corpsTexte\"><\/div>\n<div style=\"text-align: justify;\" class=\"corpsTexte\"><span style=\"font-size: small;\">Elizabeth L&rsquo;Estrange: &laquo; Quant femme enfante&hellip; &raquo; : rem&egrave;des pour l&rsquo;accouchement au Moyen &Acirc;ge<\/span><\/div>\n<div style=\"text-align: justify;\" class=\"corpsTexte\"><\/div>\n<div style=\"text-align: justify;\" class=\"corpsTexte\"><span style=\"font-size: small;\">Lianne McTavish: L&rsquo;ambivalence du corps f&eacute;minin en France au d&eacute;but de l&rsquo;&eacute;poque moderne &ndash; Traduction de Sylvie Deleris<\/p>\n<p>Lisa Wynne Smith<br \/>\nLa Raillerie des Femmes ? Les femmes, la st&eacute;rilit&eacute; et la soci&eacute;t&eacute; en France &agrave; l&rsquo;&eacute;poque moderne &ndash;<\/span><\/div>\n<div style=\"text-align: justify;\" class=\"corpsTexte\"><span style=\"font-size: small;\">Traduction de Sylvie Deleris<\/span><\/div>\n<div style=\"text-align: justify;\" class=\"corpsTexte\"><\/div>\n<div style=\"text-align: justify;\" class=\"corpsTexte\"><strong><span style=\"font-size: small;\">III. Perdre sa fleur<\/span><\/strong><\/div>\n<div style=\"text-align: justify;\" class=\"corpsTexte\"><\/div>\n<div style=\"text-align: justify;\" class=\"corpsTexte\"><span style=\"font-size: small;\">Susan  Broomhall: Le prix de l&rsquo;amour : les n&eacute;gociations n&eacute;es de relations  sexuelles et de grossesses ill&eacute;gitimes &agrave; Paris au d&eacute;but du xvie si&egrave;cle. &ndash;  Traduction de Sylvie Deleris<\/span><\/div>\n<div style=\"text-align: justify;\" class=\"corpsTexte\"><\/div>\n<div style=\"text-align: justify;\" class=\"corpsTexte\"><span style=\"font-size: small;\">St&eacute;phanie Gaudillat Cautela: Le corps des femmes dans la qualification du &laquo; viol &raquo; au xvie si&egrave;cle<\/span><\/div>\n<div style=\"text-align: justify;\" class=\"corpsTexte\"><\/div>\n<div style=\"text-align: justify;\" class=\"corpsTexte\"><span style=\"font-size: small;\">Cathy McClive: Quand les fleurs s&rsquo;arr&ecirc;tent : vieillesse, m&eacute;nopause et imaginaire m&eacute;dical &agrave; l&rsquo;&eacute;poque moderne<\/span><\/div>\n<div style=\"text-align: justify;\" class=\"corpsTexte\"><\/div>\n<div style=\"text-align: justify;\" class=\"corpsTexte\"><span style=\"font-size: small;\">Notices sur les contributrices<\/span><\/div>\n<div style=\"text-align: justify;\" class=\"corpsTexte\"><\/div>\n<div style=\"text-align: justify;\" class=\"corpsTexte\"><span style=\"font-size: small;\">R&eacute;sum&eacute;s des article<\/span><\/div>\n<div style=\"text-align: justify;\" class=\"corpsTexte\"><\/div>\n<div style=\"text-align: justify;\" class=\"corpsTexte\"><span style=\"font-size: small;\">Bibliographie<\/span><\/div>\n<div style=\"text-align: justify;\" class=\"corpsTexte\"><\/div>\n<div style=\"text-align: justify;\" class=\"corpsTexte\"><span style=\"font-size: small;\">Index des noms de personne<\/span><\/div>\n<div style=\"text-align: justify;\" class=\"corpsTexte\"><\/div>\n<div style=\"text-align: justify;\" class=\"corpsTexte\"><span style=\"font-size: small;\">Table des illustrations<\/span><\/div>\n<div style=\"text-align: justify;\" class=\"corpsTexte\"><\/div>\n<div style=\"text-align: justify;\" class=\"corpsTexte\"><span style=\"font-size: small;\"><\/p>\n<p><\/span><\/div>\n<div style=\"text-align: justify;\" class=\"corpsTexte\"><span style=\"font-size: small;\"><br \/>\n<\/span><\/div><\/p>\n","protected":false},"excerpt":{"rendered":"<p>Cathy McCLIVE et Nicole PELLEGRIN (dir.) Saint-Etienne, Publications de l&#8217;Universit&eacute; de Saint-Etienne, collection &quot;l&#8217;&eacute;cole du genre&quot;, s&eacute;rie &quot;nouvelles recherches&quot; n&deg;4, juin 2010, 23 euros, ISBN : 978-2-86272-539-0 Dispensateur de la vie, le corps f\u00e9minin a toujours e\u00ab te \u00bb l&rsquo;objet de questionnements et d&rsquo;attentions, tant de la part des savants que des femmes et des [&hellip;]<\/p>\n","protected":false},"author":4,"featured_media":0,"parent":2851,"menu_order":0,"comment_status":"closed","ping_status":"closed","template":"","meta":{"_acf_changed":false,"footnotes":""},"class_list":["post-3309","page","type-page","status-publish","hentry"],"translation":{"provider":"WPGlobus","version":"3.0.0","language":"gb","enabled_languages":["fr","gb"],"languages":{"fr":{"title":true,"content":true,"excerpt":false},"gb":{"title":false,"content":false,"excerpt":false}}},"acf":[],"_links":{"self":[{"href":"https:\/\/siefar.org\/gb\/wp-json\/wp\/v2\/pages\/3309","targetHints":{"allow":["GET"]}}],"collection":[{"href":"https:\/\/siefar.org\/gb\/wp-json\/wp\/v2\/pages"}],"about":[{"href":"https:\/\/siefar.org\/gb\/wp-json\/wp\/v2\/types\/page"}],"author":[{"embeddable":true,"href":"https:\/\/siefar.org\/gb\/wp-json\/wp\/v2\/users\/4"}],"replies":[{"embeddable":true,"href":"https:\/\/siefar.org\/gb\/wp-json\/wp\/v2\/comments?post=3309"}],"version-history":[{"count":0,"href":"https:\/\/siefar.org\/gb\/wp-json\/wp\/v2\/pages\/3309\/revisions"}],"up":[{"embeddable":true,"href":"https:\/\/siefar.org\/gb\/wp-json\/wp\/v2\/pages\/2851"}],"wp:attachment":[{"href":"https:\/\/siefar.org\/gb\/wp-json\/wp\/v2\/media?parent=3309"}],"curies":[{"name":"wp","href":"https:\/\/api.w.org\/{rel}","templated":true}]}}