{"id":2996,"date":"2009-10-21T12:19:25","date_gmt":"2009-10-21T12:19:25","guid":{"rendered":"http:\/\/322"},"modified":"2025-06-02T23:17:32","modified_gmt":"2025-06-02T21:17:32","slug":"comite-de-pilotage","status":"publish","type":"page","link":"https:\/\/siefar.org\/gb\/dictionnaire-documents-et-ressources\/comite-de-pilotage\/","title":{"rendered":"Comit\u00e9 de pilotage"},"content":{"rendered":"<div class=\"corpsTexte\"><\/div>\n<div class=\"corpsTexte\" style=\"text-align: justify;\">\n<div class=\"corpsTexte\">Un <strong>Comit\u00e9 de Pilotage<\/strong>, compos\u00e9 de membres de la SI\u00c9FAR sp\u00e9cialistes de diff\u00e9rents domaines et de diff\u00e9rentes p\u00e9riodes, supervise \u00e0 la fois la production des nouvelles notices et la saisie des anciennes.<\/div>\n<div><\/div>\n<div>La <strong>directrice<\/strong> du comit\u00e9 de pilotage assure la continuit\u00e9 du travail \u00e9ditorial, la mise en ligne, l&#8217;organisation des r\u00e9unions et le recrutement des membres du comit\u00e9.<\/div>\n<div class=\"corpsTexte\">Les <strong>responsables de secteur<\/strong> assurent le suivi \u00e9ditorial pour les diff\u00e9rents domaines concern\u00e9s: <strong><em>pour soumettre une notice, il convient de leur \u00e9crire en priorit\u00e9<\/em><\/strong>.<\/div>\n<div class=\"corpsTexte\"><strong>Direction g\u00e9n\u00e9rale : <a href=\"marianne.charrier@univ-rennes1.fr\">Marianne Charrier-Vozel<\/a><\/strong>, Universit\u00e9 de Rennes 1<\/div>\n<p><strong>Responsables de secteur :<\/strong><\/p>\n<ul>\n<li style=\"list-style-type: none;\">\n<ul>\n<li style=\"list-style-type: none;\">\n<ul>\n<li style=\"list-style-type: none;\">\n<ul>\n<li>Moyen \u00c2ge : <a href=\"mailto:anne.paupert@u-paris.fr\">Anne Paupert<\/a>, <a href=\"mailto:fabienne.pomel@univ-rennes2.fr\">Fabienne Pomel<\/a><\/li>\n<li>XVI<sup>e<\/sup> si\u00e8cle : <a href=\"mailto:ghislaintranie@gmail.com\">Ghislain Trani\u00e9<\/a><\/li>\n<li>XVII<sup>e<\/sup> si\u00e8cle : <a href=\"mailto:mehenneau@ulg.ac.be\">Marie-Elisabeth Henneau<\/a><\/li>\n<li>XVIII<sup>e<\/sup> si\u00e8cle : <a href=\"marianne.charrier@univ-rennes1.fr\">Marianne Charrier-Vozel<\/a>, <a href=\"mailto:nicole.pellegrin@wanadoo.fr\">Nicole Pellegrin<\/a><\/li>\n<li>Ordres religieux : <a href=\"mailto:mehenneau@ulg.ac.be\">Marie-Elisabeth Henneau<\/a>, <a href=\"mailto:nicole.pellegrin@wanadoo.fr\">Nicole Pellegrin<\/a><\/li>\n<li>Histoire de l\u2019art : <a href=\"mailto:jpiront@uliege.be\">Julie Piront<\/a><\/li>\n<\/ul>\n<\/li>\n<\/ul>\n<\/li>\n<\/ul>\n<\/li>\n<\/ul>\n<p><strong>Anciens membres :<\/strong><br \/>\nDanielle Bohler, Isabelle Brouard, Agn\u00e8s Cousson, Armel Dubois-Nayt, Nicole Dufournaud, Aurore Evain, Danielle Haase-Dubosc, Sarah Hanley, Dani\u00e8le James-Raoul, Edwige Keller-Rahb\u00e9, Marie-Pierre Legrand, Sandrine L\u00e9ly, Cathy McClive, Claudine N\u00e9delec, Eug\u00e9nie Pascal, Genevi\u00e8ve Thierry, Suzan Van Dijk, Laurence Vanoflen, Kathleen Wilson-Chevalier, Christian Zonza<\/p>\n<\/div>\n","protected":false},"excerpt":{"rendered":"<p>Un Comit\u00e9 de Pilotage, compos\u00e9 de membres de la SI\u00c9FAR sp\u00e9cialistes de diff\u00e9rents domaines et de diff\u00e9rentes p\u00e9riodes, supervise \u00e0 la fois la production des nouvelles notices et la saisie des anciennes. La directrice du comit\u00e9 de pilotage assure la continuit\u00e9 du travail \u00e9ditorial, la mise en ligne, l&#8217;organisation des r\u00e9unions et le recrutement des [&hellip;]<\/p>\n","protected":false},"author":4,"featured_media":0,"parent":2993,"menu_order":0,"comment_status":"closed","ping_status":"closed","template":"","meta":{"_acf_changed":false,"footnotes":""},"class_list":["post-2996","page","type-page","status-publish","hentry"],"translation":{"provider":"WPGlobus","version":"3.0.0","language":"gb","enabled_languages":["fr","gb"],"languages":{"fr":{"title":true,"content":true,"excerpt":false},"gb":{"title":false,"content":false,"excerpt":false}}},"acf":[],"_links":{"self":[{"href":"https:\/\/siefar.org\/gb\/wp-json\/wp\/v2\/pages\/2996","targetHints":{"allow":["GET"]}}],"collection":[{"href":"https:\/\/siefar.org\/gb\/wp-json\/wp\/v2\/pages"}],"about":[{"href":"https:\/\/siefar.org\/gb\/wp-json\/wp\/v2\/types\/page"}],"author":[{"embeddable":true,"href":"https:\/\/siefar.org\/gb\/wp-json\/wp\/v2\/users\/4"}],"replies":[{"embeddable":true,"href":"https:\/\/siefar.org\/gb\/wp-json\/wp\/v2\/comments?post=2996"}],"version-history":[{"count":3,"href":"https:\/\/siefar.org\/gb\/wp-json\/wp\/v2\/pages\/2996\/revisions"}],"predecessor-version":[{"id":15490,"href":"https:\/\/siefar.org\/gb\/wp-json\/wp\/v2\/pages\/2996\/revisions\/15490"}],"up":[{"embeddable":true,"href":"https:\/\/siefar.org\/gb\/wp-json\/wp\/v2\/pages\/2993"}],"wp:attachment":[{"href":"https:\/\/siefar.org\/gb\/wp-json\/wp\/v2\/media?parent=2996"}],"curies":[{"name":"wp","href":"https:\/\/api.w.org\/{rel}","templated":true}]}}