{"id":2990,"date":"2009-09-30T14:13:15","date_gmt":"2009-09-30T14:13:15","guid":{"rendered":"http:\/\/317"},"modified":"2009-09-30T14:13:15","modified_gmt":"2009-09-30T14:13:15","slug":"colloques-et-journees-d-etude","status":"publish","type":"page","link":"https:\/\/siefar.org\/gb\/revisiter-la-querelle-des-femmes\/colloques-et-journees-d-etude\/","title":{"rendered":"Colloques et Journ\u00e9es d&#8217;\u00e9tude"},"content":{"rendered":"<div class=\"corpsTexte\" style=\"text-align: justify;\"><span style=\"font-size: 12pt;\">L\u2019ensemble du projet est pr\u00e9vu pour se d\u00e9rouler sur quatre ans, autour de quatre colloques : trois r\u00e9pondant \u00e0 une logique p\u00e9riodique (1750-1810 ;1600-1750 ; 1400-1600), le dernier \u00e0 une logique comparatiste (r\u00e9percussions europ\u00e9ennes).<br \/> <\/span><\/div>\n<div class=\"corpsTexte\" style=\"text-align: justify;\"><span style=\"font-size: 12pt;\"><br \/> <\/span><\/div>\n<div class=\"corpsTexte\" style=\"text-align: justify;\"><span style=\"font-size: 12pt;\"><strong>Pr\u00e9sentation des manifestations pass\u00e9es ou \u00e0 venir :<\/strong><br \/> <\/span><\/div>\n<ul>\n<li>\n<div class=\"corpsTexte\" style=\"text-align: justify;\"><span style=\"font-size: 12pt;\"><a href=\"http:\/\/www.siefar.org\/docsiefar\/file\/Discours-in-egalite-prog_8nov.pdf\">Programme du colloque portant sur la p\u00e9riode 1750-1810<\/a> (8 nov. 2008, \u00c9cole normale sup\u00e9rieure) ; <a href=\"1\/\">Parution du volume issu de ce premier colloque<\/a><\/span><\/div>\n<\/li>\n<\/ul>\n<ul>\n<li>\n<div class=\"corpsTexte\" style=\"text-align: justify;\"><span style=\"font-size: 12pt;\"><a href=\"http:\/\/www.siefar.org\/docsiefar\/file\/Rencontres2009-querelle.pdf\">Pr\u00e9sentation des 6e Rencontres de la SIEFAR<\/a>, &#8220;Revisiter le corpus de la querelle des femmes&#8221; (26 juin 2009, New York University in Paris)<\/span><\/div>\n<\/li>\n<\/ul>\n<ul>\n<li>\n<div class=\"corpsTexte\" style=\"text-align: justify;\"><span style=\"font-size: 12pt;\"><a href=\"http:\/\/www.siefar.org\/docsiefar\/file\/Querelle2-programme.pdf\">Programme du colloque portant sur la p\u00e9riode 1600-1750<\/a> (20-21 nov. 2009, Columbia University \/ Centre Reid Hall) ; <a href=\"1\/\">Parution du volume issu de ce deuxi\u00e8me colloque<\/a><\/span><\/div>\n<\/li>\n<\/ul>\n<ul>\n<li><span style=\"font-size: 12pt;\"><a href=\"http:\/\/www.siefar.org\/docsiefar\/file\/Programme-Querelle3.pdf\">Programme du colloque portant sur la p\u00e9riode 1400-1600<\/a> (19-20 nov. 2010, Columbia University \/ Centre Reid Hall) ; <a href=\"1\/\">Parution du volume issu de ce troisi\u00e8me colloque<\/a><\/span><\/li>\n<\/ul>\n<ul>\n<li>\n<div class=\"corpsTexte\" style=\"text-align: justify;\"><span style=\"font-size: 12pt;\"><a href=\"http:\/\/www.siefar.org\/docsiefar\/file\/Programme-Querelle4-web.pdf\">Programme du colloque portant sur la p\u00e9riode 1400-1800 \u00e0 l&#8217;\u00e9chelle europ\u00e9enne<\/a> (24-26 nov. 2011, Columbia University \/ Centre Reid Hall) ; <a href=\"http:\/\/siefar.org\/querelle-4\/\">Parution du volume issu de ce quatri\u00e8me colloque<\/a><br \/> <\/span><\/div>\n<\/li>\n<\/ul>\n<p>&nbsp;<\/p>\n<div class=\"corpsTexte\" style=\"text-align: justify;\"><span style=\"font-size: 12pt;\"> <strong>Structure porteuse :<\/strong> SIEFAR<\/span><\/div>\n<div class=\"corpsTexte\" style=\"text-align: justify;\"><strong>Structures co-organisatrices : <\/strong>IHMC <em>(Institut d\u2019Histoire Moderne et Contemporaine, CNRS\/ENS Ulm)<\/em> (2008, 2009) ; Columbia University\/Reid Hall (2009)<\/p>\n<p><span style=\"font-size: 12pt;\"><strong>Structures soutenant le projet :<\/strong> Institut \u00c9milie du Ch\u00e2telet pour le d\u00e9veloppement et la diffusion des recherches sur les femmes, le sexe et le genre (r\u00e9gion \u00cele-de-France) ; Institut universitaire de France ; Universit\u00e9 Jean Monnet de Saint-\u00c9tienne (2009)<\/span><\/p>\n<\/div>\n","protected":false},"excerpt":{"rendered":"<p>L\u2019ensemble du projet est pr\u00e9vu pour se d\u00e9rouler sur quatre ans, autour de quatre colloques : trois r\u00e9pondant \u00e0 une logique p\u00e9riodique (1750-1810 ;1600-1750 ; 1400-1600), le dernier \u00e0 une logique comparatiste (r\u00e9percussions europ\u00e9ennes). Pr\u00e9sentation des manifestations pass\u00e9es ou \u00e0 venir : Programme du colloque portant sur la p\u00e9riode 1750-1810 (8 nov. 2008, \u00c9cole normale [&hellip;]<\/p>\n","protected":false},"author":4,"featured_media":0,"parent":2768,"menu_order":0,"comment_status":"closed","ping_status":"closed","template":"","meta":{"_acf_changed":false,"footnotes":""},"class_list":["post-2990","page","type-page","status-publish","hentry"],"translation":{"provider":"WPGlobus","version":"3.0.0","language":"gb","enabled_languages":["fr","gb"],"languages":{"fr":{"title":true,"content":true,"excerpt":false},"gb":{"title":false,"content":false,"excerpt":false}}},"acf":[],"_links":{"self":[{"href":"https:\/\/siefar.org\/gb\/wp-json\/wp\/v2\/pages\/2990","targetHints":{"allow":["GET"]}}],"collection":[{"href":"https:\/\/siefar.org\/gb\/wp-json\/wp\/v2\/pages"}],"about":[{"href":"https:\/\/siefar.org\/gb\/wp-json\/wp\/v2\/types\/page"}],"author":[{"embeddable":true,"href":"https:\/\/siefar.org\/gb\/wp-json\/wp\/v2\/users\/4"}],"replies":[{"embeddable":true,"href":"https:\/\/siefar.org\/gb\/wp-json\/wp\/v2\/comments?post=2990"}],"version-history":[{"count":0,"href":"https:\/\/siefar.org\/gb\/wp-json\/wp\/v2\/pages\/2990\/revisions"}],"up":[{"embeddable":true,"href":"https:\/\/siefar.org\/gb\/wp-json\/wp\/v2\/pages\/2768"}],"wp:attachment":[{"href":"https:\/\/siefar.org\/gb\/wp-json\/wp\/v2\/media?parent=2990"}],"curies":[{"name":"wp","href":"https:\/\/api.w.org\/{rel}","templated":true}]}}