{"id":2988,"date":"2009-09-27T13:44:59","date_gmt":"2009-09-27T13:44:59","guid":{"rendered":"http:\/\/315"},"modified":"2009-09-27T13:44:59","modified_gmt":"2009-09-27T13:44:59","slug":"emergence-litteraire-des-femmes-a-lyon-1520-1550","status":"publish","type":"page","link":"https:\/\/siefar.org\/gb\/publications-articles\/emergence-litteraire-des-femmes-a-lyon-1520-1550\/","title":{"rendered":"\u00c9mergence litt\u00e9raire des femmes \u00e0 Lyon, 1520-1550"},"content":{"rendered":"<div style=\"text-align: justify;\" class=\"corpsTexte\"><span style=\"color: rgb(128, 0, 0);\"><strong><span style=\"font-size: small;\">Mich&egrave;le CL&Eacute;MENT et Janine INCARDONA (dir.)<\/span><br \/>\n<\/strong><\/span><\/div>\n<div style=\"text-align: justify;\" class=\"corpsTexte\"><strong><span style=\"font-size: small;\"><br \/>\n<img loading=\"lazy\" decoding=\"async\" width=\"100\" hspace=\"8\" height=\"158\" align=\"left\" alt=\"\" src=\"docsiefar\/image\/Couv-Emergence.jpg\" style=\"margin-right: 10px; margin-bottom: 10px;\" \/>Saint-&Eacute;tienne, PSE, coll. &laquo;l&#8217;&eacute;cole du genre&raquo;, s&eacute;rie Nouvelles recherches n&deg;3, 2008 &#8211; 286 p., 20 euros<\/span><\/strong><\/div>\n<div style=\"text-align: justify;\" class=\"corpsTexte\"><span style=\"font-size: small;\"><br \/>\n&Agrave; en croire leurs contemporains, les femmes de Lettres brill&egrave;rent tout particuli&egrave;rement &agrave; Lyon dans les ann&eacute;es 1550. Il reste de cette effervescence des &oelig;uvres encore c&eacute;l&egrave;bres, comme celles de Louise Lab&eacute; et Pernette du Guillet, des textes connus des &eacute;rudits lyonnais ou des seuls sp&eacute;cialistes, et parfois des traces plus t&eacute;nues encore, quand les &eacute;crits ont disparu sans avoir &eacute;t&eacute; publi&eacute;s. Dans d&rsquo;autres cas, enfin, il reste des &eacute;nigmes, comme la myst&eacute;rieuse autrice des Comptes amoureux de Madame Jeanne Flore, qui pourrait bien n&rsquo;avoir jamais exist&eacute;.<\/span><\/div>\n<div style=\"text-align: justify;\" class=\"corpsTexte\"><span style=\"font-size: small;\"><br \/>\nDe fait, le milieu litt&eacute;raire lyonnais de la Renaissance semble avoir d&eacute;lib&eacute;r&eacute;ment favoris&eacute; l&rsquo;&eacute;mergence des femmes en son sein. Les premiers pas reviennent &agrave; Cl&eacute;ment Marot et Bonaventure des P&eacute;riers, qui ins&eacute;r&egrave;rent dans leurs ouvrages des po&egrave;mes de femmes dialoguant avec les leurs, donnant ainsi &agrave; voir les noms et les &eacute;crits de quelques-unes de ces &laquo;cons&oelig;urs&raquo;. Le milieu &eacute;ditorial aussi joua un r&ocirc;le essentiel: en d&eacute;diant de nombreuses publications &laquo;aux dames&raquo;, en sauvant de l&rsquo;anonymat des brouillons appel&eacute;s &agrave; dispara&icirc;tre (comme les Rymes de Pernette Du Guillet), en remodelant la pr&eacute;sentation de certaines &oelig;uvres (comme les Angoysses douloureuses d&rsquo;H&eacute;lisenne de Crenne), en imprimant celles de Marguerite de Navarre, de Louise Lab&eacute;, de Marguerite de Cambis, et m&ecirc;me en accueillant l&rsquo;&eacute;tonnante Jeanne Flore, double f&eacute;minin de Juan de Flores, les &eacute;diteurs Fran&ccedil;ois Juste, Denis de Harsy, Jean de Tournes, Antoine du Moulin, Guillaume Roville, Luc&rsquo;Antonio Ridolfi furent autant d&rsquo;acteurs de la cause litt&eacute;raire des femmes. C&rsquo;est aux jeux d&rsquo;influence de ces diff&eacute;rentes composantes, &agrave; leurs soubassements sociologiques, id&eacute;ologiques et litt&eacute;raires, que les articles de ce volume sont consacr&eacute;s. C&rsquo;est aux efforts de chacun et chacune qu&rsquo;ils tentent de rendre vie. <\/span><\/div>\n<div style=\"text-align: justify;\" class=\"corpsTexte\"><em><span style=\"font-size: small;\"><br \/>\nMich&egrave;le Cl&eacute;ment est professeure de litt&eacute;rature fran&ccedil;aise &agrave; l&rsquo;Universit&eacute; Lyon 2; elle a &eacute;dit&eacute;, entre autres, Les Chansons spirituelles de Marguerite de Navarre. Janine Incardona enseigne la langue et la litt&eacute;rature fran&ccedil;aises &agrave; l&rsquo;Universit&eacute; de Valence (Espagne); elle a soutenu en 2003 une th&egrave;se sur H&eacute;lisenne de Crenne.<\/span><\/em><\/div>\n<div style=\"text-align: justify;\" class=\"corpsTexte\"><\/div>\n<div style=\"text-align: justify;\" class=\"corpsTexte\"><span style=\"font-size: small;\"><br \/>\n<\/span><strong><span style=\"font-size: small;\">Table des mati&egrave;res<\/span><\/strong><\/div>\n<div style=\"text-align: justify;\" class=\"corpsTexte\"><span style=\"font-size: small;\"><br \/>\n<strong>INTRODUCTION<\/strong><br \/>\n&#8211; Mich&egrave;le Cl&eacute;ment<\/span><\/div>\n<div style=\"text-align: justify;\" class=\"corpsTexte\"><span style=\"font-size: small;\"><br \/>\n<strong>PREMI&Egrave;RE PARTIE: &laquo; LE CLIMAT LYONNAIS &raquo;<\/strong><br \/>\n&#8211; Mich&egrave;le Cl&eacute;ment, Comment un nouveau champ litt&eacute;raire est cr&eacute;&eacute; &agrave; Lyon : &laquo;En donnant lieu &agrave; la Main f&eacute;minine&raquo; (1530-1555)<br \/>\n&#8211; Richard Cooper, Le Cercle de Lucantonio Ridolfi.<br \/>\n&#8211; &Eacute;velyne Berriot-Salvadore, La femme dans les ouvrages m&eacute;dicaux lyonnais: Questions th&eacute;oriques et strat&eacute;gies &eacute;ditoriales<br \/>\n&#8211; Elsa Kammerer, Une sainte femme d&eacute;sir&eacute;e : le Magdalon de la Madalena de Jean de Vauzelles (Lyon, 1551)<\/span><\/div>\n<div style=\"text-align: justify;\" class=\"corpsTexte\"><span style=\"font-size: small;\"><br \/>\n<strong>DEUXI&Egrave;ME PARTIE: SP&Eacute;CIFICIT&Eacute;S PO&Eacute;TIQUES ?<\/strong><br \/>\n&#8211; Daniel Martin, Voix de femmes, livres d&rsquo;hommes. Autour de trois po&eacute;tesses: Jeanne Gaillarde, Jacqueline de Stuard, Claude de Bectoz<\/span><span style=\"font-size: small;\"><br \/>\n&#8211; B&eacute;atrice Alonso, Louise Lab&eacute;, Olivier de Magny: Dialogue po&eacute;tique, dialogue politique?<br \/>\n&#8211; Elise Rajchenbach, &laquo;Tu le pourras clerement icy veoir&raquo;. Les Rymes de Pernette Du Guillet, publication vertueuse ou strat&eacute;gie &eacute;ditoriale?<br \/>\n&#8211; Philip Ford, &Agrave; propos des &laquo;&Eacute;l&eacute;gies&raquo; de Pernette Du Guillet<br \/>\n<\/span><\/div>\n<div style=\"text-align: justify;\" class=\"corpsTexte\"><strong><br \/>\n<\/strong><\/div>\n<div style=\"text-align: justify;\" class=\"corpsTexte\"><strong><span style=\"font-size: small;\">TROISI&Egrave;ME PARTIE: CONSTRUCTIONS NARRATIVES<\/span><\/strong><span style=\"font-size: small;\"><br \/>\n&#8211; Christine de Buzon et William Kemp, Interventions lyonnaises sur un texte parisien: l&rsquo;&eacute;dition des Angoysses douloureuses qui procedent d&rsquo;amours d&rsquo;H&eacute;lisenne de Crenne (Denys de Harsy, vers 1539)<\/span><\/div>\n<div style=\"text-align: justify;\" class=\"corpsTexte\"><span style=\"font-size: small;\"> &#8211; M<\/span><span style=\"font-size: small;\">agda Campanini Catani,<\/span><span style=\"font-size: small;\"> La relecture du mythe: quelques &eacute;chos de la tradition classique dans les Comptes amoureux de Jeanne Flore<br \/>\n&#8211; Janine Incardona, &laquo;Impareil mariage&raquo; et parcours onomastique dans les Comptes amoureux de Jeanne Flore<br \/>\n&#8211; Gilles Polizzi, La Fable r&eacute;ifi&eacute;e: la mise au f&eacute;minin dans l&rsquo;&eacute;criture des trois premiers Contes amoureux de Jeanne Flore<\/span><span style=\"font-size: small;\"><br \/>\n&#8211; R&eacute;gine Reynolds-Cornell, Marguerite de Navarre et les Contes amoureux: parall&egrave;les ou co&iuml;ncidences&#8217;<\/span><\/div>\n<div style=\"text-align: justify;\" class=\"corpsTexte\"><span style=\"font-size: small;\"><br \/>\n<strong>&Eacute;PILOGUE<\/strong><br \/>\n&#8211; Christine Plant&eacute;, Tout.e &eacute;crivain.e est &laquo;de papier&raquo;<\/span><\/div>\n<div style=\"text-align: justify;\" class=\"corpsTexte\"><span style=\"font-size: small;\"><br \/>\n&#8211; R&eacute;sum&eacute;s des articles<br \/>\n&#8211; Notices biographiques<\/span><\/div>\n<div style=\"text-align: justify;\" class=\"corpsTexte\"><\/div>\n<div style=\"text-align: justify;\" class=\"corpsTexte\"><span style=\"font-size: small;\"><br \/>\n<a href=\"https:\/\/publications.univ-st-etienne.fr\/product.php?id_produit=473\"><strong>Acheter en ligne<\/strong><\/a><br \/>\nL&#8217;ouvrage est disponible aupr&egrave;s des libraires (distribution SODIS)<\/p>\n<p><\/span><\/div>\n","protected":false},"excerpt":{"rendered":"<p>Mich&egrave;le CL&Eacute;MENT et Janine INCARDONA (dir.) Saint-&Eacute;tienne, PSE, coll. &laquo;l&#8217;&eacute;cole du genre&raquo;, s&eacute;rie Nouvelles recherches n&deg;3, 2008 &#8211; 286 p., 20 euros &Agrave; en croire leurs contemporains, les femmes de Lettres brill&egrave;rent tout particuli&egrave;rement &agrave; Lyon dans les ann&eacute;es 1550. Il reste de cette effervescence des &oelig;uvres encore c&eacute;l&egrave;bres, comme celles de Louise Lab&eacute; et [&hellip;]<\/p>\n","protected":false},"author":4,"featured_media":0,"parent":2851,"menu_order":0,"comment_status":"closed","ping_status":"closed","template":"","meta":{"_acf_changed":false,"footnotes":""},"class_list":["post-2988","page","type-page","status-publish","hentry"],"translation":{"provider":"WPGlobus","version":"3.0.0","language":"gb","enabled_languages":["fr","gb"],"languages":{"fr":{"title":true,"content":true,"excerpt":false},"gb":{"title":false,"content":false,"excerpt":false}}},"acf":[],"_links":{"self":[{"href":"https:\/\/siefar.org\/gb\/wp-json\/wp\/v2\/pages\/2988","targetHints":{"allow":["GET"]}}],"collection":[{"href":"https:\/\/siefar.org\/gb\/wp-json\/wp\/v2\/pages"}],"about":[{"href":"https:\/\/siefar.org\/gb\/wp-json\/wp\/v2\/types\/page"}],"author":[{"embeddable":true,"href":"https:\/\/siefar.org\/gb\/wp-json\/wp\/v2\/users\/4"}],"replies":[{"embeddable":true,"href":"https:\/\/siefar.org\/gb\/wp-json\/wp\/v2\/comments?post=2988"}],"version-history":[{"count":0,"href":"https:\/\/siefar.org\/gb\/wp-json\/wp\/v2\/pages\/2988\/revisions"}],"up":[{"embeddable":true,"href":"https:\/\/siefar.org\/gb\/wp-json\/wp\/v2\/pages\/2851"}],"wp:attachment":[{"href":"https:\/\/siefar.org\/gb\/wp-json\/wp\/v2\/media?parent=2988"}],"curies":[{"name":"wp","href":"https:\/\/api.w.org\/{rel}","templated":true}]}}