{"id":2986,"date":"2009-09-25T13:56:23","date_gmt":"2009-09-25T13:56:23","guid":{"rendered":"http:\/\/313"},"modified":"2009-09-25T13:56:23","modified_gmt":"2009-09-25T13:56:23","slug":"helisenne-de-crenne-les-epitres-familieres-et-invectives-le-songe","status":"publish","type":"page","link":"https:\/\/siefar.org\/gb\/publications-articles\/helisenne-de-crenne-les-epitres-familieres-et-invectives-le-songe\/","title":{"rendered":"H\u00e9lisenne de Crenne : Les Ep\u00eetres famili\u00e8res et invectives, Le Songe"},"content":{"rendered":"<div style=\"text-align: justify;\" class=\"corpsTexte\"><span style=\"color: rgb(128, 0, 0);\"><strong><span style=\"font-size: small;\">Jean-Philippe BEAULIEU <\/span>(&eacute;d.)<\/strong><\/span><strong><br \/>\n<\/strong><\/div>\n<div style=\"text-align: justify;\" class=\"corpsTexte\"><strong><br \/>\n<\/strong><\/div>\n<div style=\"text-align: justify;\" class=\"corpsTexte\"><strong><span style=\"font-size: small;\"><img loading=\"lazy\" decoding=\"async\" width=\"115\" hspace=\"4\" height=\"188\" align=\"left\" alt=\"\" src=\"docsiefar\/image\/HC2-couverture.gif\" style=\"margin-right: 10px; margin-bottom: 10px;\" \/>Saint-&Eacute;tienne, Publications de l&#8217;Universit&eacute;, collection &laquo; la cit&eacute; des dames &raquo; n&deg; 7, 2008, 192 p., 12 euros.<\/span><\/strong><\/div>\n<div style=\"text-align: justify;\" class=\"corpsTexte\"><span style=\"font-size: small;\"><br \/>\nH&eacute;lisenne de Crenne doit sa notori&eacute;t&eacute; aux A<em>ngoisses douloureuses qui proc&egrave;dent d&rsquo;amour <\/em>(1538), vaste roman auquel r&eacute;pondent deux autres &eacute;crits post&eacute;rieurs: les <em>&Eacute;p&icirc;tres famili&egrave;res et invectives <\/em>et le <em>Songe de madame H&eacute;lisenne<\/em>. Infl&eacute;chissant les enjeux amoureux du roman dans des directions nouvelles, ces &oelig;uvres se r&eacute;v&egrave;lent d&rsquo;indispensables compl&eacute;ments aux Angoisses et doivent &ecirc;tre lus &agrave; leur suite, comme nous y invitaient d&rsquo;ailleurs les &OElig;uvres de madame H&eacute;lisenne, rassembl&eacute;es d&egrave;s 1543. Dans les &Eacute;p&icirc;tres, la diversit&eacute; des destinataires permet &agrave; l&rsquo;&eacute;pistoli&egrave;re de mettre en sc&egrave;ne la confession d&rsquo;un amour qu&rsquo;elle avait pr&eacute;c&eacute;demment condamn&eacute;; d&eacute;laissant cette fonction de porte-parole des valeurs de son milieu, elle fait entendre une voix qui affirme avec force son appartenance au sexe f&eacute;minin et son droit &agrave; l&rsquo;&eacute;criture. Dans le Songe, elle emprunte la forme du r&eacute;cit all&eacute;gorique pour mettre en sc&egrave;ne des dialogues de plus en plus abstraits, qui finissent par assurer &agrave; Raison la victoire sur Sensualit&eacute;; par cette mise &agrave; distance de l&rsquo;exp&eacute;rience personnelle, le Songe assure une fin satisfaisante &ndash;du moins sur le plan des id&eacute;es&ndash; &agrave; un questionnement sur l&rsquo;amour inlassablement repris et modul&eacute; d&rsquo;un texte &agrave; l&rsquo;autre.<\/span><\/div>\n<div style=\"text-align: justify;\" class=\"corpsTexte\"><span style=\"font-size: small;\"><br \/>\n<\/span><em><span style=\"font-size: small;\">Professeur au D&eacute;partement des litt&eacute;ratures de langue fran&ccedil;aise de l&rsquo;Universit&eacute; de Montr&eacute;al et sp&eacute;cialiste de la Renaissance, Jean-Philippe Beaulieu s&rsquo;int&eacute;resse depuis de nombreuses ann&eacute;es aux &eacute;crivaines de l&rsquo;Ancien R&eacute;gime. Il a consacr&eacute; plusieurs &eacute;tudes et &eacute;ditions critiques &agrave; Marguerite de Navarre, Marie de Gournay et H&eacute;lisenne de Crenne. Il a &eacute;dit&eacute; les <\/span><\/em><span style=\"font-size: small;\"><a href=\"1\/'var_mode=calcul\">Angoisses douloureuses qui proc&egrave;dent d&rsquo;amour<\/a> <\/span><em><span style=\"font-size: small;\">dans cette m&ecirc;me collection (2005).<\/span><\/em><\/div>\n<div style=\"text-align: justify;\" class=\"corpsTexte\"><\/div>\n<div style=\"text-align: justify;\" class=\"corpsTexte\"><span style=\"font-size: small;\">Volume broch&eacute;, format poche, textes en orthographe et ponctuations modernis&eacute;es. ISBN 978-2-86272-489-8<\/span><\/div>\n<div style=\"text-align: justify;\" class=\"corpsTexte\"><\/div>\n<div style=\"text-align: justify;\" class=\"corpsTexte\"><strong><span style=\"font-size: small;\"><br \/>\n<a href=\"https:\/\/publications.univ-st-etienne.fr\/product.php?id_produit=608\">Acheter en ligne<\/a><\/span><\/strong><\/div>\n<div style=\"text-align: justify;\" class=\"corpsTexte\"><span style=\"font-size: small;\"><br \/>\nPour commander l&#8217;ouvrage aupr&egrave;s de votre libraire, le distributeur des PUSE est la SODIS.<\/p>\n<p><\/span><\/div>\n","protected":false},"excerpt":{"rendered":"<p>Jean-Philippe BEAULIEU (&eacute;d.) Saint-&Eacute;tienne, Publications de l&#8217;Universit&eacute;, collection &laquo; la cit&eacute; des dames &raquo; n&deg; 7, 2008, 192 p., 12 euros. H&eacute;lisenne de Crenne doit sa notori&eacute;t&eacute; aux Angoisses douloureuses qui proc&egrave;dent d&rsquo;amour (1538), vaste roman auquel r&eacute;pondent deux autres &eacute;crits post&eacute;rieurs: les &Eacute;p&icirc;tres famili&egrave;res et invectives et le Songe de madame H&eacute;lisenne. Infl&eacute;chissant les [&hellip;]<\/p>\n","protected":false},"author":4,"featured_media":0,"parent":2851,"menu_order":0,"comment_status":"closed","ping_status":"closed","template":"","meta":{"_acf_changed":false,"footnotes":""},"class_list":["post-2986","page","type-page","status-publish","hentry"],"translation":{"provider":"WPGlobus","version":"3.0.0","language":"gb","enabled_languages":["fr","gb"],"languages":{"fr":{"title":true,"content":true,"excerpt":false},"gb":{"title":false,"content":false,"excerpt":false}}},"acf":[],"_links":{"self":[{"href":"https:\/\/siefar.org\/gb\/wp-json\/wp\/v2\/pages\/2986","targetHints":{"allow":["GET"]}}],"collection":[{"href":"https:\/\/siefar.org\/gb\/wp-json\/wp\/v2\/pages"}],"about":[{"href":"https:\/\/siefar.org\/gb\/wp-json\/wp\/v2\/types\/page"}],"author":[{"embeddable":true,"href":"https:\/\/siefar.org\/gb\/wp-json\/wp\/v2\/users\/4"}],"replies":[{"embeddable":true,"href":"https:\/\/siefar.org\/gb\/wp-json\/wp\/v2\/comments?post=2986"}],"version-history":[{"count":0,"href":"https:\/\/siefar.org\/gb\/wp-json\/wp\/v2\/pages\/2986\/revisions"}],"up":[{"embeddable":true,"href":"https:\/\/siefar.org\/gb\/wp-json\/wp\/v2\/pages\/2851"}],"wp:attachment":[{"href":"https:\/\/siefar.org\/gb\/wp-json\/wp\/v2\/media?parent=2986"}],"curies":[{"name":"wp","href":"https:\/\/api.w.org\/{rel}","templated":true}]}}