{"id":2985,"date":"2009-09-25T13:28:15","date_gmt":"2009-09-25T13:28:15","guid":{"rendered":"http:\/\/312"},"modified":"2009-09-25T13:28:15","modified_gmt":"2009-09-25T13:28:15","slug":"oeuvres-de-femmes-publiees-depuis-1990-anthologies","status":"publish","type":"page","link":"https:\/\/siefar.org\/gb\/bibliographies2\/oeuvres-de-femmes-publiees-depuis-1990-anthologies\/","title":{"rendered":"Oeuvres de femmes publi\u00e9es depuis 1990 &#8211; Anthologies"},"content":{"rendered":"<ul>\n<li style=\"text-align: justify;\"><strong>2016,\u00a0<em>Th\u00e9\u00e2tre de femmes de l&#8217;Ancien R\u00e9gime<\/em><\/strong><\/li>\n<\/ul>\n<p style=\"text-align: justify;\">&#8211; \u00a0<a href=\"http:\/\/siefar.org\/theatre-femmes-t4\/\"><strong>Volume 4, XVIIIe si\u00e8cle<\/strong>,<\/a> dir. Aurore Evain, Perry Gethner, Henriette Goldwyn, avec la collab. de Rotraud von Kulessa, Marie-Emmanuelle Plagnol-Di\u00e9val, Charlotte Simonin et Gabrielle Verdier, \u00a0Paris, Classiques Garnier. Pi\u00e8ces de Mlle Monicault, H\u00e9l\u00e8ne Riccoboni, Anne-Marie du Boccage, Fran\u00e7oise de Graffigny, Marguerite de Staal-Delaunay, Mme de Montesson et Fran\u00e7oise Benoist.<\/p>\n<p style=\"text-align: justify;\">&#8211; <strong><a href=\"http:\/\/siefar.org\/theatre-de-femmes-t2\/\">Volume 2, XVIIe si\u00e8cle<\/a>,<\/strong> dir. Aurore Evain, Perry Gethner, Henriette Goldwyn, Paris, Classiques Garnier (r\u00e9\u00e9dition du vol. paru chez Publications de l&#8217;universit\u00e9 de Saint-Etienne, coll. La cit\u00e9 des dames, en 2008, voir plus bas).<\/p>\n<p>&nbsp;<\/p>\n<ul>\n<li style=\"text-align: justify;\"><span style=\"font-size: 12pt;\"><strong>2014, <a href=\"1\/\"><em>Th\u00e9\u00e2tre de femmes de l&#8217;Ancien R\u00e9gime<\/em>, vol. 1,<\/a><em><a href=\"1\/\"> XVIe si\u00e8cle<\/a><\/em><\/strong><\/span><\/li>\n<\/ul>\n<div class=\"corpsTexte\" style=\"text-align: justify;\"><span style=\"font-size: 12pt;\"> &#8211; Dir. Aurore Evain, Perry Gethner, Henriette Goldwyn, Paris, Classiques Garnier (r\u00e9\u00e9dition du vol. paru chez Publications de l&#8217;universit\u00e9 de Saint-Etienne, coll. La cit\u00e9 des dames, en 2006). Pi\u00e8ces de Marguerite de Navarre (\u00e9d. Catherine Masson et Nancy Erickson Bouzarar, en collab. avec Aurore Evain), de Louise Lab\u00e9 et Catherine Des Roches (\u00e9d. Eliane Viennot).<\/span><\/div>\n<div class=\"corpsTexte\" style=\"text-align: justify;\"><span style=\"font-size: 12pt;\">\u00a0<\/span><\/div>\n<ul style=\"text-align: justify;\">\n<li><span style=\"font-size: 12pt;\"><strong>2014,\u00a0<em><a href=\"http:\/\/www.siefar.org\/actualites-du-domaine\/dernieres-parutions\/parution-de-notre-diteur-partenaire-classiques-garnier\/?lang=fr&amp;li=sousrub13\">Remontrances, proph\u00e9ties et confessions de femmes (1575-1650)<\/a><\/em><\/strong><\/span><\/li>\n<\/ul>\n<div class=\"corpsTexte\" style=\"text-align: justify;\"><span style=\"font-size: 12pt;\"> &#8211; Ed. Jean-Philippe Beaulieu, Paris, Classiques Garnier.<\/span><\/div>\n<div class=\"corpsTexte\" style=\"text-align: justify;\"><span style=\"font-size: 12pt;\">\u00a0<\/span><\/div>\n<ul style=\"text-align: justify;\">\n<li><span style=\"font-size: 12pt;\"><strong>2010, <em><a href=\"1\/\">\u00c9crits f\u00e9ministes de Christine de Pizan \u00e0 Simone de Beauvoir<\/a><\/em><\/strong><\/span><\/li>\n<\/ul>\n<div class=\"corpsTexte\" style=\"text-align: justify;\"><span style=\"font-size: 12pt;\">&#8211; Ed. Nicole Pellegrin, Paris, Flammarion.<\/span><\/div>\n<div class=\"corpsTexte\" style=\"text-align: justify;\"><span style=\"font-size: 12pt;\">\u00a0<\/span><\/div>\n<ul style=\"text-align: justify;\">\n<li><span style=\"font-size: 12pt;\"><strong>2008, <em>\u00ab Si tu lis jamais ce journal\u2026 \u00bb : Diaristes russes francophones. 1780-1854<\/em><\/strong><\/span><\/li>\n<\/ul>\n<div class=\"corpsTexte\" style=\"text-align: justify;\"><span style=\"font-size: 12pt;\"> &#8211; Ed. Elena Gretchana\u00efa et Catherine Viollet, Paris, CNRS Editions.<\/span><\/div>\n<div class=\"corpsTexte\" style=\"text-align: justify;\"><span style=\"font-size: 12pt;\">\u00a0<\/span><\/div>\n<ul style=\"text-align: justify;\">\n<li><span style=\"font-size: 12pt;\"><strong>2008, <a href=\"1\/\"><em>Th\u00e9\u00e2tre de femmes de l&#8217;Ancien R\u00e9gime,<\/em> vol. 2, <\/a><em><a href=\"1\/\">XVIIe si\u00e8cle<\/a><\/em><\/strong><\/span><\/li>\n<\/ul>\n<div class=\"corpsTexte\" style=\"text-align: justify;\"><span style=\"font-size: 12pt;\"> &#8211; Dir. Aurore Evain, Perry Gethner, Henriette Goldwyn, Saint-Etienne, Publications de l&#8217;universit\u00e9. Pi\u00e8ces de Fran\u00e7oise Pascal (\u00e9d. D\u00e9borah Steinberger &amp; Perry Gethner), de la soeur de La Chapelle (\u00e9d. Paul Scott), de Mme de Villedieu (\u00e9d. Henriette Goldwyn), d&#8217;Anne de La Roche Guilhen (\u00e9d. Juliette Cherbuliez), et de Mme Deshouli\u00e8res (\u00e9d. Perry Gethner).<\/span><\/div>\n<div class=\"corpsTexte\" style=\"text-align: justify;\"><span style=\"font-size: 12pt;\">\u00a0<\/span><\/div>\n<ul style=\"text-align: justify;\">\n<li><span style=\"font-size: 12pt;\"><strong>2007, <em>Mme Levesque, Mme de Gomez, Mme de Dreuilley, Mme Le Marchand, Mme de Lintot, Mme de Lassay, Mme Fagnan, Mlle Falques, Contes ; Mlle de Lussan, Les \u00ab Veill\u00e9es de Thessalie \u00bb<\/em><\/strong><\/span><\/li>\n<\/ul>\n<div class=\"corpsTexte\" style=\"text-align: justify;\"><span style=\"font-size: 12pt;\"> &#8211; \u00e9d. Raymonde Robert, Nadine et Jean-Claude Decourt, Paris, H. Champion.<\/span><\/div>\n<div class=\"corpsTexte\" style=\"text-align: justify;\"><span style=\"font-size: 12pt;\">\u00a0<\/span><\/div>\n<ul style=\"text-align: justify;\">\n<li><span style=\"font-size: 12pt;\"><strong>2007, <em>La Conqu\u00eate des Lettres au Qu\u00e9bec (1759-1799)<\/em><\/strong><\/span><\/li>\n<\/ul>\n<div class=\"corpsTexte\" style=\"text-align: justify;\"><span style=\"font-size: 12pt;\"> &#8211; Anthologie, dir. Bernard Andr\u00e8s, Laval, PUL, Les Collections de la R\u00e9publique des Lettres, 2007, 750 p., ISBN : 978-2-7637-8496-0. Plusieurs textes d\u2019autrices de l\u2019Ancien R\u00e9gime : Une religieuse de l\u2019H\u00f4pital g\u00e9n\u00e9ral <em>(attribu\u00e9 \u00e0 Marie Joseph Legardeur de Repentigny)<\/em>,<\/span><\/div>\n<div class=\"corpsTexte\" style=\"text-align: justify;\"><span style=\"font-size: 12pt;\">\u00abRelation de ce qui s\u2019est pass\u00e9 au Si\u00e8ge de Qu\u00e9bec\u00bb (1765). Compliments des petites pensionnaires de l\u2019H\u00f4pital-G\u00e9n\u00e9ral de Qu\u00e9bec (1774). Frances (Moore) Brooke, Lettre X. Isabelle Fermor \u00e0 Miss Rivers (1769). Marie-Catherine Juchereau-Duchesnay (S\u0153ur Saint-Ignace), Lettre \u00e0 la M\u00e8re Marie-Anne La Corne de la Croix (1777). Doroth\u00e9 Attrist\u00e9e (pseudonyme), \u00c0 l\u2019Imprimeur de la Gazette de Qu\u00e9bec.Vous saurez que je me suis mari\u00e9e <em>(\u2026)<\/em>(1778). Sophie Frankly (pseudonyme), Mr. l\u2019Imprimeur. Je suis une femme de <em>(\u2026)<\/em> (1778); Le Beau sexe (pseudonyme), \u00c0 l\u2019Imprimeur. Ne vous laissez pas tromper \u00e0 l\u2019avenir aussi grossi\u00e9rement <em>(\u2026)<\/em> (1778). Le logogriphe de F\u00e9licit\u00e9, Canadienne (pseudonyme): \u00c0 l\u2019Imprimeur. Monsieur, Pour la premi\u00e8re fois de ma vie, je hasarde d\u2019\u00e9crire \u00e0 un homme <em>(\u2026)<\/em> (1778); Le Spectateur tranquille <em>(Valentin Jautard)<\/em> \u00c0 F\u00e9licit\u00e9 Canadienne, En v\u00e9rit\u00e9, Mademoiselle, c\u2019est bien commencer <em>(\u2026)<\/em> (1778); F\u00e9licit\u00e9 Canadienne, Au public. On m\u2019a presque fait une querelle <em>(\u2026)<\/em> (1779); Le Spectateur tranquille <em>(Valentin Jautard)<\/em> \u00c0 F\u00e9licit\u00e9 Canadienne. Votre derni\u00e8re production me donnerait envie de vous conna\u00eetre <em>(\u2026)<\/em> (1779). Mademoiselle V*** et M. S. (pseudonymes): M. S. \u00c0 Mademoiselle V***. Les \u00e9gards que nous devons \u00e0 votre sexe doit engager le n\u00f4tre \u00e0 satisfaire vos d\u00e9sirs <em>(\u2026)<\/em> (1779); V*** \u00c0 M. S. En r\u00e9ponse \u00e0 la v\u00f4tre <em>(\u2026)<\/em> (1779). Lettres de prison: Lettre de Catherine Delezenne (conjointe de Pierre de Sales Laterri\u00e8re) \u00e0 Haldimand (1779); Lettre de Marie Mirabeau (\u00e9pouse de Fleury Mesplet) \u00e0 Haldimand (1779). \u00c9ducation f\u00e9minine: Honestas (pseudonyme), Les principes qui r\u00e8glent pr\u00e9sentement l\u2019\u00e9ducation f\u00e9minine <em>(\u2026)<\/em> (1794); Sophia (pseudonyme), Peu m\u2019importe que vous so\u00efez le p\u00e8re d\u2019une demie douzaine de filles <em>(\u2026)<\/em> (1794). <em>(Anonyme)<\/em>, Le droit des femmes (1795).<\/span><\/div>\n<div class=\"corpsTexte\" style=\"text-align: justify;\"><span style=\"font-size: 12pt;\">\u00a0<\/span><\/div>\n<ul style=\"text-align: justify;\">\n<li><span style=\"font-size: 12pt;\"><strong>2006, <a href=\"1\/\"><em>Th\u00e9\u00e2tre de femmes de l&#8217;Ancien R\u00e9gime<\/em>, vol. 1, <\/a><em><\na href=\"1\/\">XVIe si\u00e8cle<\/a><\/em><\/strong><\/span><\/li>\n<\/ul>\n<div class=\"corpsTexte\" style=\"text-align: justify;\"><span style=\"font-size: 12pt;\"> &#8211; Dir. Aurore Evain, Perry Gethner, Henriette Goldwyn, Saint-Etienne, Publications de l&#8217;universit\u00e9. Pi\u00e8ces de Marguerite de Navarre (\u00e9d. Catherine Masson et Nancy Erickson Bouzarar, en collab. avec Aurore Evain), de Louise Lab\u00e9 et Catherine Des Roches (\u00e9d. Eliane Viennot). Epuis\u00e9 : <a href=\"1\/\">r\u00e9\u00e9dition 2014, Classiques Garnier<\/a>.<\/span><\/div>\n<div class=\"corpsTexte\" style=\"text-align: justify;\"><span style=\"font-size: 12pt;\">\u00a0<\/span><\/div>\n<ul style=\"text-align: justify;\">\n<li><span style=\"font-size: 12pt;\"><strong>2006, <em><a href=\"1\/\">Voix de femmes au Moyen \u00c2ge. Savoir, mystique, po\u00e9sie, amour, sorcellerie XIIe-XVe si\u00e8cle<\/a><\/em><\/strong><\/span><\/li>\n<\/ul>\n<div class=\"corpsTexte\" style=\"text-align: justify;\"><span style=\"font-size: 12pt;\"> &#8211; Dir. Danielle R\u00e9gnier-Bohler, Paris, \u00e9d. Robert Laffont, coll. &#8220;Bouquins&#8221;.<\/span><\/div>\n<div class=\"corpsTexte\" style=\"text-align: justify;\"><span style=\"font-size: 12pt;\">\u00a0<\/span><\/div>\n<ul style=\"text-align: justify;\">\n<li><span style=\"font-size: 12pt;\"><strong>2006, Lettres intimes, une collection d\u00e9voil\u00e9e<\/strong><\/span><\/li>\n<\/ul>\n<div class=\"corpsTexte\" style=\"text-align: justify;\"><span style=\"font-size: 12pt;\">&#8211; \u00c9ditions Textuel, oct. 2006, 240 p., 50 Euros (Plusieurs lettres concernent des femmes de l\u2019Ancien R\u00e9gime : Diane de Poitiers \u00e0 Antoinette de Guise ; Notice de S.A.R. la princesse de Kent ; Fran\u00e7ois de Malherbe \u00e0 Charlotte Jouvenel des Ursins ; Henri IV \u00e0 Marie de M\u00e9dicis ; Notice de Marianne Cayatte et Gilles Gibert ; Jean Racine \u00e0 Marie Rivi\u00e8re ; Le comte de Chesterfield \u00e0 sa ma\u00eetresse ; Le marquis de Sade \u00e0 sa femme ; Lucile Desmoulins \u00e0 Madame Duplessis ; Marie-Antoinette et Madame \u00c9lisabeth de France au comte d\u2019Artois ; Germaine de Sta\u00ebl \u00e0 Maurice O\u2019Donnell).<\/span><\/div>\n<div class=\"corpsTexte\" style=\"text-align: justify;\"><span style=\"font-size: 12pt;\">\u00a0<\/span><\/div>\n<ul style=\"text-align: justify;\">\n<li><span style=\"font-size: 12pt;\"><strong>2005, <em><a href=\"1\/\">Les Femmes et la tradition litt\u00e9raire. Anthologie du Moyen \u00c2ge \u00e0 nos jours. Premi\u00e8re partie: XIIe-XVIIIe si\u00e8cles<\/a><\/em><\/strong><\/span><\/li>\n<\/ul>\n<div class=\"corpsTexte\" style=\"text-align: justify;\"><span style=\"font-size: 12pt;\"> &#8211; \u00e9d. Vicki Mistacco, New Haven et Londres, Yale University Press, ISBN 0-3000-11443-5 (poche).<\/span><\/div>\n<div class=\"corpsTexte\" style=\"text-align: justify;\"><span style=\"font-size: 12pt;\">\u00a0<\/span><\/div>\n<ul style=\"text-align: justify;\">\n<li><span style=\"font-size: 12pt;\"><strong>2005, <em><a href=\"1\/\">Vivre libre et \u00e9crire. Anthologie des romanci\u00e8res de la p\u00e9riode r\u00e9volutionnaire (1789-1800)<\/a><\/em><\/strong><\/span><\/li>\n<\/ul>\n<div class=\"corpsTexte\" style=\"text-align: justify;\"><span style=\"font-size: 12pt;\"> &#8211; \u00e9d. Huguette Krief, Oxford\/Paris, Voltaire Foundation\/PUPS. [\u00abZilia, roman pastoral\u00bb d&#8217;A.-M. de Beaufort d&#8217;Hautpoul; \u00abLe Prince philosophe, conte oriental\u00bb d&#8217;O. de Gouges; \u00abLes Visites de Mademoiselle D*K***\u00bb de M. F. de K\u00e9ralio; \u00abZulma, fragment d&#8217;un ouvrage\u00bb de G. de Sta\u00ebl; \u00abTriomphe de la saine philosophie ou la vraie politique des femmes\u00bb de Mme Booser; \u00abLes Chevaliers du Cygne ou la Cour de Charlemagne\u00bb de Mme de Genlis; \u00abTrois femmes\u00bb d&#8217;I. de Charri\u00e8re; \u00abLe Ch\u00e2teau noir ou les souffrances de la jeune Ophelle\u00bb d&#8217;A. M\u00e9rard de Saint-Just; \u00abIllyrine ou l&#8217;\u00e9cueil de l&#8217;inexp\u00e9rience\u00bb de S. Giroust; \u00abMalvina\u00bb de S. Cottin; \u00abIrma ou les malheurs d&#8217;une jeune orpheline, histoire indienne\u00bb d&#8217;E. Brossin de M\u00e9r\u00e9.]<\/span><\/div>\n<div class=\"corpsTexte\" style=\"text-align: justify;\"><span style=\"font-size: 12pt;\">\u00a0<\/span><\/div>\n<ul style=\"text-align: justify;\">\n<li><span style=\"font-size: 12pt;\"><strong>2005,<em><a href=\"1\/\">Lettres de femmes. Textes in\u00e9dits et oubli\u00e9s du XVIe au XVIIIe si\u00e8cle<\/a><\/em><\/strong><\/span><\/li>\n<\/ul>\n<div class=\"corpsTexte\" style=\"text-align: justify;\"><span style=\"font-size: 12pt;\"> &#8211; \u00e9d. Elizabeth C. Goldsmith et Colette H. Winn, Paris, H. Champion.<\/span><\/div>\n<div class=\"corpsTexte\" style=\"text-align: justify;\"><span style=\"font-size: 12pt;\">\u00a0<\/span><\/div>\n<ul style=\"text-align: justify;\">\n<li><span style=\"font-size: 12pt;\"><strong>2004, <em>Contes<\/em><\/strong><\/span><\/li>\n<\/ul>\n<div class=\"corpsTexte\" style=\"text-align: justify;\"><span style=\"font-size: 12pt;\"> &#8211; \u00e9d. Raymonde Robert, Paris, H. Champion. <em>(Mademoiselle L&#8217;H\u00e9ritier, Mademoiselle Bernard, Mademoiselle de La Force, Madame Durand, Madame d&#8217;Auneuil.)<\/em><\/span><\/div>\n<div class=\"corpsTexte\" style=\"text-align: justify;\"><span style=\"font-size: 12pt;\">\u00a0<\/span><\/div>\n<ul style=\"text-align: justify;\">\n<li><span style=\"font-size: 12pt;\"><strong>2002, <em>Femmes dramaturges en France (1650-1750), pi\u00e8ces choisies (vol. 2)<\/em><\/strong><\/span><\/li>\n<\/ul>\n<div class=\"corpsTexte\" style=\"text-align: justify;\"><span style=\"font-size: 12pt;\"> &#8211; \u00e9d. Perry Gethner, Biblio 17, T\u00fcbingen, G. Narr. [\u00abEndimyon\u00bb de Fran\u00e7oise Pascal; \u00abNit\u00e9tis\u00bb de Marie-Catherine Desjardins (Mme de Villedieu); \u00abGens\u00e9ric\u00bb d&#8217;Antoinette Du Ligier de la Garde, Mme Deshouli\u00e8res; \u00abCom\u00e9dies en proverbes\u00bb de Catherine Durand (Mme B\u00e9dacier); \u00abLa Mode\u00bb de Marguerite-Jeanne Cordier Delaunay, baronne de Staal; \u00abLes Amazones\u00bb d&#8217;Anne-Marie Du Boccage]..<\/span><\/div>\n<div class=\"corpsTexte\" style=\"text-align: justify;\"><span style=\"font-size: 12pt;\">\u00a0<\/span><\/div>\n<ul style=\"text-align: justify;\">\n<li><span style=\"font-size: 12pt;\"><strong>2000, <em>Women Writers in Pre-Revolutionary France: From Marie de France to Elisabeth Vig\u00e9e Le Brun<\/em><\/strong><\/span><\/li>\n<\/ul>\n<div class=\"corpsTexte\" style=\"text-align: justify;\"><span style=\"font-size: 12pt;\">&#8211; \u00e9d. Anne R. Larsen &amp; Colette Winn, New York and London, Garland Publishing.<\/span><\/div>\n<div class=\"corpsTexte\" style=\"text-align: justify;\"><span style=\"font-size: 12pt;\">\u00a0<\/span><\/div>\n<ul style=\"text-align: justify;\">\n<li><span style=\"font-size: 12pt;\"><strong>1996, <em>Romans de femmes du XVIIIe si\u00e8cle<\/em><\/strong><\/span><\/li>\n<\/ul>\n<div class=\"corpsTexte\" style=\"text-align: justify;\"><span style=\"font-size: 12pt;\"> &#8211; \u00e9d. Raymond Trousson, Paris, Robert Laffont, \u00abBouquins\u00bb. <em>(Mme de Tencin, \u00abM\u00e9moires du comte de Comminge (1735)\u00bb; Mme de Graffigny, \u00abLettres d&#8217;une P\u00e9ruvienne (1747)\u00bb; Madame Riccoboni, \u00abLettres de mistriss Fanni Butlerd (1757)\u00bb; Mme de Charri\u00e8re, \u00abLettres Neuch\u00e2teloises (1784)\u00bb, \u00abLettres de Mistriss Henley (1784)\u00bb, \u00abLettres \u00e9crites de Lausanne (1785 et 1787)\u00bb; Olympe de Gouges, \u00abM\u00e9moires de Madame de Valmont (1788)\u00bb; Mme de Souza, \u00abAd\u00e8le de S\u00e9nange\u00bb, (1794); Mme Cottin, \u00abClaire d&#8217;Albe (1799)\u00bb; Mme de Genlis, \u00abMademoiselle de Clermont (1802)\u00bb; Mme de Kr\u00fcdener, \u00abVal\u00e9rie (1803)\u00bb; Mme de Duras, \u00abOurika (1823)\u00bb, \u00abEdouard (1824)\u00bb)<\/em>.<\/span><\/div>\n<div class=\"corpsTexte\" style=\"text-align: justify;\"><span style=\"font-size: 12pt;\">\u00a0<\/span><\/div>\n<ul style=\"text-align: justify;\">\n<li><span style=\"font-size: 12pt;\"><strong>1993, <em>Femmes dramaturges en France (1650-1750)<\/em>, pi\u00e8ces choisies (vol. 1)<\/strong><\/span><\/li>\n<\/ul>\n<div class=\"corpsTexte\" style=\"text-align: justify;\"><span style=\"font-size: 12pt;\"> &#8211; \u00e9d. Perry Gethner, Biblio 17, T\u00fcbingen, G. Narr. [\u00abL&#8217;Amoureux extravagant de Fran\u00e7oise Pascal\u00bb; \u00abLe Favori\u00bb de Marie-Catherine Desjardins (Mme de Villedieu); \u00abRare-en-tout\u00bb d&#8217;Anne de La Roche-Guilhen; \u00abLaodamie reine d&#8217;Epire\u00bb de<br \/>\n Catherine Bernard; \u00abArrie et P\u00e9tus\u00bb de Marie-Anne Barbier; \u00abC\u00e9nie\u00bb de Fran\u00e7oise de Graffigny].<\/span><\/div>\n<div class=\"corpsTexte\" style=\"text-align: justify;\"><span style=\"font-size: 12pt;\">\u00a0<\/span><\/div>\n<div class=\"corpsTexte\" style=\"text-align: justify;\"><span style=\"font-size: 12pt;\"><br \/> <\/span><\/div>\n<div class=\"corpsTexte\" style=\"text-align: right;\"><span style=\"font-size: 12pt;\"><strong><a href=\"1\/\">Retour \u00e0 la liste des autrices<\/a><\/strong><\/span><\/div>\n<div class=\"corpsTexte\" style=\"text-align: justify;\"><span style=\"font-size: 12pt;\"><br \/> <\/span><\/div>\n<div class=\"corpsTexte\" style=\"text-align: justify;\"><span style=\"font-size: 12pt;\"><br \/> <\/span><\/div>\n<div class=\"corpsTexte\" style=\"text-align: justify;\"><span style=\"font-size: 12pt;\">\u00a0<\/span><\/div>\n<div class=\"corpsTexte\" style=\"text-align: justify;\"><span style=\"font-size: 12pt;\"><br \/> <\/span><\/div>\n<div class=\"corpsTexte\" style=\"text-align: justify;\"><span style=\"font-size: 12pt;\">\u00a0<\/span><\/div>\n<div class=\"corpsTexte\" style=\"text-align: justify;\"><span style=\"font-size: 12pt;\"><br \/> <\/span><\/div>\n<div class=\"corpsTexte\" style=\"text-align: justify;\"><span style=\"font-size: 12pt;\">\u00a0<\/span><\/div>\n<div class=\"corpsTexte\" style=\"text-align: justify;\"><span style=\"font-size: 12pt;\"><br \/> <\/span><\/div>\n<div class=\"corpsTexte\" style=\"text-align: justify;\"><span style=\"font-size: 12pt;\">\u00a0<\/span><\/div>\n<div class=\"corpsTexte\" style=\"text-align: justify;\"><span style=\"font-size: 12pt;\"><br \/> <\/span><\/div>\n<div class=\"corpsTexte\" style=\"text-align: justify;\"><span style=\"font-size: 12pt;\">\u00a0<\/span><\/div>\n<div class=\"corpsTexte\" style=\"text-align: justify;\"><span style=\"font-size: 12pt;\"><br \/> <\/span><\/div>\n<div class=\"corpsTexte\" style=\"text-align: justify;\"><span style=\"font-size: 12pt;\">\u00a0<\/span><\/div>\n<div class=\"corpsTexte\" style=\"text-align: justify;\"><span style=\"font-size: 12pt;\">\u00a0<\/span><\/div>\n","protected":false},"excerpt":{"rendered":"<p>2016,\u00a0Th\u00e9\u00e2tre de femmes de l&#8217;Ancien R\u00e9gime &#8211; \u00a0Volume 4, XVIIIe si\u00e8cle, dir. Aurore Evain, Perry Gethner, Henriette Goldwyn, avec la collab. de Rotraud von Kulessa, Marie-Emmanuelle Plagnol-Di\u00e9val, Charlotte Simonin et Gabrielle Verdier, \u00a0Paris, Classiques Garnier. Pi\u00e8ces de Mlle Monicault, H\u00e9l\u00e8ne Riccoboni, Anne-Marie du Boccage, Fran\u00e7oise de Graffigny, Marguerite de Staal-Delaunay, Mme de Montesson et Fran\u00e7oise [&hellip;]<\/p>\n","protected":false},"author":4,"featured_media":1933,"parent":2975,"menu_order":0,"comment_status":"closed","ping_status":"closed","template":"","meta":{"_acf_changed":false,"footnotes":""},"class_list":["post-2985","page","type-page","status-publish","has-post-thumbnail","hentry"],"translation":{"provider":"WPGlobus","version":"3.0.0","language":"gb","enabled_languages":["fr","gb"],"languages":{"fr":{"title":true,"content":true,"excerpt":false},"gb":{"title":false,"content":false,"excerpt":false}}},"acf":[],"_links":{"self":[{"href":"https:\/\/siefar.org\/gb\/wp-json\/wp\/v2\/pages\/2985","targetHints":{"allow":["GET"]}}],"collection":[{"href":"https:\/\/siefar.org\/gb\/wp-json\/wp\/v2\/pages"}],"about":[{"href":"https:\/\/siefar.org\/gb\/wp-json\/wp\/v2\/types\/page"}],"author":[{"embeddable":true,"href":"https:\/\/siefar.org\/gb\/wp-json\/wp\/v2\/users\/4"}],"replies":[{"embeddable":true,"href":"https:\/\/siefar.org\/gb\/wp-json\/wp\/v2\/comments?post=2985"}],"version-history":[{"count":0,"href":"https:\/\/siefar.org\/gb\/wp-json\/wp\/v2\/pages\/2985\/revisions"}],"up":[{"embeddable":true,"href":"https:\/\/siefar.org\/gb\/wp-json\/wp\/v2\/pages\/2975"}],"wp:featuredmedia":[{"embeddable":true,"href":"https:\/\/siefar.org\/gb\/wp-json\/wp\/v2\/media\/1933"}],"wp:attachment":[{"href":"https:\/\/siefar.org\/gb\/wp-json\/wp\/v2\/media?parent=2985"}],"curies":[{"name":"wp","href":"https:\/\/api.w.org\/{rel}","templated":true}]}}