{"id":2983,"date":"2009-09-25T12:56:20","date_gmt":"2009-09-25T12:56:20","guid":{"rendered":"http:\/\/310"},"modified":"2009-09-25T12:56:20","modified_gmt":"2009-09-25T12:56:20","slug":"oeuvres-de-femmes-publiees-depuis-1990-lettre-s","status":"publish","type":"page","link":"https:\/\/siefar.org\/gb\/bibliographies2\/oeuvres-de-femmes-publiees-depuis-1990-lettre-s\/","title":{"rendered":"Oeuvres de femmes publi\u00e9es depuis 1990 &#8211; Lettre S"},"content":{"rendered":"<ul>\n<li>\n<div class=\"corpsTexte\" style=\"text-align: justify;\"><span style=\"font-size: 12pt;\"><strong>Sabran, Comtesse de (17**)<\/strong><\/span><\/div>\n<\/li>\n<\/ul>\n<div class=\"corpsTexte\" style=\"text-align: justify;\"><span style=\"font-size: 12pt;\"><span style=\"font-size: 12pt;\"><span style=\"font-size: 12pt;\"> &#8211; 2010, avec le chevalier de Boufflers,<em> La Promesse, correspondance 1786-1787, <\/em>pr\u00e9face de Sue Carrell, Paris, Tallandier, biblioth\u00e8que d&#8217;Evelyne Lever.<\/span><\/span><\/span><\/p>\n<hr \/>\n<\/div>\n<div class=\"corpsTexte\" style=\"text-align: justify;\">\n<ul>\n<li>\n<div class=\"corpsTexte\" style=\"text-align: justify;\"><span style=\"font-size: 12pt;\"><strong>Saint-Balmont, Mme de (1606-1660)<\/strong><\/span><\/div>\n<\/li>\n<\/ul>\n<p><span style=\"font-size: 12pt;\"> &#8211; 1995, <em>Les Jumeaux Martyrs, trag\u00e9die (1650)<\/em>, \u00e9d. H. Fourner, C. Abbott and J.-P Beaulieu, Droz, Geneva.<\/span><\/p>\n<hr \/>\n<p>&nbsp;<\/p>\n<\/div>\n<ul>\n<li>\n<div class=\"corpsTexte\" style=\"text-align: justify;\"><span style=\"font-size: 12pt;\"><strong>Salm, Constance de (1767-1845)<\/strong><\/span><\/div>\n<\/li>\n<\/ul>\n<div class=\"corpsTexte\" style=\"text-align: justify;\"><span style=\"font-size: 12pt;\"><span style=\"font-size: 12pt;\"><span style=\"font-size: 12pt;\"> &#8211; 2006, <em>Vingt-quatre heures d\u2019une femme sensible<\/em> <em>(1824)<\/em>, \u00e9d. Claude Schopp, Paris, Ph\u00e9bus.<\/span><\/span><\/span><\/p>\n<hr \/>\n<\/div>\n<ul>\n<li><span style=\"font-size: 12pt;\"><strong>Salvan de Sali\u00e8s, Antoinette (1638-1730)<\/strong><\/span><\/li>\n<\/ul>\n<div class=\"corpsTexte\" style=\"text-align: justify;\"><span style=\"font-size: 12pt;\"><span style=\"font-size: 12pt;\"> &#8211; 2004, <em>Oeuvres compl\u00e8tes: La comtesse d&#8217;Isembourg (1678), R\u00e9flexions chr\u00e9tiennes (1687), Po\u00e9sies, Lettres<\/em>, \u00e9d. G\u00e9rard Gouvernet, Paris, Champion.<br \/><\/span><\/span><\/p>\n<hr \/>\n<\/div>\n<ul>\n<li>\n<div class=\"corpsTexte\" style=\"text-align: justify;\"><span style=\"font-size: 12pt;\"><strong>Sartre, Dauphine de, marquise de Robiac (1634-1685)<\/strong><\/span><\/div>\n<\/li>\n<\/ul>\n<div class=\"corpsTexte\" style=\"text-align: justify;\"><span style=\"font-size: 12pt;\"><span style=\"font-size: 12pt;\"> &#8211; 2003, <em>De sa propre main: Recueils de choses morales de Dauphine de Sartre, marquise de Robiac (1634-1685)<\/em>, \u00e9d. Nancy M. O&#8217;Connor, Birmingham, Alabama, Summa Publications.<\/span><\/span><\/p>\n<hr \/>\n<\/div>\n<div class=\"corpsTexte\" style=\"text-align: justify;\">\n<ul style=\"font-size: 11.818181991577148px; text-align: start;\">\n<li>\n<div class=\"corpsTexte\" style=\"text-align: justify;\"><span style=\"font-size: 12pt;\"><strong>Sc\u00e8ve, Claudine (fin XVIe s.)<\/strong><\/span><\/div>\n<\/li>\n<\/ul>\n<div class=\"corpsTexte\"><span style=\"font-size: 12pt;\"><span style=\"font-size: 12pt;\"> &#8211; 2013,<i>Urbain le mescongneu filz de l\u2019empereur Federic Barberousse, t<\/i><i style=\"font-size: small;\">raduit par Claudine Sc\u00e8ve,<\/i>\u00e9d. Janine Incardona et Pascale Mounier, Paris, Droz.<\/span><\/span><\/p>\n<hr \/>\n<\/div>\n<\/div>\n<ul>\n<li>\n<div class=\"corpsTexte\" style=\"text-align: justify;\"><span style=\"font-size: 12pt;\"><strong>Schomberg, Jeanne de (1600-1674)<\/strong><\/span><\/div>\n<\/li>\n<\/ul>\n<div class=\"corpsTexte\" style=\"text-align: justify;\"><span style=\"font-size: 12pt;\"><span style=\"font-size: 12pt;\"> &#8211; 1997, <em>Reglement donn\u00e9 par une dame de haute qualit\u00e9 \u00e0 M***, sa petite-fille&#8230; (1698)<\/em>, \u00e9d. Colette Winn, Paris, Champion.<br \/><\/span><\/span><\/p>\n<hr \/>\n<\/div>\n<ul>\n<li>\n<div class=\"corpsTexte\" style=\"text-align: justify;\"><span style=\"font-size: 12pt;\"><strong>Schurman, Anne-Marie de (1607-1678)<\/strong><\/span><\/div>\n<\/li>\n<\/ul>\n<div class=\"corpsTexte\" style=\"text-align: justify;\"><span style=\"font-size: 12pt;\"><span style=\"font-size: 12pt;\"> &#8211; 2004, <em>Anne-Marie de Schurman. Femme savante (1607-1678). Correspondance<\/em>, \u00e9d. Constant Venesoen, Paris, Champion, coll. Textes de la Renaissance.<br \/><\/span><\/span><\/p>\n<hr \/>\n<\/div>\n<div class=\"corpsTexte\" style=\"text-align: justify;\">\n<ul style=\"font-size: 12px; text-align: start;\">\n<li>\n<div class=\"corpsTexte\" style=\"text-align: justify;\"><span style=\"font-size: 12pt;\"><strong>Schurman, Anne-Marie de (1607-1678)<\/strong><\/span><\/div>\n<\/li>\n<\/ul>\n<div class=\"corpsTexte\"><span style=\"font-size: 12pt;\"><span style=\"font-size: 12pt;\"> &#8211; 2004,<em>Anne-Marie de Schurman. Femme savante (1607-1678). Correspondance<\/em>, \u00e9d. Constant Venesoen, Paris, Champion, coll. Textes de la Renaissance.<br \/><\/span><\/span><\/p>\n<hr \/>\n<\/div>\n<ul>\n<li>\n<div class=\"corpsTexte\" style=\"text-align: justify;\"><span style=\"font-size: 12pt;\"><strong>Schwerin,Charlotte Louise von Heyden Schwerin, comtesse de (1684-1732)<\/strong><\/span><\/div>\n<\/li>\n<\/ul>\n<div class=\"corpsTexte\" style=\"text-align: justify;\"><span style=\"font-size: 12pt;\"><span style=\"font-size: 12pt;\"> &#8211; 2013,<i>Une conversion au XVIIIe s. M\u00e9moires de la comtesse de Schwerin<\/i>,\u00e9d.Maurice Daumas, Claudia Ulbrich, <em>et al<\/em>., Bordeaux, PUB.<br \/><\/span><\/span><\/p>\n<hr \/>\n<\/div>\n<ul>\n<li>\n<div class=\"corpsTexte\" style=\"text-align: justify;\"><span style=\"font-size: 12pt;\"><strong>S\u00e9vign\u00e9, Mme de (1626-1696)<\/strong><\/span><\/div>\n<\/li>\n<\/ul>\n<div class=\"corpsTexte\" style=\"text-align: justify;\"><span style=\"font-size: 12pt;\"><span style=\"font-size: 12pt;\"> &#8211; 2012,<i><a href=\"http:\/\/www.siefar.org\/actualites-du-domaine\/dernieres-parutions\/mme-de-svign-mme-de-murat-rousseau-voix-fminines\/?lang=fr&amp;li=sousrub13#Lignereux\">Premi\u00e8re ann\u00e9e de correspondance entre Mme de S\u00e9vign\u00e9 et Mme de Grignan<\/a>, <\/i>Paris, Classiques Garnier, \u00e9d. C\u00e9cile Lignereux.<br \/> &#8211; 2009,<em style=\"font-size: small;\">Lettres \u00e0 sa fille<\/em>, \u00e9d. Martine Reid, Paris, Gallimard, \u00abFolio 2 euros\u00bb, s\u00e9rie \u00ab<a style=\"font-size: small;\" href=\"1\/\">Femmes de lettres<\/a>\u00bb.<br \/> &#8211; 2007,<em> M\u00e8re et fille. Correspondances de Mme de S\u00e9vign\u00e9, George Sand, Sido et Colette<\/em>, dir. F. Maget, lecture d&#8217;image par Agn\u00e8s Verlet, Paris, Gallimard \u00abFolioplus classiques\u00bb.<br \/> &#8211; 2003, <em>Lettres<\/em>, \u00e9d. H\u00e9l\u00e8ne Bernard, Paris, Flammarion.<br \/> &#8211; 2001,<em> Lettres choisies<\/em>, \u00e9d. S\u00e9bastien Lapaque, Paris, EJL.<br \/> &#8211; 2001, <em>Lettres choisies et pens\u00e9es<\/em>, Paris, Maxi-livres.<br \/> &#8211; 1998, 1997, <em>Correspondances <\/em><em>(extraits)<\/em>, Paris, Biotop.<br \/> &#8211; 1996, <em>Lettres choisies<\/em>, \u00e9d. Edmond Richer, Paris, LGF \u00able livre de poche classique\u00bb.<br \/> &#8211; 1996, <em>Propos et aphorismes<\/em>, \u00e9d. Geoges Laffly, Clichy, Valmonde.<br \/> &#8211; 1996, <em>La Bretagne chez madame de S\u00e9vign\u00e9, textes chosis, <\/em>\u00e9d. Florence Arzel, Sp\u00e9zet, Coop Breizh.<br \/> &#8211; 1993, <em>Lettres<\/em>, \u00e9d. Bernard Raffali, Paris, Flammarion.<br \/> &#8211; 1992, <em>Lettres de Madame de S\u00e9vign\u00e9: image d&#8217;un si\u00e8cle (1626-1696),<\/em> pr\u00e9f. Philippe Solers, Paris, Scala.<br \/><\/span><\/span><\/p>\n<hr \/>\n<\/div>\n<ul>\n<li>\n<div class=\"corpsTexte\" style=\"text-align: justify;\"><span style=\"font-size: 12pt;\"><strong>Souza, Ad\u00e9la\u00efde de (1761-1836)<\/strong><\/span><\/div>\n<\/li>\n<\/ul>\n<p><span style=\"font-size: 12pt;\"> &#8211; 2005, <em>Ad\u00e8le de S\u00e9nange ou Lettres de lord Sydenham<\/em>, voir <a href=\"1\/\">anthologie<\/a> Huguette Krief.<br \/> &#8211; 1996, <em>Ad\u00e8le de S\u00e9nange (1794<\/em>), voir <a href=\"1\/\">anthologie <\/a>Raymond Trousson.<br \/><\/span><\/p>\n<hr \/>\n<p>&nbsp;<\/p>\n<ul>\n<li>\n<div class=\"corpsTexte\" style=\"text-align: justify;\"><span style=\"font-size: 12pt;\"><strong>Staal-Delaunay, Mme de (1684-1750)<\/strong><\/span><\/div>\n<\/li>\n<\/ul>\n<div class=\"corpsTexte\" style=\"text-align: justify;\"><span style=\"font-size: 12pt;\"><span style=\"font-size: 12pt;\"> &#8211; 2005,<em> L\u2019Engouement et La Mode, Com\u00e9dies en trois actes,<\/em> \u00e9d. Jacques Cormier, Paris, L\u2019Harmattan.<br \/> &#8211; 2003, <em>M\u00e9moires<\/em>, \u00e9d. Cl\u00e9mence Muller, Clermont-Ferrand, Pal\u00e9o.<br \/> &#8211; 2002, <em>La Mode,<\/em> voir <a href=\"1\/\">anthologie <\/a>Perry Gethner.<br \/> &#8211; 2001, <em>M\u00e9moires de madame de Staal-Delaunay,<\/em> \u00e9d. G\u00e9rard Doscot, Paris, Mercure<br \/>\n de France.<br \/> &#8211; 1996, <em>M\u00e9moires de jeunesse,<\/em> \u00e9d. Chantal Thomas, Paris, Mercure de France.<br \/><\/span><\/span><\/p>\n<hr \/>\n<\/div>\n<ul>\n<li>\n<div class=\"corpsTexte\" style=\"text-align: justify;\"><span style=\"font-size: 12pt;\"><strong>Sta\u00ebl, Germaine de (1766-1817)<\/strong><\/span><\/div>\n<\/li>\n<\/ul>\n<div class=\"corpsTexte\" style=\"text-align: justify;\"><span style=\"font-size: 12pt;\"> &#8211; 2017,\u00a0<em>\u0152uvres compl\u00e8tes, s\u00e9rie I. \u0152uvres critiques, tome III. De l\u2019Allemagne<\/em>, \u00e9d. Axel Blaeschke, Paris, Champion<\/span><\/div>\n<div class=\"corpsTexte\" style=\"text-align: justify;\"><span style=\"font-size: 12pt;\">&#8211; 2017,\u00a0<em>Correspondance g\u00e9n\u00e9rale,<\/em>\u00a0\u00e9d. St\u00e9phanie Genand et Jean-Daniel Candaux, 9 tomes, Gen\u00e8ve, Slatkine, 2017 \u00a0<\/span><\/div>\n<div class=\"corpsTexte\" style=\"text-align: justify;\"><span style=\"font-size: 12pt;\"><span style=\"font-size: 12pt;\">&#8211; 2013,<em>\u0152uvres compl\u00e8tes, s\u00e9rie I. \u0152uvres critiques, tome II : De la litt\u00e9rature et autres essais litt\u00e9raires<\/em>, dir. St\u00e9phanie Genand, Paris, H. Champion.<br \/> &#8211; 2009, <em>\u0152uvres compl\u00e8tes III. \u0152uvres historiques I. Des circonstances actuelles et autres essais politiques sous la R\u00e9volution,<\/em> \u00e9d. B. Baczko, L. Burnand, L. Jaume, F. Lotterie, L. Omacini, J.-P. Perchellet &amp; C. Seth, Paris, H. Champion.<br \/> &#8211; 2009, Trois nouvelles, \u00e9d. Martine Reid, Paris, Gallimard, \u00abFolio 2 euros\u00bb, s\u00e9rie \u00ab<a href=\"1\/\">Femmes de lettres<\/a>\u00bb.<br \/> &#8211; 2008, <em>Correspondance g\u00e9n\u00e9rale. Tome VII, 15 mai 1809 &#8211; 23 mai 1812,<\/em> \u00e9d. B\u00e9atrice W. Jasinski &amp; Othenin d\u2019Haussonville, Paris, H. Champion.<br \/> &#8211; 2008, <em>Oeuvres critiques, tome 1 : Lettres sur les \u00e9crits et le caract\u00e8re de J.-J. Rousseau, De l\u2019influence des passions sur le bonheur des individus et des nations, De l\u2019\u00e9ducation de l\u2019\u00e2me par la vie. R\u00e9flexion sur le suicide, <\/em>\u00e9d. Florence Lotterie, annotation par A. Amend-S\u00f6chting, A. Brousteau, F. Lotterie, L. Vanoflen, Paris, H. Champion.<br \/> &#8211; 2006, <em>\u00c9crits sur la litt\u00e9rature<\/em>, \u00e9d. Eric Bordas, Paris, Le Livre de Poche.<br \/> &#8211; 2005, <em>\u00c0 la charni\u00e8re du temps. Charles-Victor de Bonstetten, Mme de Sta\u00ebl, Friederike Brun, n\u00e9e M\u00fcnter, deux dialogues \u00e9pistolaires. 1811-1813<\/em>, \u00e9d. D. et P. Walser Wilhelm, trad. Antje Kolde, Paris, Champion.<br \/> &#8211; 2005, <em>Zulma, fragment d&#8217;un ouvrage<\/em>, voir <a href=\"1\/\">anthologie <\/a>Huguette Krief.<br \/> &#8211; 2004, <em>Oeuvres compl\u00e8tes, s\u00e9rie II \u00ad Oeuvres litt\u00e9raires, t. II, Delphine,<\/em> \u00e9d. Lucia Omacini et Simone Balay\u00e9, Paris, H. Champion.<br \/> &#8211; 2000, <em>De l&#8217;influence des passions, suivi de R\u00e9flexions sur le suicide,<\/em> \u00e9d. Chantal Thomas, Paris, Payot-Rivages.<br \/> &#8211; 2000, <em>Delphine<\/em>, \u00e9d. B\u00e9atrice Didier, Paris, Flammarion.<br \/> &#8211; 2000, <em>Oeuvres litt\u00e9raires, Tome III, Corinne ou L&#8217;Italie,<\/em> \u00e9d. Simone Balay\u00e9, Paris, H. Champion.<br \/> &#8211; 1998, <em>De la litt\u00e9rature, consid\u00e9r\u00e9e dans ses rapports avec les institutions sociales,<\/em> \u00e9d. Axel Blaeschke, Paris, Flammarion, \u00abclassiques Garnier\u00bb.<br \/> &#8211; 1997, <em>OEuvres de jeunesse,<\/em> \u00e9d. Simone Balay\u00e9, Paris, Desjonqu\u00e8res.<br \/> &#8211; 1996, <em>Dix Ann\u00e9es d&#8217;exil,<\/em> \u00e9d. Simone Balay\u00e9, Paris, Fayard.<br \/> &#8211; 1996, <em>R\u00e9flexions sur le proc\u00e8s de la reine par une femme,<\/em> \u00e9d. Chantal Thomas.<br \/> &#8211; 1994, <em>R\u00e9flexions sur le proc\u00e8s de la reine par une femme, <\/em>\u00e9d. Monique Cottret, Montpellier, Presses du Languedoc.<br \/> &#8211; 1993, <em>Correspondance g\u00e9n\u00e9rale, vol. VI (nov. 1805-mai 1809),<\/em> \u00e9d. B\u00e9atrice H. Jasinski, Paris, Klincksieck.<br \/> &#8211; 1993, <em>Correspondance Germaine de Sta\u00ebl, Charles de Villiers, Benjamin Constant<\/em>, \u00e9d. Kurt Kloocke, Frankfurt am Main\/Berlin\/Paris, P. Lang.<br \/> &#8211; 1991, <em>De la litt\u00e9rature, consid\u00e9r\u00e9e dans ses rapports avec les institutions sociales<\/em>, \u00e9d. Gerard Gegembre &amp; Jean Goldzink, Paris, Flammarion, \u00abGarnier-Flammarion\u00bb.<br \/> &#8211; 1990, <em>Delphine. 2, l&#8217;Avant-texte<\/em>, \u00e9d Lucia Omacini, Gen\u00e8ve, Droz.<br \/><\/span><\/span><\/p>\n<hr \/>\n<\/div>\n<ul>\n<li>\n<div class=\"corpsTexte\" style=\"text-align: justify;\"><span style=\"font-size: 12pt;\"><strong>Suchon, Gabrielle (1631-1703)<\/strong><\/span><\/div>\n<\/li>\n<\/ul>\n<div class=\"corpsTexte\" style=\"text-align: justify;\"><span style=\"font-size: 12pt;\"> &#8211; 2002, <em>Petit trait\u00e9 de la faiblesse, de la l\u00e9g\u00e8ret\u00e9 et de l&#8217;inconstance, qu&#8217;on leur attribue mal \u00e0 propos<\/em>, \u00e9d. S\u00e9venine Auffret, Paris, Arl\u00e9a.<br \/> &#8211; 1999, <em>La Contrainte,<\/em> \u00e9d. S\u00e9venine Auffret, Paris, Arl\u00e9a.<br \/> &#8211; 1994, <em>Du C\u00e9libat volontaire, ou la vie sans engagement,<\/em> vol. 1, \u00e9d. S\u00e9venine Auffret, Paris, C\u00f4t\u00e9-femmes.<br \/> &#8211; 1988, T<em>rait\u00e9 de la morale et de la politique, divis\u00e9 en trois parties. S\u00e7avoir la libert\u00e9, la science, et l&#8217;autorit\u00e9. O\u00f9 l&#8217;on voit que les personnes du Sexe pour en \u00e9tre priv\u00e9es, ne laissent pas d&#8217;avoir une capacit\u00e9 naturelle, qui les en peut rendre participantes<\/em>, \u00e9d. S\u00e9venine Auffret, Paris, C\u00f4t\u00e9-femmes.<br \/> <\/span><\/div>\n<div class=\"corpsTexte\" style=\"text-align: justify;\"><span style=\"font-size: 12pt;\"><br \/> <\/span><\/div>\n<div class=\"corpsTexte\" style=\"text-align: justify;\"><span style=\"font-size: 12pt;\">\u00a0<\/span><\/div>\n<div class=\"corpsTexte\" style=\"text-align: right;\">\n<div class=\"corpsTexte\" style=\"text-align: right;\"><span style=\"font-size: 12pt;\"><a href=\"1\/\"><strong>Retour \u00e0 la liste des autrices<\/strong><\/a><\/span><\/div>\n<p style=\"text-align: justify;\"><span style=\"font-size: 12pt;\"><br \/> <\/span><\/p>\n<\/div>\n<p><span style=\"font-size: 12pt;\">\u00a0<\/span><\/p>\n<\/div>\n","protected":false},"excerpt":{"rendered":"<p>Sabran, Comtesse de (17**) &#8211; 2010, avec le chevalier de Boufflers, La Promesse, correspondance 1786-1787, pr\u00e9face de Sue Carrell, Paris, Tallandier, biblioth\u00e8que d&#8217;Evelyne Lever. Saint-Balmont, Mme de (1606-1660) &#8211; 1995, Les Jumeaux Martyrs, trag\u00e9die (1650), \u00e9d. H. Fourner, C. Abbott and J.-P Beaulieu, Droz, Geneva. &nbsp; Salm, Constance de (1767-1845) &#8211; 2006, Vingt-quatre heures d\u2019une [&hellip;]<\/p>\n","protected":false},"author":4,"featured_media":1933,"parent":2975,"menu_order":0,"comment_status":"closed","ping_status":"closed","template":"","meta":{"_acf_changed":false,"footnotes":""},"class_list":["post-2983","page","type-page","status-publish","has-post-thumbnail","hentry"],"translation":{"provider":"WPGlobus","version":"3.0.0","language":"gb","enabled_languages":["fr","gb"],"languages":{"fr":{"title":true,"content":true,"excerpt":false},"gb":{"title":false,"content":false,"excerpt":false}}},"acf":[],"_links":{"self":[{"href":"https:\/\/siefar.org\/gb\/wp-json\/wp\/v2\/pages\/2983","targetHints":{"allow":["GET"]}}],"collection":[{"href":"https:\/\/siefar.org\/gb\/wp-json\/wp\/v2\/pages"}],"about":[{"href":"https:\/\/siefar.org\/gb\/wp-json\/wp\/v2\/types\/page"}],"author":[{"embeddable":true,"href":"https:\/\/siefar.org\/gb\/wp-json\/wp\/v2\/users\/4"}],"replies":[{"embeddable":true,"href":"https:\/\/siefar.org\/gb\/wp-json\/wp\/v2\/comments?post=2983"}],"version-history":[{"count":0,"href":"https:\/\/siefar.org\/gb\/wp-json\/wp\/v2\/pages\/2983\/revisions"}],"up":[{"embeddable":true,"href":"https:\/\/siefar.org\/gb\/wp-json\/wp\/v2\/pages\/2975"}],"wp:featuredmedia":[{"embeddable":true,"href":"https:\/\/siefar.org\/gb\/wp-json\/wp\/v2\/media\/1933"}],"wp:attachment":[{"href":"https:\/\/siefar.org\/gb\/wp-json\/wp\/v2\/media?parent=2983"}],"curies":[{"name":"wp","href":"https:\/\/api.w.org\/{rel}","templated":true}]}}