{"id":2981,"date":"2009-09-25T12:36:57","date_gmt":"2009-09-25T12:36:57","guid":{"rendered":"http:\/\/308"},"modified":"2009-09-25T12:36:57","modified_gmt":"2009-09-25T12:36:57","slug":"oeuvres-de-femmes-publiees-depuis-1990-lettres-n-o-p","status":"publish","type":"page","link":"https:\/\/siefar.org\/gb\/bibliographies2\/oeuvres-de-femmes-publiees-depuis-1990-lettres-n-o-p\/","title":{"rendered":"Oeuvres de femmes publi\u00e9es depuis 1990 &#8211; Lettres N-O-P"},"content":{"rendered":"<ul>\n<li>\n<div class=\"corpsTexte\" style=\"text-align: justify;\"><span style=\"font-size: 12pt;\"><strong>Orl\u00e9ans, Anne Marie-Louise d&#8217;, duchesse de Montpensier <em>(Melle de)<\/em> (1627-1693)<\/strong><\/span><\/div>\n<\/li>\n<\/ul>\n<div class=\"corpsTexte\" style=\"text-align: justify;\"><span style=\"font-size: 12pt;\"><span style=\"font-size: 12pt;\"> &#8211; 2001, <em>La Grande Mademoiselle: m\u00e9moires de 1627 \u00e0 1643,<\/em> \u00e9d. Chantal Thomas &amp; A.Ch\u00e9ruel, Paris, Mercure de France.<br \/> &#8211; 1999, <em>La Vie de Jeanne Lambert d&#8217;Herbigny marquise de Fouquesolles<\/em>, Fac simile avec introduction et index, \u00e9d. Patricia F. Cholakian, Delmar N.Y., Scholars Facsimiles and Reprints.<br \/><\/span><\/span><\/p>\n<hr \/>\n<\/div>\n<ul>\n<li>\n<div class=\"corpsTexte\" style=\"text-align: justify;\"><span style=\"font-size: 12pt;\"><strong>Orl\u00e9ans, Marie de, duchesse de Nemours (1625-1707)<\/strong><\/span><\/div>\n<\/li>\n<\/ul>\n<div class=\"corpsTexte\" style=\"text-align: justify;\"><span style=\"font-size: 12pt;\"><span style=\"font-size: 12pt;\"> &#8211; 1990, <em>M\u00e9moires, suivis de lettres in\u00e9dites de Marie de Lorraine, duchesse d&#8217;Orl\u00e9ans<\/em>, \u00e9d. Micheline Cu\u00e9nin, Mercure de France.<br \/><\/span><\/span><\/p>\n<hr \/>\n<\/div>\n<ul>\n<li>\n<div class=\"corpsTexte\" style=\"text-align: justify;\"><span style=\"font-size: 12pt;\"><strong>Pascal, Fran\u00e7oise (1632-)<\/strong><\/span><\/div>\n<\/li>\n<\/ul>\n<div class=\"corpsTexte\" style=\"text-align: justify;\"><span style=\"font-size: 12pt;\"><span style=\"font-size: 12pt;\"> &#8211; 2008, <em>Agathonphile martyr, tragi-com\u00e9die<\/em>, \u00e9d. Theresa Varney Kennedy, Gunter Narr Verlag T\u00fcbingen, Biblio 17.<br \/> &#8211; 2008, <em>L&#8217;Amoureux extravagant, L&#8217;Amoureuse vaine et ridicule, S\u00e9sostris, Le Vieillard amoureux<\/em>, \u00e9d. D. Steinberger &amp; P. Gethner, voir <a href=\"1\/\">anthologie <\/a>A. Evain, P. Gethner &amp; H. Goldwyn.<br \/> &#8211; 2002, <em>Endimyon<\/em>, voir anthologie Perry Gethner.<br \/> &#8211; 2001, <em>Le Commerce du Parnasse<\/em>, \u00e9d. D\u00e9borah Steinberger, Exeter, University of Exeter.<br \/> &#8211; 1998, <em>L&#8217;Amoureux extravagant<\/em>, voir <a href=\"1\/\">anthologie <\/a>Perry Gethner.<br \/><\/span><\/span><\/p>\n<hr \/>\n<\/div>\n<ul>\n<li>\n<div class=\"corpsTexte\" style=\"text-align: justify;\"><span style=\"font-size: 12pt;\"><strong>Porete, Marguerite (12**-1310)<\/strong><\/span><\/div>\n<\/li>\n<\/ul>\n<div class=\"corpsTexte\" style=\"text-align: justify;\"><span style=\"font-size: 12pt;\"><span style=\"font-size: 12pt;\"> &#8211; 2006, <em>Le Miroir des \u00e2mes simples et an\u00e9anties (extraits)<\/em>, tr. Danielle R\u00e9gnier-Bohler, voir <a href=\"1\/\">anthologie <\/a>Danielle R\u00e9gnier-Bohler.<br \/><\/span><\/span><\/p>\n<hr \/>\n<\/div>\n<ul>\n<li>\n<div class=\"corpsTexte\" style=\"text-align: justify;\"><span style=\"font-size: 12pt;\"><strong>Pizan, Christine de (1365?-1430)<\/strong><\/span><\/div>\n<\/li>\n<\/ul>\n<div class=\"corpsTexte\" style=\"text-align: justify;\"><span style=\"font-size: 12pt;\"><span style=\"font-size: 12pt;\"> &#8211; 2017, <em>Heures de contemplacion sur la Passion de Nostre Seigneur Jhesucrist,<\/em> \u00e9d. Liliane Dulac &amp; Ren\u00e9 Stuip avec la collab. de E. J. Richards, Gen\u00e8ve, Slatkine.<\/span><\/span><\/div>\n<div class=\"corpsTexte\" style=\"text-align: justify;\"><span style=\"font-size: 12pt;\"><span style=\"font-size: 12pt;\">&#8211; 2017,\u00a0<em>Les Sept psaumes allegoris\u00e9s<\/em>, \u00e9d. Bernard Rib\u00e9mont &amp; Christine R\u00e9no, Paris, H. Champion.<br \/> &#8211; 2014,<em><a href=\"http:\/\/www.siefar.org\/actualites-du-domaine\/dernieres-parutions\/parution-de-notre-diteur-partenaire-garnier-classiques,811\/?lang=fr&amp;li=sousrub13\">Le Livre des epistres du debat sus le Rommant de la Rose<\/a><\/em><a href=\"http:\/\/www.siefar.org\/actualites-du-domaine\/dernieres-parutions\/parution-de-notre-diteur-partenaire-garnier-classiques,811\/?lang=fr&amp;li=sousrub13\">,<\/a> \u00e9d.Andrea Valentini, Paris, Classiques Garnier.<br \/> -2008, <em>\u00c9pistre d&#8217;Oth\u00e9a<\/em>, pr\u00e9face de Jacqueline Cerquiglini-Toulet, trad. de H\u00e9l\u00e8ne Basso, Paris, PUF.<br \/> &#8211; 2006, <em>La Vision de Christine<\/em>, tr. Anne Paupert, voir <a href=\"1\/\">anthologie <\/a>Danielle R\u00e9gnier-Bohler.<br \/> &#8211; 2006, <em>Le Livre des trois vertus<\/em>, tr. Liliane Dulac, voir <a href=\"1\/\">anthologie <\/a>Danielle R\u00e9gnier-Bohler.<br \/> &#8211; 2006, <em>Le Diti\u00e9 de Jehanne d&#8217;Arc<\/em>, tr. M. Switten, voir <a href=\"1\/\">anthologie <\/a>Danielle R\u00e9gnier-Bohler.<br \/> &#8211; 2003,<em> Po\u00e9sies d&#8217;amour,<\/em> \u00e9d. et trad. Camille Aubade, Paris, Aumage (\u00e9puis\u00e9).<br \/> &#8211; 2001, <em>Le Livre de l&#8217;advision Cristine<\/em>, \u00e9d. Christine Reno et Liliane Dulac, Paris, Champion.<br \/> &#8211; 2000, <em>Le Chemin de longue \u00e9tude<\/em>, \u00e9d. bilingue Andrea Tarnowski, Paris, LGF, \u00ablettres gothiques\u00bb.<br \/> &#8211; 2000, <em>L&#8217;Espistre Othea<\/em>, \u00e9d. Gabriella Parussa, Gen\u00e8ve, Droz.<br \/> &#8211; 1998, <em>Le Livre du d\u00e9bat de deux amans, Le Livre des trois jugements, et Le Livre du dit de Poissy<\/em>, \u00e9d. Barbara K. Altman, <em>The Love Debate Poems of Christine de Pizan<\/em>, Gainesville, Presses de l&#8217;U. de Floride.<br \/> &#8211; 1998, <em>Le Livre du corps de policie,<\/em> \u00e9d. Angus J. Kennedy &amp; Kenneth Varty, Paris, Champion.<br \/> &#8211; 1998, <em>The Love debate poems (Dit de Poissy, Livre des trois jugements, D\u00e9bat de deux amans)<\/em>, \u00e9d. B. Altmann, Gainesville, Univ. Press of Florida.<br \/> &#8211; 1997, <em>Le Livre des faits et bonnes moeurs du roi Charles V le Sage<\/em>, trad. en fran\u00e7ais moderne, \u00e9d. Eric Hicks et Th\u00e9r\u00e8se Moreau, Paris, Stock.<br \/> &#8211; 1997, <em>Proverbes moraulx et Epistre \u00e0 Eustache Morel<\/em>, \u00e9d. Jean-Fran\u00e7ois Kosta-Th\u00e9faine, Le Moyen Fran\u00e7ais, 38, p.61-78 et 79-92.<br \/> &#8211; 1997, <em>La Cit\u00e9 des dames<\/em>, trad. moderne Th. Moreau, E. Hicks, Paris, Stock.<br \/> &#8211; 1995, <em>Le Livre du duc des vrais amans<\/em>, \u00e9d. Thelma S. Fenster &amp; Mary C. Erler, Binghamton (New-York, USA), \u00abMedieval and Renaissance Texts and Studies\u00bb.<br \/> &#8211; 1994, <em>La Ch\u00e2telaine de Vergy,<\/em> \u00e9dition bilingue Liliane Dulac et Jean Dufournet, Paris, Gallimard, 1994.<br \/> &#8211; 1990, <em>Epistre au dieu d&#8217;amours, et Dit de la Rose,<\/em> \u00e9d. Thelma S. Fenster &amp; Mary C. Erler, Poems of Cupid, God of Love&#8230;, Leiden, Brill.<br \/><\/span><\/span><\/p>\n<hr \/>\n<\/div>\n<ul>\n<li>\n<div class=\"corpsTexte\" style=\"text-align: justify;\"><span style=\"font-size: 12pt;\"><strong>Pringy, Mme de (1660+-1709)<\/strong><\/span><\/div>\n<\/li>\n<\/ul>\n<div class=\"corpsTexte\" style=\"text-align: justify;\"><span style=\"font-size: 12pt;\"> &#8211; 2002, <em>Les Differens caracteres des femmes du siecle, avec la description de l&#8217;amour propre <\/em><em>(1694)<\/em>, \u00e9d. Colette Winn, Paris, Champion.<\/span><\/p>\n<p><span style=\"font-size: 12pt;\">\u00a0<\/span><\/p>\n<\/div>\n<div class=\"corpsTexte\" style=\"text-align: justify;\"><span style=\"font-size: 12pt;\">\u00a0<\/span><\/div>\n<div class=\"corpsTexte\" style=\"text-align: right;\">\n<div class=\"corpsTexte\" style=\"text-align: right;\"><span style=\"font-size: 12pt;\"><a href=\"1\/\"><strong>Retour \u00e0 la liste des autrices<\/strong><\/a><\/span><\/div>\n<p style=\"text-align: justify;\"><span style=\"font-size: 12pt;\"><br \/> <\/span><\/p>\n<\/div>\n<p><span style=\"font-size: 12pt;\">\u00a0<\/span><\/p>\n","protected":false},"excerpt":{"rendered":"<p>Orl\u00e9ans, Anne Marie-Louise d&#8217;, duchesse de Montpensier (Melle de) (1627-1693) &#8211; 2001, La Grande Mademoiselle: m\u00e9moires de 1627 \u00e0 1643, \u00e9d. Chantal Thomas &amp; A.Ch\u00e9ruel, Paris, Mercure de France. &#8211; 1999, La Vie de Jeanne Lambert d&#8217;Herbigny marquise de Fouquesolles, Fac simile avec introduction et index, \u00e9d. Patricia F. Cholakian, Delmar N.Y., Scholars Facsimiles and [&hellip;]<\/p>\n","protected":false},"author":4,"featured_media":1933,"parent":2975,"menu_order":0,"comment_status":"closed","ping_status":"closed","template":"","meta":{"_acf_changed":false,"footnotes":""},"class_list":["post-2981","page","type-page","status-publish","has-post-thumbnail","hentry"],"translation":{"provider":"WPGlobus","version":"3.0.0","language":"gb","enabled_languages":["fr","gb"],"languages":{"fr":{"title":true,"content":true,"excerpt":false},"gb":{"title":false,"content":false,"excerpt":false}}},"acf":[],"_links":{"self":[{"href":"https:\/\/siefar.org\/gb\/wp-json\/wp\/v2\/pages\/2981","targetHints":{"allow":["GET"]}}],"collection":[{"href":"https:\/\/siefar.org\/gb\/wp-json\/wp\/v2\/pages"}],"about":[{"href":"https:\/\/siefar.org\/gb\/wp-json\/wp\/v2\/types\/page"}],"author":[{"embeddable":true,"href":"https:\/\/siefar.org\/gb\/wp-json\/wp\/v2\/users\/4"}],"replies":[{"embeddable":true,"href":"https:\/\/siefar.org\/gb\/wp-json\/wp\/v2\/comments?post=2981"}],"version-history":[{"count":0,"href":"https:\/\/siefar.org\/gb\/wp-json\/wp\/v2\/pages\/2981\/revisions"}],"up":[{"embeddable":true,"href":"https:\/\/siefar.org\/gb\/wp-json\/wp\/v2\/pages\/2975"}],"wp:featuredmedia":[{"embeddable":true,"href":"https:\/\/siefar.org\/gb\/wp-json\/wp\/v2\/media\/1933"}],"wp:attachment":[{"href":"https:\/\/siefar.org\/gb\/wp-json\/wp\/v2\/media?parent=2981"}],"curies":[{"name":"wp","href":"https:\/\/api.w.org\/{rel}","templated":true}]}}