{"id":2979,"date":"2009-09-24T18:41:58","date_gmt":"2009-09-24T18:41:58","guid":{"rendered":"http:\/\/306"},"modified":"2009-09-24T18:41:58","modified_gmt":"2009-09-24T18:41:58","slug":"oeuvres-de-femmes-publiees-depuis-1990-lettre-l","status":"publish","type":"page","link":"https:\/\/siefar.org\/gb\/bibliographies2\/oeuvres-de-femmes-publiees-depuis-1990-lettre-l\/","title":{"rendered":"Oeuvres de femmes publi\u00e9es depuis 1990 &#8211; Lettre L"},"content":{"rendered":"<ul>\n<li>\n<div class=\"corpsTexte\" style=\"text-align: justify;\"><span style=\"font-size: 12pt;\"><strong>Lab\u00e9, Louise (1520?-1566)<\/strong><\/span><\/div>\n<\/li>\n<\/ul>\n<div class=\"corpsTexte\" style=\"text-align: justify;\"><span style=\"font-size: 12pt;\"><span style=\"font-size: 12pt;\"> &#8211; 2006, <em>D\u00e9bat de Folie et d&#8217;Amour<\/em>, \u00e9d. E. Viennot, voir <a href=\"1\/'var_mode=calcul\">anthologie <\/a>A. Evain, P. Gethner &amp; H. Goldwyn.<br \/> &#8211; 2006, <em>Complete Poetry and Prose: A Bilingual Edition<\/em>, Edited with introductions and prose translation by Deborah Lesko Baker, poetry translation by Annie Finch, The Other Voice in Early Modern Europe, Chicago\/London, The University of Chicago Press.<br \/> &#8211; 2004, <em>\u0152uvres compl\u00e8tes<\/em>, \u00e9d. Fran\u00e7ois Rigolot, Paris, Flammarion \u00abG.-F.\u00bb, 2004 (\u00e9d. corrig\u00e9e et mise \u00e0 jour).<strong><br \/> <\/strong><\/span><\/span><\/p>\n<hr \/>\n<\/div>\n<ul>\n<li>\n<div class=\"corpsTexte\" style=\"text-align: justify;\"><span style=\"font-size: 12pt;\"><strong>La Chapelle, soeur (2e moiti\u00e9 du XVIIe)<\/strong><\/span><\/div>\n<\/li>\n<\/ul>\n<div class=\"corpsTexte\" style=\"text-align: justify;\"><span style=\"font-size: 12pt;\"><span style=\"font-size: 12pt;\"> &#8211; 2008, <em>L&#8217;Illustre philosophe, ou l&#8217;histoire de sainte Catherine d&#8217;Alexandrie<\/em>, \u00e9d. P. Scott, voir <a href=\"1\/'var_mode=calcul\">anthologie <\/a>A. Evain, P. Gethner &amp; H. Goldwyn.<br \/> <\/span><\/span><\/p>\n<hr \/>\n<\/div>\n<ul>\n<li>\n<div class=\"corpsTexte\" style=\"text-align: justify;\"><span style=\"font-size: 12pt;\"><strong>Lafayette, Mme de (1634-1692)<\/strong><\/span><\/div>\n<\/li>\n<\/ul>\n<div class=\"corpsTexte\" style=\"text-align: justify;\"><span style=\"font-size: 12pt;\"><span style=\"font-size: 12pt;\"> &#8211; 2017,\u00a0<em>La Princesse de Montpensier, <\/em>\u00e9d.\u00a0Camille Esmein-Sarrazin, dossier \u00a0Camille Esmein-Sarrazin et Jean-Damien Mazar\u00e9, Paris, Garnier-Flammarion.<\/span><\/span><\/div>\n<div class=\"corpsTexte\" style=\"text-align: justify;\"><span style=\"font-size: 12pt;\"><span style=\"font-size: 12pt;\">&#8211; 2010, <em>La Princesse de Montpensier, sc\u00e9nario de B. Tavernier, suivi de la nouvelle de Mme de La Fayette, \u00e9d. M. Escola,<\/em> Paris, Flammarion.<br \/> &#8211; 2009, <em>La Princesse de Cl\u00e8ves<\/em>, \u00e9d. J. Mesnard, dossier de J. Lecompte, suivis d&#8217;un entretien avec M. Darrieussecq, Paris, GF-Flammarion.<br \/> &#8211; 2009, <em>Histoire de la Princesse de Montpensier et autres nouvelles,<\/em> \u00e9d. Martine Reid, Paris, Gallimard, \u00abFolio 2 euros\u00bb, s\u00e9rie \u00ab<a href=\"1\/'var_mode=calcul\">Femmes de lettres<\/a>\u00bb.<br \/> &#8211; 2006, <em>Zayde<\/em>, \u00e9d. Camille Esmein-Sarrazin, GF-Flammarion.<br \/> &#8211; 2005, <em>La Princesse de Cl\u00e8ves<\/em>, dossier de Astor Dorian, Lagier Val\u00e9rie, Gallimard, Folio plus classiques.<br \/> &#8211; 2004, <em>La Princesse de Montpensier (1662) et La Comtesse de Tende<\/em> in Marc Escola (\u00e9d.), <em>Nouvelles galantes du XVIIe si\u00e8cle<\/em>, GF-Flammarion.<br \/> &#8211; 2003, <em>M\u00e9moires sur la cour de Louis XIV-Histoire d&#8217;Henriette d&#8217;Angleterre, M\u00e9moires de la cour pour 1688 et 1689<\/em>, \u00e9d. Paleo.<br \/> &#8211; 2003, <em>La Princesse de Montpensier, La Comtesse de Tende<\/em>, \u00e9d. Laurence Plazenet, Paris, Lgf, Le Livre de Poche, \u00abLibretti\u00bb.<br \/> &#8211; 2003, <em>La Princesse de Cl\u00e8ves (1678)<\/em>, \u00e9d. Marie P\u00e9rouse, Paris, Hatier.<br \/> &#8211; 2002, <em>La Princesse de Cl\u00e8ves<\/em>, \u00e9d. Genevi\u00e8ve Solana, Paris, Gallimard.<br \/> &#8211; 2002, <em>La Princesse de Cl\u00e8ves et autres romans<\/em>, Paris, Maxi-livres.<br \/> &#8211; 2001, <em>La Princesse de Montpensier, La Comtesse de Tende,<\/em> \u00e9d. Chantal Thomas, Paris, Mercure de France.<br \/> &#8211; 2001, <em>Histoire de Madame Henriette d&#8217;Angleterre suivie de M\u00e9moires de la cour de France pour les ann\u00e9es 1688 et 1689<\/em>, \u00e9d. Gilbert Signaux, Paris, Mercure de France.<br \/> &#8211; 2000, <em>Lettres portugaises, La Princesse de Cl\u00e8ves<\/em>, pr\u00e9f. de Fran\u00e7oise Chandernagor, Paris, France loisirs.<br \/> &#8211; 2000, <em>La Princesse de Cl\u00e8ves<\/em>, \u00e9d. Bernard Pingaud, Paris, Gallimard, \u00abfolio classique\u00bb<br \/> &#8211; 1999, <em>La Princesse de Cl\u00e8ves<\/em>, \u00e9d. Philippe Sellier, Paris, LGF \u00able livre de poche classique\u00bb<br \/> &#8211; 1999, <em>La Princesse de Cl\u00e8ves: extrait<\/em>, Paris, Biotop.<br \/> &#8211; 1998, <em>La Princesse de Cl\u00e8ves<\/em>, \u00e9d. Marie-Madeleine Fragonard, Paris, Pocket<br \/> &#8211; 1998, <em>La Princesse de Cl\u00e8ves<\/em>, \u00e9d. Michel Delon, Paris, Grasset<br \/> &#8211; 1997, <em>La Princesse de Cl\u00e8ves,<\/em> \u00e9d. V\u00e9ronique Anglard, Paris, Hachette.<br \/> &#8211; 1997, <em>Romans et nouvelles<\/em>, \u00e9d. Alain Niderst, Paris, Dunod.<br \/> &#8211; 1997, <em>La Princessse de Cl\u00e8ves<\/em>, pr\u00e9f. de Michel Delon, Paris, Grasset.<br \/> &#8211; 1995, <em>La Princesse de Cl\u00e8ves<\/em>, \u00e9d. Jean-Claude Laborie, Paris, Larousse.<br \/> &#8211; 1995, <em>La Princesse de Cl\u00e8ves<\/em>, Paris, EJL, Librio.<br \/> &#8211; 1994, <em>La Princesse de Cl\u00e8ves, La princesse de Montpensier<\/em>, Paris, le Grand livre du mois.<br \/> &#8211; 1994, <em>Notice sur la vie de A.L.H. d&#8217;Aguesseau, duchesse d&#8217;Ayen<\/em>, \u00e9d. Anne-Paule-Dominique de Noailles et al., Paris, T\u00e9qui.<br \/> &#8211; 1994 (et 1998),<em> La Princesse de Cl\u00e8ves<\/em>, Evry, Carrefour.<br \/> &#8211; 1993, <em>La Princesse de Cl\u00e8ves<\/em>, \u00e9d. Daniel Aris, Paris, La Table ronde<br \/> &#8211; 1993, <em>La Princesse de Cl\u00e8ves et autres romans<\/em>, Paris, Bookking international, Classiques fran\u00e7ais.<br \/> &#8211; 1992, <em>La Princesse de Cl\u00e8ves<\/em>, \u00e9d. Yves Stalloni, Paris, Seuil <em>(avec La Comtesse de Tende)<\/em><br \/> &#8211; 1990, <em>\u0152uvres<\/em>, pr\u00e9f. Michel D\u00e9on, \u00e9d. Roger Duch\u00eane, Paris, Bourin.<br \/> &#8211; 1990 (et 1997), <em>\u0152uvres romanesques et nouvelles<\/em>, \u00e9d. Alain Niderst, Bordas, \u00abclassiques Garnier\u00bb.<br \/> &#8211; 1990, <em>La Princesse de Cl\u00e8ves<\/em>, Paris, Latt\u00e8s.<br \/> <\/span><\/span><\/p>\n<hr \/>\n<\/div>\n<ul>\n<li>\n<div class=\"corpsTexte\" style=\"text-align: justify;\"><span style=\"font-size: 12pt;\"><strong>La Force, Mlle de (1654-1724)<\/strong><\/span><\/div>\n<\/li>\n<\/ul>\n<div class=\"corpsTexte\" style=\"text-align: justify;\"><span style=\"font-size: 12pt;\"><span style=\"font-size: 12pt;\"> &#8211; 2004, <em>Contes<\/em>, voir <a href=\"1\/'var_mode=calcul\">anthologie <\/a>Raymonde Robert.<\/span><\/span><\/p>\n<hr \/>\n<\/div>\n<ul>\n<li>\n<div class=\"corpsTexte\" style=\"text-align: justify;\"><span style=\"font-size: 12pt;\"><strong>Lambert, Anne-Th\u00e9r\u00e8se de (1647-1733)<\/strong><\/span><\/div>\n<\/li>\n<\/ul>\n<div class=\"corpsTexte\" style=\"text-align: justify;\"><span style=\"font-size: 12pt;\"><span style=\"font-size: 12pt;\"><span style=\"font-size: 12pt;\"> &#8211; 2018,\u00a0<\/span><\/span><\/span><em>Avis d\u02bcune m\u00e8re \u00e0 sa fille, suivi de R\u00e9flexions sur les femmes et R\u00e9flexions sur le go\u00fbt<\/em>, pr\u00e9f. Benedetta Craveri, Paris, Rivages.<\/div>\n<div class=\"corpsTexte\" style=\"text-align: justify;\">&#8211; 2018,\u00a0<em>De l\u02bcamiti\u00e9, suivi de Trait\u00e9 de la vieillesse<\/em>, pr\u00e9f. Ren\u00e9 de Ceccatty, Paris, Rivages.<\/p>\n<p>&#8211; 2007, <em>Avis d&#8217;une m\u00e8re \u00e0 sa fille; suivis des R\u00e9flexions sur les femmes; des R\u00e9flexions sur le go\u00fbt&#8230;<\/em>, \u00e9d. Benedetta Craveri, Paris, Payot &amp; Rivages.<\/p>\n<p><span style=\"font-size: 12pt;\">&#8211; 1999, <\/span><em style=\"font-size: 12pt;\">De l&#8217;amiti\u00e9; suivi de Trait\u00e9 de la vieillesse<\/em><span style=\"font-size: 12pt;\">, \u00e9d. Ren\u00e9 de Ceccatty, Paris, Payot &amp; Rivages.<\/span><\/p>\n<\/div>\n<div class=\"corpsTexte\" style=\"text-align: justify;\"><span style=\"font-size: 12pt;\"><span style=\"font-size: 12pt;\"> -1990, <em>Oeuvres<\/em>, \u00e9d. R. Granderoute, Paris, H. Champion.<br \/> <\/span><\/span><\/p>\n<hr \/>\n<\/div>\n<ul>\n<li>\n<div class=\"corpsTexte\" style=\"text-align: justify;\"><span style=\"font-size: 12pt;\"><strong>La Moussaye, Mme de<\/strong><\/span><\/div>\n<\/li>\n<\/ul>\n<div class=\"corpsTexte\" style=\"text-align: justify;\"><span style=\"font-size: 12pt;\"><span style=\"font-size: 12pt;\"> &#8211; 1999, <em>Correspondance du marquis et de la marquise de La Moussaye (1619-1663)<\/em>, \u00e9d. Janine Garrisson, Paris, H.Champion.<\/span><\/span><\/p>\n<hr \/>\n<\/div>\n<ul>\n<li><span style=\"fo\nnt-size: 12pt;\"><strong>La Roche-Guilhen, Anne de (1644-1707)<\/strong><\/span><\/li>\n<\/ul>\n<div class=\"corpsTexte\" style=\"text-align: justify;\"><span style=\"font-size: 12pt;\"><span style=\"font-size: 12pt;\"> &#8211; 2008, <em>Rare-en-tout<\/em>, \u00e9d. J. Cherbuliez, voir <a href=\"1\/\">anthologie <\/a>A. Evain, P. Gethner &amp; H. Goldwyn.<br \/> &#8211; 2005, <a href=\"1\/\"><em>Histoire des favorites<\/em><\/a>, \u00e9d. Els H\u00f6hner, Saint-\u00c9tienne, Publications de l&#8217;Universit\u00e9, collection \u00abla cit\u00e9 des dames\u00bb.<br \/> &#8211; 1998, <em>Rare-en-tout<\/em>, voir anthologie Perry Gethner.<br \/> <\/span><\/span><\/p>\n<hr \/>\n<\/div>\n<ul>\n<li>\n<div class=\"corpsTexte\" style=\"text-align: justify;\"><span style=\"font-size: 12pt;\"><strong>Lassay, Mme de (16**-17**)<\/strong><\/span><\/div>\n<\/li>\n<\/ul>\n<div class=\"corpsTexte\" style=\"text-align: justify;\"><span style=\"font-size: 12pt;\"><span style=\"font-size: 12pt;\"> &#8211; 2007, <em>Contes<\/em>, voir <a href=\"1\/\">anthologie <\/a>Robert &amp; Deccourt.<br \/> <\/span><\/span><\/p>\n<hr \/>\n<\/div>\n<ul>\n<li><strong>La Suze, Henriette de Coligny, comtesse de (1618-1673)<\/strong><\/li>\n<\/ul>\n<p>2017,\u00a0<em>\u00c9l\u00e9gies, chansons et autres po\u00e9sies,<\/em> \u00e9d. Mariette Cu\u00e9nin-Lieber,\u00a0Paris, Classiques Garnier.<\/p>\n<hr \/>\n<ul>\n<li><strong>La Tour du Pin, Lucy de (1778-1815)<\/strong><\/li>\n<\/ul>\n<p>&#8211; 2018,\u00a0<em>M\u00e9moire de la marquise de La Tour Du Pin, 1778-1815. Journal d\u02bcune femme de cinquante ans, Correspondance (1815-1846),<\/em>\u00a0\u00e9d. Christian de Liedekerke-Beaufort, Paris, Mercure de France.<\/p>\n<hr \/>\n<p>&nbsp;<\/p>\n<ul>\n<li>\n<div class=\"corpsTexte\" style=\"text-align: justify;\"><span style=\"font-size: 12pt;\"><strong>L&#8217;Aubespine, Madeleine de (1546-1596)<\/strong><\/span><\/div>\n<\/li>\n<\/ul>\n<div class=\"corpsTexte\" style=\"text-align: justify;\"><span style=\"font-size: 12pt;\"><span style=\"font-size: 12pt;\"> &#8211; 2007, <em>Selected Poems and Translations: A Bilingual Edition, trad. et intro Anna Klosowska<\/em>, Chicago, University of Chicago Press.<br \/> &#8211; 2002, <em>Cabinet des saines affections (1595)<\/em>, \u00e9d. Colette Winn, Paris, Champion.<\/span><\/span><\/p>\n<hr \/>\n<\/div>\n<ul>\n<li>\n<div class=\"corpsTexte\" style=\"text-align: justify;\"><span style=\"font-size: 12pt;\"><strong>Le Gendre, Marie (15**-16**)<\/strong><\/span><\/div>\n<\/li>\n<\/ul>\n<div class=\"corpsTexte\" style=\"text-align: justify;\"><span style=\"font-size: 12pt;\"><span style=\"font-size: 12pt;\"> &#8211; 2000, <em>L&#8217;Exercice de l&#8217;ame vertueuse (1597)<\/em>, \u00e9d. Colette Winn, Paris, Champion.<br \/> <\/span><\/span><\/p>\n<hr \/>\n<\/div>\n<ul>\n<li>\n<div class=\"corpsTexte\" style=\"text-align: justify;\"><span style=\"font-size: 12pt;\"><strong>Le Marchand, Fran\u00e7oise Duch\u00e9 (17**-1754)<\/strong><\/span><\/div>\n<\/li>\n<\/ul>\n<div class=\"corpsTexte\" style=\"text-align: justify;\"><span style=\"font-size: 12pt;\"><span style=\"font-size: 12pt;\"> &#8211; 2007, <em>Contes<\/em>, voir <a href=\"1\/\">anthologie <\/a>Robert &amp; Deccourt.<br \/> <\/span><\/span><\/p>\n<hr \/>\n<\/div>\n<ul>\n<li>\n<div class=\"corpsTexte\" style=\"text-align: justify;\"><span style=\"font-size: 12pt;\"><strong>Leprince de Beaumont, Jeanne-Marie (1711-1780)<\/strong><\/span><\/div>\n<\/li>\n<\/ul>\n<div class=\"corpsTexte\" style=\"text-align: justify;\"><span style=\"font-size: 12pt;\"><span style=\"font-size: 12pt;\"> &#8211; 2008, <em>Magasin des enfants (La Belle et la B\u00eate),<\/em> \u00e9d. \u00c9. Biancardi, Paris, H. Champion.<br \/> &#8211; 2004, <em>Madame Leprince de Beaumont intime, avec ses principaux contes et des documents in\u00e9dits,<\/em> \u00e9d. Jean-Marie Robain, Paris, Champion.<br \/> &#8211; 2001, <em>La Belle et la B\u00eate et autres contes (Mme de Beaumont, Mme d&#8217;Aulnoy)<\/em>, Paris, Hachette jeunesse.<\/span><\/span><\/p>\n<hr \/>\n<\/div>\n<ul>\n<li>\n<div class=\"corpsTexte\" style=\"text-align: justify;\"><span style=\"font-size: 12pt;\"><strong>Lespinasse, Julie de (1732-1776)<\/strong><\/span><\/div>\n<\/li>\n<\/ul>\n<div class=\"corpsTexte\" style=\"text-align: justify;\"><span style=\"font-size: 12pt;\"><span style=\"font-size: 12pt;\"> &#8211; 1996, <em>Mon Ami je vous aime: choix de lettres<\/em>, \u00e9d. Chantal Thomas, Paris, Mercure.<br \/> &#8211; 1990: <em>Lettres \u00e0 Condorcet<\/em>, \u00e9d. Jean-No\u00ebl Pascal, Paris, Desjonqu\u00e8res.<br \/> <\/span><\/span><\/p>\n<hr \/>\n<\/div>\n<ul>\n<li>\n<div class=\"corpsTexte\" style=\"text-align: justify;\"><span style=\"font-size: 12pt;\"><strong>Levesque, Louise (1703-1745)<\/strong><\/span><\/div>\n<\/li>\n<\/ul>\n<div class=\"corpsTexte\" style=\"text-align: justify;\"><span style=\"font-size: 12pt;\"><span style=\"font-size: 12pt;\"> &#8211; 2007, Les \u00abVeill\u00e9es de Thessalie\u00bb, voir <a href=\"1\/'var_mode=calcul\">anthologie <\/a>Robert &amp; Deccourt.<br \/> <\/span><\/span><\/p>\n<hr \/>\n<\/div>\n<ul>\n<li>\n<div class=\"corpsTexte\" style=\"text-align: justify;\"><span style=\"font-size: 12pt;\"><strong>L&#8217;H\u00e9ritier, Marie-Jeanne (1664-1734)<\/strong><\/span><\/div>\n<\/li>\n<\/ul>\n<div class=\"corpsTexte\" style=\"text-align: justify;\"><span style=\"font-size: 12pt;\"><span style=\"font-size: 12pt;\"> &#8211; 2004, <em>Contes<\/em>, voir <a href=\"1\/'var_mode=calcul\">anthologie <\/a>Raymonde Robert.<\/span><\/span><\/p>\n<hr \/>\n<\/div>\n<ul>\n<li>\n<div class=\"corpsTexte\" style=\"text-align: justify;\"><span style=\"font-size: 12pt;\"><strong>Lintot, Catherine Caillot de (17**-)<\/strong><\/span><\/div>\n<\/li>\n<\/ul>\n<div class=\"corpsTexte\" style=\"text-align: justify;\"><span style=\"font-size: 12pt;\"><span style=\"font-size: 12pt;\"> &#8211; 2007, <em>Contes<\/em>, voir <a href=\"1\/'var_mode=calcul\">anthologie <\/a>Robert &amp; Deccourt.<\/span><\/span><\/p>\n<hr \/>\n<\/div>\n<ul>\n<li>\n<div class=\"corpsTexte\" style=\"text-align: justify;\"><span style=\"font-size: 12pt;\"><strong>Mlle Lubert (1710?-1779)<\/strong><\/span><\/div>\n<\/li>\n<\/ul>\n<div class=\"corpsTexte\" style=\"text-align: justify;\"><span style=\"font-size: 12pt;\"><span style=\"font-size: 12pt;\"> &#8211; 2005, <em>Contes<\/em>, \u00e9d. Aur\u00e9lie Zygel-Basso, Paris, H. Champion.<\/span><\/span><\/p>\n<hr \/>\n<\/div>\n<ul>\n<li>\n<div class=\"corpsTexte\" style=\"text-align: justify;\"><span style=\"font-size: 12pt;\"><strong>Lussan, Marguerite de (1682-1758)<\/strong><\/span><\/div>\n<\/li>\n<\/ul>\n<div class=\"corpsTexte\" style=\"text-align: justify;\"><span style=\"font-size: 12pt;\"> &#8211; 2007, <em>Contes<\/em>, voir <a href=\"1\/'var_mode=calcul\">anthologie <\/a>Robert &amp; Deccourt.<\/span><\/p>\n<p><span style=\"font-size: 12pt;\">\u00a0<\/span><\/p>\n<\/div>\n<div class=\"corpsTexte\" style=\"text-align: justify;\"><span style=\"font-size: 12pt;\">\u00a0<\/span><\/div>\n<div class=\"corpsTexte\" style=\"text-align: right;\"><span style=\"font-size: 12pt;\"><a href=\"1\/\"><strong>Retour \u00e0 la liste des autrices<\/strong><\/a><\/span><\/div>\n<p style=\"text-align: justify;\"><span style=\"font-size: 12pt;\"><br \/> <\/span><\/p>\n","protected":false},"excerpt":{"rendered":"<p>Lab\u00e9, Louise (1520?-1566) &#8211; 2006, D\u00e9bat de Folie et d&#8217;Amour, \u00e9d. E. Viennot, voir anthologie A. Evain, P. Gethner &amp; H. Goldwyn. &#8211; 2006, Complete Poetry and Prose: A Bilingual Edition, Edited with introductions and prose translation by Deborah Lesko Baker, poetry translation by Annie Finch, The Other Voice in Early Modern Europe, Chicago\/London, The [&hellip;]<\/p>\n","protected":false},"author":4,"featured_media":1933,"parent":2975,"menu_order":0,"comment_status":"closed","ping_status":"closed","template":"","meta":{"_acf_changed":false,"footnotes":""},"class_list":["post-2979","page","type-page","status-publish","has-post-thumbnail","hentry"],"translation":{"provider":"WPGlobus","version":"3.0.0","language":"gb","enabled_languages":["fr","gb"],"languages":{"fr":{"title":true,"content":true,"excerpt":false},"gb":{"title":false,"content":false,"excerpt":false}}},"acf":[],"_links":{"self":[{"href":"https:\/\/siefar.org\/gb\/wp-json\/wp\/v2\/pages\/2979","targetHints":{"allow":["GET"]}}],"collection":[{"href":"https:\/\/siefar.org\/gb\/wp-json\/wp\/v2\/pages"}],"about":[{"href":"https:\/\/siefar.org\/gb\/wp-json\/wp\/v2\/types\/page"}],"author":[{"embeddable":true,"href":"https:\/\/siefar.org\/gb\/wp-json\/wp\/v2\/users\/4"}],"replies":[{"embeddable":true,"href":"https:\/\/siefar.org\/gb\/wp-json\/wp\/v2\/comments?post=2979"}],"version-history":[{"count":0,"href":"https:\/\/siefar.org\/gb\/wp-json\/wp\/v2\/pages\/2979\/revisions"}],"up":[{"embeddable":true,"href":"https:\/\/siefar.org\/gb\/wp-json\/wp\/v2\/pages\/2975"}],"wp:featuredmedia":[{"embeddable":true,"href":"https:\/\/siefar.org\/gb\/wp-json\/wp\/v2\/media\/1933"}],"wp:attachment":[{"href":"https:\/\/siefar.org\/gb\/wp-json\/wp\/v2\/media?parent=2979"}],"curies":[{"name":"wp","href":"https:\/\/api.w.org\/{rel}","templated":true}]}}