{"id":2977,"date":"2009-09-24T11:45:43","date_gmt":"2009-09-24T11:45:43","guid":{"rendered":"http:\/\/304"},"modified":"2009-09-24T11:45:43","modified_gmt":"2009-09-24T11:45:43","slug":"oeuvres-de-femmes-publiees-depuis-1990-lettre-g","status":"publish","type":"page","link":"https:\/\/siefar.org\/gb\/bibliographies2\/oeuvres-de-femmes-publiees-depuis-1990-lettre-g\/","title":{"rendered":"Oeuvres de femmes publi\u00e9es depuis 1990 &#8211; Lettre G"},"content":{"rendered":"<ul>\n<li>\n<div class=\"corpsTexte\" style=\"text-align: justify;\"><span style=\"font-size: 12pt;\"><strong>Genlis, Mme de (1746-1830)<\/strong><\/span><\/div>\n<\/li>\n<\/ul>\n<div class=\"corpsTexte\" style=\"text-align: justify;\"><span style=\"font-size: 12pt;\"> &#8211; 2010, <em>Histoire de la duchesse de C***<\/em>, \u00e9d. Mary S. Trouille (texte original et nouvelle traduction en anglais), MHRA Critical Texts Vol. 21.<br \/> &#8211; 2007, <em>La Femme auteur,<\/em> \u00e9d. Martine Reid, Paris, Gallimard, \u00abFolio 2 euros\u00bb, s\u00e9rie \u00ab<a href=\"1\/'var_mode=calcul\">Femmes de lettres<\/a>\u00bb. n\u00b04520.<br \/> &#8211; 2006, <em><a href=\"1\/'var_mode=calcul\">Ad\u00e8le et Th\u00e9odore, ou Lettres sur l&#8217;\u00e9ducation<\/a> ; contenant tous les principes relatifs aux trois diff\u00e9rents plans d&#8217;\u00e9ducation des princes et des jeunes personnes de l&#8217;un et l&#8217;autre sexe<\/em>, \u00e9d. Isabelle Brouard-Arends, Rennes, PUR.<br \/> &#8211; 2005, <em>Les Chevaliers du Cygne ou la Cour de Charlemagne<\/em>, voir <a href=\"1\/'var_mode=calcul\">anthologie<\/a> Huguette Krief.<br \/> &#8211; 1996, <em>De l&#8217;esprit des \u00e9tiquettes de l&#8217;ancienne cour et des usages de ce temps<\/em>, \u00e9d. Chantal Thomas, Paris, Mercure.<br \/> &#8211; 1996, <em>Mademoiselle de Clermont (1802),<\/em> voir <a href=\"1\/'var_mode=calcul\">anthologie <\/a>Raymond Trousson.<br \/> &#8211; 1995, <em>In\u00e8s de Castro<\/em>, Toulouse, Ombres, Petite biblioth\u00e8que Ombres 59.<br \/> &#8211; 1994, <em>Maison rustique pour servir \u00e0 l&#8217;\u00e9ducation de la jeunesse ou Retour en France d&#8217;une famille \u00e9migr\u00e9e<\/em>, Versailles, M\u00e9moire en marge, 3.<br \/> <\/span><\/div>\n<div class=\"corpsTexte\" style=\"text-align: justify;\"><span style=\"font-size: 12pt;\"><span style=\"font-size: 12pt;\">\u00a0<\/span><\/span><\/p>\n<hr \/>\n<\/div>\n<ul>\n<li>\n<div class=\"corpsTexte\" style=\"text-align: justify;\"><span style=\"font-size: 12pt;\"><strong>Giroust de Morency, Suzanne (1771?-18**)<\/strong><\/span><\/div>\n<\/li>\n<\/ul>\n<div class=\"corpsTexte\" style=\"text-align: justify;\"><span style=\"font-size: 12pt;\"> &#8211; 2005,<em> Illyrine ou l&#8217;\u00e9cueil de l&#8217;inexp\u00e9rience<\/em>, voir <a href=\"1\/'var_mode=calcul\">anthologie <\/a>Huguette Krief.<br \/> <\/span><\/div>\n<div class=\"corpsTexte\" style=\"text-align: justify;\"><span style=\"font-size: 12pt;\"><span style=\"font-size: 12pt;\">\u00a0<\/span><\/span><\/p>\n<hr \/>\n<\/div>\n<ul>\n<li>\n<div class=\"corpsTexte\" style=\"text-align: justify;\"><span style=\"font-size: 12pt;\"><strong>Gomez, Madeleine-Ang\u00e9lique de (1684-1770)<\/strong><\/span><\/div>\n<\/li>\n<\/ul>\n<div class=\"corpsTexte\" style=\"text-align: justify;\"><span style=\"font-size: 12pt;\"> &#8211; 2007, <em>Contes<\/em>, voir <a href=\"1\/'var_mode=calcul\">anthologie <\/a>Robert &amp; Deccourt.<br \/> &#8211; 2000, <em>La Nouvelle am\u00e9riquaine<\/em>, \u00e9d. H. Fournier in A. R. Larsen and C. Winn (dir.), <em>Writings by Pre-Revolutionary French Women<\/em>, Garland Press, 2000, p.425-447.<br \/> <\/span><\/div>\n<div class=\"corpsTexte\" style=\"text-align: justify;\"><span style=\"font-size: 12pt;\"><span style=\"font-size: 12pt;\"><span style=\"font-size: 12pt;\">\u00a0<\/span><\/span><\/span><\/p>\n<hr \/>\n<\/div>\n<ul>\n<li>\n<div class=\"corpsTexte\" style=\"text-align: justify;\"><span style=\"font-size: 12pt;\"><strong>Gouges, Olympe de (1748-1793)<\/strong><\/span><\/div>\n<\/li>\n<\/ul>\n<div class=\"corpsTexte\" style=\"text-align: justify;\"><span style=\"font-size: 12pt;\"> &#8211; 2013-2017,\u00a0<em>\u0152uvres compl\u00e8tes<\/em>, Montauban, \u00e9ditions de Cocagne, 2013-2017<\/span><\/div>\n<div class=\"corpsTexte\" style=\"text-align: justify;\"><span style=\"font-size: 12pt;\"><span style=\"font-size: 12pt;\">&#8211; 2007, <em>L&#8217;Esclavage des n\u00e8gres. Version in\u00e9dite du 28 d\u00e9cembre 1789,<\/em> \u00e9d. Sylvie Chalaye et Jacqueline Razgonnikoff, Paris, L&#8217;Harmattan.<br \/> &#8211; 2005, <em>Le Prince philosophe, conte oriental<\/em>, voir <a href=\"1\/'var_mode=calcul\">anthologie <\/a>Huguette Krief.<br \/> &#8211; 2003, <em>D\u00e9claration des droits de la femme et de la citoyenne suivi de Pr\u00e9face pour les dames ou Le portrait des femmes<\/em>, \u00e9d. Emanu\u00e8le Gaulier, Paris, Mille et une nuits.<br \/> &#8211; 2003, <em>Olympe de Gouges et les droits de la femme<\/em>, \u00e9d. Sophie Mousset, Paris, le F\u00e9lin, Les Marginaux.<br \/> &#8211; 1999, <em>Olympe de Gouges suivi de Les droits de la femme<\/em>, \u00e9d. Rechte der Frau et Karl Heinz Burmeister, Bern, St\u00e4mpfli Verl.; Wien, MANZ, Kleine politische Schriften.<br \/> &#8211; 1996, <em>D\u00e9claration des Droits de la Femme<\/em>, in Eliane Viennot (dir.), L<em>a D\u00e9mocratie &#8220;\u00e0 la Fran\u00e7aise&#8221; ou les femmes ind\u00e9sirables<\/em>, Paris, Publications de l&#8217;Universit\u00e9 de Paris VII-Denis Diderot.<br \/> &#8211; 1996, <em>M\u00e9moires de Madame de Valmont (1788)<\/em>, voir <a href=\"1\/'var_mode=calcul\">anthologie <\/a>Raymond Trousson.<br \/> &#8211; 1995, <em>Le Prince philosophe 1: conte oriental<\/em>, Paris, Indigo C\u00f4t\u00e9-femmes.<br \/> &#8211; 1995, <em>Le Prince philosophe 2: conte oriental<\/em>, Paris, Indigo C\u00f4t\u00e9-femmes.<br \/> &#8211; 1995, <em>M\u00e9moire de Madame de Valmont (1788)<\/em>, Paris, Indigo C\u00f4t\u00e9-femmes.<br \/> &#8211; 1993, <em>Denkschrift der Madame de Valmont. hrsg. une aus dem Franz\u00f6sischen \u00fcbertr<\/em>, \u00e9d. von Gisela Thiele-Knobloch, Frankfurt am Main, U. Helmer.<br \/> &#8211; 1993,<em> Oeuvres compl\u00e8tes<\/em>, \u00e9d. F\u00e9lix-Marcel Castan, Montauban, Cocagne.<br \/> &#8211; 1993, <em>Ecrits politiques<\/em>, Paris, C\u00f4t\u00e9-femmes.<br \/> &#8211; 1993, <em>Th\u00e9\u00e2tre politique II,<\/em> \u00e9d. Gisela Thiele-Knobloch, Paris, C\u00f4t\u00e9-femmes, [\u00abL&#8217;homme g\u00e9n\u00e9reux\u00bb (1786), \u00abLes d\u00e9mocrates et les aristocrates ou Les curieux du Champ de Mars\u00bb (1790), \u00abLa n\u00e9cessit\u00e9 du divorce\u00bb (1790), \u00abLa France sauv\u00e9e ou Le tyran d\u00e9tr\u00f4n\u00e9\u00bb (1792), \u00abLe pr\u00e9lat d&#8217;autrefois ou Sophie et Saint-Elme\u00bb (1795)]<br \/> &#8211; 1991, <em>Th\u00e9\u00e2tre politique I,<\/em> \u00e9d. Gisela Thiele-Knobloch, Paris, C\u00f4t\u00e9-femmes. [\u00abLe couvent, ou les voeux forc\u00e9s\u00bb, 1790-1792, \u00abMirabeau aux Champs-Elys\u00e9es\u00bb, 1791; \u00abL&#8217;entr\u00e9e de Dumouriez \u00e0 Bruxelles, ou les vivandiers\u00bb, 1793]<br \/> &#8211; 1989, L&#8217; Esclavage des noirs ou l&#8217;Heureux naufrage, \u00e9d. \u00c9l\u00e9ni Varikas, Paris, C\u00f4t\u00e9-femmes.<br \/> &#8211; 1989, <em>D\u00e9claration des Droits de la Femme<\/em>, in A. de Baecque, D. Godineau et M. Reberioux, <em>Ils ont pens\u00e9 les Droits de l&#8217;Homme<\/em>, Textes et D\u00e9bats, Paris, Ligue des Droits de l&#8217;Homme-EDI.<br \/> &#8211; 1986, <em>Oeuvres<\/em>, \u00e9d. Beno\u00eete Groult, Paris, Mercure de France.<\/span><\/span><\/div>\n<div class=\"corpsTexte\" style=\"text-align: justify;\"><span style=\"font-size: 12pt;\"><span style=\"font-size: 12pt;\"><br \/><\/span><\/span><\/p>\n<hr \/>\n<\/div>\n<ul>\n<li>\n<div class=\"corpsTexte\" style=\"text-align: justify;\"><span style=\"font-size: 12pt;\"><strong>Gournay, Marie de (1566-1645)<\/strong><\/span><\/div>\n<\/li>\n<\/ul>\n<div class=\"corpsTexte\" style=\"text-align: justify;\"><span style=\"font-size: 12pt;\"> &#8211; 2008, <em>Egalit\u00e9 des hommes et des femmes et Grief des dames<\/em>, \u00e9d. Milagros Palma, Paris, Indigo &amp; C\u00f4t\u00e9-femmes.<br \/> &#8211; 2008, <em>Egalit\u00e9 des hommes et des femmes: Suivi de Grief des dames<\/em>, \u00e9d. Claude Pinganaud &amp; S\u00e9verine Auffret, Paris, ARl\u00e9a.<br \/> &#8211; 2002, <em>Oeuvres compl\u00e8tes<\/em>, \u00e9d. Jean-Claude Arnould et al., Paris, Champion.<br \/> &#8211; 2002, <em>Les Advis, ou, les Presens de la Demoiselle de Gournay (1641)<\/em>, vol.II, \u00e9d Jean-Philippe Beaulieu et Hannah Fournier, Amsterdam, Rodopi.<br \/> &#8211; 1998, <em>Textes relatifs \u00e0 la calomnie<\/em>, \u00e9d. Constant Venesoen, T\u00fcbingen, G. Narr.<br \/> &#8211; 1997, <em>Les Advis, ou, les Presens de la Demoiselle de Gournay (1641)<\/em>, vol.I, \u00e9d Jean-Philippe Beaulieu et Hannah Fournier, Amsterdam, Rodopi.<br \/> &#8211; 1996, <em>Le Proumenoir de Monsieur de Montaigne<\/em>, \u00e9d. Jean-Claude Arnould, Pari<br \/>\ns, Champion.<br \/> &#8211; 1995, <em>Bouquet de Pinde compos\u00e9 de fleurs diverses<\/em>, \u00e9d. Maddalena Bertel\u00e0, Ravenna, Longo.<br \/> &#8211; 1993, <em>Egalit\u00e9 des hommes et des femmes, Le Grief des Dames, Le Proumenoir de Monsieur de Montaigne<\/em>, \u00e9d. Constant Venosoen, Gen\u00e8ve, Droz.<br \/> <\/span><\/div>\n<div class=\"corpsTexte\" style=\"text-align: justify;\"><span style=\"font-size: 12pt;\"><span style=\"font-size: 12pt;\">\u00a0<\/span><\/span><\/p>\n<hr \/>\n<\/div>\n<ul>\n<li>\n<div class=\"corpsTexte\" style=\"text-align: justify;\"><span style=\"font-size: 12pt;\"><strong>Graffigny, Fran\u00e7oise de (1695-1758)<\/strong><\/span><\/div>\n<\/li>\n<\/ul>\n<div class=\"corpsTexte\" style=\"text-align: justify;\">\u00a0<\/div>\n<div class=\"corpsTexte\" style=\"text-align: justify;\">&#8211; 2016,\u00a0<em>Correspondance, tome XV, 1 janvier 1756 \u2013 10 novembre 1759, lettres 2304 \u2013 2518,<\/em>\u00a0\u00e9d. D. W. Smith, avec la collab. de Dorothy P. Arthur, \u2020 J. A. Dainard, E. A. Heinemann, Marie-Th\u00e9r\u00e8se Inguenaud, L. C. Kerslake, Marie-Paule Powell et Diane Beelen Woody, dir. \u2020<i> <\/i>J. A. Dainard, English Showalter, Oxford, Voltaire Foundation [dernier volume].<\/div>\n<div class=\"corpsTexte\" style=\"text-align: justify;\"><span style=\"font-size: 12pt;\">&#8211; 2014, <i><a href=\"http:\/\/www.siefar.org\/actualites-du-domaine\/dernieres-parutions\/parution-de-notre-diteur-partenaire-garnier-classiques-et-de-notre-adhrente\/?lang=fr&amp;li=sousrub13\">Lettres d&#8217;une P\u00e9ruvienne<\/a><\/i>, \u00e9d.Rotraud von Kulessa, Paris, Classiques Garnier.<br \/> &#8211; 2013, <em>Correspondance<\/em>, tome XIV, 5 janv. 1754 \u2013 31 d\u00e9cembre 1755 Lettres 2093-2303,\u00a0\u00e9d.Dorothy P. Arthur &amp; D. W. Smith, avec la collab. de M.-T. Inguenaud, L. C. Kerslake, M.-P. Powell, English Showalter &amp; D. Beelen Woody, dir. J. A. Dainard, Oxford, Voltaire Foundation.<br \/> &#8211; 2010, <em>Correspondance, tome XIII, 20 ao\u00fbt 1752 \u2013 30 d\u00e9cembre 1753 Lettres 1907-2092<\/em>, \u00e9d. Diane Beelen Woody &amp; Aubrey Rosenberg, Oxford, Voltaire Foundation.<br \/> &#8211; 2008, <em>Correspondance, tome XII, 20 juin 1751- 18 ao\u00fbt 1752, Lettres 1723-1906<\/em>, \u00e9d. Lawrence Kerslake et Julie Cabri avec la collab. de Dorothy P. Arthur, M.-P. Ducretet-Powell, E. Showalter et D. W. Smith, dir.: J. A. Dainard, Oxford\/Paris, Voltaire Foundation.<br \/> &#8211; 2007, C<em>orrespondance, tome XI (2 juillet 1750 &#8211; 19 juin 1751, lettres 1570 \u2013 1722<\/em>), Oxford\/Paris, Voltaire Foundation.- 2006, Correspondance, tome X (26 avril 1749\u20132 juillet 1750, lettres 1391-1569), \u00e9d. Marie-Th\u00e9r\u00e8se Inguenaud, avec la collaboration de Dorothy P. Arthur, M.-P. Ducretet-Powell, E. Showalter et D. W. Smith; dir.: J. A. Dainard, Oxford\/Paris, Voltaire Foundation.- 2002, Lettres d&#8217;une P\u00e9ruvienne, \u00e9d. Jonathan Mallinson, Oxford\/Paris, Voltaire Foundation\/PUPS.<br \/> &#8211; 2001, <em>Choix de lettres<\/em>, \u00e9d. English Showalter, Oxford\/Paris, Voltaire Foundation\/PUPS.<br \/> &#8211; 1998, <em>C\u00e9nie<\/em>, voir anthologie Perry Gethner.<br \/> &#8211; 1996, <em>Lettres d&#8217;une P\u00e9ruvienne (1747)<\/em>, voir <a href=\"1\/'var_mode=calcul\">anthologie <\/a>Raymond Trousson.<br \/> &#8211; 1993, <em>Lettres d&#8217;une P\u00e9ruvienne<\/em>, \u00e9d. Joan DeJean et Nancy K. Miller, New York, The Modern Language Association.<\/span><\/div>\n<div class=\"corpsTexte\" style=\"text-align: justify;\">\n<div class=\"corpsTexte\" style=\"text-align: justify;\">\n<hr \/>\n<\/div>\n<ul>\n<li>\n<div class=\"corpsTexte\" style=\"text-align: justify;\"><span style=\"font-size: 12pt;\"><strong><a href=\"http:\/\/www.siefar.org\/dictionnaire\/fr\/Sophie_de_Grouchy\">Grouchy, Sophie de, marquise de Condorcet <\/a>(1763-1822)<\/strong><\/span><\/div>\n<\/li>\n<\/ul>\n<p><span style=\"font-size: 12pt;\"> &#8211; 2010, <a href=\"1\/\"><em>Lettres sur la sympathie (1798): philosophie morale et r\u00e9forme sociale<\/em><\/a>, \u00e9d. Marc Andr\u00e9 Bernier &amp; Deidre Dawson, SVEC.<\/span><\/p>\n<hr \/>\n<p>&nbsp;<\/p>\n<\/div>\n<ul>\n<li>\n<div class=\"corpsTexte\" style=\"text-align: justify;\"><span style=\"font-size: 12pt;\"><strong>Guyon, Jeanne Marie de (1648-1717)<\/strong><\/span><\/div>\n<\/li>\n<\/ul>\n<div class=\"corpsTexte\" style=\"text-align: justify;\"><span style=\"font-size: 12pt;\"> &#8211; 2005, <em>Correspondance, t.III, Chemins mystiques<\/em>, \u00e9d. Dominique Tronc, Paris, H. Champion<br \/> &#8211; 2004, <em>Correspondance, t. II, Ann\u00e9es de combat<\/em>, \u00e9d. Dominique Tronc, Paris, H. Champion.<br \/> &#8211; 2003, <em>Correspondance, tome I: directions spirituelles<\/em>, \u00e9d. Dominique Tronc, Paris, H. Champion.<br \/> &#8211; 2003, <em>Directions spirituelles<\/em>, \u00e9d. Dominique Tronc, Paris, H. Champion.<br \/> &#8211; 2001, <em>Le Moyen court<\/em>, \u00e9d. Chantal Thomas, Paris, Mercure de France.<br \/> &#8211; 2001, <em>La Vie par elle-m\u00eame: et autres \u00e9crits biographiques<\/em>, \u00e9d. Andr\u00e9e Villard, Paris, H. Champion.<br \/> &#8211; 1998, <em>Le Purgatoire<\/em> <em>(3 trait\u00e9s)<\/em>, \u00e9d. Marie-Louise Gondal, Grenoble, J. Millon.<br \/> &#8211; 1995, <em>Le Moyen court&#8230;, et autres \u00e9crits spirituels. Une simplicit\u00e9 subversive<\/em>, \u00e9d. Marie-Louise Gondal, Grenoble, J. Millon.<br \/> &#8211; 1993, <em>Po\u00e9sies et cantiques spirituels <\/em><em>(fac. sim. 1722)<\/em>, Ann Arbor (Mich. USA), Umi books.<br \/> &#8211; 1992, <em>R\u00e9cits de captivit\u00e9, in\u00e9dits,<\/em> \u00e9d. Marie-Louise Gondal, Grenoble, J. Millon.<br \/> &#8211; 1992, <em>Les Torrents spirituels, suivi du Commentaire au Cantique des Cantiques de Salomon,<\/em> \u00e9d. Claude Morali, Grenoble, J. Millon.<br \/> &#8211; 1991, Approche du qui\u00e9tisme: deux \u00e9tudes suivies du Moyen court et tr\u00e8s-facile pour l&#8217;oraison, \u00e9d. Patrick Laude, Paris, Seattle, T\u00fcbingen, Papers on French seventeenth century literature.<br \/> &#8211; 1990, <em>La Passion de croire<\/em>, \u00e9d. Marie-Louise Gondal, Paris, Nouvelle cit\u00e9.<\/span><\/div>\n<div class=\"corpsTexte\" style=\"text-align: justify;\"><span style=\"font-size: 12pt;\">\u00a0<\/span><\/div>\n<div class=\"corpsTexte\" style=\"text-align: justify;\"><span style=\"font-size: 12pt;\">\u00a0<\/span><\/div>\n<div class=\"corpsTexte\" style=\"text-align: right;\">\n<div class=\"corpsTexte\" style=\"text-align: right;\"><span style=\"font-size: 12pt;\"><a href=\"1\/\"><strong>Retour \u00e0 la liste des autrices<\/strong><\/a><\/span><\/div>\n<p style=\"text-align: justify;\"><span style=\"font-size: 12pt;\"><br \/> <\/span><\/p>\n<p><span style=\"font-size: 12pt;\">\u00a0<\/span><\/p>\n<\/div>\n","protected":false},"excerpt":{"rendered":"<p>Genlis, Mme de (1746-1830) &#8211; 2010, Histoire de la duchesse de C***, \u00e9d. Mary S. Trouille (texte original et nouvelle traduction en anglais), MHRA Critical Texts Vol. 21. &#8211; 2007, La Femme auteur, \u00e9d. Martine Reid, Paris, Gallimard, \u00abFolio 2 euros\u00bb, s\u00e9rie \u00abFemmes de lettres\u00bb. n\u00b04520. &#8211; 2006, Ad\u00e8le et Th\u00e9odore, ou Lettres sur l&#8217;\u00e9ducation [&hellip;]<\/p>\n","protected":false},"author":4,"featured_media":1933,"parent":2975,"menu_order":0,"comment_status":"closed","ping_status":"closed","template":"","meta":{"_acf_changed":false,"footnotes":""},"class_list":["post-2977","page","type-page","status-publish","has-post-thumbnail","hentry"],"translation":{"provider":"WPGlobus","version":"3.0.0","language":"gb","enabled_languages":["fr","gb"],"languages":{"fr":{"title":true,"content":true,"excerpt":false},"gb":{"title":false,"content":false,"excerpt":false}}},"acf":[],"_links":{"self":[{"href":"https:\/\/siefar.org\/gb\/wp-json\/wp\/v2\/pages\/2977","targetHints":{"allow":["GET"]}}],"collection":[{"href":"https:\/\/siefar.org\/gb\/wp-json\/wp\/v2\/pages"}],"about":[{"href":"https:\/\/siefar.org\/gb\/wp-json\/wp\/v2\/types\/page"}],"author":[{"embeddable":true,"href":"https:\/\/siefar.org\/gb\/wp-json\/wp\/v2\/users\/4"}],"replies":[{"embeddable":true,"href":"https:\/\/siefar.org\/gb\/wp-json\/wp\/v2\/comments?post=2977"}],"version-history":[{"count":0,"href":"https:\/\/siefar.org\/gb\/wp-json\/wp\/v2\/pages\/2977\/revisions"}],"up":[{"embeddable":true,"href":"https:\/\/siefar.org\/gb\/wp-json\/wp\/v2\/pages\/2975"}],"wp:featuredmedia":[{"embeddable":true,"href":"https:\/\/siefar.org\/gb\/wp-json\/wp\/v2\/media\/1933"}],"wp:attachment":[{"href":"https:\/\/siefar.org\/gb\/wp-json\/wp\/v2\/media?parent=2977"}],"curies":[{"name":"wp","href":"https:\/\/api.w.org\/{rel}","templated":true}]}}