{"id":2976,"date":"2009-09-24T11:40:51","date_gmt":"2009-09-24T11:40:51","guid":{"rendered":"http:\/\/303"},"modified":"2009-09-24T11:40:51","modified_gmt":"2009-09-24T11:40:51","slug":"oeuvres-de-femmes-publiees-depuis-1990-lettre-e-f","status":"publish","type":"page","link":"https:\/\/siefar.org\/gb\/bibliographies2\/oeuvres-de-femmes-publiees-depuis-1990-lettre-e-f\/","title":{"rendered":"Oeuvres de femmes publi\u00e9es depuis 1990 &#8211; Lettres E-F"},"content":{"rendered":"<ul>\n<li>\n<div class=\"corpsTexte\" style=\"text-align: justify;\"><span style=\"font-size: 12pt;\"><strong>Epinay, Louise d&#8217; (1726-1783)<\/strong><\/span><\/div>\n<\/li>\n<\/ul>\n<div class=\"corpsTexte\" style=\"text-align: justify;\"><span style=\"font-size: 12pt;\"> &#8211; 1992-1997, <em>Correspondance avec Ferdinando Galiani,<\/em> 5 vol., \u00e9d. Daniel Magetti en collaboration avec Georges Dulac, Paris, \u00c9d. Desjonqu\u00e8res.<br \/> &#8211; 1996, Conversations d&#8217;Emilie, \u00e9d. Rosena Davison, Oxford, Voltaire Foundation, Studies on Voltaire and the Eighteenth Century, 342.<\/span><\/p>\n<hr \/>\n<\/div>\n<ul>\n<li>\n<div class=\"corpsTexte\" style=\"text-align: justify;\"><span style=\"font-size: 12pt;\"><strong>Fagnan, Marie-Antoinette de (17**-)<\/strong><\/span><\/div>\n<\/li>\n<\/ul>\n<div class=\"corpsTexte\" style=\"text-align: justify;\"><span style=\"font-size: 12pt;\"> &#8211; 2007, divers contes, in <em>Contes<\/em>, \u00e9d. Fran\u00e7oise Gevrey, Paris, H. Champion.<br \/> &#8211; 2007, <em>Contes<\/em>, voir <a href=\"1\/'var_mode=calcul\">anthologie <\/a>Robert &amp; Deccourt.<\/span><\/p>\n<hr \/>\n<\/div>\n<ul>\n<li>\n<div class=\"corpsTexte\" style=\"text-align: justify;\"><span style=\"font-size: 12pt;\"><strong>Fauque <em>(Fauques, Falques)<\/em>, Marianne-Agn\u00e8s Pillement de (1721-1773)<\/strong><\/span><\/div>\n<\/li>\n<\/ul>\n<div class=\"corpsTexte\" style=\"text-align: justify;\"><span style=\"font-size: 12pt;\"> &#8211; 2007, <em>Contes<\/em>, voir <a href=\"1\/'var_mode=calcul\">anthologie <\/a>Robert &amp; Deccourt.<\/span><\/p>\n<hr \/>\n<\/div>\n<ul>\n<li>\n<div class=\"corpsTexte\" style=\"text-align: justify;\"><span style=\"font-size: 12pt;\"><strong>Ferri\u00e8res-Marsay, Henriette de, Marquise de (17**-)<\/strong><\/span><\/div>\n<\/li>\n<\/ul>\n<div class=\"corpsTexte\" style=\"text-align: justify;\"><span style=\"font-size: 12pt;\"> &#8211; 1998, <em>M\u00e9moires<\/em>, pr\u00e9face de Nicole Pellegrin-Postel, Bonnes, Gorgones.<\/span><\/p>\n<hr \/>\n<\/div>\n<ul>\n<li>\n<div class=\"corpsTexte\" style=\"text-align: justify;\"><span style=\"font-size: 12pt;\"><strong>Flore, Jeanne (16e s.)<\/strong><\/span><\/div>\n<\/li>\n<\/ul>\n<div class=\"corpsTexte\" style=\"text-align: justify;\"><span style=\"font-size: 12pt;\"> &#8211; 2005, <a href=\"1\/'var_mode=calcul\"><em>Les Contes amoureux par Madame Jeanne Flore<\/em><\/a>, \u00e9d. R\u00e9gine Reynolds-Conell, Saint-Etienne, PUSE.<br \/><\/span><\/p>\n<hr \/>\n<\/div>\n<ul>\n<li class=\"corpsTexte\" style=\"text-align: justify;\"><strong>Fontaine, Marie-Louise de Pelard de Givry, comtesse de (1660-1730)<\/strong><\/li>\n<\/ul>\n<div class=\"corpsTexte\" style=\"text-align: justify;\"><span style=\"font-size: 12pt;\"><span style=\"font-size: 12pt;\">\u00a0&#8211; 2018,\u00a0<em>Histoire de la comtesse de Savoie, suivi de Histoire d\u02bcAm\u00e9nophis, prince de Lybie,<\/em>\u00a0\u00e9d. Huguette Krief, Paris, Classiques Garnier.<\/span><\/span><\/div>\n<div class=\"corpsTexte\" style=\"text-align: justify;\">\n<hr \/>\n<\/div>\n<ul>\n<li>\n<div class=\"corpsTexte\" style=\"text-align: justify;\"><span style=\"font-size: 12pt;\"><strong>Fusil, Louise (1771?-1848)<\/strong><\/span><\/div>\n<\/li>\n<\/ul>\n<div class=\"corpsTexte\" style=\"text-align: justify;\"><span style=\"font-size: 12pt;\"> &#8211; 2006, <em>Souvenirs d\u2019une actrice<\/em>, \u00e9d. Val\u00e9rie Andr\u00e9, Paris, H. Champion.<br \/> <\/span><\/div>\n<div class=\"corpsTexte\" style=\"text-align: justify;\"><span style=\"font-size: 12pt;\">\u00a0<\/span><\/div>\n<div class=\"corpsTexte\" style=\"text-align: justify;\"><span style=\"font-size: 12pt;\">\u00a0<\/span><\/div>\n<div class=\"corpsTexte\" style=\"text-align: right;\">\n<div class=\"corpsTexte\" style=\"text-align: right;\"><span style=\"font-size: 12pt;\"><a href=\"1\/\"><strong>Retour \u00e0 la liste des autrices<\/strong><\/a><\/span><\/div>\n<p style=\"text-align: justify;\"><span style=\"font-size: 12pt;\"><br \/> <\/span><\/p>\n<\/div>\n","protected":false},"excerpt":{"rendered":"<p>Epinay, Louise d&#8217; (1726-1783) &#8211; 1992-1997, Correspondance avec Ferdinando Galiani, 5 vol., \u00e9d. Daniel Magetti en collaboration avec Georges Dulac, Paris, \u00c9d. Desjonqu\u00e8res. &#8211; 1996, Conversations d&#8217;Emilie, \u00e9d. Rosena Davison, Oxford, Voltaire Foundation, Studies on Voltaire and the Eighteenth Century, 342. Fagnan, Marie-Antoinette de (17**-) &#8211; 2007, divers contes, in Contes, \u00e9d. Fran\u00e7oise Gevrey, Paris, [&hellip;]<\/p>\n","protected":false},"author":4,"featured_media":1933,"parent":2975,"menu_order":0,"comment_status":"closed","ping_status":"closed","template":"","meta":{"_acf_changed":false,"footnotes":""},"class_list":["post-2976","page","type-page","status-publish","has-post-thumbnail","hentry"],"translation":{"provider":"WPGlobus","version":"3.0.0","language":"gb","enabled_languages":["fr","gb"],"languages":{"fr":{"title":true,"content":true,"excerpt":false},"gb":{"title":false,"content":false,"excerpt":false}}},"acf":[],"_links":{"self":[{"href":"https:\/\/siefar.org\/gb\/wp-json\/wp\/v2\/pages\/2976","targetHints":{"allow":["GET"]}}],"collection":[{"href":"https:\/\/siefar.org\/gb\/wp-json\/wp\/v2\/pages"}],"about":[{"href":"https:\/\/siefar.org\/gb\/wp-json\/wp\/v2\/types\/page"}],"author":[{"embeddable":true,"href":"https:\/\/siefar.org\/gb\/wp-json\/wp\/v2\/users\/4"}],"replies":[{"embeddable":true,"href":"https:\/\/siefar.org\/gb\/wp-json\/wp\/v2\/comments?post=2976"}],"version-history":[{"count":0,"href":"https:\/\/siefar.org\/gb\/wp-json\/wp\/v2\/pages\/2976\/revisions"}],"up":[{"embeddable":true,"href":"https:\/\/siefar.org\/gb\/wp-json\/wp\/v2\/pages\/2975"}],"wp:featuredmedia":[{"embeddable":true,"href":"https:\/\/siefar.org\/gb\/wp-json\/wp\/v2\/media\/1933"}],"wp:attachment":[{"href":"https:\/\/siefar.org\/gb\/wp-json\/wp\/v2\/media?parent=2976"}],"curies":[{"name":"wp","href":"https:\/\/api.w.org\/{rel}","templated":true}]}}