{"id":2974,"date":"2009-09-24T11:29:24","date_gmt":"2009-09-24T11:29:24","guid":{"rendered":"http:\/\/302"},"modified":"2009-09-24T11:29:24","modified_gmt":"2009-09-24T11:29:24","slug":"lettre-d","status":"publish","type":"page","link":"https:\/\/siefar.org\/gb\/editions-de-textes-de-femmes-de-l-ancien-regime\/lettre-d\/","title":{"rendered":"Oeuvres de femmes publi\u00e9es depuis 1990 &#8211; Lettre D"},"content":{"rendered":"<ul>\n<li>\n<div class=\"corpsTexte\" style=\"text-align: justify;\"><span style=\"font-size: 12pt;\"><strong>Dachkova, Ekaterina Romanovna, princesse (17**-)<\/strong><\/span><\/div>\n<\/li>\n<\/ul>\n<div class=\"corpsTexte\" style=\"text-align: justify;\"><span style=\"font-size: 12pt;\"> &#8211; 1999, <em>Mon histoire. M\u00e9moires d&#8217;une femme de lettres russe \u00e0 l&#8217;\u00e9poque des Lumi\u00e8res<\/em>, \u00e9d. Alexandre et Catherine Woronzoff-Dashkoff &amp; Catherine Le Gouis, Paris, L&#8217;Harmattan.<\/span><\/p>\n<hr \/>\n<\/div>\n<ul>\n<li>\n<div class=\"corpsTexte\" style=\"text-align: justify;\"><span style=\"font-size: 12pt;\"><strong>D&#8217;Enneti\u00e8res <em>(Denti\u00e8res)<\/em>, Marie d&#8217; (1495-1561)<\/strong><\/span><\/div>\n<\/li>\n<\/ul>\n<div class=\"corpsTexte\" style=\"text-align: justify;\"><span style=\"font-size: 12pt;\"><span style=\"font-size: 12pt;\"> &#8211; \u00e0 para\u00eetre, <em>\u0152uvres<\/em>, \u00e9d. William Kemp, Gen\u00e8ve, Droz.<br \/> &#8211; 1998, <em>M\u00e9moires<\/em>, pr\u00e9face de Nicole Pellegrin, Bonnes, Gorgones.<br \/><\/span><\/span><\/p>\n<hr \/>\n<\/div>\n<ul>\n<li>\n<div class=\"corpsTexte\" style=\"text-align: justify;\"><span style=\"font-size: 12pt;\"><strong>Deshouli\u00e8res, Antoinette du Ligier de La Garde (1637-1694)<\/strong><\/span><\/div>\n<\/li>\n<\/ul>\n<div class=\"corpsTexte\" style=\"text-align: justify;\"><span style=\"font-size: 12pt;\"> &#8211; 2010, <a href=\"1\/\"><em>Po\u00e9sies<\/em><\/a>, \u00e9d. Sophie Tonolo, Paris, Classiques Garnier.<br \/> &#8211; 2008, <em>Gens\u00e9ric<\/em>, \u00e9d. P. Gethner, voir <a href=\"1\/'var_mode=calcul\">anthologie <\/a>A. Evain, P. Gethner &amp; H. Goldwyn.<br \/> &#8211; 2005, <em>L&#8217;Enchantement des chagrins : Po\u00e9sies compl\u00e8tes<\/em>, \u00e9d. Catherine H\u00e9mon-Fabre et Pierre-Eug\u00e8ne Leroy, Paris, Bartillat.<br \/> &#8211; 2002, <em>Gens\u00e9ric<\/em>, voir <a href=\"1\/'var_mode=calcul\">anthologie <\/a>Perry Gethner.<\/span><\/p>\n<hr \/>\n<\/div>\n<ul>\n<li>\n<div class=\"corpsTexte\" style=\"text-align: justify;\"><span style=\"font-size: 12pt;\"><strong>Deshouli\u00e8res, Antoinette-Th\u00e9r\u00e8se de la Fon-de-bois-Gu\u00e9rin (1662-1718)<\/strong><\/span><\/div>\n<\/li>\n<\/ul>\n<div class=\"corpsTexte\" style=\"text-align: justify;\"><span style=\"font-size: 12pt;\"> &#8211; 2005, <em>L&#8217;Enchantement des chagrins : Po\u00e9sies compl\u00e8tes<\/em>, \u00e9d. Catherine H\u00e9mon-Fabre et Pierre-Eug\u00e8ne Leroy, Paris, Bartillat, 2005.<\/span><\/p>\n<hr \/>\n<\/div>\n<ul>\n<li>\n<div class=\"corpsTexte\" style=\"text-align: justify;\"><span style=\"font-size: 12pt;\"><strong>Des Roches, Madeleine (1520?-1587) et Catherine (1542-1587)<\/strong><\/span><\/div>\n<\/li>\n<\/ul>\n<div class=\"corpsTexte\" style=\"text-align: justify;\"><span style=\"font-size: 12pt;\"> &#8211; 2006, le th\u00e9\u00e2tre de Catherine Des Roches : <em>Tobie<\/em>, <em>Bergerie<\/em>, <em>Dialogue de Placide et S\u00e9v\u00e8re<\/em>, <em>Dialogue de Iris et Pasith\u00e9e<\/em>, \u00e9d. E. Viennot, voir <a href=\"1\/'var_mode=calcul\">anthologie<\/a> A. Evain, P. Gethner &amp; H. Goldwyn.<br \/> &#8211; 1999, <em>Les Missives<\/em>, \u00e9d. Anne R. Larsen, Gen\u00e8ve, Droz, \u00abTextes litt\u00e9raires fran\u00e7ais\u00bb.<br \/> &#8211; 1998, <em>Les Secondes Oeuvres<\/em>, \u00e9d. Anne R. Larsen, Gen\u00e8ve, Droz, \u00abTextes litt\u00e9raires fran\u00e7ais\u00bb.<br \/> &#8211; 1993, <em>Les Oeuvres<\/em>, \u00e9d. Anne R. Larsen, Gen\u00e8ve, Droz , \u00abTextes litt\u00e9raires fran\u00e7ais\u00bb.<br \/> <\/span><\/div>\n<div class=\"corpsTexte\" style=\"text-align: justify;\">\n<hr \/>\n<\/div>\n<ul>\n<li>\n<div class=\"corpsTexte\" style=\"text-align: justify;\"><span style=\"font-size: 12pt;\"><strong>Dreuillet, Elisabeth de Montlaur de (1656-1730)<\/strong><\/span><\/div>\n<\/li>\n<\/ul>\n<div class=\"corpsTexte\" style=\"text-align: justify;\"><span style=\"font-size: 12pt;\"> &#8211; 2007, <em>Contes<\/em>, voir <a href=\"1\/'var_mode=calcul\">anthologie<\/a> Robert &amp; Deccourt.<\/span><\/div>\n<div class=\"corpsTexte\" style=\"text-align: justify;\">\n<hr \/>\n<\/div>\n<ul>\n<li>\n<div class=\"corpsTexte\" style=\"text-align: justify;\"><span style=\"font-size: 12pt;\"><strong>Du Boccage, Anne-Marie (1710-1802)<\/strong><\/span><\/div>\n<\/li>\n<\/ul>\n<div class=\"corpsTexte\" style=\"text-align: justify;\"><span style=\"font-size: 12pt;\">&#8211; 2016,\u00a0<em>Les Amazones,\u00a0\u00e9d. Rotraud von Kulessa, voir\u00a0<a href=\"1\/'var_mode=calcul\">anthologie\u00a0<\/a>A. Evain, P. Gethner &amp; H. Goldwyn.<\/em><br \/> &#8211; 2005, <em>Lettres sur l&#8217;Angleterre et la Hollande<\/em>, St-Pierre-de-Salerne, G\u00e9rad Montfort \u00e9diteur.<br \/> &#8211; 2002, <em>Les Amazones<\/em>, voir <a href=\"1\/'var_mode=calcul\">anthologie<\/a> Perry Gethner.<br \/> &#8211; 1991, <em>La Colombiade ou La foi port\u00e9e au Nouveau Monde (1756)<\/em>, avant-propos de Milagros Palma, pr\u00e9f. de Catherin Jardin, Paris, C\u00f4t\u00e9-femmes, 1991.<br \/><\/span><\/p>\n<hr \/>\n<p>&nbsp;<\/p>\n<\/div>\n<ul>\n<li>\n<div class=\"corpsTexte\" style=\"text-align: justify;\"><span style=\"font-size: 12pt;\"><strong>Du Ch\u00e2telet, Gabrielle-Emilie (1706-1749)<\/strong><\/span><\/div>\n<\/li>\n<\/ul>\n<div class=\"corpsTexte\" style=\"text-align: justify;\"><span style=\"font-size: 12pt;\"> &#8211; 2011, <em>Examens de la Bible<\/em>, \u00e9d. Bertram Eugene Schwarzbach, Paris, H. Champion.<br \/> &#8211; 2008, <em>Discours sur le bonheur<\/em>, in Robert Mauzi, L&#8217;Art de vivre d&#8217;une femme au XVIII\u00e8me si\u00e8cle, Paris, Desjonquere.<br \/> &#8211; 1997, <em>Discours sur le bonheur<\/em>, \u00e9d. Elisabeth Badinther, Paris, Payot-Rivages.<br \/> &#8211; 1997,<em> Lettres d&#8217;amour au marquis de Saint-Lambert<\/em>, \u00e9d. Anne Soprani, Paris, Paris-M\u00e9diterran\u00e9e.<br \/> &#8211; 1990, <em>Principes math\u00e9matiques de la philosophie naturelle, d&#8217;Isaac Newton, traduits de l&#8217;anglois \u00e9d. feue Mme la marquise du Chastellet<\/em> <em>(fac. sim. 1759)<\/em>, Paris, J. Gabay.<\/span><\/p>\n<hr \/>\n<\/div>\n<ul>\n<li>\n<div class=\"corpsTexte\" style=\"text-align: justify;\"><span style=\"font-size: 12pt;\"><strong>Du Deffand, Mme (1697-1780)<\/strong><\/span><\/div>\n<\/li>\n<\/ul>\n<div class=\"corpsTexte\" style=\"text-align: justify;\"><span style=\"font-size: 12pt;\"> &#8211; 2002,<em> Lettres de Madame du Deffand 1742-1780<\/em>, \u00e9d. Chantal Thomas, Paris, Mercure de France.<br \/> &#8211; 1996, <em>Choix de lettres \u00e0 Horace Walpole<\/em>, \u00e9d. Chantal Thomas, Paris, Mercure.<br \/> &#8211; 1994, <em>Lettres \u00e0 Voltaire<\/em>, \u00e9d. Chantal Thomas, Paris, Rivage \u00abpoche\u00bb.<\/span><\/p>\n<hr \/>\n<\/div>\n<ul>\n<li>\n<div class=\"corpsTexte\" style=\"text-align: justify;\"><span style=\"font-size: 12pt;\"><strong>Du Guillet, Pernette (1520-1545)<\/strong><\/span><\/div>\n<\/li>\n<\/ul>\n<div class=\"corpsTexte\" style=\"text-align: justify;\"><span style=\"font-size: 12pt;\"> &#8211; 2006,<em> Rymes<\/em>, \u00e9d. Christian Barataud &amp; Danielle Trudeau, Paris, H. Champion.<br \/> &#8211; 2006, <em>Rymes (1545)<\/em>, \u00e9d. Elise Rajchenbach, Gen\u00e8ve, Droz.<br \/> <\/span><\/div>\n<div class=\"corpsTexte\" style=\"text-align: justify;\">\n<hr \/>\n<\/div>\n<ul>\n<li>\n<div class=\"corpsTexte\" style=\"text-align: justify;\"><span style=\"font-size: 12pt;\"><strong>Du Laurens, Jeanne (XVIIe s.)<\/strong><\/span><\/div>\n<\/li>\n<\/ul>\n<div class=\"corpsTexte\" style=\"text-align: justify;\"><span style=\"font-size: 12pt;\"> &#8211; 2008, <em>Genealogie de Messieurs du Laurens (1631)<\/em>, in S. Broomhall &amp; Colette H. Winn (\u00e9d.), <em>Les Femmes et l\u2019histoire familiale (XVIe-XVIIe si\u00e8cle)<\/em>, Paris, H. Champion.<\/span><\/p>\n<hr \/>\n<\/div>\n<ul>\n<li><span style=\"font-size: 12pt;\"> <strong>Du Noyer, Anne-Marie (1663-1719)<\/strong><\/span><\/li>\n<\/ul>\n<div class=\"corpsTexte\" style=\"text-align: justify;\"><span style=\"font-size: 12pt;\"> &#8211; 2005, <a href=\"1\/'var_mode=calcul\"><em>M\u00e9moires<\/em><\/a>, \u00e9d. Henriette Goldwyn, Paris, Mercure de France.<\/span><\/p>\n<hr \/>\n<\/div>\n<ul>\n<li>\n<div class=\"corpsTexte\" style=\"text-align: justify;\"><span style=\"font-size: 12pt;\"><strong>Duplessis-Mornay, Charlotte (1550-1606)<\/strong><\/span><\/div>\n<\/li>\n<\/ul>\n<div class=\"corpsTexte\" style=\"text-align: justify;\"><span style=\"font-size: 12pt;\"> &#8211; \u00e0 para\u00eetre, <em>M\u00e9moires<\/em>, Paris<br \/>\n, Champion.<br \/> <\/span><\/div>\n<div class=\"corpsTexte\" style=\"text-align: justify;\">\n<hr \/>\n<\/div>\n<ul>\n<li>\n<div class=\"corpsTexte\" style=\"text-align: justify;\"><span style=\"font-size: 12pt;\"><strong>Durand, Catherine <em>(Bedacier)<\/em> (16**-1736)<\/strong><\/span><\/div>\n<\/li>\n<\/ul>\n<div class=\"corpsTexte\" style=\"text-align: justify;\"><span style=\"font-size: 12pt;\"> &#8211; 2004, <em>Contes<\/em>, voir <a href=\"1\/'var_mode=calcul\">anthologie <\/a>Raymonde Robert.<br \/> &#8211; 2002, <em>Com\u00e9dies en proverbes<\/em>, voir <a href=\"1\/'var_mode=calcul\">anthologie <\/a>Perry Gethner.<\/span><\/p>\n<hr \/>\n<\/div>\n<ul>\n<li>\n<div class=\"corpsTexte\" style=\"text-align: justify;\"><span style=\"font-size: 12pt;\"><strong>Duras, Claire de (1777-1828)<\/strong><\/span><\/div>\n<\/li>\n<\/ul>\n<div class=\"corpsTexte\" style=\"text-align: justify;\"><span style=\"font-size: 12pt;\"> &#8211; 2007, <em>Ourika &#8211; \u00c9douard &#8211; Olivier ou le Secret<\/em>, Paris, Gallimard \u00abFolio classique\u00bb.<br \/> &#8211; 1996, <em>Ourika <\/em>(1823), voir <a href=\"1\/'var_mode=calcul\">anthologie <\/a>Raymond Trousson.<br \/> &#8211; 1996, <em>Edouard <\/em>(1824), voir <a href=\"1\/'var_mode=calcul\">anthologie <\/a>Raymond Trousson.<\/span><\/p>\n<hr \/>\n<\/div>\n<ul>\n<li>\n<div class=\"corpsTexte\" style=\"text-align: justify;\"><span style=\"font-size: 12pt;\"><strong>Du Verger, Mme (15**-15**) et Du Verger, Philippe (15**-16**)<\/strong><\/span><\/div>\n<\/li>\n<\/ul>\n<div class=\"corpsTexte\" style=\"text-align: justify;\"><span style=\"font-size: 12pt;\"> &#8211; 2004, <em>Le Verger fertile des vertus. Compos\u00e9 par defuncte Mme du Verger augment\u00e9 et amplifi\u00e9 par Philippe du Verger sa fille, femme d&#8217;un Procureur de la Cour<\/em> <em>(1595)<\/em>, \u00e9d. Susan Broomhall &amp; Colette H. Winn, Paris, H. Champion <em>(trait\u00e9 de pu\u00e9riculture)<\/em>.<\/span><\/p>\n<p><span style=\"font-size: 12pt;\">\u00a0<\/span><\/p>\n<\/div>\n<div class=\"corpsTexte\" style=\"text-align: justify;\"><span style=\"font-size: 12pt;\">\u00a0<\/span><\/div>\n<div class=\"corpsTexte\" style=\"text-align: right;\">\n<div class=\"corpsTexte\" style=\"text-align: right;\"><span style=\"font-size: 12pt;\"><a href=\"1\/\"><strong>Retour \u00e0 la liste des autrices<\/strong><\/a><\/span><\/div>\n<p style=\"text-align: justify;\"><span style=\"font-size: 12pt;\"><br \/> <\/span><\/p>\n<\/div>\n","protected":false},"excerpt":{"rendered":"<p>Dachkova, Ekaterina Romanovna, princesse (17**-) &#8211; 1999, Mon histoire. M\u00e9moires d&#8217;une femme de lettres russe \u00e0 l&#8217;\u00e9poque des Lumi\u00e8res, \u00e9d. Alexandre et Catherine Woronzoff-Dashkoff &amp; Catherine Le Gouis, Paris, L&#8217;Harmattan. D&#8217;Enneti\u00e8res (Denti\u00e8res), Marie d&#8217; (1495-1561) &#8211; \u00e0 para\u00eetre, \u0152uvres, \u00e9d. William Kemp, Gen\u00e8ve, Droz. &#8211; 1998, M\u00e9moires, pr\u00e9face de Nicole Pellegrin, Bonnes, Gorgones. Deshouli\u00e8res, Antoinette [&hellip;]<\/p>\n","protected":false},"author":4,"featured_media":1933,"parent":2970,"menu_order":0,"comment_status":"closed","ping_status":"closed","template":"","meta":{"_acf_changed":false,"footnotes":""},"class_list":["post-2974","page","type-page","status-publish","has-post-thumbnail","hentry"],"translation":{"provider":"WPGlobus","version":"3.0.0","language":"gb","enabled_languages":["fr","gb"],"languages":{"fr":{"title":true,"content":true,"excerpt":false},"gb":{"title":false,"content":false,"excerpt":false}}},"acf":[],"_links":{"self":[{"href":"https:\/\/siefar.org\/gb\/wp-json\/wp\/v2\/pages\/2974","targetHints":{"allow":["GET"]}}],"collection":[{"href":"https:\/\/siefar.org\/gb\/wp-json\/wp\/v2\/pages"}],"about":[{"href":"https:\/\/siefar.org\/gb\/wp-json\/wp\/v2\/types\/page"}],"author":[{"embeddable":true,"href":"https:\/\/siefar.org\/gb\/wp-json\/wp\/v2\/users\/4"}],"replies":[{"embeddable":true,"href":"https:\/\/siefar.org\/gb\/wp-json\/wp\/v2\/comments?post=2974"}],"version-history":[{"count":0,"href":"https:\/\/siefar.org\/gb\/wp-json\/wp\/v2\/pages\/2974\/revisions"}],"up":[{"embeddable":true,"href":"https:\/\/siefar.org\/gb\/wp-json\/wp\/v2\/pages\/2970"}],"wp:featuredmedia":[{"embeddable":true,"href":"https:\/\/siefar.org\/gb\/wp-json\/wp\/v2\/media\/1933"}],"wp:attachment":[{"href":"https:\/\/siefar.org\/gb\/wp-json\/wp\/v2\/media?parent=2974"}],"curies":[{"name":"wp","href":"https:\/\/api.w.org\/{rel}","templated":true}]}}