{"id":2966,"date":"2009-09-22T12:22:08","date_gmt":"2009-09-22T12:22:08","guid":{"rendered":"http:\/\/295"},"modified":"2009-09-22T12:22:08","modified_gmt":"2009-09-22T12:22:08","slug":"la-pucelle-d-orleans-restituee-par-beroalde-de-verville","status":"publish","type":"page","link":"https:\/\/siefar.org\/gb\/publications-articles\/la-pucelle-d-orleans-restituee-par-beroalde-de-verville\/","title":{"rendered":"La Pucelle d&#8217;Orl\u00e9ans restitu\u00e9e par B\u00e9roalde de Verville."},"content":{"rendered":"<div class=\"corpsTexte\" style=\"text-align: justify;\"><span style=\"color: rgb(128, 0, 0);\"><strong><span style=\"font-size: small;\">Corinne F. Wilson &amp; Colette H. WINN (&eacute;d.), avec la collab. de Rafiqa Am&eacute;ziane et Cynthia B. Marrs<\/span><\/strong><\/span><strong><span style=\"font-size: small;\"><br \/>\n<\/span><\/strong><\/div>\n<div class=\"corpsTexte\" style=\"text-align: justify;\"><em><strong><span style=\"font-size: small;\"><br \/>\nLa Pucelle d&rsquo;Orl&eacute;ans restitu&eacute;e par B&eacute;roalde de Verville. Sous le sujet de cette magnanime Pucelle est repr&eacute;sent&eacute;e une fille vaillante, chaste, s&ccedil;avante et belle<\/span><\/strong><\/em><\/div>\n<div class=\"corpsTexte\" style=\"text-align: justify;\"><strong><br \/>\n<\/strong><\/div>\n<div class=\"corpsTexte\" style=\"text-align: justify;\"><strong><span style=\"font-size: small;\">Paris, H. Champion, d&eacute;c. 2008, 448 p., 79 &euro;, ISBN 978-2-7453-1780-3<\/span><\/strong><\/div>\n<div class=\"corpsTexte\" style=\"text-align: justify;\"><\/div>\n<div class=\"corpsTexte\" style=\"text-align: justify;\"><span style=\"font-size: small;\">Publi&eacute; &agrave; Paris chez Mathieu Guillemot en 1599, La Pucelle d&rsquo;Orl&eacute;ans est le premier roman fran&ccedil;ais enti&egrave;rement consacr&eacute; &agrave; Jeanne d&rsquo;Arc. On y trouve les caract&eacute;ristiques les plus remarquables de la production narrative b&eacute;roaldienne des ann&eacute;es 1592 &agrave; 1610: une pr&eacute;f&eacute;rence marqu&eacute;e pour l&rsquo;ordo artificialis fait de surprises, d&rsquo;incertitude, de suspense et pour tout ce qui accentue l&rsquo;impression de non-lin&eacute;arit&eacute;, de d&eacute;calage, d&rsquo;illusion, de trompe-l&rsquo;&oelig;il; les constructions en sym&eacute;trie; le recours aux artifices comme l&rsquo;anamorphose ou la st&eacute;ganographie; l&rsquo;emploi de noms cod&eacute;s ou anagrammis&eacute;s et le symbolisme alchimique. Ce roman offre maintes r&eacute;sistances mais il a aussi la capacit&eacute; de r&eacute;veiller encore et toujours la curiosit&eacute; et transmettre au lecteur cette passion pour la recherche de la connaissance qui fut celle de B&eacute;roalde.<br \/>\n<\/span><\/div>\n","protected":false},"excerpt":{"rendered":"<p>Corinne F. Wilson &amp; Colette H. WINN (&eacute;d.), avec la collab. de Rafiqa Am&eacute;ziane et Cynthia B. Marrs La Pucelle d&rsquo;Orl&eacute;ans restitu&eacute;e par B&eacute;roalde de Verville. Sous le sujet de cette magnanime Pucelle est repr&eacute;sent&eacute;e une fille vaillante, chaste, s&ccedil;avante et belle Paris, H. Champion, d&eacute;c. 2008, 448 p., 79 &euro;, ISBN 978-2-7453-1780-3 Publi&eacute; &agrave; [&hellip;]<\/p>\n","protected":false},"author":4,"featured_media":0,"parent":2851,"menu_order":0,"comment_status":"closed","ping_status":"closed","template":"","meta":{"_acf_changed":false,"footnotes":""},"class_list":["post-2966","page","type-page","status-publish","hentry"],"translation":{"provider":"WPGlobus","version":"3.0.0","language":"gb","enabled_languages":["fr","gb"],"languages":{"fr":{"title":true,"content":true,"excerpt":false},"gb":{"title":false,"content":false,"excerpt":false}}},"acf":[],"_links":{"self":[{"href":"https:\/\/siefar.org\/gb\/wp-json\/wp\/v2\/pages\/2966","targetHints":{"allow":["GET"]}}],"collection":[{"href":"https:\/\/siefar.org\/gb\/wp-json\/wp\/v2\/pages"}],"about":[{"href":"https:\/\/siefar.org\/gb\/wp-json\/wp\/v2\/types\/page"}],"author":[{"embeddable":true,"href":"https:\/\/siefar.org\/gb\/wp-json\/wp\/v2\/users\/4"}],"replies":[{"embeddable":true,"href":"https:\/\/siefar.org\/gb\/wp-json\/wp\/v2\/comments?post=2966"}],"version-history":[{"count":0,"href":"https:\/\/siefar.org\/gb\/wp-json\/wp\/v2\/pages\/2966\/revisions"}],"up":[{"embeddable":true,"href":"https:\/\/siefar.org\/gb\/wp-json\/wp\/v2\/pages\/2851"}],"wp:attachment":[{"href":"https:\/\/siefar.org\/gb\/wp-json\/wp\/v2\/media?parent=2966"}],"curies":[{"name":"wp","href":"https:\/\/api.w.org\/{rel}","templated":true}]}}