{"id":2962,"date":"2009-09-22T12:11:21","date_gmt":"2009-09-22T12:11:21","guid":{"rendered":"http:\/\/291"},"modified":"2009-09-22T12:11:21","modified_gmt":"2009-09-22T12:11:21","slug":"patronnes-et-mecenes-en-france-a-la-renaissance","status":"publish","type":"page","link":"https:\/\/siefar.org\/gb\/publications-articles\/patronnes-et-mecenes-en-france-a-la-renaissance\/","title":{"rendered":"Patronnes et m\u00e9c\u00e8nes en France \u00e0 la Renaissance"},"content":{"rendered":"<div style=\"text-align: justify;\" class=\"corpsTexte\"><span style=\"color: rgb(128, 0, 0);\"><strong><span style=\"font-size: small;\">Kathleen WILSON-CHEVALIER (dir.), avec la collaboration d&#8217;Eug&eacute;nie PASCAL<\/span><br \/>\n<\/strong><\/span><\/div>\n<div style=\"text-align: justify;\" class=\"corpsTexte\"><strong><span style=\"font-size: small;\"><br \/>\n<img loading=\"lazy\" decoding=\"async\" width=\"100\" vspace=\"8\" hspace=\"8\" height=\"148\" align=\"left\" alt=\"\" src=\"docsiefar\/image\/Patronnes%20et%20m%C3%A9c%C3%A8nes.jpg\" style=\"margin-right: 10px; margin-bottom: 10px;\" \/>Saint-&Eacute;tienne, Publications de l&#8217;Universit&eacute; de S.E., coll. &laquo;l&#8217;&eacute;cole du genre&raquo;, Nouvelles recherches n&deg;2, 2007, 680 p., 188 ill., 27 euros<\/span><\/strong><\/div>\n<div style=\"text-align: justify;\" class=\"corpsTexte\"><span style=\"font-size: small;\"><br \/>\nD&rsquo;Anne de France &agrave; Marguerite de Valois et Catherine de Bourbon, en passant par Anne de Bretagne, Louise de Savoie, Marguerite de Navarre, Diane de Poitiers, Catherine de M&eacute;dicis, sans compter nombre de duchesses, d&rsquo;abbesses et de grandes bourgeoises, des femmes ont occup&eacute; en France, durant la Renaissance, des positions majeures dans la gestion directe ou indirecte de multiples pouvoirs. Comme leurs homologues masculins, elles ont eu massivement recours au m&eacute;c&eacute;nat pour asseoir leur position dans cette soci&eacute;t&eacute; domin&eacute;e par l&rsquo;ostentation et la repr&eacute;sentation. L&rsquo;impressionnante activit&eacute; qu&rsquo;elles ont d&eacute;ploy&eacute;e dans ce domaine demeure toutefois encore bien mal connue. Qui ces femmes prot&eacute;geaient-elles&#8217; Par quels moyens&#8217; Quelle &eacute;tait leur place dans le patronage &laquo;conjugal&raquo; ou &laquo;familial&raquo;? Quelles vis&eacute;es les animaient&#8217; Qu&rsquo;est-ce qui les poussa, parfois, &agrave; se faire elles-m&ecirc;mes cr&eacute;atrices&#8217;Des chercheuses et chercheurs d&rsquo;horizons vari&eacute;s mettent ici en lumi&egrave;re la fa&ccedil;on dont ces femmes us&egrave;rent de l&rsquo;art et de la culture, des activit&eacute;s de bienfaisance et des donations, dans une d&eacute;marche tant&ocirc;t altruiste tant&ocirc;t int&eacute;ress&eacute;e, tant&ocirc;t favorisant la coh&eacute;sion sociale tant&ocirc;t la minant. Quelles qu&rsquo;aient &eacute;t&eacute; leurs sympathies politiques ou religieuses, il est passionnant de d&eacute;couvrir comment, &agrave; la Cour, &agrave; la ville, &agrave; la campagne, dans un temps aussi pr&eacute;occup&eacute; de gloire imm&eacute;diate que d&rsquo;immortalit&eacute;, ces femmes ont passionn&eacute;ment travaill&eacute; &agrave; constituer un patrimoine mat&eacute;riel susceptible de renforcer leur camp, leur groupe, leurs h&eacute;ritiers &ndash;avec souvent une attention toute particuli&egrave;re pour leurs h&eacute;riti&egrave;res.<br \/>\n<\/span><\/div>\n<div style=\"text-align: center;\" class=\"corpsTexte\"><span style=\"font-size: small;\"><br \/>\n<\/span><strong><span style=\"font-size: small;\">Table des mati&egrave;res<\/span><\/strong><\/div>\n<div style=\"text-align: justify;\" class=\"corpsTexte\"><span style=\"font-size: small;\"><br \/>\n<strong>Introduction<\/strong><br \/>\n&#8211; Kathleen Wilson-Chevalier &mdash; Les espaces des patronnes et m&eacute;c&egrave;nes<\/span><\/div>\n<div style=\"text-align: justify;\" class=\"corpsTexte\"><\/div>\n<div style=\"text-align: justify;\" class=\"corpsTexte\"><strong><span style=\"font-size: small;\">Premi&egrave;re partie<\/span><\/strong><span style=\"font-size: small;\"><br \/>\n&#8211; Susan Broomhall &mdash; Au-del&agrave; de la cour : patronnes et m&eacute;c&egrave;nes du manuscrit &agrave; l&rsquo;imprim&eacute;. Traduction d&rsquo;H&eacute;l&egrave;ne Quiniou<\/span><span style=\"font-size: small;\"><br \/>\n&#8211; Aurore Evain &mdash; Les Reines et princesses de France, m&eacute;c&egrave;nes, patronnes et protectrices du th&eacute;&acirc;tre au XVIe si&egrave;cle<\/span><span style=\"font-size: small;\"><br \/>\n&#8211; Eug&eacute;nie Pascal &mdash; Princesses &eacute;pistoli&egrave;res au tournant du XVIe et XVIIe si&egrave;cle: consommatrices de culture, m&eacute;c&egrave;nes ou propagandistes&#8217;<\/span><\/div>\n<div style=\"text-align: justify;\" class=\"corpsTexte\"><\/div>\n<div style=\"text-align: justify;\" class=\"corpsTexte\"><strong><span style=\"font-size: small;\">Deuxi&egrave;me partie<\/span><\/strong><span style=\"font-size: small;\"><br \/>\n&#8211; Elizabeth L&rsquo;Estrange &mdash; Sainte Anne et le m&eacute;c&eacute;nat d&rsquo;Anne de France<\/span><span style=\"font-size: small;\"><br \/>\n&#8211; Elodie Lequain &mdash; Anne de France et les livres: la tradition et le pouvoir<\/span><span style=\"font-size: small;\"><br \/>\n&#8211; Elizabeth Lestrange &mdash; Le m&eacute;c&eacute;nat d&rsquo;Anne de Bretagne<\/span><span style=\"font-size: small;\"><br \/>\n&#8211; Cynthia Brown &mdash; Le m&eacute;c&eacute;nat d&rsquo;Anne de Bretagne et la politique du livre<\/span><span style=\"font-size: small;\"><br \/>\n&#8211; J<\/span><span style=\"font-size: small;\">ens<\/span><span style=\"font-size: small;\"> Burk &mdash; &laquo;&Agrave; l&rsquo;antique&raquo; &agrave; Nantes et &laquo;&agrave; la moderne&raquo; &agrave; Brou: styles architecturaux et conception des statues fun&eacute;raires au moment de la transition du gothique finissant &agrave; la Renaissance. Traduction de Sophie Selmeier-Nicolas<\/span><span style=\"font-size: small;\"><br \/>\n&#8211; Mary Beth Winn &mdash; Louise de Savoie, ses enfants et ses livres: du pouvoir familial au pouvoir d&rsquo;&Eacute;tat<\/span><span style=\"font-size: small;\"><br \/>\n&#8211; Michel Melot &mdash; Les abbesses b&acirc;tisseuses de Fontevraud<\/span><span style=\"font-size: small;\"><br \/>\n&#8211; B<\/span><span style=\"font-size: small;\">arbara<\/span> <span style=\"font-size: small;\">Stephenson &mdash; &laquo;La protection de vostre faveur&raquo;. Le patronage humaniste de Marguerite de Navarre. Traduction d&rsquo;&Eacute;tienne Dobenesque<\/span><span style=\"font-size: small;\"><br \/>\n&#8211; Anne Funke &mdash; Marguerite de Navarre et son influence spirituelle sur les vitraux de la cath&eacute;drale Sainte-Marie d&rsquo;Auch<\/span><span style=\"font-size: small;\"><br \/>\n&#8211; Annemarie Jordan et Kathleen Wilson-Chevalier &mdash; L&rsquo;&eacute;preuve du m&eacute;c&eacute;nat: &laquo;Alienor d&rsquo;Austriche&raquo;, une reine de France effac&eacute;e?<\/span><span style=\"font-size: small;\"><br \/>\n&#8211; Sigrid Ruby &mdash; Diane de Poitiers : veuve et favorite. Traduction de Christian Schaumburg<\/span><span style=\"font-size: small;\"><br \/>\n&#8211; Penny Richards et Jessica Munn &mdash; Antoinette de Bourbon, premi&egrave;re duchesse de Guise, et R&eacute;my Belleau: construction d&rsquo;un tombeau, cr&eacute;ation d&rsquo;un mythe. Traduction de Sylvie D&eacute;l&eacute;ris<\/span><span style=\"font-size: small;\"><br \/>\n&#8211; Camille Grand-Dewyse &mdash; Le triomphe d&rsquo;une mater familias: Antoinette de Bourbon, duchesse de Guise, et une plaque &eacute;maill&eacute;e de L&eacute;onard Limosin<\/span><span style=\"font-size: small;\"><br \/>\n&#8211; Dora Polachek &mdash; Le m&eacute;c&eacute;nat meurtrier, l&rsquo;iconoclasme et les limites de l&rsquo;acceptable: Anne d&rsquo;Este, Catherine-Marie de Lorraine, et l&rsquo;an&eacute;antissement d&rsquo;Henri III. Traduction de Sylvie D&eacute;l&eacute;ris<\/span><span style=\"font-size: small;\"><br \/>\n&#8211; Sheila ffolliott &mdash; La reine m&eacute;c&egrave;ne id&eacute;ale de la Renaissance: Catherine de M&eacute;dicis d&eacute;finie par elle-m&ecirc;me ou d&eacute;finie par les autres&#8217; Traduction de Jeffrey T.Chamberlain<\/span><span style=\"font-size: small;\"><br \/>\n&#8211; Caroline zum Kolk Caroline zum Kolk &mdash; Le m&eacute;c&eacute;nat de Catherine de M&eacute;dicis d&rsquo;apr&egrave;s sa correspondance<\/span><span style=\"font-size: small;\"><br \/>\n&#8211; Laurent Odde &mdash; Les coulisses du pouvoir:Ch&acirc;teaux, jardins et f&ecirc;tes. Quelques aspects du m&eacute;c&eacute;nat (transgressif) de Catherine de M&eacute;dicis<\/span><span style=\"font-size: small;\"><br \/>\n&#8211; C<\/span><span style=\"font-size: small;\">hantal<\/span> <span style=\"font-size: small;\">Turbide &mdash; Catherine de M&eacute;dicis m&eacute;c&egrave;ne d&rsquo;art contemporain: l&rsquo;h&ocirc;tel de la Reine et ses collections<\/span><span style=\"font-size: small;\"><br \/>\n&#8211; Alexandra Zvereva &mdash; Catherine de M&eacute;dicis et les portraitistes fran&ccedil;ais<\/span><span style=\"font-size: small;\"><br \/>\n&#8211; Mich&egrave;le Bimbenet-Privat &mdash; Catherine et ses orf&egrave;vres: pr&eacute;cision, exigence, autorit&eacute;<\/span><span style=\"font-size: small;\"><br \/>\n&#8211; Kerrie-rue Michahelles &mdash; Apprentissage du m&eacute;c&eacute;nat et transmission matrilin&eacute;aire du pouvoir. Les enseignements de Catherine de M&eacute;dicis &agrave; sa petite-fille Christine de Lorraine. Traduction d&rsquo;H&eacute;l&egrave;ne Quiniou<\/span><\/div>\n<div style=\"text-align: justify;\" class=\"corpsTexte\"><\/div>\n<div style=\"text-align: justify;\" class=\"corpsTexte\"><span style=\"font-size: small;\">L<\/span><span style=\"font-size: small;\">iste des illustrations<br \/>\nBibliographie g&eacute;n&eacute;rale<br \/>\nIndex<\/span><\/div>\n<div style=\"text-align: justify;\" class=\"corpsTexte\"><a href=\"https:\/\/publications.univ-st-etienne.fr\/product.php?id_produit=707\"><strong><br \/>\n<\/strong><\/a><\/div>\n<div style=\"text-align: justify;\" class=\"corpsTexte\"><a href=\"https:\/\/publications.univ-st-etienne.fr\/product.php?id_produit=707\"><strong><span style=\"font-size: small;\">Acheter en ligne<\/span><\/strong><\/a><span style=\"font-size: small;\"><br \/>\nL&#8217;ouvrage est disponible aupr&egrave;s des libraires (distribution SODIS).<\/p>\n<p><\/span><\/div>\n","protected":false},"excerpt":{"rendered":"<p>Kathleen WILSON-CHEVALIER (dir.), avec la collaboration d&#8217;Eug&eacute;nie PASCAL Saint-&Eacute;tienne, Publications de l&#8217;Universit&eacute; de S.E., coll. &laquo;l&#8217;&eacute;cole du genre&raquo;, Nouvelles recherches n&deg;2, 2007, 680 p., 188 ill., 27 euros D&rsquo;Anne de France &agrave; Marguerite de Valois et Catherine de Bourbon, en passant par Anne de Bretagne, Louise de Savoie, Marguerite de Navarre, Diane de Poitiers, Catherine [&hellip;]<\/p>\n","protected":false},"author":4,"featured_media":0,"parent":2851,"menu_order":0,"comment_status":"closed","ping_status":"closed","template":"","meta":{"_acf_changed":false,"footnotes":""},"class_list":["post-2962","page","type-page","status-publish","hentry"],"translation":{"provider":"WPGlobus","version":"3.0.0","language":"gb","enabled_languages":["fr","gb"],"languages":{"fr":{"title":true,"content":true,"excerpt":false},"gb":{"title":false,"content":false,"excerpt":false}}},"acf":[],"_links":{"self":[{"href":"https:\/\/siefar.org\/gb\/wp-json\/wp\/v2\/pages\/2962","targetHints":{"allow":["GET"]}}],"collection":[{"href":"https:\/\/siefar.org\/gb\/wp-json\/wp\/v2\/pages"}],"about":[{"href":"https:\/\/siefar.org\/gb\/wp-json\/wp\/v2\/types\/page"}],"author":[{"embeddable":true,"href":"https:\/\/siefar.org\/gb\/wp-json\/wp\/v2\/users\/4"}],"replies":[{"embeddable":true,"href":"https:\/\/siefar.org\/gb\/wp-json\/wp\/v2\/comments?post=2962"}],"version-history":[{"count":0,"href":"https:\/\/siefar.org\/gb\/wp-json\/wp\/v2\/pages\/2962\/revisions"}],"up":[{"embeddable":true,"href":"https:\/\/siefar.org\/gb\/wp-json\/wp\/v2\/pages\/2851"}],"wp:attachment":[{"href":"https:\/\/siefar.org\/gb\/wp-json\/wp\/v2\/media?parent=2962"}],"curies":[{"name":"wp","href":"https:\/\/api.w.org\/{rel}","templated":true}]}}