{"id":2945,"date":"2009-09-21T13:39:43","date_gmt":"2009-09-21T13:39:43","guid":{"rendered":"http:\/\/274"},"modified":"2009-09-21T13:39:43","modified_gmt":"2009-09-21T13:39:43","slug":"le-desir-et-le-gout-une-autre-histoire-xiiie-xviiie-siecles","status":"publish","type":"page","link":"https:\/\/siefar.org\/gb\/publications-articles\/le-desir-et-le-gout-une-autre-histoire-xiiie-xviiie-siecles\/","title":{"rendered":"Le D\u00e9sir et le Go\u00fbt. Une autre histoire (XIIIe-XVIIIe si\u00e8cles)"},"content":{"rendered":"<div class=\"corpsTexte\" style=\"text-align: justify;\"><span style=\"color: rgb(128, 0, 0);\"><strong><span style=\"font-size: small;\">Odile REDON, Line SALLMAN, Sylvie STEINBERG (dir.)<\/span><\/strong><\/span><strong><span style=\"font-size: small;\"><\/p>\n<p>Presses Universitaires de Vincennes, Coll.&quot; Temps &amp; Espaces&quot;, 2005, 416 p. Format 13,7 x 22 cm, illustrations, 25, ISBN 2-84292-174-7<\/span><\/strong><\/div>\n<div class=\"corpsTexte\" style=\"text-align: justify;\"><span style=\"font-size: small;\"><br \/>\nCe livre propose un bilan en mati&egrave;re d1histoire de la famille, de la sexualit&eacute; et de l1alimentation. Les lecteurs y retrouveront l1ambiance anim&eacute;e des d&eacute;bats historiographiques de ces derni&egrave;res d&eacute;cennies. Ils choisiront leurs parcours dans cette histoire inhabituelle des usages, des traditions et des ruptures qui commandaient jadis, entre souffrances et &eacute;motions quotidiennes, la recherche du go&ucirc;t et du plaisir. Ils y d&eacute;couvriront ou y retrouveront la figure d1un historien exceptionnel &agrave; qui, en 2003, fut d&eacute;di&eacute; par ses proches coll&egrave;gues un colloque international, matrice de ce livre, Jean-Louis Flandrin (1931-2001), questionneur inlassable, chercheur avide et m&eacute;thodique de ce qui semblait devenu inaccessible : les d&eacute;sirs et les go&ucirc;ts des hommes et des femmes du pass&eacute;.<\/span><\/div>\n<div class=\"corpsTexte\" style=\"text-align: center;\"><\/div>\n<div class=\"corpsTexte\" style=\"text-align: center;\"><span style=\"font-size: small;\"><br \/>\n<\/span><strong><span style=\"font-size: small;\">TABLE DES MATI&Egrave;RES<\/span><\/strong><\/div>\n<div class=\"corpsTexte\" style=\"text-align: justify;\"><span style=\"font-size: small;\"><br \/>\nIntroduction<\/span><\/div>\n<div class=\"corpsTexte\" style=\"text-align: justify;\"><span style=\"font-size: small;\"><br \/>\n<\/span><strong><span style=\"font-size: small;\">I. Trente ans d&#8217;histoire des sensibilit&eacute;s<\/span><\/strong><span style=\"font-size: small;\"><br \/>\n&#8211; Andr&eacute; Burgui&egrave;re. Histoire et d&eacute;mographie. Dialogue avec Jean-Louis Flandrin<br \/>\n&#8211; Alain Corbin. Les principales &eacute;tapes de l&#8217;histoire du sexe en Occident<br \/>\n&#8211; Odile Redon, Bruno Laurioux. Histoire de l&#8217;alimentation entre Moyen &Acirc;ge et Temps modernes<\/span><\/div>\n<div class=\"corpsTexte\" style=\"text-align: justify;\"><span style=\"font-size: small;\"><br \/>\n<\/span><strong><span style=\"font-size: small;\">II. L&#8217;invention des go&ucirc;ts<\/span><\/strong><span style=\"font-size: small;\"><br \/>\n&#8211; Bruno Laurioux. Les voyageurs et la gastronomie en Europe au XVe si&egrave;cle<br \/>\n&#8211; Nathalie H&eacute;raud. Exotisme culinaire et repr&eacute;sentations nationales dans les cuisines europ&eacute;ennes de la Renaissance : le t&eacute;moignage des livres de cuisine<br \/>\n&#8211; Mary et Philip Hyman. Les associations de saveurs dans les livres de cuisine fran&ccedil;ais du XVIe si&egrave;cle<br \/>\n&#8211; Antoine Jacobsohn. Techniques agricoles et go&ucirc;t des aliments &agrave; l&#8217;&eacute;poque moderne : le froment et le pain en France au XVIIIe si&egrave;cle<br \/>\n<\/span><\/div>\n<div class=\"corpsTexte\" style=\"text-align: justify;\"><\/div>\n<div class=\"corpsTexte\" style=\"text-align: justify;\"><strong><span style=\"font-size: small;\">III. D&eacute;sirs sous contr&ocirc;le<\/span><\/strong><span style=\"font-size: small;\"><br \/>\n&#8211; Bernard Rosenberger. Di&eacute;t&eacute;tique et cuisine dans l&#8217;Espagne musulmane du XIIIe si&egrave;cle<br \/>\n&#8211; Marilyn Nicoud. Les m&eacute;decins &agrave; la cour de Francesco Sforza ou comment gouverner le prince (deuxi&egrave;me moiti&eacute; du XVe si&egrave;cle)<br \/>\n&#8211; Sara F. Matthews-Grieco. La Mouche au laict. Amour et luxure dans les livres d&#8217;embl&egrave;mes en France au XVIe si&egrave;cle<br \/>\n&#8211; Cathy McClive. Engendrer pendant les menstrues : devoir conjugal et interdit sexuel &agrave; l&#8217;&eacute;poque moderne<\/span><\/div>\n<div class=\"corpsTexte\" style=\"text-align: justify;\"><span style=\"font-size: small;\"><br \/>\n<\/span><strong><span style=\"font-size: small;\">IV. Drames intimes<\/span><\/strong><span style=\"font-size: small;\"><br \/>\n&#8211; Didier Lett. L&#8217;habit ne fait pas le genre. Les travestissements de Fr&egrave;re Denise chez Rutebeuf (1262)<br \/>\n&#8211; Christiane Klapisch-Zuber. Propager l&#8217;injure? Les limites de l&#8217;intime dans l&#8217;&eacute;criture priv&eacute;e<br \/>\n&#8211; Dorothea Nolde. Le r&ocirc;le de la violence dans les rapports conjugaux en France, &agrave; la fin du XVIe et au d&eacute;but du XVIIe si&egrave;cle<br \/>\n&#8211; Sylvie Steinberg. Les enfants n&eacute;s des amours ancillaires (France XVIe-XVIIe s.)<br \/>\n&#8211; Sylvie Perrier. Les relations domestiques dans les familles &laquo; recompos&eacute;es &raquo; de la France d&#8217;Ancien R&eacute;gime<\/span><\/div>\n<div class=\"corpsTexte\" style=\"text-align: justify;\"><span style=\"font-size: small;\"><br \/>\n<\/span><strong><span style=\"font-size: small;\">V. L&#8217;historien du sensible<\/span><\/strong><span style=\"font-size: small;\"><br \/>\n&#8211; Massimo Montanari. Un historien gourmand<br \/>\n&#8211; Georges Vigarello. Poursuivre l&#8217;oeuvre de Jean-Louis Flandrin<br \/>\n&#8211; Bibliographie de Jean-Louis Flandrin<\/span><\/div>\n<div class=\"corpsTexte\" style=\"text-align: justify;\"><span style=\"font-size: small;\"><br \/>\nPresses Universitaires de Vincennes<br \/>\nUniversit&eacute; Paris VIII<br \/>\n2, rue de la Libert&eacute; 93526 Saint-Denis Cedex 02 &#8211; France<br \/>\nFax : 01 49 40 67 53 E-mail : <a href=\"mailto:puv@univ-paris8.fr\">puv@univ-paris8.fr<\/a><br \/>\nSite : <a href=\"http:\/\/www.puv-univ-paris8.org\">http:\/\/www.puv-univ-paris8.org<\/a><\/p>\n<p><\/span><\/div>\n","protected":false},"excerpt":{"rendered":"<p>Odile REDON, Line SALLMAN, Sylvie STEINBERG (dir.) Presses Universitaires de Vincennes, Coll.&quot; Temps &amp; Espaces&quot;, 2005, 416 p. Format 13,7 x 22 cm, illustrations, 25, ISBN 2-84292-174-7 Ce livre propose un bilan en mati&egrave;re d1histoire de la famille, de la sexualit&eacute; et de l1alimentation. Les lecteurs y retrouveront l1ambiance anim&eacute;e des d&eacute;bats historiographiques de ces [&hellip;]<\/p>\n","protected":false},"author":4,"featured_media":0,"parent":2851,"menu_order":0,"comment_status":"closed","ping_status":"closed","template":"","meta":{"_acf_changed":false,"footnotes":""},"class_list":["post-2945","page","type-page","status-publish","hentry"],"translation":{"provider":"WPGlobus","version":"3.0.0","language":"gb","enabled_languages":["fr","gb"],"languages":{"fr":{"title":true,"content":true,"excerpt":false},"gb":{"title":false,"content":false,"excerpt":false}}},"acf":[],"_links":{"self":[{"href":"https:\/\/siefar.org\/gb\/wp-json\/wp\/v2\/pages\/2945","targetHints":{"allow":["GET"]}}],"collection":[{"href":"https:\/\/siefar.org\/gb\/wp-json\/wp\/v2\/pages"}],"about":[{"href":"https:\/\/siefar.org\/gb\/wp-json\/wp\/v2\/types\/page"}],"author":[{"embeddable":true,"href":"https:\/\/siefar.org\/gb\/wp-json\/wp\/v2\/users\/4"}],"replies":[{"embeddable":true,"href":"https:\/\/siefar.org\/gb\/wp-json\/wp\/v2\/comments?post=2945"}],"version-history":[{"count":0,"href":"https:\/\/siefar.org\/gb\/wp-json\/wp\/v2\/pages\/2945\/revisions"}],"up":[{"embeddable":true,"href":"https:\/\/siefar.org\/gb\/wp-json\/wp\/v2\/pages\/2851"}],"wp:attachment":[{"href":"https:\/\/siefar.org\/gb\/wp-json\/wp\/v2\/media?parent=2945"}],"curies":[{"name":"wp","href":"https:\/\/api.w.org\/{rel}","templated":true}]}}