{"id":2942,"date":"2009-09-21T13:31:15","date_gmt":"2009-09-21T13:31:15","guid":{"rendered":"http:\/\/271"},"modified":"2009-09-21T13:31:15","modified_gmt":"2009-09-21T13:31:15","slug":"l-ecriture-feminine-au-xvie-siecle-en-france","status":"publish","type":"page","link":"https:\/\/siefar.org\/gb\/publications-articles\/l-ecriture-feminine-au-xvie-siecle-en-france\/","title":{"rendered":"L&#8217;\u00c9criture f\u00e9minine au XVIe si\u00e8cle, en France"},"content":{"rendered":"<div style=\"text-align: justify;\" class=\"corpsTexte\"><span style=\"font-size: small;\"><span style=\"color: rgb(128, 0, 0);\"><strong>Annette SHAHAR<\/strong><\/span><strong><\/p>\n<p>Ceredigion\/Lewiston, Mellen Press, 2008, 388 p. ISBN 978-0-7734-5087-5<\/strong><\/span><\/div>\n<div style=\"text-align: justify;\" class=\"corpsTexte\"><\/div>\n<div style=\"text-align: justify;\" class=\"corpsTexte\"><span style=\"font-size: small;\">The purpose of the present work is the study of the access of women to literature in sixteenth-century France, a period not considered to be conducive to the awakening of female writers. This book focuses on the different steps of personal writing and the analysis of the women&rsquo;s literary work. In French.<\/span><\/div>\n<div style=\"text-align: justify;\" class=\"corpsTexte\"><\/div>\n<div style=\"text-align: justify;\" class=\"corpsTexte\"><\/div>\n<div style=\"text-align: center;\" class=\"corpsTexte\"><span style=\"font-size: small;\"><strong>Table des mati&egrave;res<\/strong><\/span><span style=\"font-size: small;\"><br \/>\n<\/span><\/div>\n<p style=\"text-align: justify;\"><span style=\"font-size: small;\">Liste des illustrations<\/span><\/p>\n<p style=\"text-align: justify;\"><span style=\"font-size: small;\">Foreword (Prof. Ilana Zinguer)<\/span><\/p>\n<p style=\"text-align: justify;\"><span style=\"font-size: small;\">Pr&eacute;face (Prof. Ilana Zinguer)<\/span><\/p>\n<p style=\"text-align: justify;\"><span style=\"font-size: small;\">Remerciements<\/span><\/p>\n<p style=\"text-align: justify;\"><span style=\"font-size: small;\">Introduction<\/span><span style=\"font-size: small;\"><br \/>\n<\/span><\/p>\n<p style=\"text-align: justify;\">\n<p style=\"text-align: justify;\"><span style=\"font-size: small;\">1. Le R&ocirc;le de la R&eacute;forme dans l&rsquo;Education des Femmes<\/span><\/p>\n<p style=\"text-align: justify;\"><span style=\"font-size: small;\">2. Les Diff&eacute;rentes<\/span><\/p>\n<p style=\"text-align: justify;\"><span style=\"font-size: small;\">3. Evolution de la Cr&eacute;ation Litt&eacute;raire<\/span><\/p>\n<p style=\"text-align: justify;\"><span style=\"font-size: small;\">4. Les Genres Litt&eacute;raires Choisis<\/span><\/p>\n<p style=\"text-align: justify;\"><span style=\"font-size: small;\">5. Renouvellement des proc&eacute;d&eacute;s stylistiques<\/span><span style=\"font-size: small;\"><br \/>\n<\/span><\/p>\n<p style=\"text-align: justify;\">\n<p style=\"text-align: justify;\"><span style=\"font-size: small;\">Conclusion<\/span><\/p>\n<p style=\"text-align: justify;\"><span style=\"font-size: small;\">Bibliographie<\/span><\/p>\n<p style=\"text-align: justify;\"><span style=\"font-size: small;\">Annexe 1<\/span><\/p>\n<p style=\"text-align: justify;\"><span style=\"font-size: small;\">Aper&ccedil;u biographique des &eacute;crivaines en &eacute;tude<\/span><\/p>\n<p style=\"text-align: justify;\"><span style=\"font-size: small;\">Index<\/span><span style=\"font-size: small;\"><br \/>\n<\/span><\/p>\n<div style=\"text-align: justify;\" class=\"corpsTexte\"><\/div>\n<p style=\"text-align: justify;\"><span style=\"font-size: small;\">Url de r&eacute;f&eacute;rence :<\/span><span style=\"font-size: small;\"><br \/>\n<\/span><a href=\"http:\/\/www.mellenpress.com\/mellenpress.cfm'bookid=7393&amp;pc=9\"><span style=\"font-size: small;\">http:\/\/www.mellenpress.com\/mellenpress.cfm&#8217;bookid=7393&amp;pc=9<\/span><\/a><span style=\"font-size: small;\"><br \/>\n<\/span><\/p>\n<p style=\"text-align: justify;\"><span style=\"font-size: small;\"><\/span><\/p>\n<div style=\"text-align: justify;\" class=\"corpsTexte\"><span style=\"font-size: small;\"><\/p>\n<p><\/span><\/div>\n<p style=\"text-align: justify;\"><span style=\"font-size: small;\"><br \/>\n<\/span><\/p>\n","protected":false},"excerpt":{"rendered":"<p>Annette SHAHAR Ceredigion\/Lewiston, Mellen Press, 2008, 388 p. ISBN 978-0-7734-5087-5 The purpose of the present work is the study of the access of women to literature in sixteenth-century France, a period not considered to be conducive to the awakening of female writers. This book focuses on the different steps of personal writing and the analysis [&hellip;]<\/p>\n","protected":false},"author":4,"featured_media":0,"parent":2851,"menu_order":0,"comment_status":"closed","ping_status":"closed","template":"","meta":{"_acf_changed":false,"footnotes":""},"class_list":["post-2942","page","type-page","status-publish","hentry"],"translation":{"provider":"WPGlobus","version":"3.0.0","language":"gb","enabled_languages":["fr","gb"],"languages":{"fr":{"title":true,"content":true,"excerpt":false},"gb":{"title":false,"content":false,"excerpt":false}}},"acf":[],"_links":{"self":[{"href":"https:\/\/siefar.org\/gb\/wp-json\/wp\/v2\/pages\/2942","targetHints":{"allow":["GET"]}}],"collection":[{"href":"https:\/\/siefar.org\/gb\/wp-json\/wp\/v2\/pages"}],"about":[{"href":"https:\/\/siefar.org\/gb\/wp-json\/wp\/v2\/types\/page"}],"author":[{"embeddable":true,"href":"https:\/\/siefar.org\/gb\/wp-json\/wp\/v2\/users\/4"}],"replies":[{"embeddable":true,"href":"https:\/\/siefar.org\/gb\/wp-json\/wp\/v2\/comments?post=2942"}],"version-history":[{"count":0,"href":"https:\/\/siefar.org\/gb\/wp-json\/wp\/v2\/pages\/2942\/revisions"}],"up":[{"embeddable":true,"href":"https:\/\/siefar.org\/gb\/wp-json\/wp\/v2\/pages\/2851"}],"wp:attachment":[{"href":"https:\/\/siefar.org\/gb\/wp-json\/wp\/v2\/media?parent=2942"}],"curies":[{"name":"wp","href":"https:\/\/api.w.org\/{rel}","templated":true}]}}