{"id":2918,"date":"2009-09-18T13:12:44","date_gmt":"2009-09-18T13:12:44","guid":{"rendered":"http:\/\/247"},"modified":"2009-09-18T13:12:44","modified_gmt":"2009-09-18T13:12:44","slug":"narrations-deviantes-l-intimite-entre-femmes-dans-l-imaginaire-francais-du-dix-septieme-siecle","status":"publish","type":"page","link":"https:\/\/siefar.org\/gb\/publications-articles\/narrations-deviantes-l-intimite-entre-femmes-dans-l-imaginaire-francais-du-dix-septieme-siecle\/","title":{"rendered":"Narrations d\u00e9viantes: L&#8217;intimit\u00e9 entre femmes dans l&#8217;imaginaire fran\u00e7ais du dix-septi\u00e8me si\u00e8cle"},"content":{"rendered":"<div class=\"corpsTexte\" style=\"text-align: justify;\"><span style=\"color: rgb(128, 0, 0);\"><strong><span style=\"font-size: small;\">Marianne LEGAULT<\/span><\/strong><\/span><strong><span style=\"font-size: small;\"><br \/>\n<\/span><\/strong><\/div>\n<div class=\"corpsTexte\" style=\"text-align: justify;\"><strong><br \/>\n<\/strong><\/div>\n<div class=\"corpsTexte\" style=\"text-align: justify;\"><strong><span style=\"font-size: small;\">Qu&eacute;bec, Canada, Presses de l&rsquo;Universit&eacute; Laval, 2008, 234 p. <\/span><\/strong><span style=\"font-size: small;\"><br \/>\n<\/span><\/div>\n<div class=\"corpsTexte\" style=\"text-align: justify;\"><span style=\"font-size: small;\"><br \/>\nSi les rapports intimes entre les femmes ont toujours exist&eacute;, comment expliquer leur absence dans le discours critique litt&eacute;raire fran&ccedil;ais malgr&eacute; la foul&eacute;e des &eacute;tudes r&eacute;centes sur les femmes, des &eacute;tudes gays et lesbiennes et des &eacute;tudes queers&#8217; <\/span><\/div>\n<div class=\"corpsTexte\" style=\"text-align: justify;\"><span style=\"font-size: small;\"><br \/>\nVoulant rem&eacute;dier &agrave; cette absence, ce livre retrace une g&eacute;n&eacute;alogie de l&rsquo;intimit&eacute; f&eacute;minine dans la litt&eacute;rature fran&ccedil;aise du dix-septi&egrave;me si&egrave;cle. Suivant une lecture qui s&rsquo;inspire des &eacute;tudes lesbiennes et queers, il explore l&rsquo;effet d&rsquo;un h&eacute;ritage androcentr&eacute; sur l&rsquo;intimit&eacute; f&eacute;minine au Grand Si&egrave;cle, telle qu&rsquo;elle a &eacute;t&eacute; envisag&eacute;e par l&rsquo;imaginaire d&rsquo;Honor&eacute; d&rsquo;Urf&eacute; dans L&rsquo;Astr&eacute;e et d&rsquo;Isaac de Benserade dans Iphis et Iante. L&rsquo;anxi&eacute;t&eacute; masculine qui se d&eacute;gage de leurs repr&eacute;sentations contraste avec la c&eacute;l&eacute;bration de l&rsquo;intimit&eacute; f&eacute;minine chez Madeleine de Scud&eacute;ry dans Mathilde (d&rsquo;Aguilar) et chez Rose-Charlotte de Caumont de La Force dans Plus belle que f&eacute;e, deux &oelig;uvres qui &eacute;largissent les possibilit&eacute;s &eacute;rotiques au sein des rapports intimes entre femmes au-del&agrave; de ce que les &eacute;crivaines avaient auparavant os&eacute;. <\/span><\/div>\n<div class=\"corpsTexte\" style=\"text-align: justify;\"><\/div>\n<div class=\"corpsTexte\" style=\"text-align: justify;\"><em><span style=\"font-size: small;\">Marianne Legault est professeure adjointe en litt&eacute;rature fran&ccedil;aise de l&rsquo;Ancien R&eacute;gime &agrave; l&rsquo;universit&eacute; de Colombie-Britannique Okanagan o&ugrave; elle enseigne au D&eacute;partement d&rsquo;&eacute;tudes critiques. Elle est &eacute;galement chercheuse associ&eacute;e au D&eacute;partement de fran&ccedil;ais et d&rsquo;italien de l&rsquo;Universit&eacute; de Melbourne en Australie. <\/span><\/em><span style=\"font-size: small;\"><br \/>\n<\/span><\/div>\n","protected":false},"excerpt":{"rendered":"<p>Marianne LEGAULT Qu&eacute;bec, Canada, Presses de l&rsquo;Universit&eacute; Laval, 2008, 234 p. Si les rapports intimes entre les femmes ont toujours exist&eacute;, comment expliquer leur absence dans le discours critique litt&eacute;raire fran&ccedil;ais malgr&eacute; la foul&eacute;e des &eacute;tudes r&eacute;centes sur les femmes, des &eacute;tudes gays et lesbiennes et des &eacute;tudes queers&#8217; Voulant rem&eacute;dier &agrave; cette absence, ce [&hellip;]<\/p>\n","protected":false},"author":4,"featured_media":0,"parent":2851,"menu_order":0,"comment_status":"closed","ping_status":"closed","template":"","meta":{"_acf_changed":false,"footnotes":""},"class_list":["post-2918","page","type-page","status-publish","hentry"],"translation":{"provider":"WPGlobus","version":"3.0.0","language":"gb","enabled_languages":["fr","gb"],"languages":{"fr":{"title":true,"content":true,"excerpt":false},"gb":{"title":false,"content":false,"excerpt":false}}},"acf":[],"_links":{"self":[{"href":"https:\/\/siefar.org\/gb\/wp-json\/wp\/v2\/pages\/2918","targetHints":{"allow":["GET"]}}],"collection":[{"href":"https:\/\/siefar.org\/gb\/wp-json\/wp\/v2\/pages"}],"about":[{"href":"https:\/\/siefar.org\/gb\/wp-json\/wp\/v2\/types\/page"}],"author":[{"embeddable":true,"href":"https:\/\/siefar.org\/gb\/wp-json\/wp\/v2\/users\/4"}],"replies":[{"embeddable":true,"href":"https:\/\/siefar.org\/gb\/wp-json\/wp\/v2\/comments?post=2918"}],"version-history":[{"count":0,"href":"https:\/\/siefar.org\/gb\/wp-json\/wp\/v2\/pages\/2918\/revisions"}],"up":[{"embeddable":true,"href":"https:\/\/siefar.org\/gb\/wp-json\/wp\/v2\/pages\/2851"}],"wp:attachment":[{"href":"https:\/\/siefar.org\/gb\/wp-json\/wp\/v2\/media?parent=2918"}],"curies":[{"name":"wp","href":"https:\/\/api.w.org\/{rel}","templated":true}]}}