{"id":2917,"date":"2009-09-18T13:10:08","date_gmt":"2009-09-18T13:10:08","guid":{"rendered":"http:\/\/246"},"modified":"2009-09-18T13:10:08","modified_gmt":"2009-09-18T13:10:08","slug":"realite-et-representations-des-amazones","status":"publish","type":"page","link":"https:\/\/siefar.org\/gb\/publications-articles\/realite-et-representations-des-amazones\/","title":{"rendered":"R\u00e9alit\u00e9 et repr\u00e9sentations des amazones"},"content":{"rendered":"<div style=\"text-align: justify;\" class=\"corpsTexte\"><span style=\"color: rgb(128, 0, 0);\"><strong><span style=\"font-size: small;\">Guyonne LEDUC (dir.)<\/span><\/strong><\/span><strong><span style=\"font-size: small;\"><\/p>\n<p>Paris, L&#8217;Harmattan, &laquo;Des id&eacute;es et des femmes&raquo;, 2008,<\/span><span style=\"font-size: small;\"> 486 p., 42 &euro;, ISBN 978-2-296-06809-4<\/span><\/strong><\/div>\n<div style=\"text-align: justify;\" class=\"corpsTexte\"><span style=\"font-size: small;\"><br \/>\nActes du colloque des 14-16 juin 2007, universit&eacute; Charles de Gaulle &#8211; Lille III.<\/span><\/div>\n<div style=\"text-align: justify;\" class=\"corpsTexte\"><span style=\"font-size: small;\"> <br \/>\n&laquo;&quot;&Eacute;merveillables&quot;, c&#8217;est ainsi qu&#8217;on pouvait qualifier les Amazones au XVIe si&egrave;cle. &quot;&Eacute;merveillables&quot;, c&#8217;est-&agrave;-dire tour &agrave; tour merveilleuses et mon&shy;stru&shy;eu&shy;ses, ef&shy;frayantes et attirantes, violentes et s&eacute;duisantes, les Amazones ont travers&eacute; les si&egrave;cles et franchi les oc&eacute;ans sans jamais perdre de leur pouvoir de fascina&shy;tion, sans jamais que ne s&#8217;&eacute;puise leur force d&#8217;&eacute;vocation ou que la fable ne se d&eacute;&shy;par&shy;tisse de son chatoyant &eacute;quivoque. C&#8217;est &agrave; cette travers&eacute;e -cette chevauch&eacute;e, de&shy;vrait-on dire- que nous convient les auteurs du pr&eacute;sent ouvrage, depuis les ri&shy;ves du Thermodon de l&#8217;ancienne Scythie jusqu&#8217;au royaume de Dahomey, en pas&shy;sant par l&#8217;arri&egrave;re-pays de Troie, la Russie, et, bien entendu, l&#8217;Am&eacute;rique latine<em>(&hellip;)<\/em>. Cette travers&eacute;e est avant tout un voyage dans un monde d&#8217;images et de mots. Alors que la question de l&#8217;existence de peuples d&#8217;Amazones a &eacute;t&eacute; d&eacute;battue pendant des si&egrave;cles par les voyageurs, par les compilateurs et par les premiers ethnographes, le regard port&eacute; ici se fixe principalement sur des figures imaginaires: figures iconographiques-celles, rouges ou noires, des vases grecs, celles de la peinture mythologique du XVIIe si&egrave;cle, des croquis de la Belle &Eacute;poque ou du cin&eacute;ma muet-, figures textuelles aussi qui hantent depuis le XIIe si&egrave;cle le th&eacute;&acirc;tre, le roman ou la po&eacute;sie europ&eacute;enne <em>(&hellip;)<\/em>. il faut remarquer que la dimension &quot;r&eacute;elle&quot; de la figure des Amazones n&#8217;est pas pour autant absente de ce recueil o&ugrave; l&#8217;on d&eacute;couvrira des &quot;Amazones&quot; en chair et en os, femmes singuli&egrave;res qui endoss&egrave;rent ce qualificatif dans un sens figur&eacute;: &quot;Amazone&quot;, dit le dictionnaire de Fureti&egrave;re, &quot;se dit aussi d&#8217;une femme courageuse capable de quelque hardie entreprise&quot;&raquo; (extrait de la Pr&eacute;face de Sylvie Steinberg). Guyonne LEDUC, ancienne &eacute;l&egrave;ve de l&#8217;&Eacute;cole Normale Sup&eacute;rieure (S&egrave;vres), agr&eacute;g&eacute;e d&#8217;anglais, est professeure &agrave; l&#8217;universit&eacute; Charles de Gaulle-Lille III. <\/span><\/div>\n<div style=\"text-align: justify;\" class=\"corpsTexte\"><span style=\"font-size: small;\"><br \/>\nIllustration de couverture: Claude Deruet, Portrait &eacute;questre de Madame de Saint-Baslemont (1643), huile sur toile. Inv. 52.3.1. &copy; Mus&eacute;e lorrain, Nancy. Photo Pierre Mignot.<br \/>\n<\/span><\/div>\n<div style=\"text-align: justify;\" class=\"corpsTexte\"><\/div>\n<div style=\"text-align: center;\" class=\"corpsTexte\"><span style=\"font-size: small;\"><br \/>\n<strong>Sommaire<\/strong> <\/span><\/div>\n<div style=\"text-align: justify;\" class=\"corpsTexte\"><\/div>\n<div style=\"text-align: justify;\" class=\"corpsTexte\"><span style=\"font-size: small;\"><br \/>\n&#8211; Pr&eacute;face de Sylvie Steinberg (Rouen) <br \/>\n&#8211; Introduction: &laquo;Amazon: The Women, the Name and the River. Some Re&shy;flections&raquo; , Claude Rawson (Yale)<\/span><\/div>\n<div style=\"text-align: justify;\" class=\"corpsTexte\"><\/div>\n<div style=\"text-align: justify;\" class=\"corpsTexte\"><strong><span style=\"font-size: small;\"><br \/>\nPREMI&Egrave;RE PARTIE: Images fixes, images mobiles<\/span><\/strong><\/div>\n<div style=\"text-align: justify;\" class=\"corpsTexte\"><span style=\"font-size: small;\"><br \/>\n&#8211; &laquo;Amazones, entre peur et r&ecirc;ve&raquo;, Fran&ccedil;ois Lissarrague (EHESS) et Pauline Schmitt-Pantel (Paris I)<br \/>\n&#8211; &laquo;De l&#8217;Air! Les Amazones de Claude Deruet (1588-1660)&raquo;, Fr&eacute;d&eacute;rique Villemur (EHESS) <br \/>\n&#8211; &laquo;Penth&eacute;sil&eacute;e 1900 ou Les Amazones du nouveau si&egrave;cle&raquo;, Nicole G. Albert (University of London Institute in Paris) <br \/>\n&#8211; &laquo;Le Corps en libert&eacute;: Images de la femme-amazone dans le cin&eacute;ma muet&raquo;, Pascale Hummel (INRP, Paris)<\/span><\/div>\n<div style=\"text-align: justify;\" class=\"corpsTexte\"><\/div>\n<div style=\"text-align: justify;\" class=\"corpsTexte\"><span style=\"font-size: small;\"><br \/>\n<\/span><strong><span style=\"font-size: small;\">DEUXI&Egrave;ME PARTIE: Amazones et pouvoir<\/span><\/strong><\/div>\n<div style=\"text-align: justify;\" class=\"corpsTexte\"><span style=\"font-size: small;\"><br \/>\n&#8211; &laquo;Les Amazones dans le d&eacute;bat sur la participation des femmes au pouvoir &agrave; la Renaissance&raquo;, &Eacute;liane Viennot (St &Eacute;tienne &#8211; IUF)<br \/>\n&#8211; &laquo;L&#8217;Histoire des Amazones de Claude-Marie Guyon (1740): De l&#8217;exercice du pouvoir par les femmes&raquo;, Marie-&Eacute;lisabeth Henneau (Li&egrave;ge)<br \/>\n&#8211; &laquo;Les Amazones du Dahomey&raquo;, Jean-Fran&ccedil;ois Gournay (Lille III) <\/span><\/div>\n<div style=\"text-align: justify;\" class=\"corpsTexte\"><\/div>\n<div style=\"text-align: justify;\" class=\"corpsTexte\"><span style=\"font-size: small;\"><br \/>\n<\/span><strong><span style=\"font-size: small;\">TROISI&Egrave;ME PARTIE: Des amazones sur sc&egrave;ne<\/span><\/strong><\/div>\n<div style=\"text-align: justify;\" class=\"corpsTexte\"><span style=\"font-size: small;\"><br \/>\n&#8211; &laquo;Shakespeare et les amazones&raquo;, Fran&ccedil;ois Laroque (Paris III) <br \/>\n&#8211; &laquo;La Guerre des sexes n&#8217;aura pas lieu: Les Avatars de l&#8217;Amazone sur la sc&egrave;ne stuart&raquo;, Claire Gheeraert-Graffeuille (Rouen) <br \/>\n&#8211; &laquo;L&#8217;Amazone et le Conquistador ou Les Noces manqu&eacute;es de deux rebelles: &Agrave; propos des Amazones aux Indes de Tirso de Molina&raquo;, Merc&eacute;d&egrave;s Blanco (Paris IV) <br \/>\n&#8211; &laquo;&quot;More than Amazonian Fire&quot;: La Repr&eacute;sentation de l&rsquo;amazone sur la sc&egrave;ne lyrique anglaise (1705-1710)&raquo;, Pierre Degott (Metz) <br \/>\n&#8211; &laquo;Un Arch&eacute;type de l&#8217;amazone dans le th&eacute;&acirc;tre classique allemand: Jeanne d&#8217;Arc dans La Pucelle d&#8217;Orl&eacute;ans de Schiller&raquo;, Sylvie Marchenoir (Dijon) <br \/>\n&#8211; &laquo;Guerres d&#8217;amour. Le Mythe des amazones dans la trag&eacute;die Penth&eacute;sil&eacute;e de Hein&shy;rich von Kleist&raquo;, Annette Runte (Siegen et Rouen) <\/span><\/div>\n<div style=\"text-align: justify;\" class=\"corpsTexte\"><\/div>\n<div style=\"text-align: justify;\" class=\"corpsTexte\"><\/div>\n<div style=\"text-align: justify;\" class=\"corpsTexte\"><strong><span style=\"font-size: small;\">QUATRI&Egrave;ME PARTIE: Du mythe &agrave; sa d&eacute;construction<\/span><\/strong><\/div>\n<div style=\"text-align: justify;\" class=\"corpsTexte\"><span style=\"font-size: small;\"><br \/>\n&#8211; &laquo;Les Amazones, l&#8217;arch&eacute;mythe perverti?, Alain Bertrand (CRLC, Paris IV) <br \/>\n&#8211; &laquo;Quelle victoire pour Th&eacute;s&eacute;e sur les Amazones dans The Knight&#8217;s Tale de Chaucer?&raquo;, Juliette Dor (Li&egrave;ge)<br \/>\n&#8211; &laquo;Deux figures d&#8217;Amazones: Penth&eacute;sil&eacute;e dans Le Roman de Troie et Camille dans le Roman d&#8217;Eneas&raquo;, Marie-Madeleine Castellani (Lille III) <br \/>\n&#8211; &laquo;Alexandre et les Amazones dans les Romans d&#8217;Alexandre fran&ccedil;ais du Moyen &Acirc;ge&raquo;, Catherine Gaullier-Bougassas (Lille III) <br \/>\n&#8211; &laquo;&quot;Dressed to kill&#8217;&quot; Le Travestissement de l&#8217;amazone dans le Spectator (1711-1712-1714)&raquo;, Claire Boulard-Jouslin (Paris III) <br \/>\n&#8211; &laquo;Shirley, amazone ou pas&#8217;&raquo;, Claire Bazin (Paris X) <br \/>\n&#8211; &laquo;Les Amazones du &quot;nonsense&quot;&raquo;, Jean-Jacques Lecercle (Paris X) <br \/>\n&#8211; &laquo;D&eacute;construction progressive du mythe des amazones entre XIXe et XXIe si&egrave;cles: Les Exemples de Kleist, de Gracq, de Wolf et de Jelinek&raquo;, Fran&ccedil;oise R&eacute;tif (Rouen) <br \/>\n&#8211; &laquo;Annexion et (re)conqu&ecirc;te des territoires: L&#8217;Amazone baroque et postmoderne dans Sexing the Cherry de Jeanette Winterson&raquo;, H&eacute;l&egrave;ne Fau (Centre &Eacute;critures, Metz) <br \/>\n&#8211; &laquo;De l&#8217;usage du mythe de Lilith dans la pens&eacute;e de la diff&eacute;rence des sexes&raquo;, Fran&ccedil;oise Barret-Ducrocq (Paris VII)<\/span><\/div>\n<div style=\"text-align: justify;\" class=\"corpsTexte\"><\/div>\n<div style=\"text-align: justify;\" class=\"corpsTexte\"><\/div>\n<div style=\"text-align: justify;\" class=\"corpsTexte\"><strong><span style=\"font-size: small;\">CINQUI&Egrave;ME PARTIE: Femmes r&eacute;elles, sens figur&eacute;<\/span><\/strong><\/div>\n<div style=\"text-align: justify;\" class=\"corpsTexte\"><span style=\"font-size: small;\"><br \/>\n&#8211; &laquo;&quot;Le fleuret&quot; et la plume. Une Amazone au XVIIe si&egrave;cle: Les M&eacute;moires de Madame de La Guette&raquo;, Laurent Angard (Strasbourg II) <br \/>\n&#8211; &laquo;Deux Amazones des Lumi&egrave;res: Le Chevalier d&#8217;&Eacute;on et Catherine II de Russie&raquo;, Alexandre Stroev (Paris III) <br \/>\n&#8211; &laquo;L&#8217;Amazone en pays russe: R&eacute;alit&eacute;s historiques et repr&eacute;sentations litt&eacute;raires&raquo;, &Eacute;velyne Enderlein (Strasbourg II)<br \/>\n&#8211; &laquo;Guerri&egrave;res malgr&eacute; elles en Espagne au XXe si&egrave;cle: L&#8217;Exemple de Margarita Nelken, &quot;l&#8217;amazone juive&quot;&raquo;, Dani&egrave;le Miglos (Lille III) <br \/>\n&#8211; &laquo;L&#8217;Amazone de Mao: Jiang Qing ou le ressentiment&raquo;, Fran&ccedil;ois-Yves Damon (Lille III) Conclusion: &laquo;Monique Wittig: Des Amazones aux Gu&eacute;rilli&egrave;res&raquo;, Mireille Calle-Gruber (Paris III)<\/span><\/div>\n<div style=\"text-align: justify;\" class=\"corpsTexte\"><span style=\"font-size: small;\"><br \/>\nOnt contribu&eacute; &agrave; cet ouvrage <br \/>\nR&eacute;sum&eacute;s des contributions<br \/>\nIndex nominum <\/span><\/div>\n<div style=\"text-align: justify;\" class=\"corpsTexte\"><span style=\"font-size: small;\"><br \/>\n<a href=\"mailto:diffusion.harmattan@wanadoo.fr\">diffusion.harmattan@wanadoo.fr<\/a><br \/>\n<a href=\"http:\/\/ http:\/\/www.editions-harmattan.fr \">http:\/\/www.editions-harmattan.fr <\/a><\/p>\n<p><\/span><\/div><\/p>\n","protected":false},"excerpt":{"rendered":"<p>Guyonne LEDUC (dir.) Paris, L&#8217;Harmattan, &laquo;Des id&eacute;es et des femmes&raquo;, 2008, 486 p., 42 &euro;, ISBN 978-2-296-06809-4 Actes du colloque des 14-16 juin 2007, universit&eacute; Charles de Gaulle &#8211; Lille III. &laquo;&quot;&Eacute;merveillables&quot;, c&#8217;est ainsi qu&#8217;on pouvait qualifier les Amazones au XVIe si&egrave;cle. &quot;&Eacute;merveillables&quot;, c&#8217;est-&agrave;-dire tour &agrave; tour merveilleuses et mon&shy;stru&shy;eu&shy;ses, ef&shy;frayantes et attirantes, violentes et [&hellip;]<\/p>\n","protected":false},"author":4,"featured_media":0,"parent":2851,"menu_order":0,"comment_status":"closed","ping_status":"closed","template":"","meta":{"_acf_changed":false,"footnotes":""},"class_list":["post-2917","page","type-page","status-publish","hentry"],"translation":{"provider":"WPGlobus","version":"3.0.0","language":"gb","enabled_languages":["fr","gb"],"languages":{"fr":{"title":true,"content":true,"excerpt":false},"gb":{"title":false,"content":false,"excerpt":false}}},"acf":[],"_links":{"self":[{"href":"https:\/\/siefar.org\/gb\/wp-json\/wp\/v2\/pages\/2917","targetHints":{"allow":["GET"]}}],"collection":[{"href":"https:\/\/siefar.org\/gb\/wp-json\/wp\/v2\/pages"}],"about":[{"href":"https:\/\/siefar.org\/gb\/wp-json\/wp\/v2\/types\/page"}],"author":[{"embeddable":true,"href":"https:\/\/siefar.org\/gb\/wp-json\/wp\/v2\/users\/4"}],"replies":[{"embeddable":true,"href":"https:\/\/siefar.org\/gb\/wp-json\/wp\/v2\/comments?post=2917"}],"version-history":[{"count":0,"href":"https:\/\/siefar.org\/gb\/wp-json\/wp\/v2\/pages\/2917\/revisions"}],"up":[{"embeddable":true,"href":"https:\/\/siefar.org\/gb\/wp-json\/wp\/v2\/pages\/2851"}],"wp:attachment":[{"href":"https:\/\/siefar.org\/gb\/wp-json\/wp\/v2\/media?parent=2917"}],"curies":[{"name":"wp","href":"https:\/\/api.w.org\/{rel}","templated":true}]}}