{"id":2910,"date":"2009-09-18T12:47:08","date_gmt":"2009-09-18T12:47:08","guid":{"rendered":"http:\/\/239"},"modified":"2009-09-18T12:47:08","modified_gmt":"2009-09-18T12:47:08","slug":"vivre-libre-et-ecrire-anthologie-des-romancieres-de-la-periode-revolutionnaire-1789-1800","status":"publish","type":"page","link":"https:\/\/siefar.org\/gb\/publications-articles\/vivre-libre-et-ecrire-anthologie-des-romancieres-de-la-periode-revolutionnaire-1789-1800\/","title":{"rendered":"Vivre libre et \u00e9crire, anthologie des romanci\u00e8res de la p\u00e9riode r\u00e9volutionnaire (1789-1800)"},"content":{"rendered":"<div class=\"corpsTexte\" style=\"text-align: justify;\"><span style=\"color: rgb(128, 0, 0);\"><strong><span style=\"font-size: small;\">Huguette KRIEF<\/span><\/strong><\/span><strong><span style=\"font-size: small;\"><\/p>\n<p>Oxford\/Paris, Voltaire Foundation\/PUPS &laquo; Vif &raquo;, avril 2005, x\/303 p., 19 euros, ISBN 0 7294 0855 8.<\/span><\/strong><\/div>\n<div class=\"corpsTexte\" style=\"text-align: justify;\"><span style=\"font-size: small;\"><br \/>\nL&#8217;ann&eacute;e 1789 ouvre une &egrave;re nouvelle en France : les temps changent, les femmes &eacute;crivent malgr&eacute; les pr&eacute;jug&eacute;s et les interdits qui auraient voulu les laisser en marge du mouvement de l&#8217;Hitsoire ! Vivre libre et &eacute;crire : la formule trouv&eacute;e par Huguette Krief exprime &eacute;nergiquement cet acc&egrave;s de la femme, dans une p&eacute;riode o&ugrave; la condition f&eacute;minine est si difficile &agrave; vivre, &agrave; la libert&eacute; de dire et de publier son exp&eacute;rience, ses protestations, ses id&eacute;es et ses r&ecirc;ves.<\/span><\/div>\n<div class=\"corpsTexte\" style=\"text-align: justify;\"><span style=\"font-size: small;\"><br \/>\nC&#8217;est la vari&eacute;t&eacute; et la vitalit&eacute; de la production romanesque f&eacute;minine (1789-1800) qu&#8217;illustre cette anthologie destin&eacute;e au sp&eacute;cialiste comme &agrave; l&#8217;&eacute;tudiant. Elle rassemble des textes de Germaine de Sta&euml;l, Isabelle de Charri&egrave;re, F&eacute;licit&eacute; de Genlis, Ad&eacute;la&iuml;de de Souza, Sophie Cottin, Olympe de Gouges, et d&#8217;autres romanci&egrave;res oubli&eacute;es, dont les oeuvres jusqu&#8217;ici inaccessibles prennent un &eacute;clat particulier dans la chronologie des &eacute;v&eacute;nements. Une introduction qui retrace les fortunes du genre pendant la R&eacute;volution, un r&eacute;pertoire chronologique des oeuvres, des notices biographiques, des bibliographies, des notes pr&eacute;cisant les allusions historiques en rendront la consultation ais&eacute;e.<\/span><\/div>\n<div class=\"corpsTexte\" style=\"text-align: justify;\"><span style=\"font-size: small;\"><br \/>\nHuguette Krief, secr&eacute;taire g&eacute;n&eacute;rale du Centre Aixois d&#8217;Etudes et de Recherches sur le XVIIIe si&egrave;cle est ma&icirc;tresse de conf&eacute;rences, docteure d&#8217;&eacute;tat, &agrave; l&#8217;Universit&eacute; de Provence (Aix Marseille I) o&ugrave; elle enseigne la litt&eacute;rature du XVIIIe si&egrave;cle. Ses travaux portent pour l&#8217;essentiel sur la litt&eacute;rature des Lumi&egrave;res, le roman de la R&eacute;volution fran&ccedil;aise et les correspondances f&eacute;minines du XVIIIe si&egrave;cle.<\/p>\n<p><\/span><strong><span style=\"font-size: small;\">Textes publi&eacute;s:<\/span><\/strong><\/div>\n<div class=\"corpsTexte\" style=\"text-align: justify;\"><span style=\"font-size: small;\"><br \/>\n&#8211; &laquo;Zilia, roman pastoral&raquo; d&#8217;A.-M. de Beaufort d&#8217;Hautpoul; <\/span><span style=\"font-size: small;\"><br \/>\n&#8211; Le Prince philosophe, conte oriental&raquo; d&#8217;O. de Gouges; <\/span><span style=\"font-size: small;\"><br \/>\n&#8211; &laquo;Les Visites de Mademoiselle D*K***&raquo; de M. F. de K&eacute;ralio; <\/span><span style=\"font-size: small;\"><br \/>\n&#8211; &laquo;Zulma, fragment d&#8217;un ouvrage&raquo; de G. de Sta&euml;l; &laquo;<\/span><span style=\"font-size: small;\"><br \/>\n&#8211; Triomphe de la saine philosophie ou la vraie politique des femmes&raquo; de Mme Booser; <\/span><span style=\"font-size: small;\"><br \/>\n&#8211; &laquo;Les Chevaliers du Cygne ou la Cour de Charlemagne&raquo; de Mme de Genlis; <\/span><span style=\"font-size: small;\"><br \/>\n&#8211; &laquo;Trois femmes&raquo; d&#8217;I. de Charri&egrave;re; <\/span><span style=\"font-size: small;\"><br \/>\n&#8211; &laquo;Le Ch&acirc;teau noir ou les souffrances de la jeune Ophelle&raquo; d&#8217;A. M&eacute;rard de Saint-Just; <\/span><span style=\"font-size: small;\"><br \/>\n&#8211; &laquo;Illyrine ou l&#8217;&eacute;cueil de l&#8217;inexp&eacute;rience&raquo; de S. Giroust; <\/span><span style=\"font-size: small;\"><br \/>\n&#8211; &laquo;<\/span><span style=\"font-size: small;\">Malvina&raquo; de S. Cottin; <\/span><span style=\"font-size: small;\"><br \/>\n&#8211; &laquo;Irma ou les malheurs d&#8217;une jeune orpheline, histoire indienne&raquo; d&#8217;E. Brossin de M&eacute;r&eacute;.]<br \/>\n<\/span><\/div><\/p>\n","protected":false},"excerpt":{"rendered":"<p>Huguette KRIEF Oxford\/Paris, Voltaire Foundation\/PUPS &laquo; Vif &raquo;, avril 2005, x\/303 p., 19 euros, ISBN 0 7294 0855 8. L&#8217;ann&eacute;e 1789 ouvre une &egrave;re nouvelle en France : les temps changent, les femmes &eacute;crivent malgr&eacute; les pr&eacute;jug&eacute;s et les interdits qui auraient voulu les laisser en marge du mouvement de l&#8217;Hitsoire ! Vivre libre et [&hellip;]<\/p>\n","protected":false},"author":4,"featured_media":0,"parent":2851,"menu_order":0,"comment_status":"closed","ping_status":"closed","template":"","meta":{"_acf_changed":false,"footnotes":""},"class_list":["post-2910","page","type-page","status-publish","hentry"],"translation":{"provider":"WPGlobus","version":"3.0.0","language":"gb","enabled_languages":["fr","gb"],"languages":{"fr":{"title":true,"content":true,"excerpt":false},"gb":{"title":false,"content":false,"excerpt":false}}},"acf":[],"_links":{"self":[{"href":"https:\/\/siefar.org\/gb\/wp-json\/wp\/v2\/pages\/2910","targetHints":{"allow":["GET"]}}],"collection":[{"href":"https:\/\/siefar.org\/gb\/wp-json\/wp\/v2\/pages"}],"about":[{"href":"https:\/\/siefar.org\/gb\/wp-json\/wp\/v2\/types\/page"}],"author":[{"embeddable":true,"href":"https:\/\/siefar.org\/gb\/wp-json\/wp\/v2\/users\/4"}],"replies":[{"embeddable":true,"href":"https:\/\/siefar.org\/gb\/wp-json\/wp\/v2\/comments?post=2910"}],"version-history":[{"count":0,"href":"https:\/\/siefar.org\/gb\/wp-json\/wp\/v2\/pages\/2910\/revisions"}],"up":[{"embeddable":true,"href":"https:\/\/siefar.org\/gb\/wp-json\/wp\/v2\/pages\/2851"}],"wp:attachment":[{"href":"https:\/\/siefar.org\/gb\/wp-json\/wp\/v2\/media?parent=2910"}],"curies":[{"name":"wp","href":"https:\/\/api.w.org\/{rel}","templated":true}]}}