{"id":2901,"date":"2009-09-18T12:09:24","date_gmt":"2009-09-18T12:09:24","guid":{"rendered":"http:\/\/230"},"modified":"2009-09-18T12:09:24","modified_gmt":"2009-09-18T12:09:24","slug":"le-genre-face-aux-mutations-masculin-et-feminin-du-moyen-age-a-nos-jours","status":"publish","type":"page","link":"https:\/\/siefar.org\/gb\/publications-articles\/le-genre-face-aux-mutations-masculin-et-feminin-du-moyen-age-a-nos-jours\/","title":{"rendered":"Le Genre face aux mutations. Masculin et f\u00e9minin, du Moyen \u00c2ge \u00e0 nos jours"},"content":{"rendered":"<div class=\"corpsTexte\" style=\"text-align: justify;\"><span style=\"color: rgb(128, 0, 0);\"><strong><span style=\"font-size: small;\">Luc CAPDEVILA, Sophie CASSAGNES, Martine COCAUD, Dominique GODINEAU, Fran&ccedil;ois ROUQUET, Jacqueline SAINCLIVIER (dir.)<\/span><\/strong><\/span><strong><span style=\"font-size: small;\"><br \/>\n<\/span><\/strong><\/div>\n<div class=\"corpsTexte\" style=\"text-align: justify;\"><strong><span style=\"font-size: small;\"><br \/>\nPresses universitaires de Rennes, 2003<\/span><\/strong><\/div>\n<div class=\"corpsTexte\" style=\"text-align: justify;\"><span style=\"font-size: small;\"><br \/>\nDans le prolongement de l&#8217;histoire des femmes, les &eacute;tudes sur le genre conduisent &agrave; &eacute;tendre les analyses sur l&#8217;ensemble des domaines qui participent &agrave; la construction de la diff&eacute;rence des sexes: histoire du f&eacute;minin et du masculin, histoire de la mixit&eacute; et des rapports sociaux de sexe, histoire des pratiques et des imaginaires sociaux. Cet ouvrage r&eacute;unit des travaux d&#8217;historiens, de sociologues, de litt&eacute;raires qui analysent les variations des relations homme\/femme sur une p&eacute;riode de dix si&egrave;cles. Ils sont regroup&eacute;s selon cinq th&egrave;mes majeurs: l&#8217;ajustement des repr&eacute;sentations et l&#8217;invention des normes, les savoirs, pouvoirs et r&eacute;volutions, les guerres, les situations in&eacute;dites. Ces questions sont trait&eacute;es dans un cadre comparatiste particuli&egrave;rement f&eacute;cond, entre les p&eacute;riodes historiques et &agrave; l&#8217;int&eacute;rieur du monde occidental.<\/span><\/div>\n<div class=\"corpsTexte\" style=\"text-align: justify;\"><span style=\"font-size: small;\"><br \/>\nEn posant pour probl&eacute;matique : le genre face aux mutations, la diff&eacute;rence entre les sexes se v&eacute;rifie comme une construction sociale en perp&eacute;tuel renouvellement, sensible &agrave; tout changement &eacute;conomique, politique, culturel. Le colloque international, organis&eacute; par l&#8217;UMR-CNRS 6040 CRHISCO (Centre de recherche historique sur les soci&eacute;t&eacute;s et cultures de l&#8217;Ouest europ&eacute;en) s&#8217;est tenu &agrave; l&#8217;universit&eacute; Rennes 2 en septembre 2002 a pu montrer que toute mutation de la soci&eacute;t&eacute; s&#8217;accompagne d&#8217;un ajustement du genre, c&#8217;est-&agrave;-dire d&#8217;un polissage des st&eacute;r&eacute;otypes du masculin\/f&eacute;minin, d&#8217;une variation des identit&eacute;s sexuelles, d&#8217;un changement dans les relations hommes\/femmes.<br \/>\nAu moment o&ugrave; le d&eacute;bat publie converge sur l&#8217;aspiration &agrave; la parit&eacute; homme\/femme, cet ouvrage montre que la diff&eacute;rence entre les sexes, leurs relations demeurent une institution instable qui, telle la toile de P&eacute;n&eacute;lope, est tiss&eacute;e le jour et d&eacute;nou&eacute;e la nuit.<\/p>\n<p><\/span><strong><span style=\"font-size: small;\">Articles sur l&#8217;Ancien R&eacute;gime :<\/span><\/strong><\/div>\n<div class=\"corpsTexte\" style=\"text-align: justify;\"><span style=\"font-size: small;\"><br \/>\n&#8211; Bernard Merdrignac, &laquo;Homo et Virago: deux reflets de la femme dans l&#8217;hagiographie bretonne du haut Moyen-Age&raquo;, p.43<br \/>\n&#8211; Jean-Christophe Cassard, &laquo;En Bretagne au Moyen-Age, l&#8217;impensable saintet&eacute; f&eacute;minine?&raquo;, p.55.<br \/>\n&#8211; Anne Carol, &laquo;Le genre face aux mutations du savoir m&eacute;dical: sexes et nature f&eacute;minine dans la f&eacute;condation (XVIe-XIXe si&egrave;cles)&raquo;, p.83.<br \/>\n&#8211; Catherine Goldstein, &laquo;Genre des math&eacute;matiques, genre des textes au XVIIe si&egrave;cle&raquo;, p.127.<br \/>\n&#8211; Isabelle Brouard-Arends, &laquo;Mutations culturelles et champ litt&eacute;raire: gender et genre romanesque au XVIIIe si&egrave;cle&raquo;, p.137.<br \/>\n&#8211; Nicole Dufournaud, &laquo;Les fe&ugrave;&ugrave;es face aux &#8216;mutations&#8217; sociales, &eacute;conomiques, politiques, re ligieuses et juridiques dans le duch&eacute; de Bretagne au XVIe si&egrave;cle&raquo;, p.169.<br \/>\n&#8211; Eliane Viennot, &laquo;L&#8217;invention de la loi salique et ses r&eacute;percussions sur la sc&egrave;ne politique de la Renaissance&raquo;, p.181.<br \/>\n&#8211; Fanny Cosandey, &laquo;Les femmes en monarchie: &eacute;pouses ou h&eacute;riti&egrave;res&#8217;&raquo;, p.201.<br \/>\n&#8211; Darline Gay Levy, &laquo;Les fronti&egrave;res transgress&eacute;es: l&#8217;affaire de la comtesse de B&eacute;thune et de son aocat Simon Linguet dans les ar&egrave;nes de la justice du Paris pr&eacute;-r&eacute;volutionnaire&raquo;, p.211.<br \/>\n&#8211; Philippe Corno, &laquo;Hommes et femmes face au divorce dans le th&eacute;&acirc;tre r&eacute;volutionnaire: une red&eacute;finition de la diff&eacute;renciation sexuelle&raquo;, p.223.<br \/>\n&#8211; Karine Lambert, &laquo;Genre et transmission du patrimoine face aux mutations &#8216;juridiques&#8217; en Provence orientale (1775-1798)&raquo;, p.233.<br \/>\n&#8211; Gw&eacute;na&euml;l Murphy, &laquo;Les Religieuses mari&eacute;es pendant la R&eacute;volution fran&ccedil;aise&raquo;, p.243.<br \/>\n&#8211; Martine Lapied, &laquo;La fanatique contre-r&eacute;volutionnaire, r&eacute;alit&eacute; ou repr&eacute;sentation&#8217;&raquo;, p.255<br \/>\n&#8211; Jacques Guilaumou, &laquo;L&#8217;exclusion des femmes du savoir politique pendant la R&eacute;volution Fran&ccedil;aise&raquo;, p.265.<br \/>\n&#8211; Sophie Cassagne-Brouquet, &laquo;Les Neuf Preuses, l&#8217;invention d&#8217;un nouveau th&egrave;me iconographique dans le contexte de la guerre de Cent ans&raquo;, p.279.<\/p>\n<p><\/span><\/div>\n","protected":false},"excerpt":{"rendered":"<p>Luc CAPDEVILA, Sophie CASSAGNES, Martine COCAUD, Dominique GODINEAU, Fran&ccedil;ois ROUQUET, Jacqueline SAINCLIVIER (dir.) Presses universitaires de Rennes, 2003 Dans le prolongement de l&#8217;histoire des femmes, les &eacute;tudes sur le genre conduisent &agrave; &eacute;tendre les analyses sur l&#8217;ensemble des domaines qui participent &agrave; la construction de la diff&eacute;rence des sexes: histoire du f&eacute;minin et du masculin, [&hellip;]<\/p>\n","protected":false},"author":4,"featured_media":0,"parent":2851,"menu_order":0,"comment_status":"closed","ping_status":"closed","template":"","meta":{"_acf_changed":false,"footnotes":""},"class_list":["post-2901","page","type-page","status-publish","hentry"],"translation":{"provider":"WPGlobus","version":"3.0.0","language":"gb","enabled_languages":["fr","gb"],"languages":{"fr":{"title":true,"content":true,"excerpt":false},"gb":{"title":false,"content":false,"excerpt":false}}},"acf":[],"_links":{"self":[{"href":"https:\/\/siefar.org\/gb\/wp-json\/wp\/v2\/pages\/2901","targetHints":{"allow":["GET"]}}],"collection":[{"href":"https:\/\/siefar.org\/gb\/wp-json\/wp\/v2\/pages"}],"about":[{"href":"https:\/\/siefar.org\/gb\/wp-json\/wp\/v2\/types\/page"}],"author":[{"embeddable":true,"href":"https:\/\/siefar.org\/gb\/wp-json\/wp\/v2\/users\/4"}],"replies":[{"embeddable":true,"href":"https:\/\/siefar.org\/gb\/wp-json\/wp\/v2\/comments?post=2901"}],"version-history":[{"count":0,"href":"https:\/\/siefar.org\/gb\/wp-json\/wp\/v2\/pages\/2901\/revisions"}],"up":[{"embeddable":true,"href":"https:\/\/siefar.org\/gb\/wp-json\/wp\/v2\/pages\/2851"}],"wp:attachment":[{"href":"https:\/\/siefar.org\/gb\/wp-json\/wp\/v2\/media?parent=2901"}],"curies":[{"name":"wp","href":"https:\/\/api.w.org\/{rel}","templated":true}]}}