{"id":2900,"date":"2009-09-18T12:06:40","date_gmt":"2009-09-18T12:06:40","guid":{"rendered":"http:\/\/229"},"modified":"2009-09-18T12:06:40","modified_gmt":"2009-09-18T12:06:40","slug":"les-femmes-dans-la-societe-francaise-16e-18e-siecle","status":"publish","type":"page","link":"https:\/\/siefar.org\/gb\/publications-articles\/les-femmes-dans-la-societe-francaise-16e-18e-siecle\/","title":{"rendered":"Les Femmes dans la soci\u00e9t\u00e9 fran\u00e7aise. 16e-18e si\u00e8cle"},"content":{"rendered":"<div class=\"corpsTexte\" style=\"text-align: justify;\"><span style=\"color: rgb(128, 0, 0);\"><strong><span style=\"font-size: small;\">Dominique GODINEAU<\/span><\/strong><\/span><strong><br \/>\n<\/strong><\/div>\n<div class=\"corpsTexte\" style=\"text-align: justify;\"><strong><br \/>\n<\/strong><\/div>\n<div class=\"corpsTexte\" style=\"text-align: justify;\"><strong><span style=\"font-size: small;\"> Paris, Armand Colin, Coll. U, 2003, 254 p., 20 euros<\/span><\/strong><\/div>\n<div class=\"corpsTexte\" style=\"text-align: justify;\"><span style=\"font-size: small;\"><br \/>\nPremi&egrave;re synth&egrave;se sur les femmes dans la France des temps modernes, ce livre leur rend leur place d&#8217;actrices historiques. Il donne une vision d&#8217;ensemble de leurs fonctions dans la soci&eacute;t&eacute;, pr&eacute;sente leur vie de tous les jours, retrace leur participation aux &eacute;v&eacute;nements. Il examine l&#8217;&eacute;volution de leur condition, li&eacute;e aux mutations de la soci&eacute;t&eacute;, et le r&ocirc;le qu&#8217;elles ont jou&eacute; dans les mouvements politiques, religieux, culturels qui, des R&eacute;formes religieuses &agrave; la R&eacute;volution de 1789, ancrent la France dans la modernit&eacute;.<\/span><\/div>\n<div class=\"corpsTexte\" style=\"text-align: justify;\"><span style=\"font-size: small;\"><br \/>\nIns&eacute;rant les femmes dans l&#8217;histoire aux c&ocirc;t&eacute;s des hommes, l&#8217;auteur analyse comment se construisent, culturellement, socialement, politiquement, les relations hommes-femmes et la diff&eacute;rence entre les sexes, aussi bien dans la famille que dans le monde du travail, l&#8217;espace public ou l&#8217;imaginaire. Repr&eacute;sentations et l&eacute;gislation r&eacute;duisent les femmes &agrave; l&#8217;&eacute;tat d&#8217;&eacute;pouse et de m&egrave;re et font de la subordination f&eacute;minine un des piliers de l&#8217;ordre social et politique. Mais, en confrontant ce discours normatif aux pratiques v&eacute;cues, l&#8217;ouvrage fait surgir une r&eacute;alit&eacute; plus complexe, faite de r&eacute;sistances, d&#8217;arrangements, d&#8217;&eacute;chapp&eacute;es individuelles et collectives. Et rappelle que, lentement et non sans mal, l&#8217;id&eacute;e d&#8217;&eacute;galit&eacute; chemine au cours de ces trois si&egrave;cles. Gr&acirc;ce &agrave; des sources vari&eacute;es, ces pages restituent la diversit&eacute; des situations et des vies : on y croise nobles dames, bourgeoises, blanchisseuses et paysannes ; on y rencontre protestantes, catholiques et citoyennes r&eacute;volutionnaires ; on y entend les voix des &eacute;coli&egrave;res, le caquet des voisines et les cris des &eacute;meuti&egrave;res. Aux &eacute;tudiants, aux enseignants, &agrave; tous ceux et celles qui cherchent &agrave; comprendre notre pr&eacute;sent dans le pass&eacute;, l&#8217;auteur offre ainsi une &eacute;tude pr&eacute;cise et vivante, d&eacute;gageant de belles figures de femmes, c&eacute;l&egrave;bres ou anonymes, et dessinant une image toujours plus nette de leur place dans l&#8217;histoire.<br \/>\n<\/span><\/div>\n","protected":false},"excerpt":{"rendered":"<p>Dominique GODINEAU Paris, Armand Colin, Coll. U, 2003, 254 p., 20 euros Premi&egrave;re synth&egrave;se sur les femmes dans la France des temps modernes, ce livre leur rend leur place d&#8217;actrices historiques. Il donne une vision d&#8217;ensemble de leurs fonctions dans la soci&eacute;t&eacute;, pr&eacute;sente leur vie de tous les jours, retrace leur participation aux &eacute;v&eacute;nements. Il [&hellip;]<\/p>\n","protected":false},"author":4,"featured_media":0,"parent":2851,"menu_order":0,"comment_status":"closed","ping_status":"closed","template":"","meta":{"_acf_changed":false,"footnotes":""},"class_list":["post-2900","page","type-page","status-publish","hentry"],"translation":{"provider":"WPGlobus","version":"3.0.0","language":"gb","enabled_languages":["fr","gb"],"languages":{"fr":{"title":true,"content":true,"excerpt":false},"gb":{"title":false,"content":false,"excerpt":false}}},"acf":[],"_links":{"self":[{"href":"https:\/\/siefar.org\/gb\/wp-json\/wp\/v2\/pages\/2900","targetHints":{"allow":["GET"]}}],"collection":[{"href":"https:\/\/siefar.org\/gb\/wp-json\/wp\/v2\/pages"}],"about":[{"href":"https:\/\/siefar.org\/gb\/wp-json\/wp\/v2\/types\/page"}],"author":[{"embeddable":true,"href":"https:\/\/siefar.org\/gb\/wp-json\/wp\/v2\/users\/4"}],"replies":[{"embeddable":true,"href":"https:\/\/siefar.org\/gb\/wp-json\/wp\/v2\/comments?post=2900"}],"version-history":[{"count":0,"href":"https:\/\/siefar.org\/gb\/wp-json\/wp\/v2\/pages\/2900\/revisions"}],"up":[{"embeddable":true,"href":"https:\/\/siefar.org\/gb\/wp-json\/wp\/v2\/pages\/2851"}],"wp:attachment":[{"href":"https:\/\/siefar.org\/gb\/wp-json\/wp\/v2\/media?parent=2900"}],"curies":[{"name":"wp","href":"https:\/\/api.w.org\/{rel}","templated":true}]}}