{"id":2890,"date":"2009-09-18T11:35:29","date_gmt":"2009-09-18T11:35:29","guid":{"rendered":"http:\/\/219"},"modified":"2009-09-18T11:35:29","modified_gmt":"2009-09-18T11:35:29","slug":"portraits-du-bonheur-au-moyen-age-et-a-la-renaissance-douze-modeles-de-felicite-celeste-et-terrestre","status":"publish","type":"page","link":"https:\/\/siefar.org\/gb\/publications-articles\/portraits-du-bonheur-au-moyen-age-et-a-la-renaissance-douze-modeles-de-felicite-celeste-et-terrestre\/","title":{"rendered":"Portraits du bonheur au Moyen Age et \u00e0 la Renaissance. Douze mod\u00e8les de f\u00e9licit\u00e9 c\u00e9leste et terrestre"},"content":{"rendered":"<div class=\"corpsTexte\" style=\"text-align: justify;\"><span style=\"color: rgb(128, 0, 0);\"><strong><span style=\"font-size: small;\">Brenda DUNN-LARDEAU (dir.)<\/span><\/strong><\/span><strong><br \/>\n<\/strong><\/div>\n<div class=\"corpsTexte\" style=\"text-align: justify;\"><strong><span style=\"font-size: small;\"><br \/>\nMemini, Travaux et documents , no 6, 2002, 304 p.<\/span><\/strong><\/div>\n<div class=\"corpsTexte\" style=\"text-align: justify;\"><strong><span style=\"font-size: small;\"><br \/>\nTable des mati&egrave;res<\/span><\/strong><span style=\"font-size: small;\"><\/p>\n<p>&#8211; Brenda Dunn-Lardeau, &quot;Prol&eacute;gom&egrave;nes &agrave; une histoire de la f&eacute;licit&eacute;&quot;, p. 5-58.<br \/>\nCharles B&eacute;n&eacute;, &quot; F&eacute;licit&eacute; terrestre et f&eacute;licit&eacute; c&eacute;leste chez saint Augustin&quot;, p. 59-70.<br \/>\n&#8211; Am&eacute;lie Bronsard, &quot;Les limites de l&#8217;inf&eacute;licit&eacute; terrestre dans la L&eacute;gende dor&eacute;e&quot;, p. 71-87. Carol J. Harvey, &quot;De la catastrophe &agrave; la f&eacute;licit&eacute; : m&eacute;canismes dramatiques dans le Miracle de Th&eacute;ophile et les Miracles de Notre-Dame par personnages&quot;, p. 89-102.<br \/>\n&#8211; Claire Le Brun-Gouanvic, &quot;Le lexique de la felicitas chez Christine de Pizan&quot;, p. 103-127.<br \/>\n&#8211; Ada Palmer, &quot;Lux Dei. Ficino and Aquinas on the Beatific Vision&quot;, p. 129-152.<br \/>\nRoland Galibois, &quot;Thomas More et le bonheur&quot;, p. 153-178.<br \/>\nKenneth R. Bartlett, &quot; Platonic Perfection Amid Political Failure: The Text and Context of Castiglione&#8217;s Il Cortegiano&quot;, p. 179-202.<br \/>\n&#8211; Donald Beecher ,&quot;From Neoplatonic trattati d&#8217;amore to Seventeenth-Century English Poets on the Earthly Paradise of Spiritualized Bodies&quot;, p. 203-223.<br \/>\n&#8211; Fran&ccedil;ois Rouget, &quot;&Eacute;rotisme et f&eacute;licit&eacute; amoureuse dans l&#8217;oeuvre po&eacute;tique de Jean Second&quot;, p. 225-239.<br \/>\n&#8211; Olga Anna Duhl, &quot;Most is Less than Nothing: Allegories of Bliss in Marguerite de Navarre&#8217;s Trop, Prou, Peu, Moins (around 1544)&quot;, p. 241-261.<br \/>\nJean-Luc Martinet, &quot;M&eacute;decine et f&eacute;licit&eacute; : &agrave; propos de La Physiologie de Jean Fernel&quot;, p. 263-284.<br \/>\n&#8211; Madeleine Lazard, &quot;Les f&eacute;licit&eacute;s (tr&egrave;s) terrestres des femmes dans quelques com&eacute;dies de la Renaissance fran&ccedil;aise&quot;, p. 285-304.<\/p>\n<p>Pour tout renseignement ou toute correspondance relative &agrave; la commande de volumes, pri&egrave;re de visiter le site de la S.E.M.Q. <a href=\"http:\/\/www.er.uqam.ca\/nobel\/semq \">www.er.uqam.ca\/nobel\/semq <\/a>ou de s&#8217;adresser aux : Publications de la Soci&eacute;t&eacute; des &Eacute;tudes m&eacute;di&eacute;vales du Qu&eacute;bec (S.&Eacute;.M.Q.), D&eacute;partement d&#8217;Histoire, Universit&eacute; du Qu&eacute;bec &agrave; Montr&eacute;al, C.P. 8888, succursale Centre Ville, Montr&eacute;al, Qu&eacute;bec, Canada, H3C 3P8 ou encore &agrave; l&#8217;adresse courriel suivante : <a href=\"mailto:semq@uqam.ca\">semq@uqam.ca<\/a><\/p>\n<p><\/span><\/div><\/p>\n","protected":false},"excerpt":{"rendered":"<p>Brenda DUNN-LARDEAU (dir.) Memini, Travaux et documents , no 6, 2002, 304 p. Table des mati&egrave;res &#8211; Brenda Dunn-Lardeau, &quot;Prol&eacute;gom&egrave;nes &agrave; une histoire de la f&eacute;licit&eacute;&quot;, p. 5-58. Charles B&eacute;n&eacute;, &quot; F&eacute;licit&eacute; terrestre et f&eacute;licit&eacute; c&eacute;leste chez saint Augustin&quot;, p. 59-70. &#8211; Am&eacute;lie Bronsard, &quot;Les limites de l&#8217;inf&eacute;licit&eacute; terrestre dans la L&eacute;gende dor&eacute;e&quot;, p. 71-87. [&hellip;]<\/p>\n","protected":false},"author":4,"featured_media":0,"parent":2851,"menu_order":0,"comment_status":"closed","ping_status":"closed","template":"","meta":{"_acf_changed":false,"footnotes":""},"class_list":["post-2890","page","type-page","status-publish","hentry"],"translation":{"provider":"WPGlobus","version":"3.0.0","language":"gb","enabled_languages":["fr","gb"],"languages":{"fr":{"title":true,"content":true,"excerpt":false},"gb":{"title":false,"content":false,"excerpt":false}}},"acf":[],"_links":{"self":[{"href":"https:\/\/siefar.org\/gb\/wp-json\/wp\/v2\/pages\/2890","targetHints":{"allow":["GET"]}}],"collection":[{"href":"https:\/\/siefar.org\/gb\/wp-json\/wp\/v2\/pages"}],"about":[{"href":"https:\/\/siefar.org\/gb\/wp-json\/wp\/v2\/types\/page"}],"author":[{"embeddable":true,"href":"https:\/\/siefar.org\/gb\/wp-json\/wp\/v2\/users\/4"}],"replies":[{"embeddable":true,"href":"https:\/\/siefar.org\/gb\/wp-json\/wp\/v2\/comments?post=2890"}],"version-history":[{"count":0,"href":"https:\/\/siefar.org\/gb\/wp-json\/wp\/v2\/pages\/2890\/revisions"}],"up":[{"embeddable":true,"href":"https:\/\/siefar.org\/gb\/wp-json\/wp\/v2\/pages\/2851"}],"wp:attachment":[{"href":"https:\/\/siefar.org\/gb\/wp-json\/wp\/v2\/media?parent=2890"}],"curies":[{"name":"wp","href":"https:\/\/api.w.org\/{rel}","templated":true}]}}