{"id":2886,"date":"2009-09-17T18:57:46","date_gmt":"2009-09-17T18:57:46","guid":{"rendered":"http:\/\/215"},"modified":"2009-09-17T18:57:46","modified_gmt":"2009-09-17T18:57:46","slug":"mon-xviie-siecle-de-la-marquise-de-sevigne-a-marcel-proust","status":"publish","type":"page","link":"https:\/\/siefar.org\/gb\/publications-articles\/mon-xviie-siecle-de-la-marquise-de-sevigne-a-marcel-proust\/","title":{"rendered":"Mon XVIIe si\u00e8cle : de la marquise de S\u00e9vign\u00e9 \u00e0 Marcel Proust"},"content":{"rendered":"<div style=\"text-align: justify;\" class=\"corpsTexte\"><span style=\"color: rgb(128, 0, 0);\"><strong><span style=\"font-size: small;\">Roger DUCH&Ecirc;NE<\/span><\/strong><\/span><strong><br \/>\n<\/strong><\/div>\n<div style=\"text-align: justify;\" class=\"corpsTexte\"><strong><br \/>\n<\/strong><\/div>\n<div style=\"text-align: justify;\" class=\"corpsTexte\"><strong><span style=\"font-size: small;\">Cent articles parus entre 1961 et 2000, extraits des biographies et autres ouvrages, 600 lettres de femmes, Editions du CMR 17, diffusion Klincksieck<\/span><\/strong><\/div>\n<div style=\"text-align: justify;\" class=\"corpsTexte\"><span style=\"font-size: small;\"><br \/>\nLa lecture du c&eacute;d&eacute;rom ne demande aucun &eacute;quipement particulier (sauf &eacute;videmment un lecteur de disque c&eacute;d&eacute;rom), le disque comportant tout ce qui est n&eacute;cessaire &agrave; sa lecture en version Macintosch comme en version PC.<\/span><\/div>\n<div style=\"text-align: center;\" class=\"corpsTexte\"><\/div>\n<div style=\"text-align: center;\" class=\"corpsTexte\"><span style=\"font-size: small;\"><br \/>\n<\/span><strong><span style=\"font-size: small;\">Sommaire partiel (titres concernant les femmes de l&#8217;Ancien R&eacute;gime)<\/span><\/strong><\/div>\n<div style=\"text-align: justify;\" class=\"corpsTexte\"><\/div>\n<div style=\"text-align: justify;\" class=\"corpsTexte\"><span style=\"font-size: small;\"><br \/>\n<strong>I. Etudes<\/strong><\/span><\/div>\n<div style=\"text-align: justify;\" class=\"corpsTexte\"><span style=\"font-size: small;\"><br \/>\n&#8211; &laquo;Argent et famille au XVIIe si&egrave;cle. Mme de S&eacute;vign&eacute; et Guillaume d&#8217;Harouys&raquo;, 1961.<br \/>\n&#8211; &laquo;Mme de S&eacute;vign&eacute; en Provence : trois lettres in&eacute;dites de l&#8217;abb&eacute; de Coulanges&raquo;, 1962.<br \/>\n&#8211; Argent et famille au XVIIe si&egrave;cle. Mme de S&eacute;vign&eacute; et les Grignan : I. &laquo;Un Beau Mariage&raquo;, 1965. II. &laquo;Les Charges d&#8217;un a&icirc;n&eacute;&raquo;, 1966. III. &laquo;Deux Familles qui ont pass&eacute; devant nous&raquo;, 1966.<br \/>\n&#8211; Argent et famille au XVIIe si&egrave;cle. Mme de S&eacute;vign&eacute; et la gestion de ses biens bourguignons : I. &laquo;L&#8217;H&eacute;ritage du pr&eacute;sident Claude Fr&eacute;myot&raquo;, 1965. II &laquo;Mme de S&eacute;vign&eacute; &agrave; Bourbilly en 1673&raquo;, 1965. III. &laquo;La Dame lointaine de Bourbilly&raquo;, 1965.<br \/>\n&#8211; &laquo;Le premier voyage de Mme de Grignan &agrave; Marseille (avril-mai 1671)&raquo;, 1966.<br \/>\n-&laquo;Argent et famille au XVIIe si&egrave;cle : Une Reconnaissance excessive ? Mme de S&eacute;vign&eacute; et son &quot;Bien Bon&quot;&raquo;, 1967.<br \/>\n&#8211; &laquo;Vocation pr&eacute;coce ou vocation forc&eacute;e ? Marie-Blanche de Grignan, petite-fille de Mme de S&eacute;vign&eacute;&raquo;, 1967.<br \/>\n&#8211; &laquo;Argent et famille au XVIIe si&egrave;cle : Partage des biens et partage des affections. Mme de S&eacute;vign&eacute; et ses enfants&raquo;, 1968.<br \/>\n&#8211; &laquo;R&eacute;alit&eacute; v&eacute;cue et r&eacute;ussite litt&eacute;raire : le statut particulier de la lettre&raquo;, 1971.<br \/>\n&#8211; &laquo;Lettres et Gazettes au XVIIe si&egrave;cle&raquo;, 1971.<br \/>\n&#8211; &laquo;Lettres et M&eacute;moires : la marquise de S&eacute;vign&eacute; et le grand pr&eacute;v&ocirc;t de Sourches&raquo;, 1971.<br \/>\n&#8211; &laquo;Une grande dame et l&#8217;architecture, Mme de S&eacute;vign&eacute; et les Mansart&raquo;, 1971.<br \/>\n&#8211; &laquo;Mme de S&eacute;vign&eacute; &agrave; Marseille (janvier 1673)&raquo;, 1972.<br \/>\n&#8211; &laquo;Images de la vie religieuse &agrave; Aix dans les lettres d&#8217;une Parisienne, Mme de S&eacute;vign&eacute;&raquo;, 1972.<br \/>\n&#8211; &laquo;Les Proven&ccedil;aux de Mme de S&eacute;vign&eacute;&raquo;, 1973.<br \/>\n&#8211; &laquo;Lettres. Essai de d&eacute;finition&raquo;, 1973.<br \/>\n&#8211; &laquo;Mme de S&eacute;vign&eacute; et le spectacle&raquo;, 1973.<br \/>\n&#8211; &laquo;L&#8217;&Eacute;cole des femmes au XVIIe si&egrave;cle&raquo;, 1974.<br \/>\n&#8211; &laquo;Costar et ses amies&raquo;, 1975.<br \/>\n&#8211; &laquo;Mme de S&eacute;vign&eacute; et le style n&eacute;glig&eacute;&raquo;, 1976.<br \/>\n&#8211; &laquo;Signification du romanesque chez les mondains : l&#8217;exemple de Mme de S&eacute;vign&eacute;&raquo;, 1977.<br \/>\n&#8211; &laquo;Une grande dame et la rh&eacute;torique : Mme de S&eacute;vign&eacute; et le p&egrave;re Le Bossu&raquo;, 1977.<br \/>\n&#8211; &laquo;Entre l&#8217;&eacute;rudition et l&#8217;amiti&eacute; : la correspondance de Huet&raquo;, 1977.<br \/>\n&#8211; &laquo;La veuve au XVIIe si&egrave;cle&raquo;, 1978.<br \/>\n&#8211; &laquo;Texte public, texte priv&eacute; : le cas des Lettres de Mme de S&eacute;vign&eacute;&raquo;, 1981.<br \/>\n&#8211; &laquo;Mme de S&eacute;vign&eacute; et le jeu&raquo;, 1982.<br \/>\n&#8211; &laquo;&quot;Voil&agrave; comme vos lettres m&#8217;ont paru&laquo;: Mme de S&eacute;vign&eacute; lectrice de Mme de Grignan&raquo;, 1983.<br \/>\n&#8211; &laquo;La lettre et l&#8217;information, le cas de Mme de S&eacute;vign&eacute;&raquo;, 1983.<br \/>\n&#8211; &laquo;Mme de S&eacute;vign&eacute; entre la communication et l&#8217;&eacute;criture&raquo;, 1983.<br \/>\n&#8211; &laquo;La th&eacute;ologie expliqu&eacute;e aux dames&raquo;, 1984.<br \/>\n&#8211; &laquo;Honn&ecirc;tet&eacute; et sexualit&eacute;&raquo;, 1984.<br \/>\n&#8211; &laquo;Mme de S&eacute;vign&eacute; et la cour&raquo;, 1988.<br \/>\n&#8211; &laquo;Lettre et portrait au XVIIe si&egrave;cle&raquo;, 1988.<br \/>\n&#8211; &laquo;Art et hasard : petit bilan de la correspondance de Mme de S&eacute;vign&eacute;&raquo;, 1988.<br \/>\n&#8211; &laquo;La conversion de Mme de La Fayette&raquo;, 1988.<br \/>\n&#8211; &laquo;Mme de La Fayette, femme d&#8217;influence&raquo;, 1989.<br \/>\n&#8211; &laquo;Les deux Princesses sont-elles d&#8217;un m&ecirc;me auteur ?&raquo;, 1990.<br \/>\n&#8211; &laquo;Le mythe de l&#8217;&eacute;pistoli&egrave;re&raquo;, 1990.<br \/>\n&#8211; &laquo;La Bretagne dans les lettres de Mme de S&eacute;vign&eacute;&raquo;, 1991.<br \/>\n&#8211; &laquo;Lettre et essai : l&#8217;exemple de Mme de S&eacute;vign&eacute;&raquo;, 1991.<br \/>\n&#8211; &laquo;De Moli&egrave;re &agrave; Sorel, ou la rh&eacute;torique des pr&eacute;cieuses&raquo;, 1991.<br \/>\n&#8211; &laquo;Pr&eacute;cieuses ou galantes ridicules ?&raquo;, 1992.<br \/>\n&#8211; &laquo;Lettre et &eacute;p&icirc;tre&raquo;, 1993.<br \/>\n&#8211; &laquo;Mme de La Fayette &eacute;pistoli&egrave;re&raquo;, 1993.<br \/>\n&#8211; &laquo;Mlle de Scud&eacute;ry, reine de Tendre&raquo;, 1993.<br \/>\n&#8211; &laquo;Proust, lecteur de Mme de S&eacute;vign&eacute;&raquo;, 1994.<br \/>\n&#8211; &laquo;Une Com&eacute;die imaginaire : La Pr&eacute;tieuse de l&#8217;abb&eacute; de Pure&raquo;, 1994.<br \/>\n&#8211; &laquo;Lettre et conversation&raquo;, 1995.<br \/>\n&#8211; &laquo;Vers La Princesse de Cl&egrave;ves : de La Princesse de Paphlagonie &agrave; L&#8217;Histoire amoureuse des Gaules&raquo;, 1995.<br \/>\n&#8211; &laquo;Bussy et Mme de S&eacute;vign&eacute; : une vengeance posthume&raquo;, 1995.<br \/>\n&#8211; &laquo;A la Recherche d&#8217;une esp&egrave;ce rare et m&ecirc;l&eacute;e, les pr&eacute;cieuses avant Moli&egrave;re&raquo;, 1995.<br \/>\n&#8211; &laquo;Mme de S&eacute;vign&eacute; personnage de roman dans l&#8217;oeuvre de Proust&raquo;, 1996.<br \/>\n&#8211; &laquo;Pr&eacute;ciosit&eacute; et galanterie&raquo;, 1996.<br \/>\n&#8211; &laquo;M&egrave;re et fille au XVIIe si&egrave;cle : le mariage de la princesse de Cl&egrave;ves&raquo;, 1997.<br \/>\n&#8211; &laquo;En voyage avec Mme de S&eacute;vign&eacute;&raquo;, 1997.<br \/>\n&#8211; &laquo;En Provence et &agrave; Monaco, un voyage imaginaire de Mme de S&eacute;vign&eacute;&raquo;, 1997.<br \/>\n&#8211; &laquo;Mme de S&eacute;vign&eacute; et les parlers r&eacute;gionaux&raquo;, 1997.<br \/>\n&#8211; &laquo;Poste et cr&eacute;ation litt&eacute;raire : le cas des Lettres de Mme de S&eacute;vign&eacute;&raquo;, 1997.<br \/>\n&#8211; &laquo;La lettre : genre masculin et pratique f&eacute;minine&raquo;, 1998.<br \/>\n&#8211; &laquo;La marquise de S&eacute;vign&eacute; &agrave; table&raquo;, 1998.<br \/>\n&#8211; &laquo;Le Nouveau Dictionnaire des Pr&eacute;cieuses&raquo;, 1999.<br \/>\n&#8211; &laquo;L&#8217;imposture biographique : de Mme de S&eacute;vign&eacute; &agrave; Ninon de Lenclos&raquo;, 2000.<br \/>\n&#8211; &laquo;De la chambre au salon, r&eacute;alit&eacute;s et repr&eacute;sentations&raquo;, 2000.<\/span><\/div>\n<div style=\"text-align: justify;\" class=\"corpsTexte\"><\/div>\n<div style=\"text-align: justify;\" class=\"corpsTexte\"><span style=\"font-size: small;\"><br \/>\n<\/span><strong><span style=\"font-size: small;\">II. Livres ou extraits de livres<\/span><\/strong><\/div>\n<div style=\"text-align: justify;\" class=\"corpsTexte\"><span style=\"font-size: small;\"><br \/>\n&#8211; Mme de S&eacute;vign&eacute;, Descl&eacute;e de Brouwer, Les &Eacute;crivains devant Dieu, Paris, 1968, t. 20, 144 pages. Texte complet de la partie &laquo;&Eacute;tude&raquo;. Table des mati&egrave;res.<br \/>\n&#8211; R&eacute;alit&eacute; v&eacute;cue et art &eacute;pistolaire : Mme de S&eacute;vign&eacute; et la lettre d&#8217;amour, Bordas, Paris, 1970, 417 pages ; r&eacute;impression augment&eacute;e, Klincksieck, 1992, XV, 436 pages. Extrait du chapitre I, &laquo;Le bon usage de la lettre&raquo;, deuxi&egrave;me partie, &laquo;Vie mondaine et lettre galante&raquo;. Table des mati&egrave;res.<br \/>\n&#8211; Mme de S&eacute;vign&eacute;, ou la chance d&#8217;&ecirc;tre femme, Fayard, Paris, 1982, 478 pages, derni&egrave;re r&eacute;impression 1996. Chapitre III, &laquo;Un beau mariage&raquo;, dernier chapitre &laquo;Une femme&raquo;. Table des mati&egrave;res.<br \/>\n&#8211; &Eacute;crire au temps de Mme de S&eacute;vign&eacute; : Lettres et texte litt&eacute;raire, Vrin, 1982, 242 pages (recueil d&#8217;articles sur la lettre et le genre &eacute;pistolaire parus &agrave; cette date). &laquo;Pr&eacute;face&raquo;. Table des mati&egrave;res.<br \/>\n&#8211; Ninon de Lenclos, la courtisane du Grand Si&egrave;cle, Fayard, Paris, 1984, 316 pages ; nouvelle &eacute;dition augment&eacute;e, Ninon de Lenclos ou la mani&egrave;re jolie de faire l&#8217;amour, Fayard, 2000, 412 pages. Chapitre I, &laquo;Des charmes l&eacute;gendaires&raquo; ; &laquo;Conclusion&raquo;. Table des mati&egrave;res.<br \/>\n&#8211; Mme de La Fayette, biographie, Fayard, Paris, 1988, 548 pages, nouvelle &eacute;dition augment&eacute;e, 2000. Chapitre I, &laquo;Une naissance obscure&raquo; ; chapitre XIII, &laquo;Au pays de Tendre&raquo; ; chapitre XXXVIII, &laquo;Une campagne de presse&raquo; ; chapitre LVI, &laquo;Un auteur posthume&raquo;. Table des mati&egrave;res.<br \/>\n&#8211; Mme de La Fayette, Oeuvres compl&egrave;tes, Fran&ccedil;ois Bourin-Julliard, Paris, 1990, 798 pages. &laquo;Pr&eacute;sentation&raquo; ; &laquo;Lettres&raquo; ; &laquo;Lettres &agrave; M&eacute;nage&raquo;. Table des mati&egrave;res.<br \/>\n&#8211; Naissances d&#8217;un &eacute;crivain : Mme de S&eacute;vign&eacute;, Fayard, 1996, 358 pages. Chapitre I, &laquo;Une bombe &agrave; retardement&raquo; ; chapitre 44, &laquo;De l&#8217;esprit naturel et du monde&raquo;. Table des mati&egrave;res.<br \/>\n&#8211; Mme de S&eacute;vign&eacute;, Lettres choisies, collection Folio, Paris, 1996, 380 pages. &laquo;Pr&eacute;face&raquo;.<\/span><\/div>\n<div style=\"text-align: justify;\" class=\"corpsTexte\"><\/div>\n<div style=\"text-align: justify;\" class=\"corpsTexte\"><span style=\"font-size: small;\"><br \/>\n<\/span><strong><span style=\"font-size: small;\">III. Lettres de femmes du XVIIe si&egrave;cle : bibliographie in&eacute;dite, traductions in&eacute;dites, recueil de six cents lettres de femmes.<\/span><\/strong><\/div>\n<div style=\"text-align: justify;\" class=\"corpsTexte\"><span style=\"font-size: small;\"><br \/>\n&#8211; Bibliographie des lettres de femmes du XVIIe si&egrave;cle.<br \/>\n&#8211; Lettres de Mme de S&eacute;vign&eacute; et de Bussy-Rabutin, 1697 (deux premiers volumes de l&#8217;&eacute;dition originale) comprenant notamment la traduction par Bussy des lettres d&#8217;H&eacute;lo&iuml;se &agrave; Ab&eacute;lard et, en vers, celle des Rem&egrave;des d&#8217;amour et de plusieurs des H&eacute;ro&iuml;des d&#8217;Ovide.<br \/>\n&#8211; Lettres portugaises, seconde partie.<br \/>\n&#8211; Lettres de Mme de Choisy.<br \/>\n&#8211; Lettres de la princesse de Conti &agrave; son mari.<br \/>\n&#8211; Lettres d&#8217;Hortense Desjardins (Mme de Villedieu).<br \/>\n&#8211; Lettres de Mme de Longueville.<br \/>\n&#8211; Lettres de la comtesse de Maure.<br \/>\n&#8211; Lettres authentiques de Ninon de Lenclos.<br \/>\n&#8211; Lettres de Mme de Sabl&eacute;.<br \/>\n&#8211; Lettres de Mlle de Vertus.<br \/>\n&#8211; Lettres de Mme de Villars.<br \/>\n&#8211; Lettres de diverses femmes.<\/span><\/div>\n<div style=\"text-align: justify;\" class=\"corpsTexte\"><\/div>\n<div style=\"text-align: justify;\" class=\"corpsTexte\"><span style=\"font-size: small;\"><br \/>\n<\/span><strong><span style=\"font-size: small;\">IV. M&eacute;moires du CMR17 : Des colloques de Marseille aux Ann&eacute;es S&eacute;vign&eacute;<\/span><\/strong><\/div>\n<div style=\"text-align: justify;\" class=\"corpsTexte\"><span style=\"font-size: small;\"><br \/>\n&#8211; &laquo;Trois Tricentenaires&raquo;, pr&eacute;face aux Actes du troisi&egrave;me colloque du CMR17, &agrave; Marseille, Mme de S&eacute;vign&eacute;, Moli&egrave;re, Lully, Revue Marseille, 1973, n&deg; 95, p. 5-8. Table des mati&egrave;res des Actes du colloque.<br \/>\n&#8211; &laquo;Pluridisciplinarit&eacute; et &quot;causes secondes&quot;&raquo;, pr&eacute;face aux Actes du douzi&egrave;me colloque du CMR17, &agrave; Marseille, La Conversion au XVIIe si&egrave;cle, publications du CMR 17, 1982, p. 5-6. Table des mati&egrave;res des Actes du colloque.<br \/>\n&#8211; &laquo;Des Leys d&#8217;Amors &agrave; l&#8217;ombre de la pr&eacute;ciosit&eacute;&raquo;, pr&eacute;face aux Actes du treizi&egrave;me colloque du CMR 17, &agrave; Toulouse, Les Visages de l&#8217;amour au XVIIe si&egrave;cle, Universit&eacute; de Toulouse-Le Mirail, 1984, p. 5-7. Table des mati&egrave;res des Actes du colloque.<br \/>\n&#8211; Seizi&egrave;me colloque du CMR 17, &agrave; Marseille, D&#8217;un si&egrave;cle &agrave; l&#8217;autre, Anciens et Moderne, colloque organis&eacute; conjointement avec le centre d&#8217;&eacute;tudes et de recherches sur le dix-huiti&egrave;me si&egrave;cle, publications de l&#8217;Universit&eacute; de Provence, 1986. Table des mati&egrave;res des Actes du colloque.<br \/>\n&#8211; Dix-huiti&egrave;me colloque du CMR 17, &agrave; Marseille, 1988, La Fronde en questions, Universit&eacute; de Provence. Table des mati&egrave;res des Actes du colloque.<br \/>\n&#8211; &laquo;Vingt ans apr&egrave;s&raquo;, pr&eacute;face aux Actes du vingti&egrave;me colloque du CMR 17, &agrave; Bordeaux, L&#8217;&acirc;ge d&#8217;or de l&#8217;influence espagnole : La France et l&#8217;Espagne &agrave; l&#8217;&eacute;poque d&#8217;Anne d&#8217;Autriche (1615-1666), &Eacute;ditions interuniversitaires, Mont-de-Marsan, 1991, p. 7-8. Table des mati&egrave;res des Actes du colloque.<br \/>\n&#8211; &laquo;Les Ann&eacute;es S&eacute;vign&eacute;, 1993-1996&raquo;, pr&eacute;sentation g&eacute;n&eacute;rale de la c&eacute;l&eacute;bration d&#8217;un double tricentenaire.<br \/>\n&#8211; &laquo;Pr&eacute;sentation&raquo;, pr&eacute;face aux Actes de la journ&eacute;e d&#8217;&eacute;tude, &agrave; Marseille, De la pr&eacute;cieuse &agrave; l&#8217;&eacute;crivaine, Papers on French Seventeenth Century Literature, T&uuml;bingen, 1995, p. 329-330.<br \/>\n&#8211; &laquo;M&eacute;tamorphoses&raquo;, pr&eacute;face aux Actes du colloque Images de Mme de S&eacute;vign&eacute; organis&eacute; &agrave; Paris en 1995 pour la Soci&eacute;t&eacute; d&#8217;Histoire Litt&eacute;raire de la France, Revue d&#8217;Histoire Litt&eacute;raire de la France, 96e ann&eacute;e, 1996, p. 359-365.<br \/>\n&#8211; &laquo;Mme de S&eacute;vign&eacute; : un f&eacute;minin pluriel&raquo;, introduction du num&eacute;ro 801-802 de la revue Europe (janvier-f&eacute;vrier 1996) consacr&eacute; &agrave; Mme de S&eacute;vign&eacute; &agrave; l&#8217;occasion du tricentenaire de sa mort, p.3-5.<br \/>\n&#8211; &laquo;Rien ne peut r&eacute;parer les biens que j&#8217;ai perdus&raquo;, introduction au catalogue de l&#8217;exposition Madame de S&eacute;vign&eacute; du Mus&eacute;e Carnavalet &agrave; l&#8217;occasion du tricentenaire de la mort de la marquise, Paris-mus&eacute;es, Flammarion, 1996, p. 9-15.<br \/>\n&#8211; &laquo;Autour de Mme de S&eacute;vign&eacute;. Deux colloques pour un tricentenaire&raquo;, pr&eacute;face aux Actes des colloques organis&eacute;s &agrave; Marseille (Les rapports m&egrave;re-fille au XVIIe si&egrave;cle et de nos jours), puis &agrave; Aix (Les voyages en France au XVIIe si&egrave;cle) &agrave; l&#8217;occasion du tricentenaire de la mort de Mme de S&eacute;vign&eacute;, Papers on French Seventeenth Century Literature, T&uuml;bingen, 1997, p. 7.<br \/>\n&#8211; &laquo;&quot;Bouts de l&#8217;an&quot; et tricentenaire&raquo;, pr&eacute;face aux Actes du colloque Madame de S&eacute;vign&eacute;, Provence, spectacles, &laquo;lanternes&raquo;, organis&eacute; en mai-juin 1996 au ch&acirc;teau de Grignan &agrave; l&#8217;occasion du tricentenaire de la mort de la marquise en ce ch&acirc;teau, publication de l&#8217;Association d&#8217;action culturelle des ch&acirc;teaux de la Dr&ocirc;me avec le concours du Conseil G&eacute;n&eacute;ral de la Dr&ocirc;me, Grignan, 1998, p. 5-6.<\/span><\/div>\n<div style=\"text-align: justify;\" class=\"corpsTexte\"><\/div>\n<div style=\"text-align: justify;\" class=\"corpsTexte\"><span style=\"font-size: small;\"><br \/>\n<\/span><strong><span style=\"font-size: small;\">V. Biographie, bibliographie<\/span><\/strong><\/div>\n<div style=\"text-align: justify;\" class=\"corpsTexte\"><span style=\"font-size: small;\"><br \/>\nRoger Duch&ecirc;ne, grand prix de l&#8217;Acad&eacute;mie fran&ccedil;aise (biographie litt&eacute;raire), a enseign&eacute; trente ans la litt&eacute;rature du XVIIe si&egrave;cle &agrave; la facult&eacute; des lettres d&#8217;Aix-en-Provence (Universit&eacute; de Provence), dont il est professeur &eacute;m&eacute;rite.<\/p>\n<p>\n<\/span><\/div>\n","protected":false},"excerpt":{"rendered":"<p>Roger DUCH&Ecirc;NE Cent articles parus entre 1961 et 2000, extraits des biographies et autres ouvrages, 600 lettres de femmes, Editions du CMR 17, diffusion Klincksieck La lecture du c&eacute;d&eacute;rom ne demande aucun &eacute;quipement particulier (sauf &eacute;videmment un lecteur de disque c&eacute;d&eacute;rom), le disque comportant tout ce qui est n&eacute;cessaire &agrave; sa lecture en version Macintosch [&hellip;]<\/p>\n","protected":false},"author":4,"featured_media":0,"parent":2851,"menu_order":0,"comment_status":"closed","ping_status":"closed","template":"","meta":{"_acf_changed":false,"footnotes":""},"class_list":["post-2886","page","type-page","status-publish","hentry"],"translation":{"provider":"WPGlobus","version":"3.0.0","language":"gb","enabled_languages":["fr","gb"],"languages":{"fr":{"title":true,"content":true,"excerpt":false},"gb":{"title":false,"content":false,"excerpt":false}}},"acf":[],"_links":{"self":[{"href":"https:\/\/siefar.org\/gb\/wp-json\/wp\/v2\/pages\/2886","targetHints":{"allow":["GET"]}}],"collection":[{"href":"https:\/\/siefar.org\/gb\/wp-json\/wp\/v2\/pages"}],"about":[{"href":"https:\/\/siefar.org\/gb\/wp-json\/wp\/v2\/types\/page"}],"author":[{"embeddable":true,"href":"https:\/\/siefar.org\/gb\/wp-json\/wp\/v2\/users\/4"}],"replies":[{"embeddable":true,"href":"https:\/\/siefar.org\/gb\/wp-json\/wp\/v2\/comments?post=2886"}],"version-history":[{"count":0,"href":"https:\/\/siefar.org\/gb\/wp-json\/wp\/v2\/pages\/2886\/revisions"}],"up":[{"embeddable":true,"href":"https:\/\/siefar.org\/gb\/wp-json\/wp\/v2\/pages\/2851"}],"wp:attachment":[{"href":"https:\/\/siefar.org\/gb\/wp-json\/wp\/v2\/media?parent=2886"}],"curies":[{"name":"wp","href":"https:\/\/api.w.org\/{rel}","templated":true}]}}