{"id":2882,"date":"2009-09-17T18:47:20","date_gmt":"2009-09-17T18:47:20","guid":{"rendered":"http:\/\/211"},"modified":"2009-09-17T18:47:20","modified_gmt":"2009-09-17T18:47:20","slug":"le-parnasse-galant-institution-d-une-categorie-litteraire-au-xviie-siecle","status":"publish","type":"page","link":"https:\/\/siefar.org\/gb\/publications-articles\/le-parnasse-galant-institution-d-une-categorie-litteraire-au-xviie-siecle\/","title":{"rendered":"Le Parnasse Galant. Institution d&#8217;une cat\u00e9gorie litt\u00e9raire au XVIIe si\u00e8cle"},"content":{"rendered":"<div style=\"text-align: justify;\" class=\"corpsTexte\"><span style=\"color: rgb(128, 0, 0);\"><strong><span style=\"font-size: small;\">Delphine DENIS<\/span><\/strong><\/span><strong><span style=\"font-size: small;\"><br \/>\n<\/span><\/strong><\/div>\n<div style=\"text-align: justify;\" class=\"corpsTexte\"><strong><br \/>\n<\/strong><\/div>\n<div style=\"text-align: justify;\" class=\"corpsTexte\"><strong><span style=\"font-size: small;\">Paris, Honor&eacute; Champion, 2001, 1 vol., in-8, 400 p., reli&eacute;, ISBN 2-7453-0356-2 * CHF 80 ht \/ 61 euros ttc (Prix &laquo;Dix-Septi&egrave;me Si&egrave;cle&raquo; 2001)<\/span><\/strong><span style=\"font-size: small;\"><br \/>\n<\/span><\/div>\n<div style=\"text-align: justify;\" class=\"corpsTexte\"><span style=\"font-size: small;\"><br \/>\nAccomplie dans les ann&eacute;es 1660, la progressive transformation de l&#8217;ancien Parnasse, royaume des savants et des po&egrave;tes s&eacute;rieux, en un lieu o&ugrave; souffle d&eacute;sormais l&#8217;esprit enjou&eacute; des Muses galantes, s&#8217;accompagna d&#8217;un ensemble de discours destin&eacute;s &agrave; fixer le nouveau mod&egrave;le des belles-lettres ou &agrave; en contester la l&eacute;gitimit&eacute;. Fictions all&eacute;goriques, articles de grammairiens, pi&egrave;ces po&eacute;tiques, conversations romanesques et autres dialogues satiriques, par-del&agrave; la diversit&eacute; des genres retenus et l&#8217;incompatibilit&eacute; des positions th&eacute;oriques, assur&egrave;rent l&#8217;&eacute;mergence d&#8217;une cat&eacute;gorie litt&eacute;raire r&eacute;solument moderne et profane, celle des &laquo; ouvrages de galanterie &raquo;.<\/span><\/div>\n<div style=\"text-align: justify;\" class=\"corpsTexte\"><span style=\"font-size: small;\"><br \/>\nCe livre se propose d&#8217;en &eacute;tudier l&#8217;institution probl&eacute;matique au tournant du XVIIe si&egrave;cle. Confront&eacute;es &agrave; nos rep&egrave;res critiques majeurs -ainsi de l&#8217;auteur, de l&#8217;uvre ou du style-, les repr&eacute;sentations de l&#8217;&eacute;change litt&eacute;raire sur lesquelles se fonde l&#8217;esth&eacute;tique galante apparaissent dans leur lumi&egrave;re propre, rapport&eacute;es &agrave; des pratiques d&#8217;&eacute;criture singuli&egrave;res : le recouvrement ult&eacute;rieur de cette cat&eacute;gorie fragile, ou sa dispersion &agrave; travers des classifications h&eacute;rit&eacute;es d&#8217;une autre id&eacute;e de la litt&eacute;rature, peuvent d&egrave;s lors &ecirc;tre questionn&eacute;s dans leurs buts et leurs effets.<\/p>\n<p><\/span><\/div>\n","protected":false},"excerpt":{"rendered":"<p>Delphine DENIS Paris, Honor&eacute; Champion, 2001, 1 vol., in-8, 400 p., reli&eacute;, ISBN 2-7453-0356-2 * CHF 80 ht \/ 61 euros ttc (Prix &laquo;Dix-Septi&egrave;me Si&egrave;cle&raquo; 2001) Accomplie dans les ann&eacute;es 1660, la progressive transformation de l&#8217;ancien Parnasse, royaume des savants et des po&egrave;tes s&eacute;rieux, en un lieu o&ugrave; souffle d&eacute;sormais l&#8217;esprit enjou&eacute; des Muses galantes, [&hellip;]<\/p>\n","protected":false},"author":4,"featured_media":0,"parent":2851,"menu_order":0,"comment_status":"closed","ping_status":"closed","template":"","meta":{"_acf_changed":false,"footnotes":""},"class_list":["post-2882","page","type-page","status-publish","hentry"],"translation":{"provider":"WPGlobus","version":"3.0.0","language":"gb","enabled_languages":["fr","gb"],"languages":{"fr":{"title":true,"content":true,"excerpt":false},"gb":{"title":false,"content":false,"excerpt":false}}},"acf":[],"_links":{"self":[{"href":"https:\/\/siefar.org\/gb\/wp-json\/wp\/v2\/pages\/2882","targetHints":{"allow":["GET"]}}],"collection":[{"href":"https:\/\/siefar.org\/gb\/wp-json\/wp\/v2\/pages"}],"about":[{"href":"https:\/\/siefar.org\/gb\/wp-json\/wp\/v2\/types\/page"}],"author":[{"embeddable":true,"href":"https:\/\/siefar.org\/gb\/wp-json\/wp\/v2\/users\/4"}],"replies":[{"embeddable":true,"href":"https:\/\/siefar.org\/gb\/wp-json\/wp\/v2\/comments?post=2882"}],"version-history":[{"count":0,"href":"https:\/\/siefar.org\/gb\/wp-json\/wp\/v2\/pages\/2882\/revisions"}],"up":[{"embeddable":true,"href":"https:\/\/siefar.org\/gb\/wp-json\/wp\/v2\/pages\/2851"}],"wp:attachment":[{"href":"https:\/\/siefar.org\/gb\/wp-json\/wp\/v2\/media?parent=2882"}],"curies":[{"name":"wp","href":"https:\/\/api.w.org\/{rel}","templated":true}]}}