{"id":2874,"date":"2009-09-17T18:17:33","date_gmt":"2009-09-17T18:17:33","guid":{"rendered":"http:\/\/203"},"modified":"2009-09-17T18:17:33","modified_gmt":"2009-09-17T18:17:33","slug":"devis-d-amitie-melanges-de-litterature-en-l-honneur-de-nicole-cazauran","status":"publish","type":"page","link":"https:\/\/siefar.org\/gb\/publications-articles\/devis-d-amitie-melanges-de-litterature-en-l-honneur-de-nicole-cazauran\/","title":{"rendered":"Devis d&#8217;amiti\u00e9. M\u00e9langes de litt\u00e9rature en l&#8217;honneur de Nicole Cazauran"},"content":{"rendered":"<div class=\"corpsTexte\" style=\"text-align: justify;\"><span style=\"color: rgb(128, 0, 0);\"><strong><span style=\"font-size: small;\">&Eacute;tudes r&eacute;unies par Jean Lecointe, Catherine Magnien, Isabelle Pantin et Marie-Claire Thomine<\/span><\/strong><\/span><strong><br \/>\n<\/strong><\/div>\n<div class=\"corpsTexte\" style=\"text-align: justify;\"><strong><span style=\"font-size: small;\"><br \/>\nParis, Honor&eacute; Champion, 2002, 1005 p., 137,20 euros<\/span><\/strong><\/div>\n<div class=\"corpsTexte\" style=\"text-align: justify;\"><span style=\"font-size: small;\"><br \/>\nCinquante-deux sp&eacute;cialistes du Moyen ge et de la Renaissance ont contribu&eacute; &agrave; cet ouvrage offert &agrave; Madame Nicole Cazauran, professeur &eacute;m&eacute;rite de litt&eacute;rature fran&ccedil;aise de la Renaissance &agrave; l&#8217;Universit&eacute; de Paris-Sorbonne. En hommage &agrave; ses travaux, leurs articles s&#8217;organisent en quatre champs : Marguerite de Navarre, la narration, la po&eacute;sie religieuse et la pol&eacute;mique. Ainsi du Tristan en prose aux Amadis, de la premi&egrave;re Marguerite &agrave; sa petite-ni&egrave;ce homonyme, de Guiraut Riquier &agrave; Claude Hopil, de l&#8217;&eacute;nigmatique Roberte Bud&eacute; aux Mazarinades, on trouvera dans ce volume, outre des figures et des uvres m&eacute;connues &agrave; c&ocirc;t&eacute; des plus connues, nombre de mises au point, de lectures, de rapprochements et d&#8217;&eacute;clairages nouveaux sur la litt&eacute;rature et l&#8217;histoire des id&eacute;es du XIIIe au XVIIe si&egrave;cle.<\/span><\/div>\n<div class=\"corpsTexte\" style=\"text-align: justify;\"><span style=\"font-size: small;\"><br \/>\n<strong>Concernent le domaine &quot; Femmes Ancien R&eacute;gime &quot; les communications suivantes :<\/strong><\/span><\/div>\n<div class=\"corpsTexte\" style=\"text-align: justify;\"><span style=\"font-size: small;\"><br \/>\n&#8211; Jean Mesnard. Images de Nicole Cazauran.<br \/>\n&#8211; Bibliographie des travaux de Nicole Cazauran.<br \/>\n&#8211; S. Mazzoni-Peruzzi, Du nouveau sur Aucassin et Nicolette.<br \/>\n&#8211; Eliane Viennot, Une nouvelle d&#8217;Anne de France : l&#8217;histoire du si&egrave;ge de Brest.<br \/>\n&#8211; G-A. P&eacute;rouse, Une lecture de L&#8217;Amant ressuscit&eacute; de la mort d&#8217;amour.<br \/>\n&#8211; Sylviane Bokdam, Du fait divers au personnage romanesque : l&#8217;histoire de Mademoiselle du Luc et l&#8217;&quot; Infante determin&eacute;e &quot; des Avantures de Floride de B&eacute;roalde de Verville.<br \/>\n&#8211; Marguerite Souli&eacute;, Les convictions religieuses de Marguerite de Navarre, d&#8217;apr&egrave;s le Dialogue en forme de vision nocturne (1524).<br \/>\n&#8211; Christine Martineau, La Vierge et son Dieu dans les com&eacute;dies bibliques de Marguerite de Navarre.<br \/>\n&#8211; Jean Lecointe, Le devis des larmes : pol&eacute;miques anti-sto&iuml;cienne et dialogicit&eacute;, autour de La Navire de Marguerite de Navarre (1547)._<br \/>\n&#8211; Isabelle Pantin, L&#8217;ordre des fables : l&#8217;all&eacute;gorie dans Les Prisons de Marguerite de Navarre.<br \/>\n&#8211; Sylvie Lef&egrave;vre, Les cornes du cerf ou les le&ccedil;ons de la variante. Encore L&#8217;Heptam&eacute;ron.<br \/>\n&#8211; Gis&egrave;le Mathieu-Castellani, L&#8217;Heptam&eacute;ron ou la malice contre la malice.<br \/>\n&#8211; Fran&ccedil;oise Charpentier, La rh&eacute;torique des dames.<br \/>\n&#8211; Michel Magnien, Marguerite et les deux muses : la c&eacute;l&eacute;bration po&eacute;tique du mariage de Jeanne d&#8217;Albret par Nicolas Bourbon et Ronsard (1549).<br \/>\n&#8211; Annie Parent-Charon, Pr&eacute;sence des livres de Marguerite de Navarre dans la boutique d&#8217;un marchand libraire parisien en 1561.<br \/>\n&#8211; Richard Cooper, Deux admirateurs grecs des trois Marguerite de Valois.<br \/>\n&#8211; Andr&eacute; Gendre, Entre po&eacute;sie all&eacute;gorique, &eacute;loge et pamphlet : Anne de Marquets et le colloque de Poissy.<br \/>\n&#8211; M.-M. de La Garanderie, Roberte, veuve Bud&eacute;.<br \/>\n&#8211; H&eacute;l&egrave;ne Cazes, Nicole Estienne &agrave; ses miroirs, les &quot; Felicitez de mariage &quot; et les Miseres de la femme mari&eacute;e.<br \/>\n&#8211; Madeleine Lazard, Pierre de l&#8217;Estoile et l&#8217;ex&eacute;cution de Marie-Stuart.<br \/>\n&#8211; Cl.-G. Dubois, Un objet de pol&eacute;mique au XVIe si&egrave;cle : l&#8217;histoire de la papesse Jeanne et sa d&eacute;mythification par F. de R&aelig;mond.<\/p>\n<p><\/span><\/div>\n","protected":false},"excerpt":{"rendered":"<p>&Eacute;tudes r&eacute;unies par Jean Lecointe, Catherine Magnien, Isabelle Pantin et Marie-Claire Thomine Paris, Honor&eacute; Champion, 2002, 1005 p., 137,20 euros Cinquante-deux sp&eacute;cialistes du Moyen ge et de la Renaissance ont contribu&eacute; &agrave; cet ouvrage offert &agrave; Madame Nicole Cazauran, professeur &eacute;m&eacute;rite de litt&eacute;rature fran&ccedil;aise de la Renaissance &agrave; l&#8217;Universit&eacute; de Paris-Sorbonne. En hommage &agrave; ses [&hellip;]<\/p>\n","protected":false},"author":4,"featured_media":0,"parent":2851,"menu_order":0,"comment_status":"closed","ping_status":"closed","template":"","meta":{"_acf_changed":false,"footnotes":""},"class_list":["post-2874","page","type-page","status-publish","hentry"],"translation":{"provider":"WPGlobus","version":"3.0.0","language":"gb","enabled_languages":["fr","gb"],"languages":{"fr":{"title":true,"content":true,"excerpt":false},"gb":{"title":false,"content":false,"excerpt":false}}},"acf":[],"_links":{"self":[{"href":"https:\/\/siefar.org\/gb\/wp-json\/wp\/v2\/pages\/2874","targetHints":{"allow":["GET"]}}],"collection":[{"href":"https:\/\/siefar.org\/gb\/wp-json\/wp\/v2\/pages"}],"about":[{"href":"https:\/\/siefar.org\/gb\/wp-json\/wp\/v2\/types\/page"}],"author":[{"embeddable":true,"href":"https:\/\/siefar.org\/gb\/wp-json\/wp\/v2\/users\/4"}],"replies":[{"embeddable":true,"href":"https:\/\/siefar.org\/gb\/wp-json\/wp\/v2\/comments?post=2874"}],"version-history":[{"count":0,"href":"https:\/\/siefar.org\/gb\/wp-json\/wp\/v2\/pages\/2874\/revisions"}],"up":[{"embeddable":true,"href":"https:\/\/siefar.org\/gb\/wp-json\/wp\/v2\/pages\/2851"}],"wp:attachment":[{"href":"https:\/\/siefar.org\/gb\/wp-json\/wp\/v2\/media?parent=2874"}],"curies":[{"name":"wp","href":"https:\/\/api.w.org\/{rel}","templated":true}]}}