{"id":2872,"date":"2009-09-17T18:09:16","date_gmt":"2009-09-17T18:09:16","guid":{"rendered":"http:\/\/201"},"modified":"2009-09-17T18:09:16","modified_gmt":"2009-09-17T18:09:16","slug":"femmes-educatrices-au-siecle-des-lumieres","status":"publish","type":"page","link":"https:\/\/siefar.org\/gb\/publications-articles\/femmes-educatrices-au-siecle-des-lumieres\/","title":{"rendered":"Femmes \u00e9ducatrices au Si\u00e8cle des Lumi\u00e8res"},"content":{"rendered":"<div style=\"text-align: justify;\" class=\"corpsTexte\"><span style=\"font-size: small;\"><span style=\"color: rgb(128, 0, 0);\"><strong><img loading=\"lazy\" decoding=\"async\" width=\"176\" height=\"240\" align=\"left\" src=\"docsiefar\/image\/Educatrices.jpeg\" style=\"margin-right: 10px; margin-bottom: 10px;\" alt=\"\" \/>Isabelle BROUARD-ARENDS et Marie-Emmanuelle PLAGNOL-DIEVAL (dir.)<\/strong><\/span><strong><\/p>\n<p>Rennes, PUR, 2007, coll. Interf&eacute;rences, ISBN 978-2-7535-0468 -4, 22&euro;, 390 p.<\/strong><\/p>\n<p>Les femmes &eacute;ducatrices qu&rsquo;&eacute;voque ce livre ont compris les enjeux qui d&eacute;passent largement l&rsquo;individu singulier, gar&ccedil;on et\/ou fille. Elles agissent dans l&rsquo;enceinte familiale en interpellant m&egrave;re et p&egrave;re (la m&egrave;re dont ces actes r&eacute;v&egrave;lent l&rsquo;importance r&eacute;elle ou fictive tant elle appara&icirc;t de plus en plus comme un interlocuteur privil&eacute;gi&eacute;), enceinte familiale consid&eacute;r&eacute;e comme un lieu exp&eacute;rimental pour pr&eacute;parer un projet de soci&eacute;t&eacute;. Les partenaires de l&rsquo;&eacute;ducation, femmes, hommes, auteurs ou non, entrent dans des g&eacute;om&eacute;tries variables, mais qui, toutes, soulignent la pr&eacute;sence grandissante de la femme dans le domaine &eacute;ducatif, quelle que soit sa place dans la soci&eacute;t&eacute;, femmes de pouvoir ou au pouvoir, femmes exceptionnelles ou non, personnel mercenaire d&rsquo;une &eacute;ducation domestique, conventuelle, institutionnelle, priv&eacute;e ou non, c&eacute;libataires, &eacute;pouses, m&egrave;res ou grand-m&egrave;res, mais toutes conscientes de leur r&ocirc;le. Cette pr&eacute;occupation est l&rsquo;occasion de se forger un destin, d&rsquo;abord par la r&eacute;flexion sur le statut li&eacute; &agrave; leur &eacute;ducation, mais aussi et surtout parce que leur prise de position s&rsquo;accompagne d&rsquo;une entr&eacute;e en &eacute;criture, en litt&eacute;rature, parfois en politique, tol&eacute;r&eacute;e dans un premier temps tant le terrain &eacute;ducatif para&icirc;t le prolongement naturel de la vocation maternelle, mais aussi discut&eacute;e, contest&eacute;e, ridiculis&eacute;e, interdite quand les revendications inqui&egrave;tent trop le pouvoir en place. La question des savoirs, leur nature, leur mode d&rsquo;apprentissage qui peut aller de l&rsquo;autodidaxie &agrave; une &eacute;ducation sp&eacute;cifique con&ccedil;ue pour elle par un mentor (p&egrave;re ou m&egrave;re) en passant par un enseignement re&ccedil;u par contrebande (quand elles profitent de l&rsquo;&eacute;ducation de leurs fr&egrave;res) posent le probl&egrave;me d&rsquo;un enseignement f&eacute;minin lui-m&ecirc;me, ent&eacute; sur une conception de la femme &laquo;naturellement&raquo; port&eacute;e vers les arts d&rsquo;agr&eacute;ment, la civilit&eacute;, l&rsquo;&eacute;pistolaire, &agrave; qui les sciences, mais aussi tout simplement la lecture doivent &ecirc;tre autoris&eacute;es avec parcimonie et surveillance. Explicit&eacute;e ou non par les textes, la question d&rsquo;une &eacute;ventuelle sp&eacute;cificit&eacute; f&eacute;minine est au coeur des d&eacute;bats, elle en constitue le point d&rsquo;ancrage, qu&rsquo;il s&rsquo;agisse des programmes, des m&eacute;thodes ou des exp&eacute;rimentations propos&eacute;es.<\/span><\/div>\n<div style=\"text-align: justify;\" class=\"corpsTexte\"><span style=\"font-size: small;\"><\/span><\/div>\n<div style=\"text-align: justify;\" class=\"corpsTexte\"><span style=\"font-size: small;\">Ces actes sont les r&eacute;sultats du colloque international qui s&rsquo;est tenu &agrave; l&rsquo;universit&eacute; Rennes 2, les 22 -23 -24 juin 2006, organis&eacute; par Isabelle Brouard-Arends, professeure &agrave; l&rsquo;universit&eacute; Rennes 2 et Marie-Emmanuelle Plagnol-Di&eacute;val, professeure &agrave; l&rsquo;universit&eacute; de Paris 12.Bon de commande sur: <\/span><a href=\"http:\/\/www.pur-editions.fr\"><span style=\"font-size: small;\">www.pur-editions.fr<br \/>\n<\/span><\/a><span style=\"font-size: small;\">Disponible en librairie<br \/>\n<\/span><\/div>\n<div style=\"text-align: justify;\" class=\"corpsTexte\"><span style=\"font-size: small;\"><br \/>\n<\/span><\/div>\n","protected":false},"excerpt":{"rendered":"<p>Isabelle BROUARD-ARENDS et Marie-Emmanuelle PLAGNOL-DIEVAL (dir.) Rennes, PUR, 2007, coll. Interf&eacute;rences, ISBN 978-2-7535-0468 -4, 22&euro;, 390 p. Les femmes &eacute;ducatrices qu&rsquo;&eacute;voque ce livre ont compris les enjeux qui d&eacute;passent largement l&rsquo;individu singulier, gar&ccedil;on et\/ou fille. Elles agissent dans l&rsquo;enceinte familiale en interpellant m&egrave;re et p&egrave;re (la m&egrave;re dont ces actes r&eacute;v&egrave;lent l&rsquo;importance r&eacute;elle ou fictive [&hellip;]<\/p>\n","protected":false},"author":4,"featured_media":0,"parent":2851,"menu_order":0,"comment_status":"closed","ping_status":"closed","template":"","meta":{"_acf_changed":false,"footnotes":""},"class_list":["post-2872","page","type-page","status-publish","hentry"],"translation":{"provider":"WPGlobus","version":"3.0.0","language":"gb","enabled_languages":["fr","gb"],"languages":{"fr":{"title":true,"content":true,"excerpt":false},"gb":{"title":false,"content":false,"excerpt":false}}},"acf":[],"_links":{"self":[{"href":"https:\/\/siefar.org\/gb\/wp-json\/wp\/v2\/pages\/2872","targetHints":{"allow":["GET"]}}],"collection":[{"href":"https:\/\/siefar.org\/gb\/wp-json\/wp\/v2\/pages"}],"about":[{"href":"https:\/\/siefar.org\/gb\/wp-json\/wp\/v2\/types\/page"}],"author":[{"embeddable":true,"href":"https:\/\/siefar.org\/gb\/wp-json\/wp\/v2\/users\/4"}],"replies":[{"embeddable":true,"href":"https:\/\/siefar.org\/gb\/wp-json\/wp\/v2\/comments?post=2872"}],"version-history":[{"count":0,"href":"https:\/\/siefar.org\/gb\/wp-json\/wp\/v2\/pages\/2872\/revisions"}],"up":[{"embeddable":true,"href":"https:\/\/siefar.org\/gb\/wp-json\/wp\/v2\/pages\/2851"}],"wp:attachment":[{"href":"https:\/\/siefar.org\/gb\/wp-json\/wp\/v2\/media?parent=2872"}],"curies":[{"name":"wp","href":"https:\/\/api.w.org\/{rel}","templated":true}]}}