{"id":2871,"date":"2009-09-17T18:07:08","date_gmt":"2009-09-17T18:07:08","guid":{"rendered":"http:\/\/200"},"modified":"2009-09-17T18:07:08","modified_gmt":"2009-09-17T18:07:08","slug":"mme-de-genlis-adele-et-theodore-ou-lettres-sur-l-education","status":"publish","type":"page","link":"https:\/\/siefar.org\/gb\/publications-articles\/mme-de-genlis-adele-et-theodore-ou-lettres-sur-l-education\/","title":{"rendered":"Mme de Genlis : Ad\u00e8le et Th\u00e9odore , ou Lettres sur l&#8217;\u00e9ducation"},"content":{"rendered":"<div class=\"corpsTexte\" style=\"text-align: justify;\"><strong><span style=\"font-size: small;\">Mme de GENLIS, <em>Ad&egrave;le et Th&eacute;odore , ou Lettres sur l&#8217;&eacute;ducation ; contenant tous les principes relatifs aux trois diff&eacute;rents plans d&#8217;&eacute;ducation des princes et des jeunes personnes de l&#8217;un et l&#8217;autre sexe<\/em><br \/>\n<\/span><\/strong><\/div>\n<div class=\"corpsTexte\" style=\"text-align: justify;\"><strong><span style=\"font-size: small;\"><br \/>\n<\/span><span style=\"color: rgb(128, 0, 0);\"><span style=\"font-size: small;\">Isabelle BROUARD-ARENDS (&eacute;d.)<\/span><\/span><\/strong><\/div>\n<div class=\"corpsTexte\" style=\"text-align: justify;\"><strong><span style=\"font-size: small;\"><br \/>\nRennes, PUR, 2006, 675p., ISBN: 2753502404, 27 euros.<\/span><\/strong><\/div>\n<div class=\"corpsTexte\" style=\"text-align: justify;\"><span style=\"font-size: small;\"><br \/>\nIntroduction, &eacute;dition, index et notes par Isabelle Brouard-Arends.<\/span><\/div>\n<div class=\"corpsTexte\" style=\"text-align: justify;\"><span style=\"font-size: small;\"><br \/>\nCe roman &eacute;pistolaire &agrave; vis&eacute;e &eacute;ducative a &eacute;t&eacute; &eacute;crit par madame de Genlis en 1781 et publi&eacute; en 1782, fort peu de temps apr&egrave;s sa nomination comme gouverneur des enfants du Duc de Chartres dont l&#8217;un d&#8217;eux le duc de Valois est le premier prince du sang. L&#8217;int&eacute;r&ecirc;t de cet ouvrage, maintes fois republi&eacute; et traduit en plusieurs langues pendant tout le XIX &egrave; si&egrave;cle, consiste en cette association de deux &eacute;ducations, l&#8217;une pour les filles et les gar&ccedil;ons d&#8217;origine aristocratique, l&#8217;autre pour un prince dont le gouverneur met tout en oeuvre pour qu&#8217;il devienne un monarque &eacute;clair&eacute;, pr&eacute;figuration du futur Louis-Philippe. Ce texte aborde la question de l&#8217;&eacute;ducation des princes de mani&egrave;re originale, il en est l&#8217;un des derniers &eacute;pigones avant les bouleversements r&eacute;volutionnaires qui consid&eacute;reront cette question close.<\/span><\/div>\n<div class=\"corpsTexte\" style=\"text-align: justify;\"><span style=\"font-size: small;\"><br \/>\nMadame de Genlis, dont les traits se retrouvent dans le personnage principal du roman, madame d&#8217;Almane, y affirme la l&eacute;gitimit&eacute; pour les m&egrave;res de pr&eacute;sider &agrave; l&#8217;&eacute;ducation de leurs enfants, selon une ligne de conduite associant principes moraux et acc&egrave;s au savoir &eacute;galement reconnu pour les filles et les gar&ccedil;ons. Outre cette vis&eacute;e &eacute;ducative, le roman, par son &eacute;vocation de la soci&eacute;t&eacute; parisienne et ses murs, rel&egrave;ve, &eacute;galement, de la critique sociale et est un t&eacute;moignage &eacute;loquent sur les derni&egrave;res d&eacute;cennies de l&#8217;Ancien R&eacute;gime.<br \/>\nL&#8217;ouvrage est maintes fois mentionn&eacute; lorsqu&#8217;il est fait mention de la litt&eacute;rature &eacute;ducative des Lumi&egrave;res. Cette nouvelle &eacute;dition vient combler un vide &eacute;ditorial et est susceptible d&#8217;int&eacute;resser historien et litt&eacute;raire : ceux qui s&#8217;int&eacute;ressent au discours &eacute;ducatif de cette p&eacute;riode et &agrave; la production genlisienne, trop m&eacute;connue et souvent mal consid&eacute;r&eacute;e.<\/p>\n<p><\/span><\/div>\n","protected":false},"excerpt":{"rendered":"<p>Mme de GENLIS, Ad&egrave;le et Th&eacute;odore , ou Lettres sur l&#8217;&eacute;ducation ; contenant tous les principes relatifs aux trois diff&eacute;rents plans d&#8217;&eacute;ducation des princes et des jeunes personnes de l&#8217;un et l&#8217;autre sexe Isabelle BROUARD-ARENDS (&eacute;d.) Rennes, PUR, 2006, 675p., ISBN: 2753502404, 27 euros. Introduction, &eacute;dition, index et notes par Isabelle Brouard-Arends. Ce roman &eacute;pistolaire [&hellip;]<\/p>\n","protected":false},"author":4,"featured_media":0,"parent":2851,"menu_order":0,"comment_status":"closed","ping_status":"closed","template":"","meta":{"_acf_changed":false,"footnotes":""},"class_list":["post-2871","page","type-page","status-publish","hentry"],"translation":{"provider":"WPGlobus","version":"3.0.0","language":"gb","enabled_languages":["fr","gb"],"languages":{"fr":{"title":true,"content":true,"excerpt":false},"gb":{"title":false,"content":false,"excerpt":false}}},"acf":[],"_links":{"self":[{"href":"https:\/\/siefar.org\/gb\/wp-json\/wp\/v2\/pages\/2871","targetHints":{"allow":["GET"]}}],"collection":[{"href":"https:\/\/siefar.org\/gb\/wp-json\/wp\/v2\/pages"}],"about":[{"href":"https:\/\/siefar.org\/gb\/wp-json\/wp\/v2\/types\/page"}],"author":[{"embeddable":true,"href":"https:\/\/siefar.org\/gb\/wp-json\/wp\/v2\/users\/4"}],"replies":[{"embeddable":true,"href":"https:\/\/siefar.org\/gb\/wp-json\/wp\/v2\/comments?post=2871"}],"version-history":[{"count":0,"href":"https:\/\/siefar.org\/gb\/wp-json\/wp\/v2\/pages\/2871\/revisions"}],"up":[{"embeddable":true,"href":"https:\/\/siefar.org\/gb\/wp-json\/wp\/v2\/pages\/2851"}],"wp:attachment":[{"href":"https:\/\/siefar.org\/gb\/wp-json\/wp\/v2\/media?parent=2871"}],"curies":[{"name":"wp","href":"https:\/\/api.w.org\/{rel}","templated":true}]}}