{"id":2866,"date":"2009-09-17T17:34:44","date_gmt":"2009-09-17T17:34:44","guid":{"rendered":"http:\/\/195"},"modified":"2009-09-17T17:34:44","modified_gmt":"2009-09-17T17:34:44","slug":"voix-de-femmes-au-moyen-age-savoir-mystique-poesie-amour-sorcellerie-xiie-xve-siecle","status":"publish","type":"page","link":"https:\/\/siefar.org\/gb\/publications-articles\/voix-de-femmes-au-moyen-age-savoir-mystique-poesie-amour-sorcellerie-xiie-xve-siecle\/","title":{"rendered":"Voix de femmes au Moyen \u00c2ge. Savoir, mystique, po\u00e9sie, amour, sorcellerie XIIe-XVe si\u00e8cle"},"content":{"rendered":"<div class=\"corpsTexte\" style=\"text-align: justify;\"><span style=\"color: rgb(128, 0, 0);\"><strong><span style=\"font-size: small;\">Danielle REGNIER-BOHLER (dir.)<\/span><\/strong><\/span><strong><span style=\"font-size: small;\"><\/p>\n<p>Paris, &eacute;d. Robert Laffont, coll. &quot;Bouquins&quot;, 2005, 1010 pages, 30 euros<\/span><\/strong><\/div>\n<div class=\"corpsTexte\" style=\"text-align: justify;\"><\/div>\n<div class=\"corpsTexte\" style=\"text-align: justify;\"><span style=\"font-size: small;\">Consacr&eacute; &agrave; la culture m&eacute;di&eacute;vale, ce livre fait r&eacute;sonner les voix de femmes dans leur &eacute;tonnante diversit&eacute;. &Agrave; travers des textes remarquables il t&eacute;moigne de leur acc&egrave;s &agrave; la lecture et &agrave; l&#8217;&eacute;criture , &eacute;clairant ce que trop de clich&eacute;s jusqu&#8217;ici ont occult&eacute;. Ainsi du XII e au XVe si&egrave;cle les pages traduites issues de plusieurs territoires linguistique &eacute;clairent un pan essentiel de la culture m&eacute;di&eacute;vale.<br \/>\nIntroduction g&eacute;n&eacute;rale par Danielle R&eacute;gnier-Bohler<\/span><\/div>\n<div class=\"corpsTexte\" style=\"text-align: justify;\"><span style=\"font-size: small;\"><br \/>\n<\/span><strong><span style=\"font-size: small;\">La voix po&eacute;tique:<\/span><\/strong><span style=\"font-size: small;\"><br \/>\n&#8211; Trobairitz : Les femmes troubadours,tr. J. CH. Huchet`<\/span><\/div>\n<div class=\"corpsTexte\" style=\"text-align: justify;\"><\/div>\n<div class=\"corpsTexte\" style=\"text-align: justify;\"><span style=\"font-size: small;\"><br \/>\n<strong>Les Voix mystiques :<\/strong><\/span><span style=\"font-size: small;\"><br \/>\n&#8211; Hildegarde de Bingen : <em>Chants et lettres <\/em>(choix), tr. L. Moulinier, <em>Le Livre des &oelig;uvres divines<\/em> (extraits), tr. M.-F. Notz<\/span><span style=\"font-size: small;\"><br \/>\n&#8211; Mechthild de Magdebourg, extraits), tr. R. P&eacute;rennec, <em>Vie de sainte Douceline<\/em>, tr. G. Brunel-Lobrichon<\/span><span style=\"font-size: small;\"><br \/>\n&#8211; Marguerite Porete, <em>Le Miroir des &acirc;mes simples et an&eacute;anties<\/em> (extraits), tr. D. R&eacute;gnier-Bohler<\/span><\/div>\n<div class=\"corpsTexte\" style=\"text-align: justify;\"><\/div>\n<div class=\"corpsTexte\" style=\"text-align: justify;\"><span style=\"font-size: small;\"><br \/>\n<\/span><strong><span style=\"font-size: small;\">Une voix dans la cit&eacute; : Christine de Pizan :<\/span><\/strong><span style=\"font-size: small;\"><br \/>\n&#8211; <em>La Vision de Christine<\/em>, tr. A. Paupert<br \/>\n&#8211; <em>Le Livre des trois vertus<\/em>, tr. L. Dulac<br \/>\n&#8211; <em>Le Diti&eacute; de Jehanne d&#8217;Arc<\/em>, tr. M. Switten<\/span><\/div>\n<div class=\"corpsTexte\" style=\"text-align: justify;\"><\/div>\n<div class=\"corpsTexte\" style=\"text-align: justify;\"><span style=\"font-size: small;\"><br \/>\n<\/span><strong><span style=\"font-size: small;\">Les savoirs secrets des femmes :<\/span><\/strong><span style=\"font-size: small;\"><br \/>\n&#8211; <em>Les &Eacute;vangiles des Quenouilles<\/em>, tr. Anne Paupert<br \/>\n&#8211; <em>Les Quinze Joies de mariage<\/em>, tr. M. Santucci<\/span><\/div>\n<div class=\"corpsTexte\" style=\"text-align: justify;\"><\/div>\n<div class=\"corpsTexte\" style=\"text-align: justify;\"><span style=\"font-size: small;\"><br \/>\n<\/span><strong><span style=\"font-size: small;\">Voix d&#8217;hommes :<\/span><\/strong><span style=\"font-size: small;\"><br \/>\n&#8211; Voix d&#8217;hommes : la voix des censeurs, par D. R&eacute;gnier-Bohler<\/p>\n<p><\/span><\/div>\n<div class=\"corpsTexte\" style=\"text-align: justify;\"><span style=\"font-size: small;\"><\/p>\n<p><\/span><\/div>\n","protected":false},"excerpt":{"rendered":"<p>Danielle REGNIER-BOHLER (dir.) Paris, &eacute;d. Robert Laffont, coll. &quot;Bouquins&quot;, 2005, 1010 pages, 30 euros Consacr&eacute; &agrave; la culture m&eacute;di&eacute;vale, ce livre fait r&eacute;sonner les voix de femmes dans leur &eacute;tonnante diversit&eacute;. &Agrave; travers des textes remarquables il t&eacute;moigne de leur acc&egrave;s &agrave; la lecture et &agrave; l&#8217;&eacute;criture , &eacute;clairant ce que trop de clich&eacute;s jusqu&#8217;ici [&hellip;]<\/p>\n","protected":false},"author":4,"featured_media":0,"parent":2851,"menu_order":0,"comment_status":"closed","ping_status":"closed","template":"","meta":{"_acf_changed":false,"footnotes":""},"class_list":["post-2866","page","type-page","status-publish","hentry"],"translation":{"provider":"WPGlobus","version":"3.0.0","language":"gb","enabled_languages":["fr","gb"],"languages":{"fr":{"title":true,"content":true,"excerpt":false},"gb":{"title":false,"content":false,"excerpt":false}}},"acf":[],"_links":{"self":[{"href":"https:\/\/siefar.org\/gb\/wp-json\/wp\/v2\/pages\/2866","targetHints":{"allow":["GET"]}}],"collection":[{"href":"https:\/\/siefar.org\/gb\/wp-json\/wp\/v2\/pages"}],"about":[{"href":"https:\/\/siefar.org\/gb\/wp-json\/wp\/v2\/types\/page"}],"author":[{"embeddable":true,"href":"https:\/\/siefar.org\/gb\/wp-json\/wp\/v2\/users\/4"}],"replies":[{"embeddable":true,"href":"https:\/\/siefar.org\/gb\/wp-json\/wp\/v2\/comments?post=2866"}],"version-history":[{"count":0,"href":"https:\/\/siefar.org\/gb\/wp-json\/wp\/v2\/pages\/2866\/revisions"}],"up":[{"embeddable":true,"href":"https:\/\/siefar.org\/gb\/wp-json\/wp\/v2\/pages\/2851"}],"wp:attachment":[{"href":"https:\/\/siefar.org\/gb\/wp-json\/wp\/v2\/media?parent=2866"}],"curies":[{"name":"wp","href":"https:\/\/api.w.org\/{rel}","templated":true}]}}