{"id":2849,"date":"2009-08-16T13:41:03","date_gmt":"2009-08-16T13:41:03","guid":{"rendered":"http:\/\/179"},"modified":"2009-08-16T13:41:03","modified_gmt":"2009-08-16T13:41:03","slug":"mme-de-la-fayette-sur-la-toile","status":"publish","type":"page","link":"https:\/\/siefar.org\/gb\/debats-articles\/mme-de-la-fayette-sur-la-toile\/","title":{"rendered":"Mme de La Fayette &#8211; Sur la toile&#8230;"},"content":{"rendered":"<div class=\"corpsTexte\" style=\"text-align: center;\"><span style=\"font-size: 12pt;\">\u00a0<\/span><span style=\"font-size: 12pt;\"><span style=\"color: #808080;\"><b>Remue-m\u00e9nage sur la toile<\/b><\/span><\/span><\/div>\n<div class=\"corpsTexte\" style=\"text-align: center;\"><span style=\"font-size: 12pt;\"><span style=\"color: #808080;\"><b>en soutien<\/b><\/span><\/span><\/div>\n<div class=\"corpsTexte\" style=\"text-align: center;\"><span style=\"font-size: 12pt;\"><span style=\"color: #808080;\"><b>\u00e0 <i>La Princesse de Cl\u00e8ves<\/i> <\/b><\/span><\/span><\/div>\n<div class=\"corpsTexte\" style=\"text-align: center;\"><span style=\"font-size: 12pt;\"><span style=\"color: #808080;\"><b> de Mme de Lafayette<\/b><\/span><\/span><\/div>\n<div class=\"corpsTexte\" style=\"text-align: justify;\"><span style=\"font-size: 12pt;\"><br \/> <\/span><\/div>\n<ul>\n<li>\n<div class=\"corpsTexte\" style=\"text-align: justify;\"><span style=\"font-size: 12pt;\"><b>Badge t\u00e9l\u00e9chargeable \u00abJe lis La Princesse de Cl\u00e8ves\u00bb : <\/b><\/span><\/div>\n<\/li>\n<\/ul>\n<div class=\"corpsTexte\" style=\"text-align: justify;\"><span style=\"font-size: 12pt;\">L&#8217;Observatoire du livre et de l&#8217;\u00e9crit en Ile-de-France<b> <\/b>(Le Motif) est l&#8217;\u00e9diteur d&#8217;un badge \u00abJe lis La Princesse de Cl\u00e8ves\u00bb distribu\u00e9 lors du Salon du livre et qui a rencontr\u00e9 un franc succ\u00e8s dans les manifestations et autres lieux de mobilisation. Le badge est d\u00e9sormais \u00e9puis\u00e9, mais on peut le r\u00e9aliser soi-m\u00eame en t\u00e9l\u00e9chargeant le <a href=\"https:\/\/web.archive.org\/web\/20090409085832\/http:\/\/www.lemotif.fr:80\/fr\/actualites\/actualites-du-motif\/bdd\/article\/461\">fichier pdf<\/a><\/span><\/div>\n<div class=\"corpsTexte\" style=\"text-align: justify;\"><span style=\"font-size: 12pt;\">\u00a0<\/span><\/div>\n<ul>\n<li>\n<div class=\"corpsTexte\" style=\"text-align: justify;\"><span style=\"font-size: 12pt;\"><b>Fabula.org, \u00abAu secours de la Princesse de Cl\u00e8ves\u00bb :<\/b><\/span><\/div>\n<\/li>\n<\/ul>\n<div class=\"corpsTexte\" style=\"text-align: justify;\"><span style=\"font-size: 12pt;\">Les amours de la Princesse et du Prince de Nemours seront-ils bient\u00f4t lues sur toutes les places de France et d&#8217;Europe? N&#8217;h\u00e9sitez pas \u00e0 signaler vos initiatives locales \u00e0 <a href=\"http:\/\/www.fabula.org\/actualites\/lectures-marathon-de-la-princesse-de-cleves-a-poitiers-montpellier-tours-aix-avignon-grenoble-et-_28979.php\">Fabula<\/a>, qui tient \u00e0 jour les actualit\u00e9s consacr\u00e9es \u00e0 la d\u00e9fense de <i>La Princesse&#8230;<\/i><\/span><\/div>\n<div class=\"corpsTexte\" style=\"text-align: justify;\"><span style=\"font-size: 12pt;\"><br \/> <\/span><\/div>\n<ul>\n<li>\n<div class=\"corpsTexte\" style=\"text-align: justify;\"><span style=\"font-size: 12pt;\"><b>Facebook : \u00e9closion de groupes anti et pro \u00abPrincesse\u00bb !<\/b><\/span><\/div>\n<\/li>\n<\/ul>\n<div class=\"corpsTexte\" style=\"text-align: justify;\"><span style=\"font-size: 12pt;\">Cela bataille dur \u00e9galement sur <a href=\"http:\/\/www.facebook.com\">Facebook<\/a>&#8230; Entre celles et ceux qui volent au secours de la Princesse et ses pourfendeurs\/pourfendeuses, le combat fait rage. <\/span><\/div>\n<div class=\"corpsTexte\" style=\"text-align: justify;\"><span style=\"font-size: 12pt;\">\u00a0<\/span><\/div>\n<div class=\"corpsTexte\" style=\"text-align: justify;\"><span style=\"font-size: 12pt;\">Les premiers choisissent le registre &#8220;d\u00e9fense&#8221; et &#8220;fan club&#8221; avec les groupes:<\/span><\/div>\n<div class=\"listeJaune\"><span style=\"font-size: 12pt;\">&#8220;Je lis la Princesse de Cl\u00e8ves&#8221; (2212)<\/span><\/div>\n<div class=\"listeJaune\"><span style=\"font-size: 12pt;\">&#8220;Pour la d\u00e9fense de la Princesse de Cl\u00e8ves&#8221; (435 membres)<\/span><\/div>\n<div class=\"listeJaune\"><span style=\"font-size: 12pt;\">&#8220;Fan club de la Princesse de Cl\u00e8ves&#8221; (290)<\/span><\/div>\n<div class=\"listeJaune\"><span style=\"font-size: 12pt;\">&#8220;D\u00e9fenseurs de la Princesse de Cl\u00e8ves&#8221; (104)<\/span><\/div>\n<div class=\"listeJaune\"><span style=\"font-size: 12pt;\">&#8220;Mourir pour Cl\u00e8ves&#8221; (76 membres)<\/span><\/div>\n<div class=\"listeJaune\"><span style=\"font-size: 12pt;\">&#8220;Je lis la Princesse de Cl\u00e8ves&#8221; (56)<\/span><\/div>\n<div class=\"listeJaune\"><span style=\"font-size: 12pt;\">&#8220;La Princesse de Cl\u00e8ves fait de la r\u00e9sistance&#8221; (41)<\/span><\/div>\n<div class=\"listeJaune\"><span style=\"font-size: 12pt;\">&#8220;Fan de la Princesse de Cl\u00e8ves&#8221; (38 membres)<\/span><\/div>\n<div class=\"corpsTexte\"><span style=\"font-size: 12pt;\">Ou, plus politiques:<\/span><\/div>\n<div class=\"listeJaune\"><span style=\"font-size: 12pt;\">&#8220;La Princesse de Cl\u00e8ves &#8211; Lecture-marathon pour Sarkozy&#8221; (204 membres)<\/span><\/div>\n<div class=\"listeJaune\"><span style=\"font-size: 12pt;\">&#8220;Pour karcheriser Sarkozy, envoyez la Princesse de Cl\u00e8ves \u00e0 l&#8217;Elys\u00e9e!&#8221; (36 membres)<\/span><\/div>\n<div class=\"listeJaune\"><span style=\"font-size: 12pt;\">&#8220;La Princesse de Cl\u00e8ves \u00e0 l&#8217;Elys\u00e9e : Sarkozy et Mme de La Fayette&#8221; (22 membres)<\/span><\/div>\n<div class=\"listeJaune\"><span style=\"font-size: 12pt;\">&#8220;Envoie toi aussi la princesse de Cl\u00e8ves Sarkozy&#8221; (10 membres).<\/span><\/div>\n<div class=\"corpsTexte\" style=\"text-align: justify;\"><span style=\"font-size: 12pt;\">\u00a0<\/span><\/div>\n<div class=\"corpsTexte\" style=\"text-align: justify;\"><span style=\"font-size: 12pt;\">Le registre des seconds peut se faire haineux et ordurier, \u00e0 raccrocher \u00e0 la longue tradition des pamphlets misogynes de notre histoire: du sobre &#8220;Si toi aussi du d\u00e9testes la Princesse de Cl\u00e8ves&#8221; (8 membres) \u00e0 &#8220;La Princesse de Cl\u00e8ves est une pouffiasse&#8221; (244 membres), en passant par &#8220;Si toi aussi tu veux butter <em>(sic)<\/em> cette putain de princesse de Cl\u00e8ves&#8221; (124 membres), &#8220;Je br\u00fblerai &#8216;La Princesse de Cl\u00e8ves&#8217; juste apr\u00e8s l&#8217;oral de Fran\u00e7ais&#8221; (9 membres). <\/span><\/div>\n<div class=\"corpsTexte\" style=\"text-align: justify;\"><span style=\"font-size: 12pt;\">Dans un autre registre politique, on trouve \u00e9galement le groupe &#8220;Je pr\u00e9f\u00e8re le Capital \u00e0 la Princesse de Cl\u00e8ves&#8221; (30 membres). <\/span><\/div>\n<div class=\"corpsTexte\" style=\"text-align: justify;\"><span style=\"font-size: 12pt;\">\u00a0<\/span><\/div>\n<div class=\"corpsTexte\" style=\"text-align: justify;\"><span style=\"font-size: 12pt;\">Bref, les propos du pr\u00e9sident n&#8217;ont pas laiss\u00e9 certain-es indiff\u00e9rent-es et ont tristement rallum\u00e9 la querelle des sexes version 2009&#8230; (d\u00e9compte au 21 mai 2009).<\/span><\/div>\n","protected":false},"excerpt":{"rendered":"<p>\u00a0Remue-m\u00e9nage sur la toile en soutien \u00e0 La Princesse de Cl\u00e8ves de Mme de Lafayette Badge t\u00e9l\u00e9chargeable \u00abJe lis La Princesse de Cl\u00e8ves\u00bb : L&#8217;Observatoire du livre et de l&#8217;\u00e9crit en Ile-de-France (Le Motif) est l&#8217;\u00e9diteur d&#8217;un badge \u00abJe lis La Princesse de Cl\u00e8ves\u00bb distribu\u00e9 lors du Salon du livre et qui a rencontr\u00e9 un [&hellip;]<\/p>\n","protected":false},"author":4,"featured_media":0,"parent":2831,"menu_order":0,"comment_status":"closed","ping_status":"closed","template":"","meta":{"_acf_changed":false,"footnotes":""},"class_list":["post-2849","page","type-page","status-publish","hentry"],"translation":{"provider":"WPGlobus","version":"3.0.0","language":"gb","enabled_languages":["fr","gb"],"languages":{"fr":{"title":true,"content":true,"excerpt":false},"gb":{"title":false,"content":false,"excerpt":false}}},"acf":[],"_links":{"self":[{"href":"https:\/\/siefar.org\/gb\/wp-json\/wp\/v2\/pages\/2849","targetHints":{"allow":["GET"]}}],"collection":[{"href":"https:\/\/siefar.org\/gb\/wp-json\/wp\/v2\/pages"}],"about":[{"href":"https:\/\/siefar.org\/gb\/wp-json\/wp\/v2\/types\/page"}],"author":[{"embeddable":true,"href":"https:\/\/siefar.org\/gb\/wp-json\/wp\/v2\/users\/4"}],"replies":[{"embeddable":true,"href":"https:\/\/siefar.org\/gb\/wp-json\/wp\/v2\/comments?post=2849"}],"version-history":[{"count":0,"href":"https:\/\/siefar.org\/gb\/wp-json\/wp\/v2\/pages\/2849\/revisions"}],"up":[{"embeddable":true,"href":"https:\/\/siefar.org\/gb\/wp-json\/wp\/v2\/pages\/2831"}],"wp:attachment":[{"href":"https:\/\/siefar.org\/gb\/wp-json\/wp\/v2\/media?parent=2849"}],"curies":[{"name":"wp","href":"https:\/\/api.w.org\/{rel}","templated":true}]}}