{"id":2848,"date":"2009-08-16T13:19:02","date_gmt":"2009-08-16T13:19:02","guid":{"rendered":"http:\/\/178"},"modified":"2009-08-16T13:19:02","modified_gmt":"2009-08-16T13:19:02","slug":"mme-de-lafayette-revue-de-presse","status":"publish","type":"page","link":"https:\/\/siefar.org\/gb\/debats-articles\/mme-de-lafayette-revue-de-presse\/","title":{"rendered":"Mme de Lafayette &#8211; Revue de presse"},"content":{"rendered":"<div class=\"corpsTexte\">\u00a0<\/div>\n<div style=\"text-align: center;\"><span style=\"color: #808080; font-size: 12pt;\"><strong>Revue de presse :<\/strong><\/span><\/div>\n<div style=\"text-align: center;\"><span style=\"font-size: 12pt;\">\u00a0<\/span><\/div>\n<div style=\"text-align: center;\"><span style=\"color: #808080; font-size: 12pt;\"><strong>Articles, Revues, Emissions &amp; Blogosph\u00e8re<\/strong><\/span><\/div>\n<div style=\"text-align: center;\"><span style=\"color: #808080; font-size: 12pt;\"><strong>en soutien \u00e0 la Princesse de Cl\u00e8ves<\/strong><\/span><\/div>\n<div style=\"text-align: center;\"><span style=\"color: #808080; font-size: 12pt;\"><strong>de Mme de La Fayette<\/strong><\/span><\/div>\n<p><span style=\"font-size: 12pt;\"><br \/> <\/span><\/p>\n<div>\n<div class=\"corpsTexte\" style=\"text-align: justify;\"><span style=\"font-size: 12pt;\">La presse se fait l&#8217;\u00e9cho en images des actionset lectures-marathons en soutien \u00e0 la Princesse de Cl\u00e8ves. Retrouvez \u00e9galement l&#8217;ensemble des liens vers les<b> photos et videos <\/b>sur le site <a href=\"http:\/\/www.fabula.org\/actualites\/article29064.php\">Fabula<\/a>.<\/span><\/div>\n<div class=\"corpsTexte\" style=\"text-align: justify;\">\u00a0<\/div>\n<div class=\"corpsTexte\" style=\"text-align: justify;\">\n<p><span style=\"font-size: 12pt;\"><strong><em>Oeuvres &amp; Critiques<\/em>, XXXVI, 1, Nathalie Grande<\/strong><br \/><\/span><\/p>\n<ul>\n<li>2010,\u00a0<a href=\"http:\/\/docplayer.fr\/37137474-Une-princesse-par-temps-de-crise-actualite-de-madame-de-lafayette.html\">\u00abUne princesse par temps de crise : actualit\u00e9 de Madame de Lafayette\u00bb<\/a><\/li>\n<\/ul>\n<p>&nbsp;<\/p>\n<p><span style=\"font-size: 12pt;\"><b><i>Lib\u00e9ration.fr, <\/i>\u00abblog 24 heures philo\u00bb<\/b><\/span><\/p>\n<\/div>\n<ul>\n<li><span style=\"font-size: 12pt;\">&#8211; 6 mai 2009, Philippe Lan\u00e7on<b>, <a href=\"http:\/\/philosophie.blogs.liberation.fr\/noudelmann\/2009\/05\/sarkozy-et-la-princesse-de-cl%C3%A8ves-1-quand-la-galanterie-r%C3%A8gnait-en-france.html\">\u00ab<\/a><\/b><a href=\"http:\/\/philosophie.blogs.liberation.fr\/noudelmann\/2009\/05\/sarkozy-et-la-princesse-de-cl%C3%A8ves-1-quand-la-galanterie-r%C3%A8gnait-en-france.html\">Sarkozy et la Princesse de Cl\u00e8ves (1): quand la galanterie r\u00e9gnait en France\u00bb<\/a><a href=\"http:\/\/philosophie.blogs.liberation.fr\/noudelmann\/2009\/05\/sarkozy-et-la-princesse-de-cl%C3%83%C2%A8ves-1-quand-la-galanterie-r%C3%83%C2%A8gnait-en-france.html\"><br \/> <\/a><\/span><\/li>\n<li><span style=\"font-size: 12pt;\">&#8211; 7 mai 2009, Philippe Lan\u00e7on<b>, <\/b><a href=\"http:\/\/philosophie.blogs.liberation.fr\/noudelmann\/2009\/05\/sarkozy-et-la-princesse-de-cl%C3%A8ves-2-le-salon-national.html\">\u00abSarkozy et la Princesse de Cl\u00e8ves: (2) le salon national\u00bb<\/a><\/span><\/li>\n<li><span style=\"font-size: 12pt;\">&#8211; 9 mai 2009, Philippe Lan\u00e7on<b>, <\/b><a href=\"http:\/\/philosophie.blogs.liberation.fr\/noudelmann\/2009\/05\/sarkozy-et-la-princesse-de-cl%C3%A8ves-fin-que-faire-des-femmes-intellos.html\">\u00abSarkozy et la Princesse de Cl\u00e8ves: (fin) que faire des femmes intellos&#8217;\u00bb<\/a><\/span><\/li>\n<\/ul>\n<div class=\"corpsTexte\" style=\"text-align: justify;\"><span style=\"font-size: 12pt;\">\u00a0<\/span><\/div>\n<div class=\"corpsTexte\" style=\"text-align: justify;\"><span style=\"font-size: 12pt;\"><i><b>Oxford Magazine<\/b><\/i><\/span><\/div>\n<ul>\n<li><span style=\"font-size: 12pt;\">&#8211; avril 2009, Robin Briggs, <a href=\"http:\/\/www.sauvonsluniversite.com\/IMG\/pdf\/Crisis_in_French_Higher_Education.pdf\">\u00abPresident Sarkozy, <i>La Princesse de Cl\u00e8ves<\/i> and the crisis in the French higher education system\u00bb<\/a><\/span><\/li>\n<\/ul>\n<p>&nbsp;<\/p>\n<div class=\"corpsTexte\" style=\"text-align: justify;\"><span style=\"font-size: 12pt;\"><i><b>Arr\u00eat sur image<\/b><\/i><\/span><\/div>\n<ul>\n<li><span style=\"font-size: 12pt;\">&#8211; 27 mars 2009, <a href=\"http:\/\/www.arretsurimages.net\/contenu.php?id=1810\">\u00abEn moquant la princesse de Cl\u00e8ves, Sarkozy m\u00e9prise la guicheti\u00e8re.\u00bb<\/a>, d\u00e9bat consacr\u00e9 au &#8220;parler mal&#8221; pr\u00e9sidentiel. R\u00e9serv\u00e9 aux abonn\u00e9s<\/span><\/li>\n<\/ul>\n<p><span style=\"font-size: 12pt;\"><br \/> <\/span><span style=\"font-size: 12pt;\"><i><b>M\u00e9diapart<\/b><\/i><\/span><\/p>\n<ul>\n<li><span style=\"font-size: 12pt;\">&#8211; 19 mars 2009, <a href=\"https:\/\/web.archive.org\/web\/20090323001348\/http:\/\/www.mediapart.fr:80\/node\/36767\">\u00abOui, Nicolas Sarkozy est un homme de culture!\u00bb<\/a>, par Gilles Dorival<\/span><\/li>\n<\/ul>\n<div class=\"corpsTexte\" style=\"text-align: justify;\"><span style=\"font-size: 12pt;\">\u00a0<\/span><\/div>\n<div class=\"corpsTexte\" style=\"text-align: justify;\"><span style=\"font-size: 12pt;\"><i><b>L&#8217;Express \/ Capital<\/b><\/i><\/span><\/div>\n<ul>\n<li><span style=\"font-size: 12pt;\">&#8211; 18 mars 2009, <a href=\"http:\/\/www.capital.fr\/a-la-une\/actualites\/la-princesse-de-cleves-premiere-opposante-de-france-364451\">\u00abLa princesse de Cl\u00e8ves, premi\u00e8re opposante de France?\u00bb<\/a><\/span><\/li>\n<\/ul>\n<div class=\"corpsTexte\" style=\"text-align: justify;\">\u00a0<\/div>\n<div class=\"corpsTexte\" style=\"text-align: justify;\"><span style=\"font-size: 12pt;\"><b>France 5<\/b><\/span><\/div>\n<ul>\n<li><span style=\"font-size: 12pt;\">&#8211; 12 mars 2009, R\u00e9gis Jauffret, <i>La Grande Librairie, <\/i><a href=\"http:\/\/www.dailymotion.com\/related\/x8nlrk\/video\/x8nfza_la-princesse-de-cleves-a-lelysee_news\">\u00abLa Princesse de Cl\u00e8ves \u00e0 l&#8217;Elys\u00e9e&#8230;\u00bb<\/a><\/span><\/li>\n<\/ul>\n<p>&nbsp;<\/p>\n<div class=\"corpsTexte\" style=\"text-align: justify;\"><span style=\"font-size: 12pt;\"><b><i>Le Monde<\/i><\/b><\/span><\/div>\n<ul>\n<li><span style=\"font-size: 12pt;\">&#8211; 28 f\u00e9vrier 2009,<a href=\"http:\/\/www.lemonde.fr\/opinions\/article\/2009\/02\/28\/sarkosy-m-a-tuer-par-barbara-cassin_1161665_3232_1.html\"> \u00abSarkosy &#8220;m&#8217; \u00e0 tuer&#8221;\u00bb<\/a>, par Barbara Cassin.<\/span><\/li>\n<li><span style=\"font-size: 12pt;\">&#8211; 17 f\u00e9vrier 2009, <a href=\"http:\/\/www.lemonde.fr\/politique\/video\/2009\/02\/17\/la-princesse-de-cleves-repond-a-nicolas-sarkozy_1156337_823448.html\">\u00ab&#8221;La Princesse de Cl\u00e8ves&#8221; r\u00e9pond \u00e0 Nicolas Sarkozy \u00bb<\/a> : video autour de la lecture-marathon devant le Panth\u00e9on.<\/span><\/li>\n<\/ul>\n<div class=\"corpsTexte\" style=\"text-align: justify;\"><span style=\"font-size: 12pt;\">\u00a0<\/span><\/div>\n<div class=\"corpsTexte\" style=\"text-align: justify;\"><span style=\"font-size: 12pt;\"><b><i>Marianne 2<\/i><\/b><\/span><\/div>\n<ul>\n<li><span style=\"font-size: 12pt;\">&#8211; 17 f\u00e9vrier 2009, <a href=\"https:\/\/blogs.mediapart.fr\/edition\/la-bibliotheque-numerique\/article\/300311\/madame-de-lafayette-la-princesse-de-cleves\">\u00abSarkozy va en bouffer, de la Princesse de Cl\u00e8ves\u00bb<\/a> : document en images de Virginie Roels.<\/span><\/li>\n<\/ul>\n<div class=\"corpsTexte\" style=\"text-align: justify;\">\u00a0<\/div>\n<div class=\"corpsTexte\" style=\"text-align: justify;\"><span style=\"font-size: 12pt;\"><b><i>Lib\u00e9ration<\/i><\/b><\/span><\/div>\n<ul>\n<li><span style=\"font-size: 12pt;\">&#8211; 16 f\u00e9vrier 2009, <a href=\"http:\/\/www.liberation.fr\/societe\/0601662-un-marathon-lecture-de-la-princesse-de-cleves-pour-sarkozy \">\u00abUn marathon-lecture de <i>La Princesse de Cl\u00e8ves<\/i> pour Sarkozy\u00bb<\/a><\/span><\/li>\n<li><span style=\"font-size: 12pt;\">&#8211; 21 novembre 2006, <a href=\"http:\/\/www.liberation.fr\/tribune\/010166942-la-princesse-de-cleves-au-karcher\">\u00abLa Princesse de Cl\u00e8ves au k\u00e4rcher\u00bb<\/a> : tribune de Christine Lapostolle, \u00e9crivaine et enseignante.<\/span><\/li>\n<\/ul>\n<div class=\"corpsTexte\" style=\"text-align: justify;\">\u00a0<\/div>\n<div class=\"corpsTexte\" style=\"text-align: justify;\"><span style=\"font-size: 12pt;\"><b><i>La R\u00e9publique des livres<\/i>, blog de Pierre Assouline<\/b><\/span><\/div>\n<ul>\n<li><span style=\"font-size: 12pt;\">&#8211; 16 f\u00e9vrier 2009, <a href=\"https:\/\/web.archive.org\/web\/20100608074021\/http:\/\/passouline.blog.lemonde.fr:80\/2009\/02\/16\/de-quoi-la-princesse-de-cleves-est-elle-le-non\/\">\u00abDe quoi la princesse de Cl\u00e8ves est-elle le &#8220;non&#8221;?\u00bb<\/a><\/span><\/li>\n<li><span style=\"font-size: 12pt;\">&#8211; 2 d\u00e9cembre 2008, <a href=\"https:\/\/web.archive.org\/web\/20110430112927\/http:\/\/passouline.blog.lemonde.fr\/2008\/12\/02\/dehors-la-culture-generale\/\">\u00abDehors la culture g\u00e9n\u00e9rale\u00bb<\/a><\/span><\/li>\n<li><span style=\"font-size: 12pt;\">&#8211; 26 juillet 2008, <a href=\"https:\/\/web.archive.org\/web\/20110825000518\/http:\/\/passouline.blog.lemonde.fr\/2008\/07\/26\/nicolas-avait-tant-souffert-sur-elle\/\">\u00abNicolas avait tant souffert sur elle&#8230;\u00bb<\/a><\/span><\/li>\n<li><span style=\"font-size: 12pt;\">&#8211; 16 avril 2008, <a href=\"https:\/\/web.archive.org\/web\/20110305023602\/http:\/\/passouline.blog.lemonde.fr:80\/2\n008\/04\/16\/le-president-veut-il-la-peau-de-la-princesse\/\">\u00abLe Pr\u00e9sident veut-il la peau de Mme de La Fayette?\u00bb<\/a><\/span><\/li>\n<li><span style=\"font-size: 12pt;\">&#8211; 10 d\u00e9cembre 2006, <a href=\"https:\/\/web.archive.org\/web\/20110513092547\/http:\/\/passouline.blog.lemonde.fr:80\/2006\/12\/10\/qui-veut-tuer-la-princesse-de-cleves\/\">\u00abQui veut tuer la princesse de Cl\u00e8ves&#8217;\u00bb<\/a><\/span><\/li>\n<\/ul>\n<div class=\"corpsTexte\" style=\"text-align: justify;\">\u00a0<\/div>\n<div class=\"corpsTexte\" style=\"text-align: justify;\"><span style=\"font-size: 12pt;\"><b><i>Blog du Bibliomane<\/i><\/b><\/span><\/div>\n<ul>\n<li><span style=\"font-size: 12pt;\">&#8211; 9 septembre 2008, <a href=\"http:\/\/lebibliomane.blogspot.com\/2008\/09\/mme-de-clves-et-moi-cest-du-srieux.html\">\u00abMme de Cl\u00e8ves et moi, c&#8217;est du s\u00e9rieux\u00bb<\/a>, billet de Pascal<\/span><\/li>\n<\/ul>\n<div class=\"corpsTexte\" style=\"text-align: justify;\"><span style=\"font-size: 12pt;\">\u00a0<\/span><\/div>\n<div class=\"corpsTexte\" style=\"text-align: justify;\"><span style=\"font-size: 12pt;\"><b><i>Rue 89<\/i>, Pascal Rich\u00e9<\/b><\/span><\/div>\n<ul>\n<li><span style=\"font-size: 12pt;\">&#8211; 24 juillet 2008, <a href=\"http:\/\/tempsreel.nouvelobs.com\/rue89\/rue89-mon-oeil\/20080725.RUE6464\/nicolas-sarkozy-karcherise-encore-la-princesse-de-cleves.html\">\u00abNicolas Sarkozy k\u00e4rch\u00e9rise encore la Princesse de Cl\u00e8ves\u00bb<\/a><\/span><\/li>\n<\/ul>\n<div class=\"corpsTexte\" style=\"text-align: justify;\"><span style=\"font-size: 12pt;\">\u00a0<\/span><\/div>\n<div class=\"corpsTexte\" style=\"text-align: justify;\"><span style=\"font-size: 12pt;\"><b><i>Charlie-Hebdo<\/i>, Philippe Val<\/b><\/span><\/div>\n<ul>\n<li><span style=\"font-size: 12pt;\">&#8211; 16 avril 2008, <a href=\"http:\/\/www.sauv.net\/charlie20080416.php\">\u00abLa Princesse de Cl\u00e8ves expuls\u00e9e\u00bb<\/a><\/span><\/li>\n<\/ul>\n<\/div>\n","protected":false},"excerpt":{"rendered":"<p>\u00a0 Revue de presse : \u00a0 Articles, Revues, Emissions &amp; Blogosph\u00e8re en soutien \u00e0 la Princesse de Cl\u00e8ves de Mme de La Fayette La presse se fait l&#8217;\u00e9cho en images des actionset lectures-marathons en soutien \u00e0 la Princesse de Cl\u00e8ves. Retrouvez \u00e9galement l&#8217;ensemble des liens vers les photos et videos sur le site Fabula. \u00a0 [&hellip;]<\/p>\n","protected":false},"author":4,"featured_media":0,"parent":2831,"menu_order":0,"comment_status":"closed","ping_status":"closed","template":"","meta":{"_acf_changed":false,"footnotes":""},"class_list":["post-2848","page","type-page","status-publish","hentry"],"translation":{"provider":"WPGlobus","version":"3.0.0","language":"gb","enabled_languages":["fr","gb"],"languages":{"fr":{"title":true,"content":true,"excerpt":false},"gb":{"title":false,"content":false,"excerpt":false}}},"acf":[],"_links":{"self":[{"href":"https:\/\/siefar.org\/gb\/wp-json\/wp\/v2\/pages\/2848","targetHints":{"allow":["GET"]}}],"collection":[{"href":"https:\/\/siefar.org\/gb\/wp-json\/wp\/v2\/pages"}],"about":[{"href":"https:\/\/siefar.org\/gb\/wp-json\/wp\/v2\/types\/page"}],"author":[{"embeddable":true,"href":"https:\/\/siefar.org\/gb\/wp-json\/wp\/v2\/users\/4"}],"replies":[{"embeddable":true,"href":"https:\/\/siefar.org\/gb\/wp-json\/wp\/v2\/comments?post=2848"}],"version-history":[{"count":0,"href":"https:\/\/siefar.org\/gb\/wp-json\/wp\/v2\/pages\/2848\/revisions"}],"up":[{"embeddable":true,"href":"https:\/\/siefar.org\/gb\/wp-json\/wp\/v2\/pages\/2831"}],"wp:attachment":[{"href":"https:\/\/siefar.org\/gb\/wp-json\/wp\/v2\/media?parent=2848"}],"curies":[{"name":"wp","href":"https:\/\/api.w.org\/{rel}","templated":true}]}}