{"id":2847,"date":"2009-08-12T15:01:57","date_gmt":"2009-08-12T15:01:57","guid":{"rendered":"http:\/\/177"},"modified":"2009-08-12T15:01:57","modified_gmt":"2009-08-12T15:01:57","slug":"mme-de-lafayette-lectures-actions-cours-alternatifs","status":"publish","type":"page","link":"https:\/\/siefar.org\/gb\/debats-articles\/mme-de-lafayette-lectures-actions-cours-alternatifs\/","title":{"rendered":"Mme de Lafayette &#8211; Lectures, actions, cours alternatifs"},"content":{"rendered":"<div class=\"corpsTexte\" style=\"text-align: center;\"><span style=\"font-size: 12pt;\">\u00a0<\/span><span style=\"color: #808080; font-size: 12pt;\"><strong>Lectures, actions, colloques et cours<br \/> <\/strong><\/span><\/div>\n<div class=\"corpsTexte\" style=\"text-align: center;\"><span style=\"color: #808080; font-size: 12pt;\"><strong>en soutien<br \/> <\/strong><\/span><\/div>\n<div class=\"corpsTexte\" style=\"text-align: center;\"><span style=\"color: #808080; font-size: 12pt;\"><strong>\u00e0 <em>La Princesse de Cl\u00e8ves<\/em> de Mme de Lafayette<\/strong><\/span><\/div>\n<div class=\"corpsTexte\" style=\"text-align: justify;\"><span style=\"font-size: 12pt;\">\u00a0<\/span><\/div>\n<div class=\"corpsTexte\" style=\"text-align: justify;\"><span style=\"font-size: 12pt;\">\u00a0<\/span><\/div>\n<div class=\"corpsTexte\" style=\"text-align: justify;\"><span style=\"font-size: 12pt;\"><strong>Colloque &#8220;Faut-il encore lire <em>La Princesse de Cl\u00e8ves<\/em> ?&#8221;<\/strong><br \/> <\/span><\/div>\n<div class=\"corpsTexte\" style=\"text-align: justify;\"><span style=\"font-size: 12pt;\"><br \/> <\/span><\/div>\n<div class=\"corpsTexte\" style=\"text-align: justify;\"><span style=\"font-size: 12pt;\"><em>A l&#8217;initiative du Th\u00e9\u00e2tre 95<\/em>.<br \/> <\/span><\/div>\n<div class=\"corpsTexte\" style=\"text-align: justify;\"><span style=\"font-size: 12pt;\">Le Th\u00e9\u00e2tre 95 organise un colloque le Samedi 5 Juin 2010 de 10h \u00e0 18h sur le th\u00e8me \u00ab Faut-il encore lire La Princesse de Cl\u00e8ves&#8217; \u00bb. S&#8217;inscrivant dans le cycle \u00ab Quelle(s) culture(s) pour quel(s) public(s)? \u00bb d\u00e9but\u00e9 en 2005, celui-ci sera donc consacr\u00e9 \u00e0 la Princesse et plus largement \u00e0 la question de la transmission du patrimoine culturel, tant dans notre syst\u00e8me \u00e9ducatif que dans nos salles de spectacles. Des intervenants de renom se pencheront sur le sujet, avant d&#8217;assister \u00e0 la projection du film <em>La Belle Personne<\/em> de Christophe Honor\u00e9. Plus d&#8217;informations : <a href=\"http:\/\/www.theatre95.fr\/saison\/index.php\/saison-2009-2010\/colloque\">http:\/\/www.theatre95.fr\/saison\/index.php\/saison-2009-2010\/colloque<br \/> <\/a><\/span><\/div>\n<div class=\"corpsTexte\" style=\"text-align: justify;\"><span style=\"font-size: 12pt;\">\u00a0<\/span><\/div>\n<div class=\"corpsTexte\" style=\"text-align: justify;\"><span style=\"font-size: 12pt;\"><b>Appel \u00e0 action : <\/b><\/span><\/div>\n<div class=\"corpsTexte\" style=\"text-align: justify;\"><span style=\"font-size: 12pt;\"><b>Envoyez un exemplaire de la Princesse de Cl\u00e8ves \u00e0 l&#8217;Elys\u00e9e!<\/b><\/span><\/div>\n<div class=\"corpsTexte\" style=\"text-align: justify;\"><span style=\"font-size: 12pt;\">\u00a0<\/span><\/div>\n<div class=\"corpsTexte\" style=\"text-align: justify;\"><span style=\"font-size: 12pt;\"><i>A l&#8217;initiative de B\u00e9atrice Jongy, ma\u00eetresse de conf\u00e9rences en Litt\u00e9rature compar\u00e9e \u00e0 l&#8217;Universit\u00e9 de Bourgogne.<\/i><br \/> \u00abD&#8217;apr\u00e8s notre Pr\u00e9sident, si le pays va mal, c&#8217;est \u00e0 cause de la litt\u00e9rature&#8230; Et des profs bien s\u00fbr (qui contaminent des g\u00e9n\u00e9rations enti\u00e8res). Je propose donc, pour achever le pays et repartir sur de bonnes bases, que tout le monde lise <i>La Princesse de Cl\u00e8ves<\/i>&#8230; Lors d&#8217;un meeting de l&#8217;UMP tenu \u00e0 Lyon en 2007, le futur Pr\u00e9sident s&#8217;amusa \u00e0 faire rire la salle en lisant un passage de ce magnifique roman. &#8220;Voil\u00e0 ce que donne l&#8217;Education nationale pour \u00e9preuve d&#8217;examen!, a-t-il ajout\u00e9. Mais \u00e0 quoi sert-il de savoir qui est la Princesse de Cl\u00e8ves&#8217; Etonnez-vous que notre pays aille si mal si c&#8217;est cela que l&#8217;on enseigne \u00e0 nos enfants!&#8221;<br \/> J&#8217;aimerais lancer un mouvement qui consisterait \u00e0 envoyer d&#8217;innombrables exemplaires de <i>La Princesse de Cl\u00e8ves <\/i>\u00e0 l&#8217;Elys\u00e9e pour No\u00ebl. Normalement les envois \u00e0 l&#8217;Elys\u00e9e sont gratuits. Si beaucoup de coll\u00e8gues r\u00e9pondent \u00e0 l&#8217;appel, des centaines de Princesses de Cl\u00e8ves bondiront comme des diables \u00e0 ressort sur leur victime&#8230; Si l&#8217;id\u00e9e vous pla\u00eet, veuillez la transmettre au plus grand nombre de personnes possible.\u00bb <\/span><\/div>\n<div class=\"corpsTexte\" style=\"text-align: justify;\"><span style=\"font-size: 12pt;\">\u00a0<\/span><\/div>\n<div class=\"corpsTexte\" style=\"text-align: justify;\"><span style=\"font-size: 12pt;\"><br \/> <b>26 f\u00e9vrier 2009, Rouen: <\/b><\/span><\/div>\n<div class=\"corpsTexte\" style=\"text-align: justify;\"><span style=\"font-size: 12pt;\"><b>\u00abLa Princesse de Cl\u00e8ves\u00bb par Myriam Dufour-Ma\u00eetre.<\/b><\/span><\/div>\n<div class=\"corpsTexte\" style=\"text-align: justify;\"><span style=\"font-size: 12pt;\"><br \/> <i>A l&#8217;initiative de l&#8217;op\u00e9ration \u00abFac en ville\u00bb, 3<sup>e<\/sup> \u00e9dition.<\/i><br \/> A partir de 18 heures, H\u00f4tel de Ville, Salle du Conseil: cours grand public. Dans le cadre de la gr\u00e8ve nationale des universit\u00e9s, et apr\u00e8s plusieurs conf\u00e9rences de sciences, sociologie, droit et sciences de l&#8217;\u00e9ducation qui ont attir\u00e9 un large public, les personnels en gr\u00e8ve de l&#8217;universit\u00e9 de Rouen vous invitent \u00e0 venir d\u00e9couvrir l&#8217;universit\u00e9 autrement. <\/span><\/div>\n<div class=\"corpsTexte\" style=\"text-align: justify;\"><span style=\"font-size: 12pt;\">\u00a0<\/span><\/div>\n<div class=\"corpsTexte\" style=\"text-align: justify;\"><span style=\"font-size: 12pt;\">\u00a0<\/span><\/div>\n<div class=\"corpsTexte\" style=\"text-align: justify;\"><span style=\"font-size: 12pt;\"><b>Semaine du 23 f\u00e9vrier 2009, Grenoble : <\/b><br \/> <b>\u00abSarkozy et la princesse, de quoi <i>La Princesse de Cl\u00e8ves<\/i> est-elle le non&#8217;\u00bb <\/b><br \/> <b>Lecture-commentaire dans le bureau de la Poste Centrale \u00e0 Grenoble.<\/b><\/span><\/div>\n<div class=\"corpsTexte\" style=\"text-align: justify;\"><span style=\"font-size: 12pt;\">\u00a0<\/span><\/div>\n<div class=\"corpsTexte\" style=\"text-align: justify;\"><span style=\"font-size: 12pt;\"><i>A l&#8217;initiative de Christine Noille-Clauzade, professeure \u00e0 l&#8217;Universit\u00e9 Stendhal Grenoble 3.<\/i><\/span><\/div>\n<div class=\"corpsTexte\" style=\"text-align: justify;\"><span style=\"font-size: 12pt;\">Reprise de la lecture-commentaire donn\u00e9e le 12 f\u00e9vrier \u00e0 l&#8217;Universit\u00e9 Stendhal Grenoble 3. Commentatrice: Ch. Noille-Clauzade. Fable conclusive: Isabelle Cogitore. Lectrices: A. Deny et I. Cogitore. (Titre de C. Noille repris par Pierre Assouline dans son <a href=\"http:\/\/passouline.blog.lemonde.fr\/2009\/02\/16\/de-quoi-la-princesse-de-cleves-est-elle-le-non\/\">blog<\/a>)<\/span><\/div>\n<div class=\"corpsTexte\" style=\"text-align: justify;\"><span style=\"font-size: 12pt;\"><a href=\"https:\/\/coordsuprech38.wordpress.com\/2009\/02\/15\/sarkozy-et-la-princesse-de-quoi-la-princesse-de-cleves-est-elle-le-non\/\">Version en ligne du cours<\/a><\/span><\/div>\n<div class=\"corpsTexte\" style=\"text-align: justify;\">\n<div class=\"corpsTexte\" style=\"text-align: justify;\"><span style=\"font-size: 12pt;\">\u00a0<\/span><\/div>\n<div class=\"corpsTexte\" style=\"text-align: justify;\"><span style=\"font-size: 12pt;\">\u00a0<\/span><\/div>\n<div class=\"corpsTexte\" style=\"text-align: justify;\"><span style=\"font-size: 12pt;\"><b>19 f\u00e9vrier 2009, Montpellier : <\/b><\/span><\/div>\n<div class=\"corpsTexte\" style=\"text-align: justify;\"><span style=\"font-size: 12pt;\"><b>Lecture-marathon de <i>La Princesse de Cl\u00e8ves<\/i><\/b><\/span><\/div>\n<div class=\"corpsTexte\" style=\"text-align: justify;\"><span style=\"font-size: 12pt;\">\u00a0<\/span><\/div>\n<div class=\"corpsTexte\" style=\"text-align: justify;\"><span style=\"font-size: 12pt;\"><i>A <\/i><i>l&#8217;initiative de l&#8217;AG des personnels de l&#8217;UFR1. <br \/> <\/i><\/span><\/div>\n<\/div>\n<div class=\"corpsTexte\" style=\"text-align: justify;\"><span style=\"font-size: 12pt;\">RDV \u00e0 14h00 devant le caf\u00e9 Joseph &#8211; place Jean-Jaur\u00e8s \u00e0 Montpellier, pour un marathon de lecture de la &#8220;Princesse de Cl\u00e8ves&#8221; &#8211; Jeudi 19 f\u00e9vrier 2009. <a href=\"http:\/\/cmp-upv.blogspot.com\/\">http:\/\/cmp-upv.blogspot.com\/<\/a><\/span><\/div>\n<div class=\"corpsTexte\" style=\"text-align: justify;\"><span style=\"font-size: 12pt;\">\u00a0<\/span><\/div>\n<div class=\"corpsTexte\" style=\"text-align: justify;\"><span style=\"font-size: 12pt;\">\u00a0<\/span><\/div>\n<div class=\"corpsTexte\" style=\"text-align: justify;\"><span style=\"font-size: 12pt;\"><b>18 f\u00e9vrier 2009, Poitiers : <\/b><\/span><\/div>\n<div class=\"corpsTexte\" style=\"text-align: justify;\"><span style=\"font-size: 12pt;\"><b>Marathon litt\u00e9raire de <i>La Princesse de Cl\u00e8ves<\/i><\/b><\/span><\/div>\n<div class=\"corpsTexte\" style=\"text-align: justify;\"><span style=\"font-size: 12pt;\">\u00a0<\/span><\/div>\n<div class=\"corpsTexte\" style=\"text-align: justify;\"><span style=\"font-size: 12pt;\"><i>A l&#8217;initiat<br \/>\nive de \u00abl&#8217;Universit\u00e9 de Poitiers mobilis\u00e9e contre l&#8217;esprit destructeur des valeurs humanistes de la pseudo r\u00e9forme en cours\u00bb. <\/i><\/span><\/div>\n<div class=\"corpsTexte\" style=\"text-align: justify;\"><span style=\"font-size: 12pt;\">Parvis de Notre-Dame la Grande, mercredi 18 f\u00e9vrier, \u00e0 partir de 15 h<b>. <\/b>Vous \u00eates cordialement convi\u00e9s \u00e0 participer \u00e0 l&#8217;op\u00e9ration de D\u00e9fense et illustration de la Litt\u00e9rature, et plus g\u00e9n\u00e9ralement de la culture au sein de la Cit\u00e9 et de la soci\u00e9t\u00e9 tout enti\u00e8re, en venant \u00e9couter, en venant lire, en venant \u00e9changer.Thermos et g\u00e2teaux bienvenus. Non, la culture n&#8217;est pas une d\u00e9coration de salon pour une pseudo \u00e9lite, c&#8217;est une n\u00e9cessit\u00e9 sociale et un partage vital pour tous! Responsable : <a href=\"mailto:nee.patrick@wanadoo.fr\">Patrick N\u00e9e<\/a><\/span><\/div>\n<div class=\"corpsTexte\" style=\"text-align: justify;\"><span style=\"font-size: 12pt;\">\u00a0<\/span><\/div>\n<div class=\"corpsTexte\" style=\"text-align: justify;\"><span style=\"font-size: 12pt;\">\u00a0<\/span><\/div>\n<div class=\"corpsTexte\" style=\"text-align: justify;\"><span style=\"font-size: 12pt;\"><b>18 f\u00e9vrier 2009, Aix-en-Provence :<\/b><\/span><\/div>\n<div class=\"corpsTexte\" style=\"text-align: justify;\"><span style=\"font-size: 12pt;\"><b>Lecture de <i>La Princesse de Cl\u00e8ves<\/i>, place de la mairie<\/b><\/span><\/div>\n<div class=\"corpsTexte\" style=\"text-align: justify;\"><span style=\"font-size: 12pt;\">\u00a0<\/span><\/div>\n<div class=\"corpsTexte\" style=\"text-align: justify;\"><span style=\"font-size: 12pt;\"><i>A l&#8217;initiative du Comit\u00e9 Lafayette du pays d&#8217;Aix<\/i><\/span><\/div>\n<div class=\"corpsTexte\" style=\"text-align: justify;\"><span style=\"font-size: 12pt;\">\u00abJe ne sais pas si cela vous est souvent arriv\u00e9 de demander \u00e0 la guicheti\u00e8re ce qu&#8217;elle pensait de <i>La Princesse de Cl\u00e8ves<\/i>?\u00bb (Nicolas Sarkozy, Lyon, 23 f\u00e9v. 2006) Nous r\u00e9pondrons au m\u00e9pris de l&#8217;omni-pr\u00e9sident pour la culture, en lisant <i>La Princesse de Cl\u00e8ves<\/i>, le mercredi 18 f\u00e9vrier de 14h \u00e0 20h, place de la mairie \u00e0 Aix, en soutien au mouvement des universitaires contre la mast\u00e9risation des concours et la r\u00e9forme du statut des enseignants-chercheurs. Lecture-marathon sous forme de relais: apportez votre exemplaire, votre thermos de th\u00e9, diffusez cet appel, et invitez les personnes int\u00e9ress\u00e9es<b>!<\/b><\/span><\/div>\n<div class=\"corpsTexte\" style=\"text-align: justify;\"><span style=\"font-size: 12pt;\">\u00a0<\/span><\/div>\n<div class=\"corpsTexte\" style=\"text-align: justify;\"><span style=\"font-size: 12pt;\">\u00a0<\/span><\/div>\n<div class=\"corpsTexte\" style=\"text-align: justify;\"><span style=\"font-size: 12pt;\"><b>17 f\u00e9vrier 2009, Avignon :<\/b><\/span><\/div>\n<div class=\"corpsTexte\" style=\"text-align: justify;\"><span style=\"font-size: 12pt;\"><b>L<\/b><b>ecture int\u00e9grale de <i>La Princesse de Cl\u00e8ves<\/i><\/b><\/span><\/div>\n<div class=\"corpsTexte\" style=\"text-align: justify;\"><span style=\"font-size: 12pt;\">\u00a0<\/span><\/div>\n<div class=\"corpsTexte\" style=\"text-align: justify;\"><span style=\"font-size: 12pt;\">En Avignon, \u00e0 la gare centrale: lecture int\u00e9grale de <i>La Princesse de Cl\u00e8ves<\/i>, mardi 17 f\u00e9vrier, \u00e0 partir de 15h30. Une collecte a permis d&#8217;acheter plusieurs exemplaires de l&#8217;oeuvre &#8220;litigieuse&#8221; (il existe un Librio \u00e0 2 euros) pour les offrir \u00e0 quelques auditeurs. Source: Fabula\/Magali Soulatges (Litt\u00e9rature fran\u00e7aise XVIIIe &#8211; Universit\u00e9 d&#8217;Avignon) <\/span><\/div>\n<div class=\"corpsTexte\" style=\"text-align: justify;\"><span style=\"font-size: 12pt;\">\u00a0<\/span><\/div>\n<div class=\"corpsTexte\" style=\"text-align: justify;\"><span style=\"font-size: 12pt;\">\u00a0<\/span><\/div>\n<div class=\"corpsTexte\" style=\"text-align: justify;\"><span style=\"font-size: 12pt;\"><b>17 f\u00e9vrier 2009, Paris : <\/b><br \/> <b>La Princesse de Cl\u00e8ves, symbole du mouvement de r\u00e9sistance contre la destruction de l&#8217;universit\u00e9, cours alternatif de Pierre Zoberman.<\/b><\/span><\/div>\n<div class=\"corpsTexte\" style=\"text-align: justify;\"><span style=\"font-size: 12pt;\"><br \/> <i>A l&#8217;initiative du D\u00e9partement de litt\u00e9rature de Paris 13<\/i><\/span><\/div>\n<div class=\"corpsTexte\" style=\"text-align: justify;\"><span style=\"font-size: 12pt;\">Cours de 13 \u00e0 14 h 30. AG \u00e0 midi 30, amphi 3. <a href=\"http:\/\/paris13enlutte.blogspot.com\/2009\/02\/programme-alternatif-mardi-17-fevrier.html\">http:\/\/paris13enlutte.blogspot.com\/2009\/02\/programme-alternatif-mardi-17-fevrier.html<\/a> <br \/> <\/span><\/div>\n<div class=\"corpsTexte\" style=\"text-align: justify;\"><span style=\"font-size: 12pt;\">\u00a0<\/span><\/div>\n<div class=\"corpsTexte\" style=\"text-align: justify;\"><span style=\"font-size: 12pt;\">\u00a0<\/span><\/div>\n<div class=\"corpsTexte\" style=\"text-align: justify;\"><span style=\"font-size: 12pt;\"><b>16 f\u00e9vrier 2009, Paris <\/b> :<\/span><\/div>\n<div class=\"corpsTexte\" style=\"text-align: justify;\"><span style=\"font-size: 12pt;\"><b>Lecture marathon de <i>La Princesse de Cl\u00e8ves<\/i> devant le Panth\u00e9on<\/b><\/span><\/div>\n<div class=\"corpsTexte\" style=\"text-align: justify;\"><span style=\"font-size: 12pt;\"><br \/> <i>A l&#8217;initiative d&#8217;\u00e9tudiant-e-s et d&#8217;enseignant-es chercheur-euses de Paris 3 et d&#8217;ailleurs<\/i><br \/> <i>\u00abL&#8217;autre jour, je m&#8217;amusais, on s&#8217;amuse comme on peut, \u00e0 regarder le programme du concours d&#8217;attach\u00e9 d&#8217;administration. Un sadique ou un imb\u00e9cile, choisissez, avait mis dans le programme d&#8217;interroger les concurrents sur <\/i>La Princesse de Cl\u00e8ves<i>. Je ne sais pas si cela vous est souvent arriv\u00e9 de demander \u00e0 la guicheti\u00e8re ce qu&#8217;elle pensait de la Princesse de Cl\u00e8ves&#8217; Imaginez un peu le spectacle!\u00bb<\/i><\/span><\/div>\n<div class=\"corpsTexte\" style=\"text-align: justify;\"><span style=\"font-size: 12pt;\">Nicolas Sarkozy, 23 F\u00e9vrier 2007, Lyon <i>\u00abIl est toutefois significatif et triste de voir un Pr\u00e9sident consid\u00e9rer un monde o\u00f9 l&#8217;on demanderait \u00e0 la guicheti\u00e8re ce qu&#8217;elle pense de <\/i>La princesse de Cl\u00e8ves<i> comme un repoussoir absurde et Kafka\u00efen&#8217; alors que cela pourrait au contraire constituer la vis\u00e9e inspiratrice d&#8217;un monde possible \u00e9minemment d\u00e9sirable\u00bb<\/i><\/span><\/div>\n<div class=\"corpsTexte\" style=\"text-align: justify;\"><span style=\"font-size: 12pt;\">Yves Citton, <i>Lire, Interpr\u00e9ter, Actualiser. Pourquoi les \u00e9tudes litt\u00e9raires&#8217;, Paris, Editions Amsterdam, 2007<\/i>, p.223. Parce que nous d\u00e9sirons un monde possible o\u00f9 nous pourrions, aussi, parler de <i>La Princesse de Cl\u00e8ves<\/i>, de quelques autres textes, et pourquoi pas d&#8217;art et de cin\u00e9ma avec nos concitoyens quelle que soit la fonction qu&#8217;ils exercent, Parce que nous sommes persuad\u00e9s que la lecture d&#8217;un texte litt\u00e9raire pr\u00e9pare \u00e0 affronter le monde, professionnel ou personnel, Parce que nous croyons que sans la complexit\u00e9, la r\u00e9flexion et la culture la d\u00e9mocratie est morte, Parce que nous croyons que l&#8217;Universit\u00e9 est et doit \u00eatre le lieu de la beaut\u00e9 et non de la performance, de la pens\u00e9e et non de la rentabilit\u00e9, de la rencontre avec la diff\u00e9rence &#8211; culturelle ou historique, et non de la r\u00e9p\u00e9tition du m\u00eame, Parce que nous voulons t\u00e9moigner de ce que notre m\u00e9tier d&#8217;\u00e9tudiants et d&#8217;enseignants n&#8217;est pas seulement de professionnaliser et d&#8217;\u00eatre professionnalis\u00e9s mais aussi de lire et de donner \u00e0 lire, Parce que nous sommes en gr\u00e8ve pour en t\u00e9moigner, Nous nous relaierons le lundi 16 f\u00e9vrier, \u00e0 partir de 15h, devant le Panth\u00e9on, place du Panth\u00e9on \u00e0 Paris, pour une lecture marathon de <i>La Princesse de Cl\u00e8ves<\/i>.\u00a0<\/span><\/div>\n<div class=\"corpsTexte\" style=\"text-align: justify;\"><span style=\"font-size: 12pt;\">\u00a0<\/span><\/div>\n<div class=\"corpsTexte\" style=\"text-align: justify;\"><span style=\"font-size: 12pt;\">\u00a0<\/span><\/div>\n<div class=\"corpsTexte\" style=\"text-align: justify;\"><span style=\"font-size: 12pt;\"><b>1<\/b><b>6 f\u00e9vrier 2009, Tours : <\/b> <b>Lecture int\u00e9grale de <i>La Princesse de Cl\u00e8ves<\/i><\/b><\/span><\/div>\n<div class=\"corpsTexte\" style=\"text-align: justify;\"><span style=\"font-size: 12pt;\">\u00a0<\/span><\/div>\n<div class=\"corpsTexte\" style=\"text-align: justify;\"><span style=\"font-size: 12pt;\"><i>A l&#8217;initiative d&#8217;enseignant-es-chercheur-euses et des \u00e9tudiant-es de l&#8217;Universit\u00e9 Fran\u00e7ois-Rabelais de Tours, avec la participation de com\u00e9dien-nes du Centre Dramatique r\u00e9gional de Tours et de Fran\u00e7ois Bon.<\/i><\/span><\/div>\n<div class=\"corpsTexte\" style=\"text-align: justify;\">\n<span style=\"font-size: 12pt;\">Lieu: Universit\u00e9, 3 rue des Tanneurs, ouverture dans le hall de l&#8217;universit\u00e9, puis salle 67. Fin de la lecture, \u00e0 partir de 20h, \u00e0 la librairie La Bo\u00eete \u00e0 Livres (19 rue nationale). De br\u00e8ves lectures de proximit\u00e9 seront propos\u00e9es en parall\u00e8le dans diff\u00e9rents endroits de la ville (th\u00e9\u00e2tres, librairies, lieux publics). La lecture s&#8217;ach\u00e8vera en multilingue, avec des fragments du roman lus dans diff\u00e9rentes langues du monde (anglais, allemand, italien, espagnol, portugais, russe, grec moderne, yiddish, et peut-\u00eatre d&#8217;autres encore).\u00a0<\/span><\/div>\n<div class=\"corpsTexte\" style=\"text-align: justify;\">\n<div>\n<p>&nbsp;<\/p>\n<p><strong><span style=\"font-size: 12pt;\"><a href=\"http:\/\/www.dailymotion.com\/fr\/relevance\/universal\/search\/Lecture+int%C3%A9grale+de+La+Princesse+de+Cl%C3%A8ves\/1\">Archives DailyMotion sur la d\u00e9fense de la Princesse de Cl\u00e8ves\u00a0<\/a><\/span><\/strong><\/p>\n<\/div>\n<\/div>\n<div class=\"corpsTexte\" style=\"text-align: justify;\"><span style=\"font-size: 12pt;\"><br \/> <\/span><\/div>\n","protected":false},"excerpt":{"rendered":"<p>\u00a0Lectures, actions, colloques et cours en soutien \u00e0 La Princesse de Cl\u00e8ves de Mme de Lafayette \u00a0 \u00a0 Colloque &#8220;Faut-il encore lire La Princesse de Cl\u00e8ves ?&#8221; A l&#8217;initiative du Th\u00e9\u00e2tre 95. Le Th\u00e9\u00e2tre 95 organise un colloque le Samedi 5 Juin 2010 de 10h \u00e0 18h sur le th\u00e8me \u00ab Faut-il encore lire La [&hellip;]<\/p>\n","protected":false},"author":4,"featured_media":0,"parent":2831,"menu_order":0,"comment_status":"closed","ping_status":"closed","template":"","meta":{"_acf_changed":false,"footnotes":""},"class_list":["post-2847","page","type-page","status-publish","hentry"],"translation":{"provider":"WPGlobus","version":"3.0.0","language":"gb","enabled_languages":["fr","gb"],"languages":{"fr":{"title":true,"content":true,"excerpt":false},"gb":{"title":false,"content":false,"excerpt":false}}},"acf":[],"_links":{"self":[{"href":"https:\/\/siefar.org\/gb\/wp-json\/wp\/v2\/pages\/2847","targetHints":{"allow":["GET"]}}],"collection":[{"href":"https:\/\/siefar.org\/gb\/wp-json\/wp\/v2\/pages"}],"about":[{"href":"https:\/\/siefar.org\/gb\/wp-json\/wp\/v2\/types\/page"}],"author":[{"embeddable":true,"href":"https:\/\/siefar.org\/gb\/wp-json\/wp\/v2\/users\/4"}],"replies":[{"embeddable":true,"href":"https:\/\/siefar.org\/gb\/wp-json\/wp\/v2\/comments?post=2847"}],"version-history":[{"count":0,"href":"https:\/\/siefar.org\/gb\/wp-json\/wp\/v2\/pages\/2847\/revisions"}],"up":[{"embeddable":true,"href":"https:\/\/siefar.org\/gb\/wp-json\/wp\/v2\/pages\/2831"}],"wp:attachment":[{"href":"https:\/\/siefar.org\/gb\/wp-json\/wp\/v2\/media?parent=2847"}],"curies":[{"name":"wp","href":"https:\/\/api.w.org\/{rel}","templated":true}]}}