{"id":2836,"date":"2009-08-06T12:07:12","date_gmt":"2009-08-06T12:07:12","guid":{"rendered":"http:\/\/166"},"modified":"2009-08-06T12:07:12","modified_gmt":"2009-08-06T12:07:12","slug":"e-launet-liberation","status":"publish","type":"page","link":"https:\/\/siefar.org\/gb\/debats-articles\/e-launet-liberation\/","title":{"rendered":"E. Launet &#8211; Lib\u00e9ration"},"content":{"rendered":"<div class=\"TypologyArticle__BlockContainer-sc-1vro4tp-0 bTAYjp\">\n<div>\n<h3 class=\"TypologyArticle__BlockHeadline-sc-1vro4tp-6 fjUzVv\" style=\"text-align: justify;\"><span class=\"TypologyArticle__BlockLabel-sc-1vro4tp-14 bYqFKH\">Enqu\u00eate, publi\u00e9e le 16 juin 2006\u00a0<\/span><\/h3>\n<h3 class=\"TypologyArticle__BlockHeadline-sc-1vro4tp-6 fjUzVv\" style=\"text-align: justify;\"><span style=\"font-family: 'Roboto Slab'; font-size: 36px;\">Louise Lab\u00e9, femme trompeuse<\/span><\/h3>\n<\/div>\n<p style=\"text-align: justify;\"><span class=\"TypologyArticle__BlockSubHeadline-sc-1vro4tp-4 fppQiK\">La po\u00e9tesse la plus c\u00e9l\u00e8bre du XVIe si\u00e8cle, figure du f\u00e9minisme, ne serait qu&#8217;invention. C&#8217;est la th\u00e8se d\u00e9fendue par l&#8217;universitaire Mireille Huchon, qui jette un doute sur le travail des biographes.<\/span><\/p>\n<\/div>\n<p style=\"text-align: justify;\"><span class=\"font_xs display_block link_primary-color margin-xs-bottom\">par\u00a0<a href=\"https:\/\/www.liberation.fr\/auteur\/edouard-launet\/\">Edouard Launet<\/a><\/span><\/p>\n<article class=\"article-body-wrapper article_table article_blockquote font_secondary\" data-datawall-status=\"null\">\n<p class=\"article_link\" style=\"text-align: justify;\">Au 28 de la rue Paufique, \u00e0 Lyon, est appos\u00e9e une plaque sur laquelle nous lisons : \u00abLa po\u00e9tesse Louise Lab\u00e9 \u00ad &#8220;La Belle Cordi\u00e8re&#8221; \u00ad v\u00e9cut en ces lieux au XVIe si\u00e8cle.\u00bb Cette indication est h\u00e9las doublement erron\u00e9e. D&#8217;une part, ladite \u00abmaison de Louise Lab\u00e9\u00bb a \u00e9t\u00e9 ras\u00e9e au XVIIe si\u00e8cle. D&#8217;autre part, et c&#8217;est nettement plus emb\u00eatant, la po\u00e9tesse Louise Lab\u00e9 n&#8217;a jamais exist\u00e9. C&#8217;est du moins ce qu&#8217;affirme Mireille Huchon, professeure \u00e0 la Sorbonne, dans un ouvrage, Louise Lab\u00e9, une cr\u00e9ature de papier (\u00e9ditions Droz), qui fait de jolies vagues.<\/p>\n<p class=\"article_link\" style=\"text-align: justify;\">La po\u00e9tesse la plus c\u00e9l\u00e8bre du XVIe si\u00e8cle ne serait qu&#8217;un personnage invent\u00e9 par un groupe de litt\u00e9rateurs lyonnais. Ceux-ci se seraient amus\u00e9s \u00e0 \u00ablouer Louise\u00bb comme du temps de P\u00e9trarque on s&#8217;entra\u00eenait \u00e0 \u00ablouer Laure\u00bb, femme id\u00e9alis\u00e9e. Un exercice de style, une cr\u00e9ature de papier, bref une mystification. C&#8217;est ainsi que seraient n\u00e9es les fameuses OEuvres de Louise Lab\u00e9 Lyonnaise, parues en 1555, qui contiennent en particulier vingt-quatre sonnets dont beaucoup connaissent encore aujourd&#8217;hui, soit un demi-mill\u00e9naire plus tard, quelques bribes et notamment celle-ci : \u00abBaise m&#8217;encor, rebaise-moi et baise\/ Donne m&#8217;en un de tes plus savoureux\/ Donne m&#8217;en un de tes plus amoureux\/ Je t&#8217;en rendrai quatre plus chauds que braise\u00bb (sonnet XVIII).<\/p>\n<p class=\"article_link\" style=\"text-align: justify;\">Car Louise Lab\u00e9 passait pour une fille tr\u00e8s d\u00e9gourdie. Son oeuvre exprime la passion amoureuse du point de vue f\u00e9minin \u00ad une r\u00e9volution pour l&#8217;\u00e9poque. Et ses OEuvres s&#8217;ouvrent par un texte \u00ad une \u00e9p\u00eetre d\u00e9di\u00e9e \u00e0 \u00abMademoiselle Cl\u00e9mence de Bourges Lyonnaise\u00bb \u00ad qui est l&#8217;un des tout premiers plaidoyers aux tonalit\u00e9s f\u00e9ministes. Citons-en l&#8217;incipit : \u00abEtant le temps venu, Mademoiselle, que les s\u00e9v\u00e8res lois des hommes n&#8217;emp\u00eachent plus les femmes de s&#8217;appliquer aux sciences et disciplines : il me semble que celles qui [en] ont la commodit\u00e9 doivent employer cette honn\u00eate libert\u00e9 que notre sexe a autrefois tant d\u00e9sir\u00e9e.\u00bb Les femmes doivent avoir une \u00e9ducation, comme les hommes, et d\u00e9laisser \u00abquenouilles et fuseaux\u00bb pour se saisir de la plume.<\/p>\n<p class=\"article_link\" style=\"text-align: justify;\"><strong>Statue d\u00e9boulonn\u00e9e<\/strong><\/p>\n<p class=\"article_link\" style=\"text-align: justify;\">Tout cela, plus le fait qu&#8217;une biographie tr\u00e8s lacunaire pr\u00eate \u00e0 Louise d&#8217;infinies qualit\u00e9s \u00ad elle sait le latin, l&#8217;italien, l&#8217;espagnol, la musique, est excellente cavali\u00e8re, s&#8217;est initi\u00e9e aux m\u00e9tiers des armes, participe \u00e0 des tournois&#8230; \u00ad a fait de Louise Lab\u00e9 une figure l\u00e9gendaire du proto-f\u00e9minisme. Malheur \u00e0 qui d\u00e9boulonnera la statue !<\/p>\n<p class=\"article_link\" style=\"text-align: justify;\">Or voil\u00e0 que c&#8217;est une femme qui le fait, et qui plus est une femme au s\u00e9rieux et \u00e0 l&#8217;\u00e9rudition largement reconnus : Mireille Huchon. Dans son minuscule bureau de la Sorbonne, la directrice de l&#8217;UFR de langue fran\u00e7aise a le sourire de quelqu&#8217;un qui vient de jouer un bon tour. Comme si elle-m\u00eame venait de plier une jolie cocotte de papier. Sauf que l&#8217;auteure de Rabelais grammairien n&#8217;est pas exactement une farceuse, et que son \u00e9tude sur Louise Lab\u00e9 n&#8217;a rien du roman de gare. En analysant les textes, contexte et paratexte, Mireille Huchon dit avoir rep\u00e9r\u00e9 \u00abun faisceau d&#8217;indices\u00bb convergeant vers cette conclusion : ce sont les po\u00e8tes fr\u00e9quentant l&#8217;atelier de l&#8217;imprimeur Jean de Tournes, r\u00e9unis autour de Maurice Sc\u00e8ve et de quelques autres, qui ont cr\u00e9\u00e9 les oeuvres de Louise Lab\u00e9, \u00e0 savoir les vingt-quatre sonnets, le D\u00e9bat de folie et d&#8217;amour en prose et trois \u00e9l\u00e9gies. Le D\u00e9bat devrait beaucoup \u00e0 Maurice Sc\u00e8ve, les po\u00e9sies \u00e0 Olivier de Magny, Claude de Taillemont, Jacques Pelletier du Mans et autres gentilshommes.<\/p>\n<p class=\"article_link\" style=\"text-align: justify;\">Cette controverse autour de Louise Lab\u00e9 ne serait sans doute pas sortie du cercle ferm\u00e9 des seizi\u00e9mistes (quatre cents personnes en comptant large) si l&#8217;historien et acad\u00e9micien Marc Fumaroli n&#8217;avait proc\u00e9d\u00e9 dans le Monde (du 12 mai) \u00e0 une tintamarresque recension de la Cr\u00e9ature de papier sous le titre : \u00abUne g\u00e9niale imposture\u00bb. \u00abLa d\u00e9monstration de Mireille Huchon est irr\u00e9futable et r\u00e9jouissante, m\u00eame si elle doit faire rentrer sous terre les ex\u00e9g\u00e8tes et les biographes\u00bb, \u00e9crit Fumaroli. Et plus loin cet adieu lapidaire : \u00abExit Louise Lab\u00e9\u00bb.<\/p>\n<p class=\"article_link\" style=\"text-align: justify;\">Au nombre des personnes cens\u00e9es se retrouver six pieds sous terre, il y a Madeleine Lazard, qui a publi\u00e9 en 2004 une tr\u00e8s convaincante biographie de la po\u00e9tesse (1). Dans son vaste appartement tout entier aux couleurs de la Perse (la sp\u00e9cialit\u00e9 de son mari, l&#8217;orientaliste et linguiste Gilbert Lazard), la pr\u00e9sidente honoraire de la Soci\u00e9t\u00e9 d&#8217;\u00e9tude du XVIe si\u00e8cle appara\u00eet plus intrigu\u00e9e que catastroph\u00e9e : \u00abMireille est une amie, et elle ne m&#8217;avait rien dit !\u00bb Madeleine Lazard a donc d\u00e9couvert le livre apr\u00e8s publication. Elle loue chez sa coll\u00e8gue \u00abune patience de d\u00e9tective et une admirable \u00e9rudition\u00bb. Mais elle n&#8217;est absolument pas convaincue. \u00abCette argumentation peut s\u00e9duire de bons esprits, mais il faut bien avouer que ces indices ne forment qu&#8217;un faisceau de pr\u00e9somptions. Celles-ci suffisent-elles \u00e0 condamner la po\u00e9tesse Louise Lab\u00e9 ?\u00bb<\/p>\n<p class=\"article_link\" style=\"text-align: justify;\">Condamner, le mot est fort. Dans le fond, Madeleine Lazard reproche \u00e0 sa coll\u00e8gue d&#8217;avoir travaill\u00e9 en pure technicienne sans prendre en compte la qualit\u00e9 des po\u00e8mes et leur unit\u00e9. Cette po\u00e9sie innovait, au milieu du XVIe si\u00e8cle, parce qu&#8217;elle se lib\u00e9rait des sempiternels th\u00e8mes p\u00e9trarquistes et platoniciens, ainsi que de la tradition courtoise. Or, \u00ables po\u00e8tes que Mireille Huchon d\u00e9signe en auteurs probables n&#8217;ont jamais rien fait de comparable\u00bb, note Madeleine Lazard. De toute fa\u00e7on, ne dispose-t-on pas de multiples preuves de l&#8217;existence de Louise Lab\u00e9 : t\u00e9moignages, documents notariaux et m\u00eame testament ?<\/p>\n<p class=\"article_link\" style=\"text-align: justify;\"><strong>Instrument de mystification<\/strong><\/p>\n<p class=\"article_link\" style=\"text-align: justify;\">Mireille Huchon ne conteste pas l&#8217;existence d&#8217;une Louise Lab\u00e9 de chair mais, pour elle, cette personne n&#8217;aurait \u00e9t\u00e9 qu&#8217;un instrument (volontaire ou pas, on ne sait) de la mystification. \u00abPour le lecteur moderne, la chose peut appara\u00eetre comme une supercherie litt\u00e9raire, mais \u00e0 l&#8217;\u00e9poque tout le monde savait probablement que c&#8217;\u00e9tait une fiction.\u00bb D&#8217;ailleurs, rel\u00e8ve Mireille Huchon : \u00abComment expliquer qu&#8217;en 1555 paraisse ce livre fulgurant, accompagn\u00e9 de l&#8217;\u00e9loge de tous les grands po\u00e8tes lyonnais, et qu&#8217;ensuite on n&#8217;en parle plus du tout pendant des ann\u00e9es ?\u00bb<\/p>\n<p class=\"article_link\" style=\"text-align: justify;\">Madeleine Lazard r\u00e9torque que Lyon a connu des ann\u00e9es difficiles peu apr\u00e8s cette publication, avec la peste et l&#8217;invasion des troupes de la R\u00e9forme : \u00abCe ne sont pas des circonstances qui favorisent la po\u00e9sie amoureuse.\u00bb A son tour, la biographe interroge : \u00abComment expliquez-vous que la seule \u00e9dition des OEuvres en dehors de Lyon a \u00e9t\u00e9 faite \u00e0 Rouen (en 1556), sinon par le fait que l&#8217;amant de Louise Lab\u00e9, le banquier Fortini, avait des affaires l\u00e0-bas ?\u00bb<\/p>\n<p class=\"article_link\" style=\"text-align: justify;\">Interrompons l\u00e0 cette partie de ping-pong pour donner la parole \u00e0 Fran\u00e7ois Rigolot, professeur de litt\u00e9rature fran\u00e7aise \u00e0 l&#8217;universit\u00e9 am\u00e9ricaine de Princeton. Cet homme, auteur de plusieurs \u00e9tudes sur la po\u00e9tesse lyonnaise (2), d\u00e9fend une position interm\u00e9diaire : Louise Lab\u00e9 a bel et bien exist\u00e9 en tant que po\u00e9tesse, mais \u00abson oeuvre, comme d&#8217;ailleurs beaucoup d&#8217;oeuvres avant la promotion du solipsisme romantique, est sans doute le produit d&#8217;une entreprise collective\u00bb. Dans le texte qu&#8217;il nous a adress\u00e9, titr\u00e9 d&#8217;un fac\u00e9tieux \u00abSupercherie ou superbe ch\u00e9rie ?\u00bb, Fran\u00e7ois Rigolot d\u00e9taille quelques suppos\u00e9s pr\u00e9c\u00e9dents : \u00abMarguerite de Navarre ne consultait-elle pas son &#8220;valet de chambre&#8221; \u00ad un certain Cl\u00e9ment Marot \u00ad sur la facture de ses vers et le tour de ses rimes ? Rabelais n&#8217;a-t-il pas \u00e9crit son Pantagruel avec le concours actif de ses amis carabins ?\u00bb Le prof de Princeton ajoute : \u00abRonsard lui-m\u00eame, le grand Ronsard, qui embouchait \u00e0 tout moment la trompette de la Gloire pour revendiquer la Priorit\u00e9 dans le renouveau des lettres, ne doit-il pas une bonne partie de son oeuvre \u00e0 ses condisciples de la Pl\u00e9iade ?\u00bb<\/p>\n<p class=\"article_link\" style=\"text-align: justify;\">Cette id\u00e9e d&#8217;oeuvre collective, avec ou sans Louise, laisse Fran\u00e7oise Charpentier tr\u00e8s sceptique. Cette sp\u00e9cialiste du XVIe, qui, en 2001, a supervis\u00e9 l&#8217;\u00e9dition des po\u00e9sies de Lab\u00e9 chez Gallimard, souligne que les OEuvres de la Lyonnaise forment un ensemble coh\u00e9rent, avec des particularit\u00e9s de style et de pens\u00e9e que l&#8217;on retrouve d&#8217;un texte \u00e0 l&#8217;autre : \u00abJ&#8217;ai du mal \u00e0 croire que cela soit le fruit d&#8217;un travail \u00e0 plusieurs mains.\u00bb Travail d&#8217;ailleurs si coh\u00e9rent qu&#8217;il a fait l&#8217;an dernier son entr\u00e9e au programme de l&#8217;agr\u00e9gation de lettres modernes !<\/p>\n<p class=\"article_link\" style=\"text-align: justify;\">Reste \u00e0 \u00e9valuer ce que l&#8217;identit\u00e9 r\u00e9elle de son auteur ajoute ou retranche \u00e0 la qualit\u00e9 d&#8217;une oeuvre qui vaut en partie par l&#8217;affirmation d&#8217;un point de vue singulier : celui d&#8217;une femme de la Renaissance. \u00ab\u00c7a m&#8217;est parfaitement \u00e9gal que ces OEuvres soient ou non de Louise Lab\u00e9. Si c&#8217;est de quelqu&#8217;un d&#8217;autre, ce quelqu&#8217;un a du talent\u00bb, estime Fran\u00e7oise Charpentier, qui ne peut s&#8217;emp\u00eacher de penser qu&#8217;il s&#8217;agit d&#8217;une quelqu&#8217;une.<\/p>\n<p class=\"article_link\" style=\"text-align: justify;\"><strong>Homme, femme, les deux, plusieurs ?<\/strong><\/p>\n<p class=\"article_link\" style=\"text-align: justify;\">Pour Fran\u00e7ois Rigolot, de Princeton, une production coop\u00e9rative ajouterait du sel \u00e0 l&#8217;affaire : \u00abMontaigne portait aux nues &#8220;l&#8217;art de conf\u00e9rer&#8221; et c&#8217;est bien cet art de la coop\u00e9ration qui rend la production des si\u00e8cles pass\u00e9s si \u00e9mouvante et si riche aux yeux des Modernes.\u00bb Louise Lab\u00e9 \u00e9tait assez s\u00e9duisante en premi\u00e8re figure du f\u00e9minisme, mais en cr\u00e9ature de papier elle n&#8217;est pas mal non plus : la supercherie n&#8217;est-elle pas consubstantielle de la fiction ? Ne jalonne-t-elle pas toute l&#8217;histoire litt\u00e9raire ? Ainsi Clotilde de Surville, po\u00e9tesse du XVe si\u00e8cle dont les textes enthousiasm\u00e8rent les Romantiques jusqu&#8217;\u00e0 ce qu&#8217;on r\u00e9alise que cette \u00e9crivaine, \u00e9tait pure invention. Ainsi Clara Gazul, n\u00e9e de l&#8217;imagination de M\u00e9rim\u00e9e. Ainsi, c\u00f4t\u00e9 hommes, Emile Ajar auquel Romain Gary est all\u00e9 jusqu&#8217;\u00e0 donner les traits de son neveu Paul Pavlowitch. Et puis encore Jeanne Flore, Louvign\u00e9 du D\u00e9zert, Marc Ronceraille, Colombine de Sennebon, Vernon Sullivan et m\u00eame les \u00ab22 lyc\u00e9ens\u00bb auxquels ce journal a cru longtemps, au point de publier leurs lettres, avant que ne se d\u00e9masque leur v\u00e9ritable auteure, une demoiselle B. de Lyon (3).<\/p>\n<p class=\"article_link\" style=\"text-align: justify;\">Sur Louise Lab\u00e9, il est probable que nous n&#8217;aurons jamais le fin mot de l&#8217;histoire. Homme, femme, ou les deux, ou plusieurs ? \u00abAu train o\u00f9 vont les choses, Louise Lab\u00e9 risque de passer du statut d&#8217;ic\u00f4ne des gender studies \u00e0 celui d&#8217;ic\u00f4ne des queer studies (4)\u00bb, sourit Mireille Huchon en nous priant de ne surtout pas la prendre au mot.<\/p>\n<p class=\"article_link\" style=\"text-align: justify;\">Pauvre Louise : \u00abJe vis, je meurs, je me br\u00fble et me noie\u00bb (sonnet VIII).<\/p>\n<div class=\"StickyAd-sc-13mlfjx-0 fJMGPU\" style=\"text-align: justify;\">\n<div id=\"lazy_97626\">\n<div id=\"Pave-Haut2_814329_wrapper\">Source : <a href=\"https:\/\/www.liberation.fr\/grand-angle\/2006\/06\/16\/louise-labe-femme-trompeuse_41395\/\">https:\/\/www.liberation.fr\/grand-angle\/2006\/06\/16\/louise-labe-femme-trompeuse_41395\/<\/a><\/div>\n<div>\u00a0<\/div>\n<\/div>\n<\/div>\n<p class=\"article_link\" style=\"text-align: justify;\">(1) Louise Lab\u00e9, Fayard.<\/p>\n<p class=\"article_link\" style=\"text-align: justify;\">(2) Notamment Louise Lab\u00e9 ou la Renaissance au f\u00e9minin, Honor\u00e9 Champion Ed.<\/p>\n<p class=\"article_link\" style=\"text-align: justify;\">(3) Pour une liste compl\u00e8te, voir Supercheries Litt\u00e9raires, de Jean-Fran\u00e7ois Jeandillou, Droz Ed.<\/p>\n<p class=\"article_link\" style=\"text-align: justify;\">(4) Gender et queer studies d\u00e9signent aux Etats-Unis les \u00e9tudes relatives aux implications sociales et culturelles du masculin, du f\u00e9minin et du transgenre.<\/p>\n<\/article>\n","protected":false},"excerpt":{"rendered":"<p>Enqu\u00eate, publi\u00e9e le 16 juin 2006\u00a0 Louise Lab\u00e9, femme trompeuse La po\u00e9tesse la plus c\u00e9l\u00e8bre du XVIe si\u00e8cle, figure du f\u00e9minisme, ne serait qu&#8217;invention. C&#8217;est la th\u00e8se d\u00e9fendue par l&#8217;universitaire Mireille Huchon, qui jette un doute sur le travail des biographes. par\u00a0Edouard Launet Au 28 de la rue Paufique, \u00e0 Lyon, est appos\u00e9e une plaque [&hellip;]<\/p>\n","protected":false},"author":4,"featured_media":0,"parent":2831,"menu_order":0,"comment_status":"closed","ping_status":"closed","template":"","meta":{"_acf_changed":false,"footnotes":""},"class_list":["post-2836","page","type-page","status-publish","hentry"],"translation":{"provider":"WPGlobus","version":"3.0.0","language":"gb","enabled_languages":["fr","gb"],"languages":{"fr":{"title":true,"content":true,"excerpt":false},"gb":{"title":false,"content":false,"excerpt":false}}},"acf":[],"_links":{"self":[{"href":"https:\/\/siefar.org\/gb\/wp-json\/wp\/v2\/pages\/2836","targetHints":{"allow":["GET"]}}],"collection":[{"href":"https:\/\/siefar.org\/gb\/wp-json\/wp\/v2\/pages"}],"about":[{"href":"https:\/\/siefar.org\/gb\/wp-json\/wp\/v2\/types\/page"}],"author":[{"embeddable":true,"href":"https:\/\/siefar.org\/gb\/wp-json\/wp\/v2\/users\/4"}],"replies":[{"embeddable":true,"href":"https:\/\/siefar.org\/gb\/wp-json\/wp\/v2\/comments?post=2836"}],"version-history":[{"count":0,"href":"https:\/\/siefar.org\/gb\/wp-json\/wp\/v2\/pages\/2836\/revisions"}],"up":[{"embeddable":true,"href":"https:\/\/siefar.org\/gb\/wp-json\/wp\/v2\/pages\/2831"}],"wp:attachment":[{"href":"https:\/\/siefar.org\/gb\/wp-json\/wp\/v2\/media?parent=2836"}],"curies":[{"name":"wp","href":"https:\/\/api.w.org\/{rel}","templated":true}]}}