{"id":2825,"date":"2009-05-23T18:17:14","date_gmt":"2009-05-23T18:17:14","guid":{"rendered":"http:\/\/131"},"modified":"2009-05-23T18:17:14","modified_gmt":"2009-05-23T18:17:14","slug":"les-mots-de-a-a-z-lettre-v","status":"publish","type":"page","link":"https:\/\/siefar.org\/gb\/la-guerre-des-mots-dictionnaire\/les-mots-de-a-a-z-lettre-v\/","title":{"rendered":"Les mots de A \u00e0 Z &#8211; lettre V"},"content":{"rendered":"<ul>\n<li style=\"text-align: justify;\"><span style=\"font-size: small;\"><a name=\"Vainqueure\"><\/a><span style=\"font-size: 12pt;\"><strong>Vainqueure, Vainqueresse, Victrice<\/strong><\/span><\/span><\/li>\n<\/ul>\n<div class=\"corpsTexte\" style=\"text-align: justify;\"><span style=\"font-size: 12pt;\"><strong>&#8211; 1460 <\/strong>: \u00ab tu peuz considerer que la souveraine princesse par moy renommee passe toutes les autres dames universellement en honneur et excellence. Puis doncques que elle les passe toutes en vertu et grace, elle est <strong>vainqueresse <\/strong>de toutes les autres. \u00bb<br \/> <em>Triumphe des dames<\/em> (trad. fran\u00e7aise par Fernando de Lucena du <em>Triunfo de las donas<\/em> de Juan Rodr\u00edguez del Padr\u00f3n), Paris, Pierre Caron <em>(s.d., vers 1500)<\/em>, fol. 34.<\/span><\/div>\n<div class=\"corpsTexte\" style=\"text-align: justify;\"><span style=\"font-size: 12pt;\">&#8211;\u00a0<strong>c.1490-1495<\/strong> : \u00ab Et vit reluyre en sa foible frontiere \/ Son advers\u00eb et <strong>victrice<\/strong> banniere \u00bb<br \/>Octavien de Saint-Gelais, <em>Le S\u00e9jour d\u2019honneur,<\/em>\u00a0cit\u00e9 dans le <em>Dictionnaire du Moyen Fran\u00e7ais<\/em>.<\/span><\/div>\n<div class=\"corpsTexte\" style=\"text-align: justify;\"><span style=\"font-size: 12pt;\"><span style=\"font-size: 12pt;\">&#8211;\u00a0<\/span><\/span><strong>1564<\/strong>, \u00e0 propos de Jeanne d&#8217;Arc : \u00abC\u2019est donc chose bien miraculeuse, que Dieu soubs une personne f\u0153minine, a voulu donner le souverain secours au peuple Gallique, [\u2026] pour confondre toutes les puissances contraires &amp; ennemies de la Gaule, par les miracles, graces, faveurs, &amp; privileges divinement octroyez \u00e0 ladicte pucelle, <strong>victrice<\/strong> des ennemis du nom Gaulois\u00bb<br \/><span style=\"font-size: 12pt;\">Jean de Marconville, <em>De la bont\u00e9 et mauvaisti\u00e9 des femmes<\/em>, Paris, Dallier, 1571, p.21.\u00a0<br \/> &#8211; <strong>2006 <\/strong>: \u00abUn autre partisan de la <strong>vainqueure<\/strong>, Gilles Savary, indiquait que le score d\u00e9finitif ne serait connu que tr\u00e8s tard dans la nuit.\u00bb<br \/> Jean-Dominique Merchet, Paul Quinio, David Revault d&#8217;Allonnes, <em>Lib\u00e9ration<\/em>, vendredi 17 novembre 2006.<\/span><span style=\"font-size: 12pt;\"><br \/> <\/span><\/div>\n<div class=\"corpsTexte\" style=\"text-align: justify;\"><span style=\"font-size: 12pt;\"><span style=\"font-size: 12pt;\">\u00a0<\/span><\/span><\/p>\n<hr \/>\n<\/div>\n<ul style=\"text-align: justify;\">\n<li><span style=\"font-size: 12pt;\"><strong><a name=\"Veterante\"><\/a>V\u00e9t\u00e9rante<\/strong><\/span><\/li>\n<\/ul>\n<div class=\"corpsTexte\" style=\"text-align: justify;\"><span style=\"font-size: 12pt;\"> &#8211; <strong>1776 <\/strong>: \u00ab<strong>V\u00e9t\u00e9rantes<\/strong>\u00bb <em>(Les acteurs de l&#8217;Op\u00e9ra \u00e0 la retraite sont r\u00e9pertori\u00e9s: d&#8217;abord les hommes sous le titre de v\u00e9t\u00e9rans, puis les femmes sous celui de v\u00e9t\u00e9rantes)<\/em>.<br \/> <em>Etat actuel de la musique du roi<\/em>. Paris, Vente, 1776, p.13.<br \/> &#8211; <strong>Fin XVIIIe<\/strong> : \u00abDaigremont Fran\u00e7oise. <strong>V\u00e9t\u00e9rante <\/strong>de la Musique du Roi. Epouse du Sieur MALIVOIRE. Baptis\u00e9e le 11 juin 1738 \u00e0 Versailles Notre Dame, fille de Charles DAIGREMONT, ordinaire de la Musique du Roi, et de Fran\u00e7oise COURVASIE. Pension accord\u00e9e \u00e0 titre de retraite en qualit\u00e9 de musicienne ordinaire de la Chambre du Roi. (en ao\u00fbt 1780 elle vivait rue Notre Dame \u00e0 Versailles)\u00bb<br \/> <em>Maison du Roi, Pensions sur le tr\u00e9sor<\/em>, Carton O \/ 1 \/ 680 (http:\/\/www.cgvy.org\/art680.html).<br \/> <\/span><\/div>\n<p style=\"text-align: justify;\"><span style=\"font-size: 12pt;\"><br \/> <\/span><\/p>\n","protected":false},"excerpt":{"rendered":"<p>Vainqueure, Vainqueresse, Victrice &#8211; 1460 : \u00ab tu peuz considerer que la souveraine princesse par moy renommee passe toutes les autres dames universellement en honneur et excellence. Puis doncques que elle les passe toutes en vertu et grace, elle est vainqueresse de toutes les autres. \u00bb Triumphe des dames (trad. fran\u00e7aise par Fernando de Lucena [&hellip;]<\/p>\n","protected":false},"author":4,"featured_media":0,"parent":2804,"menu_order":0,"comment_status":"closed","ping_status":"closed","template":"","meta":{"_acf_changed":false,"footnotes":""},"class_list":["post-2825","page","type-page","status-publish","hentry"],"translation":{"provider":"WPGlobus","version":"3.0.0","language":"gb","enabled_languages":["fr","gb"],"languages":{"fr":{"title":true,"content":true,"excerpt":false},"gb":{"title":false,"content":false,"excerpt":false}}},"acf":[],"_links":{"self":[{"href":"https:\/\/siefar.org\/gb\/wp-json\/wp\/v2\/pages\/2825","targetHints":{"allow":["GET"]}}],"collection":[{"href":"https:\/\/siefar.org\/gb\/wp-json\/wp\/v2\/pages"}],"about":[{"href":"https:\/\/siefar.org\/gb\/wp-json\/wp\/v2\/types\/page"}],"author":[{"embeddable":true,"href":"https:\/\/siefar.org\/gb\/wp-json\/wp\/v2\/users\/4"}],"replies":[{"embeddable":true,"href":"https:\/\/siefar.org\/gb\/wp-json\/wp\/v2\/comments?post=2825"}],"version-history":[{"count":0,"href":"https:\/\/siefar.org\/gb\/wp-json\/wp\/v2\/pages\/2825\/revisions"}],"up":[{"embeddable":true,"href":"https:\/\/siefar.org\/gb\/wp-json\/wp\/v2\/pages\/2804"}],"wp:attachment":[{"href":"https:\/\/siefar.org\/gb\/wp-json\/wp\/v2\/media?parent=2825"}],"curies":[{"name":"wp","href":"https:\/\/api.w.org\/{rel}","templated":true}]}}