{"id":2823,"date":"2009-05-23T18:17:38","date_gmt":"2009-05-23T18:17:38","guid":{"rendered":"http:\/\/129"},"modified":"2009-05-23T18:17:38","modified_gmt":"2009-05-23T18:17:38","slug":"les-mots-de-a-a-z-lettre-t","status":"publish","type":"page","link":"https:\/\/siefar.org\/gb\/la-guerre-des-mots-dictionnaire\/les-mots-de-a-a-z-lettre-t\/","title":{"rendered":"Les mots de A \u00e0 Z &#8211; lettre T"},"content":{"rendered":"<ul>\n<li><strong><span style=\"font-size: small;\"><a name=\"Tailleuse\"><\/a><span style=\"font-size: 12pt;\">Tailleuse<\/span><\/span><\/strong><\/li>\n<\/ul>\n<div class=\"corpsTexte\" style=\"text-align: justify;\"><span style=\"font-size: 12pt;\"> &#8211; <strong>1704 <\/strong>: <em>Archives d\u00e9partementales du Rh\u00f4ne<\/em>, 3 E 7704, Notaire Rossignol Michel, 10 avril 1704, contrat de mariage de Marie Gatet, <strong>tailleuse <\/strong>pour femmes, et de Pierre Prigaton, chirurgien.<br \/> &#8211; <strong>1787-1788<\/strong> : \u00ab<strong>T\u00e2illeur, e\u00fbse,<\/strong> s. m. et f. s. m. et f. [t\u00e2-glieur, e\u00fb-ze: 1re lon. mouillez les ll: 2e lon. au 2d.] Celui, celle qui t\u00e2ille. Le masculin ne se dit que des t\u00e2illeurs d&#8217;habits, des t\u00e2illeurs de pierres; et quelquefois des t\u00e2illeurs d&#8217;arbres, des t\u00e2illeurs de diamants. Quand on dit t\u00e2illeur tout seul, on entend un t\u00e2illeur d&#8217;habits. &#8212; <strong>T\u00e2ille\u00fbse <\/strong>ne se dit que dans ce dernier sens. L&#8217;Acad. ne le met pas.\u00bb<br \/> Jean-Fran\u00e7ois F\u00e9raud, <em>Dictionnaire critique de la langue fran\u00e7aise,<\/em> Marseille, Mossy (<a href=\"http:\/\/colet.uchicago.edu\/cgi-bin\/dico1look.pl'strippedhw=tailleur\">http:\/\/colet.uchicago.edu\/cgi-bin\/dico1look.pl&#8217;strippedhw=tailleur<\/a>).<\/span><\/div>\n<div class=\"corpsTexte\" style=\"text-align: justify;\">\n<hr \/>\n<\/div>\n<ul>\n<li style=\"text-align: justify;\"><span style=\"font-size: 12pt;\"><strong><a name=\"Tireuse\"><\/a>Tireuse d&#8217;or<\/strong><\/span><\/li>\n<\/ul>\n<div class=\"corpsTexte\" style=\"text-align: justify;\"><span style=\"font-size: 12pt;\"><span style=\"font-size: 12pt;\"> &#8211; <strong>1705 <\/strong>: <em>Archives d\u00e9partementales du Rh\u00f4ne<\/em>, 3 E 4046, Notaire Foras Barth\u00e9l\u00e9my, 3 janvier 1705, contrat de mariage de Catherine Pitras, <strong>tireuse <\/strong>d&#8217;or, et de Barth\u00e9l\u00e9my Rey, ma\u00eetre-embaleur.<\/span><\/span><\/p>\n<hr \/>\n<\/div>\n<div class=\"corpsTexte\" style=\"text-align: justify;\">\n<ul>\n<li style=\"text-align: justify;\"><strong><a id=\"traductrice\"><\/a>Traductrice<\/strong><\/li>\n<\/ul>\n<p>&#8211;\u00a0<strong>1556\u00a0<\/strong>: \u00ab Or asseur\u00e9e que tant vous occuperont et vous et elles les graves sentences de l\u2019original auteur, (qu\u2019il a si bien enrichies de diverses histoires et bons exemples) ne prendrez pi\u00e9 \u00e0 la bassesse du stile ne rudesse du langaige de la <strong>Traductrice<\/strong> : ains la recevrez s\u2019il vous plaict, telle qu\u2019elle est, comme venant de la main et cabinet de vostre fille, et d\u2019un mesme c\u0153ur et paternelle voulont\u00e9 qu\u2019elle se mettra en devoir vous faire perpetuel et tres humble service jusques au plus dernier de ses souspirs. \u00bb <br \/>Marguerite de Cambis, \u00ab \u00c0 Monsieur Loys de Cambis, Baron d\u2019Alez, Marguerite de Cambis, Lieutenante de Nismes, sa tr\u00e8s humble fille desire en sant\u00e9 vie longue \u00bb, dans <em>Boccace, Epistre consolatoire de messire Jean Boccace envoy\u00e9e au Signeur Pino de Rossi<\/em> (1556), Colette H. Winn (\u00e9d.), Paris, Honor\u00e9 Champion, 2003, p. 2-3.<\/p>\n<hr \/>\n<p>&nbsp;<\/p>\n<ul>\n<li style=\"text-align: justify;\"><span style=\"font-size: 12pt;\"><strong><a name=\"Tresoriere\"><\/a>Tr\u00e9sori\u00e8re, Thr\u00e9sori\u00e8re<\/strong><\/span><\/li>\n<\/ul>\n<div class=\"corpsTexte\" style=\"text-align: justify;\"><span style=\"font-size: 12pt;\"> &#8211;<strong>Fin XVIe <\/strong>:\u00ab C\u2019est pourquoi nous l\u2019appellons la souveraine Emperi\u00e8re de l\u2019univers, la <strong>thr\u00e9sori\u00e8re <\/strong>des cieux quy re\u00e7oit et distribue selon la volont\u00e9 de Dieu, tous les thr\u00e9sors de la gr\u00e2ce et de la gloire\u00bb<\/span><\/div>\n<div class=\"corpsTexte\"><span style=\"font-size: 12pt;\">Charles de Gen\u00e8ve, <em>Les Troph\u00e9es sacr\u00e9s : ou, Missions des capucins en Savoie, dans l\u2019Ain, la Suisse romande et la vall\u00e9e d\u2019Aoste<\/em>, r\u00e9\u00e9dition de l\u2019ouvrage <em>Les Troph\u00e9es sacr\u00e9s de la souveraine Emp\u00e9ri\u00e8re de l\u2019univer<\/em>s, fin XVIe &#8211; d\u00e9b. XVIIe, Soci\u00e9t\u00e9 d\u2019histoire de la Suisse romande, 1976, p. 199.<\/span><\/div>\n<div class=\"corpsTexte\"><span style=\"font-size: 12pt;\"><br \/> &#8211; <strong>1691 <\/strong>: \u00abIl semble que vous preniez Madame pour ma <strong>tr\u00e9sori\u00e8re<\/strong>\u00bb.<\/span><\/div>\n<div class=\"corpsTexte\" style=\"text-align: justify;\"><span style=\"font-size: 12pt;\">Mme Ulrich, <em>La Folle Ench\u00e8re<\/em>, Paris, Veuve Louis Gonthier, sc\u00e8ne XIII, Ang\u00e9lique.<\/span><\/div>\n<div class=\"corpsTexte\" style=\"text-align: justify;\">\n<hr \/>\n<\/div>\n<\/div>\n<ul>\n<li><span style=\"font-size: 12pt;\"><strong><a name=\"Tyranne\"><\/a>Tyranne, Tiranne<\/strong><\/span><\/li>\n<\/ul>\n<div class=\"corpsTexte\" style=\"text-align: justify;\"><span style=\"font-size: 12pt;\"><span style=\"font-size: 12pt;\"> &#8211;<\/span><\/span><b>\u00a0vers 1405 :\u00a0<\/b>\u00abCar aux nobles principalement affiert [<i>il sied d\u2019<\/i>]avoir clemence qui met equit\u00e9 devant vigueur et veult plus encliner a merci [<i>piti\u00e9<\/i>] que a vengence sanz saillir hors des termes de justice sanz laquelle roys ne sont roys ne roiannes [<i>reines<\/i>], ains [<i>mais<\/i>] sont tirans cruels et <b>tirannes<\/b>.\u00bb<\/p>\n<div>\n<div>Laurent de Premierfait, traduction fran\u00e7aise\u00a0<i>Des cas des nobles hommes et femmes\u00a0<\/i>de Boccace (ms BN, fr., 131, 1er prologue)<\/div>\n<\/div>\n<\/div>\n<div class=\"corpsTexte\" style=\"text-align: justify;\"><span style=\"font-size: 12pt;\"><strong>&#8211; fin XVIe :<\/strong> \u00abSi c&#8217;\u00e9tait une reyne et princesse mauvaise, malicieuse, avare ou <strong>tyranne<\/strong>, comme il en a heu force le temps pass\u00e9 en France, et possible qu&#8217;il y en aura encores, je n&#8217;en s\u00e7aurois que dire ; mais elle est toute bonne, splendide, liberalle&#8230;\u00bb<br \/> Brant\u00f4me, \u00abDiscours sur Marguerite de Valois\u00bb, in \u00c9tienne Vaucheret (\u00e9d.), <em>Recueil des Dames, po\u00e9sies et tombeaux,<\/em> Paris, Gallimard, \u00abLa pl\u00e9iade\u00bb, 1992, p.151.<\/span><\/div>\n<div class=\"corpsTexte\" style=\"text-align: justify;\"><span style=\"font-size: 12pt;\"><span style=\"font-size: 12pt;\">&#8211;\u00a0<\/span><\/span><strong>1602\u00a0: <\/strong>\u00ab\u00a0Mais quels sont ses d\u00e9sirs\u00a0? de faire couler en nos ames par les oreilles les preceptes de science et de vertu. Et parce que la loy est royne, et non <strong>tiranne<\/strong>, elle les veut imprimer avec une persuasion aussi aggreable que docte et diserte. Elle sait que le sens de l\u2019ouye est le plus excellent\u2026\u00a0\u00bb [\u00e0 propos d\u2019Isabella Andreini, com\u00e9dienne de la troupe des Gelosi alors install\u00e9e \u00e0 Paris, premi\u00e8re actrice professionnelle vue dans la capitale]<\/div>\n<div class=\"corpsTexte\" style=\"text-align: justify;\">Mlle de Beaulieu, <em>La Premiere Atteinte contre ceux qui accusent les Com\u00e9dies. Par une demoiselle fran\u00e7oise, <\/em>Paris, Jean Richer, 1603, f\u00b021v\u00b0.<\/p>\n<p><span style=\"font-size: 12pt;\">&#8211; <\/span><strong style=\"font-size: 12pt;\">1634 <\/strong><span style=\"font-size: 12pt;\">: \u00abCeux-l\u00e0, s&#8217;estimans, ce semble, indignes d&#8217;avoir les Muses pour Reynes, les veulent transformer en <\/span><strong style=\"font-size: 12pt;\">Tyrannes<\/strong><span style=\"font-size: 12pt;\">, car ce tiltre malgr\u00e9 qu&#8217;ils en ayet doibt \u00eatre r\u00e9ciproque aux deux sexes\u00bb<br \/><\/span><span style=\"font-size: 12pt;\">Marie de Gournay, <\/span><em style=\"font-size: 12pt;\">Les Advis et les pr\u00e9sens de la demoiselle de Gournay<\/em><span style=\"font-size: 12pt;\">, 1634.<\/span><\/p>\n<\/div>\n<p style=\"text-align: justify;\"><span style=\"font-size: 12pt;\"><br \/> <\/span><\/p>\n<p><span style=\"font-size: 12pt;\">\u00a0<\/span><\/p>\n","protected":false},"excerpt":{"rendered":"<p>Tailleuse &#8211; 1704 : Archives d\u00e9partementales du Rh\u00f4ne, 3 E 7704, Notaire Rossignol Michel, 10 avril 1704, contrat de mariage de Marie Gatet, tailleuse pour femmes, et de Pierre Prigaton, chirurgien. &#8211; 1787-1788 : \u00abT\u00e2illeur, e\u00fbse, s. m. et f. s. m. et f. [t\u00e2-glieur, e\u00fb-ze: 1re lon. mouillez les ll: 2e lon. au 2d.] [&hellip;]<\/p>\n","protected":false},"author":4,"featured_media":0,"parent":2804,"menu_order":0,"comment_status":"closed","ping_status":"closed","template":"","meta":{"_acf_changed":false,"footnotes":""},"class_list":["post-2823","page","type-page","status-publish","hentry"],"translation":{"provider":"WPGlobus","version":"3.0.0","language":"gb","enabled_languages":["fr","gb"],"languages":{"fr":{"title":true,"content":true,"excerpt":false},"gb":{"title":false,"content":false,"excerpt":false}}},"acf":[],"_links":{"self":[{"href":"https:\/\/siefar.org\/gb\/wp-json\/wp\/v2\/pages\/2823","targetHints":{"allow":["GET"]}}],"collection":[{"href":"https:\/\/siefar.org\/gb\/wp-json\/wp\/v2\/pages"}],"about":[{"href":"https:\/\/siefar.org\/gb\/wp-json\/wp\/v2\/types\/page"}],"author":[{"embeddable":true,"href":"https:\/\/siefar.org\/gb\/wp-json\/wp\/v2\/users\/4"}],"replies":[{"embeddable":true,"href":"https:\/\/siefar.org\/gb\/wp-json\/wp\/v2\/comments?post=2823"}],"version-history":[{"count":0,"href":"https:\/\/siefar.org\/gb\/wp-json\/wp\/v2\/pages\/2823\/revisions"}],"up":[{"embeddable":true,"href":"https:\/\/siefar.org\/gb\/wp-json\/wp\/v2\/pages\/2804"}],"wp:attachment":[{"href":"https:\/\/siefar.org\/gb\/wp-json\/wp\/v2\/media?parent=2823"}],"curies":[{"name":"wp","href":"https:\/\/api.w.org\/{rel}","templated":true}]}}