{"id":2819,"date":"2009-05-23T18:18:25","date_gmt":"2009-05-23T18:18:25","guid":{"rendered":"http:\/\/125"},"modified":"2009-05-23T18:18:25","modified_gmt":"2009-05-23T18:18:25","slug":"les-mots-de-a-a-z-lettre-s","status":"publish","type":"page","link":"https:\/\/siefar.org\/gb\/la-guerre-des-mots-dictionnaire\/les-mots-de-a-a-z-lettre-s\/","title":{"rendered":"Les mots de A \u00e0 Z &#8211; lettre S"},"content":{"rendered":"<ul>\n<li style=\"text-align: justify;\"><strong><span style=\"font-size: small;\"><a name=\"Sculpteuse\"><\/a><span style=\"font-size: 12pt;\">Sculpteuse<\/span><\/span><\/strong><span style=\"font-size: 12pt;\"><br \/> <\/span><\/li>\n<\/ul>\n<div class=\"corpsTexte\" style=\"text-align: justify;\"><span style=\"font-size: 12pt;\"><br \/> &#8211; 1784 : \u00abII. La <strong>Sculpteuse<\/strong>, ou la Morte-fille, qui ressuscite famme.\u00bb<br \/> R\u00e9tif de la Bretonne, Les Contemporaines gradu\u00e9es: ou Avantures des Jolies-Fammes de l&#8217;\u00e2ge actuel, Le\u00efpsick, B\u00fcschel, 1784, p.199.<\/span><\/p>\n<hr \/>\n<\/div>\n<ul style=\"text-align: justify;\">\n<li style=\"text-align: justify;\"><span style=\"font-size: 12pt;\"><strong><a name=\"Seigneure\"><\/a>Seigneure, Seigneuresse<br \/> <\/strong><\/span><\/li>\n<\/ul>\n<div class=\"corpsTexte\" style=\"text-align: justify;\"><span style=\"font-size: 12pt;\"><br \/> &#8211; <strong>1719 <\/strong>: (\u00e0 propos d&#8217;une convocation pour payer une rente) \u00abDamoiselle Charlotte Moyzen, <strong>seigneure <\/strong>de la rente noble de La Gauvani\u00e8re\u00bb<br \/> <em>Archives D\u00e9partementales de la Vienne,<\/em> 8 B 267, Justice de Rouill\u00e9 (plumitif d&#8217;audiences, 1er f\u00e9vrier 1719), r\u00e9f\u00e9rence fournie par Yves Couturier et Nicole Pellegrin.<br \/> &#8211; <strong>1792 <\/strong>: (d\u00e9cembre, Castelnau d\u2019Estretefonds) \u00ab les mal intentionn\u00e9s font de nouveaux projets pour manifester davantage leur d\u00e9sob\u00e9issance et m\u00e9pris ; il semble qu\u2019ils ayent voulu d\u00e9signer la fame que nous avions pour <strong>seigneuresse<\/strong>, ce qui blesse notre civisme. \u00bb<br \/> (Archives D\u00e9partementales de Haute-Garonne 1 L 362, cit\u00e9 par Georges Fournier, \u00ab Les femmes dans la vie politique locale en Languedoc pendant la R\u00e9volution fran\u00e7aise \u00bb, in Marie-France Brive (dir.), <em>Les Femmes et la R\u00e9volution fran\u00e7aise<\/em>, Presses universitaires du Mirail, 1989, vol. 1, p. 120.)<br \/> &#8211; <strong>1792-1849<\/strong> : (\u00e0 propos du vote des femmes dans l\u2019actuel Qu\u00e9bec, effectif dans cette fourchette temporelle; le d\u00e9pouillement des cahiers de scrutin ayant \u00e9t\u00e9 effectu\u00e9 sur le district de Montr\u00e9al) \u00ab La plupart des voteuses sont qualifi\u00e9es de bourgeoise ou de spinster. Il reste tout de m\u00eame que 162 voteuses exercent des m\u00e9tiers tr\u00e8s diversifi\u00e9s : laveuse, lavandi\u00e8re, couturi\u00e8re, cultivateur (et m\u00eame cultivatrice !), Tavern Keeper, Boarding House Keeper, aubergiste, fileuse et une seule <strong>seigneuresse<\/strong>. \u00bb<\/span><\/div>\n<div class=\"corpsTexte\" style=\"text-align: justify;\">\n<p><span style=\"font-size: 12pt;\">Nathalie Picard, \u00ab L\u2019exemple du Bas-Canada aux XVIIIe et XIXe si\u00e8cles \u00bb, in <em>La D\u00e9mocratie \u00e0 l\u2019\u00e9preuve du f\u00e9minisme<\/em>, sous la dir. d\u2019Hedwige Peemans-Poullet. Bruxelles, Universit\u00e9 des femmes, 1998, p. 83.<\/span><\/p>\n<hr \/>\n<\/div>\n<ul style=\"text-align: justify;\">\n<li><span style=\"font-size: 12pt;\"><strong><a name=\"Serviteure\"><\/a>Serviteure<\/strong><\/span><\/li>\n<\/ul>\n<div class=\"corpsTexte\" style=\"text-align: justify;\">\n<p><span style=\"font-size: 12pt;\">&#8211; <strong>1532 <\/strong>: qui signifie au XVIe si\u00e8cle \u00abau service de\u00bb (masc.: \u00abserviteur\u00bb).<br \/> <em>Archives d\u00e9partemantales de Loire-Atlantique \u00e0 Nantes<\/em>, registre de la Chancellerie, B34, lettre de r\u00e9mission Le Mingot de 1532.<\/span><\/p>\n<hr \/>\n<\/div>\n<ul style=\"text-align: justify;\">\n<li><span style=\"font-size: 12pt;\"><strong><a name=\"Souffleuse\"><\/a>Souffleuse<\/strong><\/span><\/li>\n<\/ul>\n<div class=\"corpsTexte\" style=\"text-align: justify;\"><span style=\"font-size: 12pt;\"><span style=\"font-size: 12pt;\">&#8211; <strong>1776 <\/strong>: \u00abLongchamp (la Dlle Pitel), soeur de la Raisin et <strong>souffleuse <\/strong>de la Com\u00e9die-Fran\u00e7aise, auteur de Titapouf.\u00bb<br \/> J. de La Porte et S.R.N. Chamfort, <em>Dictionnaire dramatique<\/em>, Paris, Lacombe, 1776.<\/span><\/span><\/p>\n<div class=\"corpsTexte\" style=\"text-align: justify;\">\u00a0<\/div>\n<div class=\"corpsTexte\" style=\"text-align: justify;\">\n<hr \/>\n<\/div>\n<ul>\n<li><span style=\"font-size: 12pt;\"><strong><a id=\"successeresse\"><\/a>Successeresse<\/strong><\/span><\/li>\n<\/ul>\n<p>&#8211; <strong>1689<\/strong> :\u00a0Requ\u00eate \u00ab\u00a0tandante a ce que Catherine et Marie Sabot ensemble [<em>avec<\/em>] Beno\u00eet Furet fils et successeurs d\u2019Anthoinette Sabot <strong>successeresse<\/strong> avec lesd [<em>lesdits<\/em>] sujets aux biens de feu Jean Sabot soit condamn\u00e9s a venir voir proc\u00e9der au partage des biens dud [<em>dudit<\/em>] feu Sabot\u00a0\u00bb.<br \/>Extrait d\u2019un document de la justice seigneuriale de Montregard (43) (s\u00e9rie 112 B 1674-1786) r\u00e9dig\u00e9 en l\u2019ann\u00e9e 1689.<\/p>\n<\/div>\n<div class=\"corpsTexte\" style=\"text-align: justify;\">\n<hr \/>\n<\/div>\n<ul style=\"text-align: justify;\">\n<li class=\"corpsTexte\" style=\"text-align: justify;\"><span style=\"font-size: 12pt;\"><strong><a id=\"syndique\"><\/a>Syndique<\/strong><\/span><\/li>\n<\/ul>\n<p style=\"text-align: justify;\"><span style=\"font-size: 12pt;\">&#8211; <strong>1789<\/strong> : \u00abLes marchandes bouqueti\u00e8res, fleuristes, chapeli\u00e8res en fleurs en la personne de Madame Marl\u00e9 <strong>syndique<\/strong> de la communaut\u00e9 rue du Mouton.\u00bb<br \/> Signature de la<em> Lettre \u00e0 Monsieur le Directeur g\u00e9n\u00e9ral des finances<\/em>, 23 juin 1789 (in <em>1789. Cahiers de dol\u00e9ances des femmes et autres textes<\/em>. Introduction Paule-Marie Duhet. Paris, Des femmes, 1989, p.50)<br \/> <\/span><\/p>\n<div class=\"corpsTexte\" style=\"text-align: justify;\"><span style=\"font-size: 12pt;\">\u00a0<\/span><\/div>\n<div class=\"corpsTexte\" style=\"text-align: justify;\"><span style=\"font-size: 12pt;\">\u00a0<\/span><\/div>\n<div class=\"corpsTexte\" style=\"text-align: justify;\"><span style=\"font-size: 12pt;\">\u00a0<\/span><\/div>\n<p style=\"text-align: justify;\"><span style=\"font-size: 12pt;\">\u00a0<\/span><\/p>\n","protected":false},"excerpt":{"rendered":"<p>Sculpteuse &#8211; 1784 : \u00abII. La Sculpteuse, ou la Morte-fille, qui ressuscite famme.\u00bb R\u00e9tif de la Bretonne, Les Contemporaines gradu\u00e9es: ou Avantures des Jolies-Fammes de l&#8217;\u00e2ge actuel, Le\u00efpsick, B\u00fcschel, 1784, p.199. Seigneure, Seigneuresse &#8211; 1719 : (\u00e0 propos d&#8217;une convocation pour payer une rente) \u00abDamoiselle Charlotte Moyzen, seigneure de la rente noble de La Gauvani\u00e8re\u00bb [&hellip;]<\/p>\n","protected":false},"author":4,"featured_media":0,"parent":2804,"menu_order":0,"comment_status":"closed","ping_status":"closed","template":"","meta":{"_acf_changed":false,"footnotes":""},"class_list":["post-2819","page","type-page","status-publish","hentry"],"translation":{"provider":"WPGlobus","version":"3.0.0","language":"gb","enabled_languages":["fr","gb"],"languages":{"fr":{"title":true,"content":true,"excerpt":false},"gb":{"title":false,"content":false,"excerpt":false}}},"acf":[],"_links":{"self":[{"href":"https:\/\/siefar.org\/gb\/wp-json\/wp\/v2\/pages\/2819","targetHints":{"allow":["GET"]}}],"collection":[{"href":"https:\/\/siefar.org\/gb\/wp-json\/wp\/v2\/pages"}],"about":[{"href":"https:\/\/siefar.org\/gb\/wp-json\/wp\/v2\/types\/page"}],"author":[{"embeddable":true,"href":"https:\/\/siefar.org\/gb\/wp-json\/wp\/v2\/users\/4"}],"replies":[{"embeddable":true,"href":"https:\/\/siefar.org\/gb\/wp-json\/wp\/v2\/comments?post=2819"}],"version-history":[{"count":0,"href":"https:\/\/siefar.org\/gb\/wp-json\/wp\/v2\/pages\/2819\/revisions"}],"up":[{"embeddable":true,"href":"https:\/\/siefar.org\/gb\/wp-json\/wp\/v2\/pages\/2804"}],"wp:attachment":[{"href":"https:\/\/siefar.org\/gb\/wp-json\/wp\/v2\/media?parent=2819"}],"curies":[{"name":"wp","href":"https:\/\/api.w.org\/{rel}","templated":true}]}}