{"id":2815,"date":"2009-05-23T18:19:08","date_gmt":"2009-05-23T18:19:08","guid":{"rendered":"http:\/\/121"},"modified":"2009-05-23T18:19:08","modified_gmt":"2009-05-23T18:19:08","slug":"les-mots-de-a-a-z-lettre-m","status":"publish","type":"page","link":"https:\/\/siefar.org\/gb\/la-guerre-des-mots-dictionnaire\/les-mots-de-a-a-z-lettre-m\/","title":{"rendered":"Les mots de A \u00e0 Z &#8211; lettre M"},"content":{"rendered":"<ul>\n<li><strong><span style=\"font-size: small;\"><a name=\"Maconne\"><\/a><span style=\"font-size: 12pt;\">Ma\u00e7onne<\/span><\/span><\/strong><span style=\"font-size: 12pt;\"><br \/>\n<\/span><\/li>\n<\/ul>\n<div class=\"corpsTexte\" style=\"text-align: justify;\">\n<p><span style=\"font-size: 12pt;\"><br \/>\n&#8211;<strong> XIVe si\u00e8cle\u00a0<\/strong>: \u00abEn ville, les femmes exercent quantiti\u00e9 de m\u00e9tiers : un recensement fait au d\u00e9but du XIVe si\u00e8cle en d\u00e9nombre 125 ! Broderesses, chasubli\u00e8res, ferronnes, ma\u00e7onnes, charreti\u00e8res, hongresses, lavandi\u00e8res de t\u00eate\u00bb<br \/>\nJean Rabaut, <em>Histoire des f\u00e9minismes fran\u00e7ais<\/em>, Paris, Stock, 1978, p.18.<\/span><\/p>\n<hr \/>\n<p>&nbsp;<\/p>\n<\/div>\n<ul>\n<li><span style=\"font-size: 12pt;\"><strong><a name=\"Maitresse\"><\/a>Ma\u00eetresse, Maistresse<\/strong><\/span><\/li>\n<\/ul>\n<div class=\"corpsTexte\" style=\"text-align: justify;\">\n<p><span style=\"font-size: 12pt;\"><br \/>\n&#8211; <strong>1475 <\/strong>: \u00abQue les femmes ouvrant et qui besognent dudit m\u00e9tier de pr\u00e9sent en ladite ville de Paris seront ma\u00eetresses audit m\u00e9tier si \u00eatre le veulent, en payant pour leur nouvelle ma\u00eetrise et entr\u00e9e 12 sols parisis, comme dit est ci-dessus des hommes <em>(&#8230;)<\/em>. Les apprentisses pourront \u00eatre re\u00e7ues <strong>ma\u00eetresses <\/strong>en faisant chef d&#8217;oeuvre et en payant telle somme \u00e0 appliquer en la mani\u00e8re comme est dit ci-dessus. <em>(&#8230;)<\/em> en effet et substance, tous les points et articles ci-dessus contenus seront communs et s&#8217;\u00e9tendront et appliqueront tant aux femmes que aux hommes, soit qu&#8217;il touche la ma\u00eetrise ou les ouvrages ou autre chose dudit m\u00e9tier.\u00bb<br \/>\n<em>Statuts des tissutiers de Paris<\/em>, cit\u00e9s par Henri Hauser, <em>Ouvriers du temps pass\u00e9 (XVe et XVIe si\u00e8cles),<\/em> Paris, F\u00e9lix Alcan, 1900, p.154 <em>(le cas est exceptionnel; l&#8217;\u00e9galit\u00e9 des traitements est attaqu\u00e9e depuis le milieu du si\u00e8cle pr\u00e9c\u00e9dent)<\/em>.<\/span><\/p>\n<p>\u2013\u00a0<strong>1677<\/strong>\u00a0:\u00a0\u00abMarguerite du Tertre, veuve de Jean Didiot sieur de la Marche, <strong>Maistresse Jur\u00e9e<\/strong> Sage-femme de n\u00f4tre bonne Ville de Paris &amp; de l\u2019H\u00f4tel-Dieu d\u2019icelle, Nous a fait remonstrer qu\u2019elle a compos\u00e9 une Instruction familiere &amp; tr\u00e9s-facile, faite par questions &amp; r\u00e9ponses, touchant toutes les choses principales qu\u2019une Sage-femme doit s\u00e7avoir pour l\u2019exercice de son Art, &amp; ce en faveur des\u00a0Apprentisses\u00a0Sages-femmes dudit Hostel-Dieu [\u2026].\u00bb<br \/>\nLa Marche, Marguerite du Tertre, veuve de,\u00a0<em>Instruction famili\u00e8re et tr\u00e8s facile faite par questions et r\u00e9ponses, touchant toutes les choses principales qu\u2019une sage-femme doit s\u00e7avoir pour l\u2019exercice de son art\u2026<\/em>, A Paris, chez la dite veuve de la Marche (<a href=\"http:\/\/www.biusante.parisdescartes.fr\/histmed\/medica\/page?40996&amp;p=194\">en ligne<\/a>).<\/p>\n<hr \/>\n<p>&nbsp;<\/p>\n<\/div>\n<ul>\n<li><span style=\"font-size: 12pt;\"><strong><a name=\"Magistrate\"><\/a>Magistrate<\/strong><\/span><\/li>\n<\/ul>\n<div class=\"corpsTexte\" style=\"text-align: justify;\"><span style=\"font-size: 12pt;\"><br \/>\n&#8211; <strong>1668 <\/strong>:<br \/>\n\u00abUne certaine <b>Magistrate<\/b>,<br \/>\nDepuis le geno\u00fcil jusqu&#8217;au flanc,<br \/>\nCouvrit sa cuisse delicate<br \/>\nD&#8217;un beau cal\u00e7on de satin blanc (&#8230;).\u00bb <\/span><\/div>\n<div class=\"corpsTexte\" style=\"text-align: justify;\">\n<p><span style=\"font-size: 12pt;\">\u00abMadrigal\u00bb, <em>Troisi\u00e9me Partie du Recueil de pieces galantes en prose et en vers de Madame la Comtesse de la Suse, Comme aussi de plusieurs &amp; differens Autheurs<\/em>, Paris, Gabriel Quinet, 1668, p. 60.<\/span><\/p>\n<hr \/>\n<p>&nbsp;<\/p>\n<ul>\n<li><span style=\"font-size: 12pt;\"><strong><a name=\"Maltotiere\"><\/a>Maltoti\u00e8re<\/strong><\/span><\/li>\n<\/ul>\n<div class=\"corpsTexte\" style=\"text-align: justify;\"><span style=\"font-size: 12pt;\"><br \/>\n&#8211; <strong>1691 <\/strong>: \u00abFemmes de robe, <strong>maltoti\u00e8res<\/strong>, femmes de qualit\u00e9, bourgeoises: on ne sait de quel c\u00f4t\u00e9 tourner.\u00bb\u00a0<\/span><\/div>\n<div class=\"corpsTexte\" style=\"text-align: justify;\">\n<p><span style=\"font-size: 12pt;\">Mme Ulrich, <em>La Folle ench\u00e8re<\/em>, Paris, veuve de Louis Gontier, sc\u00e8ne XVIII.<\/span><\/p>\n<hr \/>\n<p>&nbsp;<\/p>\n<ul>\n<li><span style=\"font-size: 12pt;\"><strong>Marchande Libraire<\/strong><\/span><\/li>\n<\/ul>\n<p><span style=\"font-size: 12pt;\">&#8211; <strong>1691<\/strong> :\u00a0\u00abLadite M. B. a ced\u00e9 son droit de Privilege \u00e0 la Veufve de Lo\u00fcis GONTIER Marchande Libraire \u00e0 Paris, pour en jo\u00fcir suivant l\u2019accord fait entr\u2019eux.\u00bb<br \/>\nCession du privil\u00e8ge de <em>Brutus<\/em> obtenu par Catherine Bernard (imprim\u00e9 dans l\u2019\u00e9dition de Paris, Veuve Louis Gontier).<\/span><\/p>\n<hr \/>\n<p>&nbsp;<\/p>\n<\/div>\n<ul>\n<li><span style=\"font-size: 12pt;\"><strong><a name=\"Matrimoine\"><\/a>Matrimoine<\/strong><\/span><\/li>\n<\/ul>\n<p><span style=\"font-size: 12pt;\">&#8211; <strong>1411\u00a0<\/strong><\/span><span style=\"font-size: 12pt;\">:\u00a0&#8220;[&#8230;]\u00a0Henri out asez terres, ki out Turs e Toraine, Angou out e le Maine de sun dreit patremuine, Normans e Engleis out de sun dreit <strong>matremuine\u00a0<\/strong>[&#8230;].&#8221;<\/span><br \/>\nMaistre Wace,<em> Roman de Rou et des ducs de Normandie<\/em>,\u00a0ed. Hugo Andresen, Heilbronn, 1877, p. 210.<\/p>\n<p>&#8211;\u00a0<span style=\"font-size: 12pt;\"><strong>1459 <\/strong>: biens immeubles issus de la lign\u00e9e maternelle. Guillaume de Rosnyviven et Perrine de Meulenc se font donation mutuelle de leurs biens meubles, des acquisitions faits durant leur mariage et de \u00abla tierce partie de leur patrimoyne et <strong>matremoyne<\/strong>\u00bb.<br \/>\nPierre-Hyacinthe Morice, <em>M\u00e9moires pour servir de preuves \u00e0 l\u2019histoire eccl\u00e9siastique et civile de Bretagne&#8230;<\/em>, 3 vol., Paris, C. Osmont, 1742-1746, r\u00e9\u00e9d. 1974, col. 1743.<\/span><\/p>\n<p>&#8211; <strong>1479<\/strong> : &#8220;Je loue, ratifie, conferme et approuve en et par touz points et articles la donnaison que j&#8217;ay ja pi\u00e8ca faicte par h\u00e9ritage \u00e0 Anthoine de Villeprouv\u00e9e mon fdz c&#8217;est assavoir de touz et chacuns mes biens meubles acquests et conquests, la tierce partie de touz et chacuns mes h\u00e9ritaiges tant patremoynes <strong>matremoyne<\/strong> que aultres&#8221;<br \/>\n<em>Bulletin de la Commission historique et arch\u00e9ologique de la Mayenne<\/em>, 1895, Laval, impr. H. Leroux, p. 35-36<\/p>\n<p>&#8211;<strong> XVe<\/strong>\u00a0: Mais pour entretenir la rente \/ II fut trouve par raison bonne \/ Qu&#8217;on n&#8217;en povoit le <strong>matrimoigne<\/strong> \/ Faire et les mectre en mariage \/ Sans concevoir point de lignage<span style=\"font-size: 12pt;\">\u00bb.<br \/>\n<em>Farce nouvelle, tr\u00e8s bonne et tr\u00e8s joyeuse du Past\u00e9<\/em>, in Gustave Cohen, <em>Recueil de farces fran\u00e7aises in\u00e9dites du XVe si\u00e8cle<\/em>, Cambridge, <em>The Medieval Academy of America,\u00a0<\/em>n\u00b047, 1949, p. 155<\/span><\/p>\n<p>&#8211; <strong>d\u00e9but XVIIe :<\/strong> &#8220;Un bon compaignon\u00a0\u00a0ayant espous\u00e9 une belle et honneste femme et pour ce qu&#8217;il estoit mauvais mesnager et avoit despendu tout le bien que son\u00a0p\u00e8re luy avoit laiss\u00e9, elle se s\u00e9para de luy ; dont s&#8217;en plaignit au vicaire pour la luy faire rendre : de quoy le vicaire s&#8217;enqu\u00e9rant \u00e0 son procureur, luy demanda <em>si habia consumido el matrimonio<\/em> * (s&#8217;il avait consomm\u00e9 le matrimoine ou le mariage). Le procureur respondit plaisamment : <em>Y aun el patrimonio<\/em>\u00a0* (Et de plus le patrimoine) ; faisant allusion du <strong>matrimoine<\/strong> et du patrimoine, qu&#8217;il les avoit consommez tous deux, \u00e0 son dam, et de la femme et tout&#8221;<br \/>\nPierre de Bourdeille, dit Bant\u00f4me (vers 1537-1614),\u00a0<i>Rodomontades et jurements des Espagnols,\u00a0<\/i>\u00e9d. J. A. C. Buchon, <em>Oeuvres compl\u00e8tes\u00a0<\/em>Paris, R. Sabe, t. I, 1848, p. 64<\/p>\n<p>&#8211;\u00a0<strong>1678<\/strong> : &#8220;Matrimonium, pro bonis ex successione materna : <strong>Matrimoine<\/strong>. Biens matrimoniaux<span style=\"font-size: 12pt;\">&#8220;<\/span><br \/>\nCharles du Fresne, sieur\u00a0<span class=\"author\">du Cange<\/span><i><span class=\"author\">,\u00a0<\/span>Glossarium mediae et infimae latinitatis<\/i>, article <a href=\"http:\/\/ducange.enc.sorbonne.fr\/MATRIMONIUM\">Matrimonium<\/a>.<\/p>\n<p>&#8211; <strong>1849<\/strong> :\u00a0&#8220;Sous toutes les formes de gouvernement, monarchie ou r\u00e9publique, la soci\u00e9t\u00e9 actuelle repose sur l&#8217;individualisme (&#8230;) des fils d\u00e9sirent la fin de leur m\u00e8re et se disputent au partage du <strong>matrimoine<\/strong>, \u00e0 c\u00f4t\u00e9 de son corps non encore refroidi&#8221;<br \/>\nF.-J Granger, Le Vigneron lorrain, entretien familier sur la politique et le socialisme, Bar-sur-Ornain, Suhaux fr\u00e8res, 1849<\/p>\n<p>&#8211; <strong>1885<\/strong> : &#8220;Telle famille, telle propri\u00e9t\u00e9. Quand la propri\u00e9t\u00e9 prit forme et consistance, la transmission s&#8217;op\u00e9ra au profit de la lign\u00e9e maternelle. Le \u00ab <strong>matrimoine<\/strong> \u00bb pr\u00e9c\u00e9da le \u00ab patrimoine\u00a0\u00bb. Point n&#8217;est besoin de rapporter la \u00ab coutume de Bareges \u00bb ou celle des anciens Ib\u00e8res. Ne sortons pas de l&#8217;Inde anglaise [&#8230;]&#8221;<br \/>\nMichel \u00c9lie Reclus, <em>Les primitifs, \u00e9tudes d&#8217;ethnologie compar\u00e9e<\/em>, Paris, G. Chamerot, 1885, p. 186<\/p>\n<p>&#8211; <strong>1928<\/strong> :\u00a0&#8220;Tant que tu n&#8217;auras pas \u00e9tabli le <strong>matrimoine<\/strong>, partageable entre tous tes fils, toi qui les b\u00e2tis de ton sang, de ton lait, de tes soins, de quel droit, dans l&#8217;intervalle d&#8217;iniquit\u00e9, laisserais-tu envahir tes enfants d&#8217;un soup\u00e7on, pour semer la violence entre eux ?<br \/>\nAurel, <em>L&#8217;Art d&#8217;aimer<\/em>, Paris, Fayard, 1928, p. 148<\/p>\n<p>&#8211;<strong> vers 1949<\/strong> : &#8220;Aussi peut-on consid\u00e9rer qu&#8217;en conf\u00e9rant \u00e0 l&#8217;ensemble de la corporation cette distinction, le Gouvernement a montr\u00e9 qu&#8217;il \u00e9tait averti de l&#8217;existence chez les cheminots d&#8217;un esprit de corps si actif, si prononc\u00e9, que cette d\u00e9coration collective serait ressentie par chacun de nous comme un bonheur particulier, comme un accroissement pr\u00e9cieux de son <strong>matrimoine<\/strong> moral&#8221;<br \/>\n<em>Livre d&#8217;or des cheminots anciens combattants de la S.N.C.F.<\/em>, allocution de Monsieur Armand, directeur g\u00e9n\u00e9ral de la S.N.C.F [\u00e0 propos de la L\u00e9gion d&#8217;honneur d\u00e9cern\u00e9e aux cheminots], Paris, SEPPIG, p. 7<\/p>\n<p>&#8211; <strong>1986<\/strong> :\u00a0<span style=\"font-size: 12pt;\">&#8220;Mes ch\u00e8res amies, ne faites pas mauvais usage de ce nouveau <strong>matrimoine<\/strong>, comme le font ces arrogants qui s\u2019enflent d\u2019orgueil en voyant multiplier leurs richesses et cro\u00eetre leur prosp\u00e9rit\u00e9.&#8221;<\/span><br \/>\nTraduction de Th\u00e9r\u00e8se Moreau et \u00c9ric Hicks, Christine de Pizan,\u00a0<em>La Cit\u00e9 des Dames,\u00a0<\/em>Paris, Stock, 1986 [mot original : &#8220;h\u00e9ritage&#8221;]<\/p>\n<p>&nbsp;<\/p>\n<div class=\"corpsTexte\" style=\"text-align: justify;\">\n<hr \/>\n<ul>\n<li><span style=\"font-size: 12pt;\"><strong><a name=\"Mecenate\"><\/a>M\u00e9c\u00e9nate<\/strong><\/span><\/li>\n<\/ul>\n<p><span style=\"font-size: 12pt;\">&#8211;\u00a0<strong>1557<\/strong>\u00a0:\u00a0<\/span>\u00ab La vraye seure <strong>mecenate<\/strong> \u00bb (\u00e0 propos de Marguerite de France, duchesse de Berry).<br \/>\nCharles Fontaine, <em>Odes, enigmes et epigrammes adressez pour etreines au roy, \u00e0 la royne et autres princes et princesses de France<\/em>, Lyon, Jean Citoys.<\/p>\n<p>&nbsp;<\/p>\n<div class=\"corpsTexte\" style=\"text-align: justify;\">\n<hr \/>\n<\/div>\n<\/div>\n<ul>\n<li><span style=\"font-size: 12pt;\"><strong><a name=\"Medecine\"><\/a>M\u00e9decienne, M\u00e9decine, M\u00e9dicine, Miresse<\/strong><\/span><\/li>\n<\/ul>\n<div class=\"corpsTexte\" style=\"text-align: justify;\">\n<p><span style=\"font-size: 12pt;\"> &#8211; <strong>Moyen \u00c2ge :<\/strong><br \/>\n\u00abTout le monde fait esmerveillier<br \/>\nEn Salerne, n&#8217;a Monspellier<br \/>\nN&#8217;a si bonne fisicienne<br \/>\nTant soit bonne <strong>m\u00e9decienne<\/strong><br \/>\nTous ceux sanes <em>(gu\u00e9ris)<\/em><br \/>\ncui tu atouches\u00bb<br \/>\nGauthier de Coinsi, \u00abMiracles de Notre-Dame\u00bb, in M\u00e9lanie Lipinska, <em>Histoire des femmes m\u00e9decins depuis l&#8217;Antiquit\u00e9 jusqu&#8217;\u00e0 nos jours<\/em>, Librairie G. Jacques et Cie, 1900, p.117.<\/span><\/p>\n<p><span style=\"font-size: 12pt;\">&#8211; <strong>Moyen \u00c2ge<\/strong> : \u00abEn France, ces femmes m\u00e9decins portaient le nom de <strong>miresses<\/strong> ou de <strong>m\u00e9deciennes<\/strong>\u00bb<br \/>\nM\u00e9lanie Lipinska, <em>Histoire des femmes m\u00e9decins depuis l&#8217;Antiquit\u00e9 jusqu&#8217;\u00e0 nos jours<\/em>, Librairie G. Jacques et Cie, 1900, p.117.<\/span><\/p>\n<p><span style=\"font-size: 12pt;\">&#8211; <strong>1534<\/strong> :\u00a0\u00abDont une horde vieille de la compaignie, laquelle avoit reputation d\u2019estre grande <strong>medicine<\/strong> &amp; la estoit venue de Brizepaille d\u2019aupr\u00e8s Sainct Genou devant soixante ans, luy feist un restrinctif si horrible, que tous ses larrys tant feurent oppilez &amp; reserrez, que a grande poine avesques les dentz, vous les eussiez eslargiz, qui est chose bien horrible a penser.\u00bb<br \/>\nRabelais, <em>Gargantua<\/em>, chapitre VI.<\/span><\/p>\n<p><span style=\"font-size: 12pt;\">&#8211; <strong>1587 <\/strong>: \u00abPour veoir, entendre et cognoistre l&#8217;estat et la maladie de nostre pauvre France, <em>(&#8230;)<\/em>, vous vous estes transport\u00e9e \u00e9s lieux o\u00f9 elle estoit plus malade pour y pourvoir. Ce que vous continuez tousjours en nostre grand besoin, vous, Madame, qui estes de fait et de nom la vraye <strong>medecine <\/strong>de nostre France. \u00bb<br \/>\nCharlotte de Minut, \u00e9p\u00eetre d\u00e9dicatoire \u00e0 Catherine de M\u00e9dicis, in Gabriel de Minut, <em>De la Beaut\u00e9. Discours divers&#8230;<\/em>, Lyon, Barthelemi Honorat, 1587.<\/span><\/p>\n<p><span style=\"font-size: 12pt;\">&#8211; <strong>1689 <\/strong>: \u00ab Il faut dire cette femme est Po\u00ebte, est Philosophe, est M\u00e9decin, est Auteur, est Peintre ; et non Po\u00ebtesse, philosophesse, <strong>M\u00e9decine<\/strong>, Autrice, Peintresse, etc. \u00bb<br \/>\nNicolas de Boisregard, <em>Reflexions sur l&#8217;usage pr\u00e9sent de la langue fran\u00e7aise,<\/em> 1689, p.228.<\/span><\/p>\n<p><span style=\"font-size: 12pt;\">&#8211; <strong>1864 <\/strong>: \u00aben Angleterre, les authoress sont, la plupart du temps, des jeunes filles emport\u00e9es vers la carri\u00e8re litt\u00e9raire par la passion des lettres, ou m\u00eame simplement \u00e9lev\u00e9es pour \u00eatre <strong>m\u00e9decines <\/strong>ou avocates\u00bb.<br \/>\nJ. Claretie, <em>La Libre Parole<\/em>, 1864.<\/span><\/p>\n<hr \/>\n<p>&nbsp;<\/p>\n<ul>\n<li><span style=\"font-size: 12pt;\"><strong><a name=\"Menestriere\"><\/a>Menestri\u00e8re<\/strong><\/span><\/li>\n<\/ul>\n<div class=\"corpsTexte\" style=\"text-align: justify;\">\n<p><span style=\"font-size: 12pt;\"> &#8211; <strong>1565 <\/strong>: \u00ab Clodins qui n&#8217;avoit point encore de barbe, et par ce moyen esperoit n&#8217;estre point descouvert, se desguise de l&#8217;acoustrement d&#8217;une <strong>menestriere <\/strong>\u00bb<br \/>\n<\/span><\/p>\n<div class=\"corpsTexte\"><span style=\"font-size: 12pt;\">Amyot, <em>Vie, <\/em>J. Caesar, \u00e9d. 1565, cit\u00e9 par Fr\u00e9d\u00e9ric Godefroy, <em>Dictionnaire de l&#8217;ancienne langue fran\u00e7aise et de tous ses dialectes du IXe au XVe si\u00e8cle<\/em>, Paris, 1880, t. 5, notice Menestriere.<\/span><\/div>\n<div class=\"corpsTexte\" style=\"text-align: justify;\"><span style=\"font-size: 12pt;\"><br \/>\n&#8211; <strong>1580 <\/strong>: \u00ab Pythagoras, estant en compaignie de jeunes hommes, lesquels il sentit complotter, eschauffez de la feste, d&#8217;aller violer une maison pudique, commanda \u00e0 la <strong>menestriere <\/strong>de changer de ton ; et, par une musique poisante, severe et sponda\u00efque, enchanta tout doulcement leur ardeur, et l&#8217;endormit. \u00bb<br \/>\n<\/span><\/div>\n<div class=\"corpsTexte\" style=\"text-align: justify;\"><span style=\"font-size: 12pt;\">Montaigne, <span style=\"font-style: italic;\">Essais<\/span>, Livre 1, chap. XLVI, Paris, A.L&#8217;Angelier, 1598, p. 270.<\/span><\/p>\n<hr \/>\n<\/div>\n<\/div>\n<ul>\n<li><span style=\"font-size: 12pt;\"><strong><a name=\"Menuisiere\"><\/a>Menuisi\u00e8re<\/strong><\/span><\/li>\n<\/ul>\n<div class=\"corpsTexte\" style=\"text-align: justify;\"><span style=\"font-size: 12pt;\"> &#8211; <strong>1640 <\/strong>: <em>(cit\u00e9s dans les noms d&#8217;offices et m\u00e9tiers)<\/em> \u00ab Conseill\u00e8re, Financi\u00e8re, Barbi\u00e8re, <strong>Menuisi\u00e8re <\/strong>\u00bb<br \/>\nAntoine Oudin, \u00abDe quelques substantifs f\u00e9minins tir\u00e9s des masculins\u00bb, <em>Grammaire fran\u00e7aise rapport\u00e9e au langage du temps<\/em>, Paris, 1640, p. 78.<br \/>\n<\/span><\/div>\n<p style=\"text-align: justify;\"><span style=\"font-size: 12pt;\">\u00a0<\/span><\/p>\n<\/div>\n<\/div>\n","protected":false},"excerpt":{"rendered":"<p>Ma\u00e7onne &#8211; XIVe si\u00e8cle\u00a0: \u00abEn ville, les femmes exercent quantiti\u00e9 de m\u00e9tiers : un recensement fait au d\u00e9but du XIVe si\u00e8cle en d\u00e9nombre 125 ! Broderesses, chasubli\u00e8res, ferronnes, ma\u00e7onnes, charreti\u00e8res, hongresses, lavandi\u00e8res de t\u00eate\u00bb Jean Rabaut, Histoire des f\u00e9minismes fran\u00e7ais, Paris, Stock, 1978, p.18. &nbsp; Ma\u00eetresse, Maistresse &#8211; 1475 : \u00abQue les femmes ouvrant et [&hellip;]<\/p>\n","protected":false},"author":4,"featured_media":0,"parent":2804,"menu_order":0,"comment_status":"closed","ping_status":"closed","template":"","meta":{"_acf_changed":false,"footnotes":""},"class_list":["post-2815","page","type-page","status-publish","hentry"],"translation":{"provider":"WPGlobus","version":"3.0.0","language":"gb","enabled_languages":["fr","gb"],"languages":{"fr":{"title":true,"content":true,"excerpt":false},"gb":{"title":false,"content":false,"excerpt":false}}},"acf":[],"_links":{"self":[{"href":"https:\/\/siefar.org\/gb\/wp-json\/wp\/v2\/pages\/2815","targetHints":{"allow":["GET"]}}],"collection":[{"href":"https:\/\/siefar.org\/gb\/wp-json\/wp\/v2\/pages"}],"about":[{"href":"https:\/\/siefar.org\/gb\/wp-json\/wp\/v2\/types\/page"}],"author":[{"embeddable":true,"href":"https:\/\/siefar.org\/gb\/wp-json\/wp\/v2\/users\/4"}],"replies":[{"embeddable":true,"href":"https:\/\/siefar.org\/gb\/wp-json\/wp\/v2\/comments?post=2815"}],"version-history":[{"count":0,"href":"https:\/\/siefar.org\/gb\/wp-json\/wp\/v2\/pages\/2815\/revisions"}],"up":[{"embeddable":true,"href":"https:\/\/siefar.org\/gb\/wp-json\/wp\/v2\/pages\/2804"}],"wp:attachment":[{"href":"https:\/\/siefar.org\/gb\/wp-json\/wp\/v2\/media?parent=2815"}],"curies":[{"name":"wp","href":"https:\/\/api.w.org\/{rel}","templated":true}]}}