{"id":2814,"date":"2009-05-23T18:19:19","date_gmt":"2009-05-23T18:19:19","guid":{"rendered":"http:\/\/120"},"modified":"2009-05-23T18:19:19","modified_gmt":"2009-05-23T18:19:19","slug":"les-mots-de-a-a-z-lettre-l","status":"publish","type":"page","link":"https:\/\/siefar.org\/gb\/la-guerre-des-mots-dictionnaire\/les-mots-de-a-a-z-lettre-l\/","title":{"rendered":"Les mots de A \u00e0 Z &#8211; lettre L"},"content":{"rendered":"<ul>\n<li>\n<div class=\"corpsTexte\" style=\"text-align: justify;\"><span style=\"font-size: 12pt;\"><strong>Larronesse<\/strong><\/span><\/div>\n<\/li>\n<\/ul>\n<div class=\"corpsTexte\" style=\"text-align: justify;\"><span style=\"font-size: 12pt;\"><span style=\"font-size: 12pt;\"><span style=\"font-size: 12pt;\"> &#8211; <strong>vers 1460<\/strong> : (adj.) cit\u00e9 dans le XXVe arr\u00eat de Martial d&#8217;Auvergne, <em>Les Cinquante et ung arrest damours,<\/em> Paris, ca 1500 ; le texte est \u00e9crit ca 1460 et publi\u00e9 de mani\u00e8re tr\u00e8s fr\u00e9quente tout au long du XVIe si\u00e8cle.<\/span><\/span><\/span><\/p>\n<hr \/>\n<\/div>\n<ul style=\"text-align: justify;\">\n<li><span style=\"font-size: 12pt;\"><a name=\"Libraresse\"><\/a><strong>Libraresse<\/strong><\/span><\/li>\n<\/ul>\n<div class=\"corpsTexte\" style=\"text-align: justify;\"><span style=\"font-size: 12pt;\"> &#8211; <strong>1666<\/strong> :Quand Gilles veut baiser Toinette,<\/span><\/div>\n<div class=\"corpsTexte\" style=\"text-align: justify;\"><span style=\"font-size: 12pt;\">Et luy prendre son blanc tetin,<\/span><\/div>\n<div class=\"corpsTexte\" style=\"text-align: justify;\"><span style=\"font-size: 12pt;\">Afin de gagner la soubrette<\/span><\/div>\n<div class=\"corpsTexte\" style=\"text-align: justify;\"><span style=\"font-size: 12pt;\">Il luy parle Grec &amp; Latin : Gilles, &amp;c.\u00a0<\/span><\/div>\n<div class=\"corpsTexte\" style=\"text-align: justify;\"><span style=\"font-size: 12pt;\">Il demeure aupr\u00e8s Nostre-Dame,<\/span><\/div>\n<div class=\"corpsTexte\" style=\"text-align: justify;\"><span style=\"font-size: 12pt;\">Et la <strong>Libraresse <\/strong>Margot,<\/span><\/div>\n<div class=\"corpsTexte\" style=\"text-align: justify;\"><span style=\"font-size: 12pt;\">Quand il luy veut conter sa flame,<\/span><\/div>\n<div class=\"corpsTexte\" style=\"text-align: justify;\"><span style=\"font-size: 12pt;\">Luy dit se dressant sur l\u2019ergot :<\/span><\/div>\n<div class=\"corpsTexte\" style=\"text-align: justify;\"><span style=\"font-size: 12pt;\">Gilles, &amp;c.<br \/> <\/span><\/div>\n<div class=\"corpsTexte\" style=\"text-align: justify;\"><span style=\"font-size: 12pt;\">Charles Cotin, <em>La M\u00e9nagerie, et quelques autres pi\u00e8ces curieuses,<\/em> La Haye, P. du Bois, p. 20.<\/span><\/div>\n<div class=\"corpsTexte\" style=\"text-align: justify;\"><span style=\"font-size: 12pt;\"><span style=\"font-size: 12pt;\"><br \/> &#8211; <strong>1777<\/strong> : [\u00e0 propos des Proverbes dramatiques de Madame Delaisse, publi\u00e9s \u00abchez la veuve Duchesne, <strong>Libraresse<\/strong>, rue Saint-Jacques, au Temple du Go\u00fbt; et chez l&#8217;Auteur, au Luxembourg\u00bb]<br \/> \u00abPermettez-moi de vous dire, Madame la Comtesse, que j&#8217;aurais voulu que Madame Delaisse e\u00fbt mis chez l&#8217;Autrice, comme j&#8217;ai mis <strong>Libraresse<\/strong>. Ces qualifications ne sont pas approuv\u00e9es, il est vrai, par l&#8217;Acad\u00e9mie Fran\u00e7aise, mais elles n&#8217;en sont pas moins bonnes et significatives; d&#8217;ailleurs l&#8217;usage les autorise: car nous disons tous les jours \u00e0 Paris, une Notaresse, une Commissaresse, une Libraresse, etc.\u00bb<br \/> De Coudray, \u00abAnnonces et Extraits des Ouvrages dramatiques, ou relatifs \u00e0 cet Art\u00bb, <em>Correspondances dramatiques<\/em>, Tome I, Lettre XIV <em>(en r\u00e9alit\u00e9, Lettre XVI)<\/em>, 1er juin 1777, pp. 257-258.<\/span><\/span><\/p>\n<hr \/>\n<\/div>\n<ul style=\"text-align: justify;\">\n<li><span style=\"font-size: 12pt;\"><strong><a name=\"Lieutenante\"><\/a>Lieutenante<\/strong><\/span><\/li>\n<\/ul>\n<div class=\"corpsTexte\" style=\"text-align: justify;\">\u00a0<\/div>\n<div class=\"corpsTexte\" style=\"text-align: justify;\">&#8211; <strong>1556<\/strong> :\u00a0\u00abA Monsieur Loys de Cambis, Baron d&#8217;Alez [Al\u00e8s], Marguerite de Cambis, <strong>Lieutenante<\/strong> de Nismes, sa tres humble fille desire en sant\u00e9 vie longue\u00bb<br \/>Epistre consolatoire de Messire Iean Boccace, envoyee au Signeur Pino de Rossi, Traduicte d&#8217;Italien en Fran\u00e7oys par Damoiselle Marguerite de Cambis, Baronne d&#8217;Aigremont et <strong>Lieutenante<\/strong> de Nismes. A Lyon, par Guillaume Roville.<\/div>\n<div class=\"corpsTexte\" style=\"text-align: justify;\">\u00a0<\/div>\n<div class=\"corpsTexte\" style=\"text-align: justify;\"><span style=\"font-size: 12pt;\">&#8211; <strong>1593<\/strong>: Le 7 f\u00e9vrier, Christophe Aubry, cur\u00e9 de Saint-Andr\u00e9-des-Arts, d\u00e9nonce Marie Tudert, \u00abla <strong>lieutenante <\/strong>civile\u00bb (femme de Jean S\u00e9guier d&#8217;Autry, lieutenant civil de la pr\u00e9v\u00f4t\u00e9 de Paris) comme \u00abpolitique\u00bb, mauvaise chr\u00e9tienne et partisane de Henri de Navarre.<br \/> L&#8217;Estoile, Journal pour le r\u00e8gne de Henri IV.<\/span><\/div>\n<div class=\"corpsTexte\" style=\"text-align: justify;\">\u00a0<\/div>\n<div class=\"corpsTexte\" style=\"text-align: justify;\"><span style=\"font-size: 12pt;\">&#8211; <strong>1791 <\/strong>:\u00abLa d\u00e9lib\u00e9ration du Conseil municipal de Creil du 8 f\u00e9vrier 1791 avait d\u00e9j\u00e0 r\u00e9v\u00e9l\u00e9 l\u2019existence d\u2019une citoyenne sous-lieutenant de la Compagnie <em>(d\u2019Amazones cr\u00e9\u00e9e peu auparavant)<\/em>. M. Fabignon apprend qu\u2019il aurait \u00e9t\u00e9 \u00e9lu en outre une capitaine et une <strong>lieutenante<\/strong>, dont la nomination suppl\u00e9mentaire ne peut \u00eatre mise en doute, puisqu\u2019elles ont seules \u00e9t\u00e9 gratifi\u00e9es d\u2019une m\u00e9daille, dont la d\u00e9signation est fournie, et qui est diff\u00e9rente de celle de Mme Daelder.\u00bb <\/span><\/div>\n<div class=\"corpsTexte\" style=\"text-align: justify;\"><span style=\"font-size: 12pt;\"><span style=\"font-size: 12pt;\">(Paul Bordeaux, \u00abla M\u00e9daille d\u2019honneur offerte par la Municipalit\u00e9 de Creil \u00e0 Madame Palm Dalder en f\u00e9vrier 1791\u00bb, <em>M\u00e9moires de la Soci\u00e9t\u00e9 acad\u00e9mique d\u2019Arch\u00e9ologie, Sciences et Arts du d\u00e9partement de l\u2019Oise<\/em>, tome XX, 1908, p. 459-60)<\/span><\/span><\/p>\n<hr \/>\n<\/div>\n<div class=\"corpsTexte\" style=\"text-align: justify;\">\n<ul style=\"font-size: 11.818181991577148px; text-align: start;\">\n<li><span style=\"font-size: 12pt;\"><strong><a name=\"Litteratrice\"><\/a>Litt\u00e9ratrice<\/strong><\/span><\/li>\n<\/ul>\n<div class=\"corpsTexte\"><span style=\"font-size: 12pt;\"> &#8211;\u00a0<strong style=\"font-size: small;\">1790<\/strong>:\u00ab K\u00e9ralio (Mlle Louise-F\u00e9lix-Guynement de), fille du comte de K\u00e9ralio, de l\u2019acad\u00e9mie des inscriptions. Voici la longue liste des ouvrages de cette jeune et brillante <strong>litt\u00e9ratrice <\/strong>: <em>(\u2026)<\/em> \u00bb<br \/> <em><a href=\"http:\/\/gallica.bnf.fr\/ark:\/12148\/cb32687928w\/date\">Almanach des Fran\u00e7oises c\u00e9l\u00e8bres par leurs vertus, leurs talens ou leur beaut\u00e9. D\u00e9di\u00e9 aux dames citoyennes qui les premi\u00e8res ont offertes leurs dons patriotiques \u00e0 l\u2019Assembl\u00e9e nationale<\/a>,\u00a0<\/em>Paris, Lejay fils, p. 209.<\/span><\/div>\n<p><span style=\"font-size: 12pt;\"> <br \/> <\/span><\/p>\n<\/div>\n<p style=\"text-align: justify;\"><span style=\"font-size: 12pt;\"><br \/> <\/span><\/p>\n<p style=\"text-align: justify;\"><span style=\"font-size: 12pt;\">\u00a0<\/span><\/p>\n","protected":false},"excerpt":{"rendered":"<p>Larronesse &#8211; vers 1460 : (adj.) cit\u00e9 dans le XXVe arr\u00eat de Martial d&#8217;Auvergne, Les Cinquante et ung arrest damours, Paris, ca 1500 ; le texte est \u00e9crit ca 1460 et publi\u00e9 de mani\u00e8re tr\u00e8s fr\u00e9quente tout au long du XVIe si\u00e8cle. Libraresse &#8211; 1666 :Quand Gilles veut baiser Toinette, Et luy prendre son blanc [&hellip;]<\/p>\n","protected":false},"author":4,"featured_media":0,"parent":2804,"menu_order":0,"comment_status":"closed","ping_status":"closed","template":"","meta":{"_acf_changed":false,"footnotes":""},"class_list":["post-2814","page","type-page","status-publish","hentry"],"translation":{"provider":"WPGlobus","version":"3.0.0","language":"gb","enabled_languages":["fr","gb"],"languages":{"fr":{"title":true,"content":true,"excerpt":false},"gb":{"title":false,"content":false,"excerpt":false}}},"acf":[],"_links":{"self":[{"href":"https:\/\/siefar.org\/gb\/wp-json\/wp\/v2\/pages\/2814","targetHints":{"allow":["GET"]}}],"collection":[{"href":"https:\/\/siefar.org\/gb\/wp-json\/wp\/v2\/pages"}],"about":[{"href":"https:\/\/siefar.org\/gb\/wp-json\/wp\/v2\/types\/page"}],"author":[{"embeddable":true,"href":"https:\/\/siefar.org\/gb\/wp-json\/wp\/v2\/users\/4"}],"replies":[{"embeddable":true,"href":"https:\/\/siefar.org\/gb\/wp-json\/wp\/v2\/comments?post=2814"}],"version-history":[{"count":0,"href":"https:\/\/siefar.org\/gb\/wp-json\/wp\/v2\/pages\/2814\/revisions"}],"up":[{"embeddable":true,"href":"https:\/\/siefar.org\/gb\/wp-json\/wp\/v2\/pages\/2804"}],"wp:attachment":[{"href":"https:\/\/siefar.org\/gb\/wp-json\/wp\/v2\/media?parent=2814"}],"curies":[{"name":"wp","href":"https:\/\/api.w.org\/{rel}","templated":true}]}}